{"id":111058,"date":"2023-06-23T12:42:44","date_gmt":"2023-06-23T10:42:44","guid":{"rendered":"https:\/\/www.dogpride.nl\/?post_type=product&#038;p=111058"},"modified":"2025-07-09T14:55:14","modified_gmt":"2025-07-09T12:55:14","slug":"euro-joe-tactical-halsband-zonder-handvat-2-0-xl","status":"publish","type":"product","link":"https:\/\/dogpride.nl\/fr\/euro-joe-tactical-halsband-zonder-handvat-2-0-xl\/","title":{"rendered":"Euro Joe &quot;Collier Tactique&quot; sans poign\u00e9e 2.0 (XL)"},"content":{"rendered":"<h4>Euro Joe &quot;Collier Tactique&quot; sans poign\u00e9e 2.0 (XL)<\/h4>\n<p>Euro Joe &quot;Collier Tactique&quot; sans poign\u00e9e 2.0 (XL). Ce roc solide <strong>Collier tactique sans poign\u00e9e<\/strong>\u00a0est fabriqu\u00e9 \u00e0 partir d&#039;un nylon tr\u00e8s r\u00e9sistant et a un\u00a0<strong>fermeture super solide<\/strong>\u00a0qui est reconnu par la police, l&#039;arm\u00e9e et les services de s\u00e9curit\u00e9 pour ses excellentes qualit\u00e9s d&#039;utilisation.<br \/>\nLe collier convient \u00e0 toutes les races moyennes \u00e0 grandes. Ce collier n&#039;a pas de poign\u00e9e.<br \/>\nLa fermeture coulissante et le velcro vous permettent d&#039;ajuster la longueur et de l&#039;ajuster correctement. Le velcro est \u00e0 l&#039;int\u00e9rieur, il n&#039;y a donc pas de rubans l\u00e2ches \u00e0 l&#039;ext\u00e9rieur.<br \/>\nCe collier a \u00e9galement du velcro sur le\u00a0<strong>ext\u00e9rieur<\/strong>, o\u00f9 vous pouvez obtenir un badge suppl\u00e9mentaire ou\u00a0<a href=\"https:\/\/dogpride.nl\/fr\/produit\/badge-eigen-tekst-8x3cm\/\">\u00e9tiquette de nom<\/a>\u00a0peut pendre. Vous pouvez \u00e9galement le faire personnaliser, c&#039;est-\u00e0-dire avec un nom ou un mot de votre choix.<\/p>\n<p>Ce collier tactique est disponible en taille XL<\/p>\n<p><strong>Couleur:\u00a0<\/strong><\/p>\n<ul>\n<li>Rose<\/li>\n<\/ul>\n<p><strong>Tableau des tailles:<\/strong><\/p>\n<p><img loading=\"lazy\" decoding=\"async\" class=\"alignnone size-full wp-image-84419\" src=\"https:\/\/www.dogpride.nl\/wp-content\/uploads\/Maten-halsbanden-Euro-Joe.jpg\" alt=\"Maattabel\" width=\"840\" height=\"194\" srcset=\"https:\/\/dogpride.nl\/wp-content\/uploads\/Maten-halsbanden-Euro-Joe.jpg 840w, https:\/\/dogpride.nl\/wp-content\/uploads\/Maten-halsbanden-Euro-Joe-250x58.jpg 250w, https:\/\/dogpride.nl\/wp-content\/uploads\/Maten-halsbanden-Euro-Joe-400x92.jpg 400w, https:\/\/dogpride.nl\/wp-content\/uploads\/Maten-halsbanden-Euro-Joe-300x69.jpg 300w, https:\/\/dogpride.nl\/wp-content\/uploads\/Maten-halsbanden-Euro-Joe-768x177.jpg 768w, https:\/\/dogpride.nl\/wp-content\/uploads\/Maten-halsbanden-Euro-Joe-200x46.jpg 200w, https:\/\/dogpride.nl\/wp-content\/uploads\/Maten-halsbanden-Euro-Joe-600x139.jpg 600w, https:\/\/dogpride.nl\/wp-content\/uploads\/Maten-halsbanden-Euro-Joe-800x185.jpg 800w\" sizes=\"auto, (max-width: 840px) 100vw, 840px\" \/><\/p>\n<p><strong><span style=\"color: #ff0000;\">CE COLLIER NE PEUT PAS \u00caTRE RETOURN\u00c9\u00a0!<\/span><\/strong><\/p>","protected":false},"excerpt":{"rendered":"<p>Ce roc solide\u00a0<strong>Collier tactique sans poign\u00e9e<\/strong>\u00a0est fabriqu\u00e9 \u00e0 partir d&#039;un nylon tr\u00e8s r\u00e9sistant et a un\u00a0<strong>fermeture super solide<\/strong>\u00a0qui est reconnu par la police, l&#039;arm\u00e9e et les services de s\u00e9curit\u00e9 pour ses excellentes qualit\u00e9s d&#039;utilisation.<\/p>","protected":false},"featured_media":111064,"template":"","meta":[],"product_brand":[],"product_cat":[5230],"product_tag":[4683,4744,5238,5342,4890,4619,6232],"class_list":{"0":"post-111058","1":"product","2":"type-product","3":"status-publish","4":"has-post-thumbnail","6":"product_cat-sale","7":"product_tag-2-0","8":"product_tag-euro-joe","9":"product_tag-halsband","10":"product_tag-sale","11":"product_tag-tactical","12":"product_tag-xl","13":"product_tag-zonder-handvat","14":"product_shipping_class-vast-tarief-eu-overig","16":"first","17":"instock","18":"sale","19":"taxable","20":"shipping-taxable","21":"purchasable","22":"product-type-simple"},"mb":[],"mfb_rest_fields":["title"],"_links":{"self":[{"href":"https:\/\/dogpride.nl\/fr\/wp-json\/wp\/v2\/product\/111058","targetHints":{"allow":["GET"]}}],"collection":[{"href":"https:\/\/dogpride.nl\/fr\/wp-json\/wp\/v2\/product"}],"about":[{"href":"https:\/\/dogpride.nl\/fr\/wp-json\/wp\/v2\/types\/product"}],"wp:featuredmedia":[{"embeddable":true,"href":"https:\/\/dogpride.nl\/fr\/wp-json\/wp\/v2\/media\/111064"}],"wp:attachment":[{"href":"https:\/\/dogpride.nl\/fr\/wp-json\/wp\/v2\/media?parent=111058"}],"wp:term":[{"taxonomy":"product_brand","embeddable":true,"href":"https:\/\/dogpride.nl\/fr\/wp-json\/wp\/v2\/product_brand?post=111058"},{"taxonomy":"product_cat","embeddable":true,"href":"https:\/\/dogpride.nl\/fr\/wp-json\/wp\/v2\/product_cat?post=111058"},{"taxonomy":"product_tag","embeddable":true,"href":"https:\/\/dogpride.nl\/fr\/wp-json\/wp\/v2\/product_tag?post=111058"}],"curies":[{"name":"wp","href":"https:\/\/api.w.org\/{rel}","templated":true}]}}