{"id":110885,"date":"2023-06-23T11:17:03","date_gmt":"2023-06-23T09:17:03","guid":{"rendered":"https:\/\/www.dogpride.nl\/?post_type=product&#038;p=110885"},"modified":"2025-05-25T19:16:25","modified_gmt":"2025-05-25T17:16:25","slug":"hs-sprenger-showketting-messing-72","status":"publish","type":"product","link":"https:\/\/dogpride.nl\/fr\/hs-sprenger-showketting-messing-72\/","title":{"rendered":"Cha\u00eene de pr\u00e9sentation HS Sprenger laiton (72cm)"},"content":{"rendered":"<h1>Cha\u00eene de pr\u00e9sentation HS Sprenger laiton (72cm)<\/h1>\n<p>Cha\u00eene de pr\u00e9sentation HS Sprenger laiton (72cm)<\/p>\n<ul>\n<li>\u00c9paisseur de fil 3,0 mm<\/li>\n<li>Longueur 72cm<\/li>\n<li>Montrer collier approuv\u00e9 lors d&#039;expositions<\/li>\n<li>Mat\u00e9riau solide en laiton<\/li>\n<li>Pour chiens jusqu&#039;\u00e0 60 kg<\/li>\n<li>Avec \u00e9videment laryng\u00e9<\/li>\n<\/ul>\n<p>Aucun compromis en termes de qualit\u00e9, d&#039;assortiment et de collaborations !<br \/>\nDes d\u00e9cennies d&#039;exp\u00e9rience dans la production, une connaissance approfondie du march\u00e9 et une coop\u00e9ration avec des experts des secteurs du sport canin, de la m\u00e9decine et de la recherche constituent la base d&#039;un d\u00e9veloppement de produits qui \u00e9tablit des normes internationales.<br \/>\nLa qualit\u00e9 \u00e9lev\u00e9e et fiable des produits SPRENGER &quot;Made in Germany&quot; est garantie par notre marque HS sur tous les produits et par notre marque HS.<\/p>\n<p>Les colliers pour chiens Sprenger sont une alternative respect\u00e9e aux colliers en nylon traditionnels.<br \/>\nLes avantages incluent : pas d&#039;odeur pour le mat\u00e9riau, pas de pollution, peu d&#039;entretien, un design attrayant et une bonne r\u00e9sistance en fonction du poids de votre chien.<\/p>\n<p>Des maillons courts aux maillons longs ou en tant que Neck-Tech, dans la gamme sports canins Sprenger vous trouverez le collier pour chien adapt\u00e9 \u00e0 vos attentes.<br \/>\nLa s\u00e9curit\u00e9 du chien est une priorit\u00e9 absolue dans notre production et pour notre contr\u00f4le qualit\u00e9. Des tests r\u00e9guliers confirment la durabilit\u00e9 et la robustesse de nos colliers pour chien.<\/p>\n<p>Vos amis \u00e0 quatre pattes nous tiennent \u00e0 c\u0153ur - faites votre propre impression avec la &quot;Qualit\u00e9 performante&quot;.<\/p>\n<p><strong><span style=\"color: #ff0000;\">CE COL MONTR\u00c9 NE PEUT PAS \u00caTRE RETOURN\u00c9\u00a0!<\/span><\/strong><\/p>\n<p>&nbsp;<\/p>","protected":false},"excerpt":{"rendered":"<p>Cha\u00eene de spectacle en laiton. \u00c9paisseur de fil 3,0 mm. Longueur 72cm. Cha\u00eene d&#039;exposition agr\u00e9\u00e9e sur les salons. Mat\u00e9riau solide en laiton. Pour chiens jusqu&#039;\u00e0 60 kg. Avec \u00e9videment laryng\u00e9.<\/p>","protected":false},"featured_media":92536,"template":"","meta":[],"product_brand":[],"product_cat":[5230],"product_tag":[5213,4272,6215,5342,6214],"class_list":{"0":"post-110885","1":"product","2":"type-product","3":"status-publish","4":"has-post-thumbnail","6":"product_cat-sale","7":"product_tag-72cm","8":"product_tag-hs-sprenger","9":"product_tag-messing","10":"product_tag-sale","11":"product_tag-showketting","12":"product_shipping_class-vast-tarief-eu-overig","14":"first","15":"instock","16":"sale","17":"taxable","18":"shipping-taxable","19":"purchasable","20":"product-type-simple"},"mb":[],"mfb_rest_fields":["title"],"_links":{"self":[{"href":"https:\/\/dogpride.nl\/fr\/wp-json\/wp\/v2\/product\/110885","targetHints":{"allow":["GET"]}}],"collection":[{"href":"https:\/\/dogpride.nl\/fr\/wp-json\/wp\/v2\/product"}],"about":[{"href":"https:\/\/dogpride.nl\/fr\/wp-json\/wp\/v2\/types\/product"}],"wp:featuredmedia":[{"embeddable":true,"href":"https:\/\/dogpride.nl\/fr\/wp-json\/wp\/v2\/media\/92536"}],"wp:attachment":[{"href":"https:\/\/dogpride.nl\/fr\/wp-json\/wp\/v2\/media?parent=110885"}],"wp:term":[{"taxonomy":"product_brand","embeddable":true,"href":"https:\/\/dogpride.nl\/fr\/wp-json\/wp\/v2\/product_brand?post=110885"},{"taxonomy":"product_cat","embeddable":true,"href":"https:\/\/dogpride.nl\/fr\/wp-json\/wp\/v2\/product_cat?post=110885"},{"taxonomy":"product_tag","embeddable":true,"href":"https:\/\/dogpride.nl\/fr\/wp-json\/wp\/v2\/product_tag?post=110885"}],"curies":[{"name":"wp","href":"https:\/\/api.w.org\/{rel}","templated":true}]}}