{"id":110770,"date":"2023-06-22T12:50:34","date_gmt":"2023-06-22T10:50:34","guid":{"rendered":"https:\/\/www.dogpride.nl\/?post_type=product&#038;p=110770"},"modified":"2025-05-25T19:16:41","modified_gmt":"2025-05-25T17:16:41","slug":"morin-pro-antistatische-interventiebroek-52","status":"publish","type":"product","link":"https:\/\/dogpride.nl\/fr\/morin-pro-antistatische-interventiebroek-52\/","title":{"rendered":"Pantalon d&#039;intervention antistatique MORIN PRO (52)"},"content":{"rendered":"<h1>Pantalon d&#039;intervention antistatique MORIN PRO (52)<\/h1>\n<p><span class=\"\">Pantalon d&#039;intervention antistatique MORIN PRO (52). Pantalon d&#039;intervention \u2013 Noir.<\/span><br \/>\nTissu antistatique polyester 80%, coton 20%<br \/>\nFabrication de qualit\u00e9 et belle finition (id\u00e9al pour les ma\u00eetres-chiens).<br \/>\n2 poches zipp\u00e9es en biais.<br \/>\n2 poches cuisse style cargo zipp\u00e9es.<br \/>\nChevilles resserr\u00e9es par \u00e9lastique.<br \/>\nCeinture \u00e0 double passant et ceinture \u00e0 bouton-pression.<\/p>\n<p><span class=\"\">Livr\u00e9 sans sangle<\/span><\/p>\n<ul>\n<li><strong>Couleur:<\/strong> Noir<\/li>\n<li><strong>Copain:<\/strong> 52<\/li>\n<\/ul>\n<p><strong>Tableau des tailles:<\/strong><\/p>\n<p><img loading=\"lazy\" decoding=\"async\" class=\"alignnone wp-image-74834 size-full\" src=\"https:\/\/www.dogpride.nl\/wp-content\/uploads\/verybig-2138-3.jpg\" alt=\"Maattabel\" width=\"520\" height=\"520\" srcset=\"https:\/\/dogpride.nl\/wp-content\/uploads\/verybig-2138-3.jpg 520w, https:\/\/dogpride.nl\/wp-content\/uploads\/verybig-2138-3-250x250.jpg 250w, https:\/\/dogpride.nl\/wp-content\/uploads\/verybig-2138-3-100x100.jpg 100w, https:\/\/dogpride.nl\/wp-content\/uploads\/verybig-2138-3-400x400.jpg 400w, https:\/\/dogpride.nl\/wp-content\/uploads\/verybig-2138-3-300x300.jpg 300w, https:\/\/dogpride.nl\/wp-content\/uploads\/verybig-2138-3-150x150.jpg 150w, https:\/\/dogpride.nl\/wp-content\/uploads\/verybig-2138-3-66x66.jpg 66w, https:\/\/dogpride.nl\/wp-content\/uploads\/verybig-2138-3-200x200.jpg 200w\" sizes=\"auto, (max-width: 520px) 100vw, 520px\" \/><\/p>\n<p><strong><span style=\"color: #ff0000;\">CE PANTALON NE PEUT PAS \u00caTRE RETOURN\u00c9\u00a0!<\/span><\/strong><\/p>\n<p>&nbsp;<\/p>","protected":false},"excerpt":{"rendered":"<p>Pantalon d&#039;intervention antistatique MORIN PRO - Noir. Fabrication de qualit\u00e9 et belle finition (id\u00e9al pour les ma\u00eetres-chiens). Ceinture \u00e0 double passant et ceinture \u00e0 bouton-pression. Taille : 52<\/p>","protected":false},"featured_media":74849,"template":"","meta":[],"product_brand":[],"product_cat":[5230],"product_tag":[5342],"class_list":{"0":"post-110770","1":"product","2":"type-product","3":"status-publish","4":"has-post-thumbnail","6":"product_cat-sale","7":"product_tag-sale","8":"product_shipping_class-vast-tarief-eu-overig","10":"first","11":"instock","12":"sale","13":"taxable","14":"shipping-taxable","15":"purchasable","16":"product-type-simple"},"mb":[],"mfb_rest_fields":["title"],"_links":{"self":[{"href":"https:\/\/dogpride.nl\/fr\/wp-json\/wp\/v2\/product\/110770","targetHints":{"allow":["GET"]}}],"collection":[{"href":"https:\/\/dogpride.nl\/fr\/wp-json\/wp\/v2\/product"}],"about":[{"href":"https:\/\/dogpride.nl\/fr\/wp-json\/wp\/v2\/types\/product"}],"wp:featuredmedia":[{"embeddable":true,"href":"https:\/\/dogpride.nl\/fr\/wp-json\/wp\/v2\/media\/74849"}],"wp:attachment":[{"href":"https:\/\/dogpride.nl\/fr\/wp-json\/wp\/v2\/media?parent=110770"}],"wp:term":[{"taxonomy":"product_brand","embeddable":true,"href":"https:\/\/dogpride.nl\/fr\/wp-json\/wp\/v2\/product_brand?post=110770"},{"taxonomy":"product_cat","embeddable":true,"href":"https:\/\/dogpride.nl\/fr\/wp-json\/wp\/v2\/product_cat?post=110770"},{"taxonomy":"product_tag","embeddable":true,"href":"https:\/\/dogpride.nl\/fr\/wp-json\/wp\/v2\/product_tag?post=110770"}],"curies":[{"name":"wp","href":"https:\/\/api.w.org\/{rel}","templated":true}]}}