{"id":110491,"date":"2023-06-12T16:38:23","date_gmt":"2023-06-12T14:38:23","guid":{"rendered":"https:\/\/www.dogpride.nl\/?post_type=product&#038;p=110491"},"modified":"2025-10-30T12:20:32","modified_gmt":"2025-10-30T11:20:32","slug":"arrak-specialist-geisoleerde-fleece-dames","status":"publish","type":"product","link":"https:\/\/dogpride.nl\/fr\/arrak-specialist-geisoleerde-fleece-dames\/","title":{"rendered":"Arrak Specialist Insulated Fleece Femme"},"content":{"rendered":"<h3>Arrak Specialist Insulated Fleece Femme<\/h3>\n<p>Arrak Specialist Insulated Fleece Femme<\/p>\n<p>La veste polaire isolante Garphyttan est une veste polaire haute performance et chauffante polyvalente. Il fonctionne tr\u00e8s bien comme couche interm\u00e9diaire pour plus de chaleur par temps froid. Il peut \u00e9galement \u00eatre utilis\u00e9 comme v\u00eatement d&#039;ext\u00e9rieur lorsqu&#039;il fait plus chaud dehors.<br \/>\nLa coupe d\u00e9contract\u00e9e et l&#039;\u00e9tirement quadridirectionnel vous procurent une sensation de confort et de libert\u00e9 de mouvement, vous permettant de vous d\u00e9placer librement dans n&#039;importe quelle situation avec facilit\u00e9.<br \/>\nLe corps a une couche chauffante suppl\u00e9mentaire en faux duvet.<br \/>\nLa veste a deux poches poitrine pratiques et deux poches pour les mains avec fermetures \u00e0 glissi\u00e8re afin que vous puissiez toujours emporter vos objets importants avec vous et vous r\u00e9chauffer les mains.<\/p>\n<p><strong>Disponible dans les couleurs :<\/strong> Vert et orange<\/p>\n<p><strong>Disponible en tailles :<\/strong> XS \u00e0 XL<\/p>\n<p><strong>Caract\u00e9ristiques:<\/strong><\/p>\n<ul>\n<li>Polaire extensible<\/li>\n<li>Polyester 91%\/\u00c9lasthanne 9%<\/li>\n<li>Couche chauffante suppl\u00e9mentaire sur le corps en faux duvet<\/li>\n<li>Poches pour t\u00e9l\u00e9phone portable sous les aisselles<\/li>\n<li>Bonnes solutions de sacs \u00e0 fermeture \u00e9clair<\/li>\n<\/ul>\n<p><strong>Tableau des tailles:<\/strong><\/p>\n<p><img loading=\"lazy\" decoding=\"async\" class=\"alignnone size-full wp-image-110496\" src=\"https:\/\/www.dogpride.nl\/wp-content\/uploads\/Maattabel-Garphyttan-dames-Tops.jpg\" alt=\"Maattabel\" width=\"499\" height=\"600\" srcset=\"https:\/\/dogpride.nl\/wp-content\/uploads\/Maattabel-Garphyttan-dames-Tops.jpg 499w, https:\/\/dogpride.nl\/wp-content\/uploads\/Maattabel-Garphyttan-dames-Tops-250x300.jpg 250w, https:\/\/dogpride.nl\/wp-content\/uploads\/Maattabel-Garphyttan-dames-Tops-400x481.jpg 400w, https:\/\/dogpride.nl\/wp-content\/uploads\/Maattabel-Garphyttan-dames-Tops-200x240.jpg 200w\" sizes=\"auto, (max-width: 499px) 100vw, 499px\" \/><\/p>\n<p>&nbsp;<\/p>\n<p><a href=\"https:\/\/arrakoutdoor.com\/\" target=\"_blank\" rel=\"noopener\"><img loading=\"lazy\" decoding=\"async\" class=\"alignnone wp-image-139301 size-medium\" src=\"https:\/\/dogpride.nl\/wp-content\/uploads\/Arrak-300x118.jpeg\" alt=\"Logo\" width=\"300\" height=\"118\" srcset=\"https:\/\/dogpride.nl\/wp-content\/uploads\/Arrak-300x118.jpeg 300w, https:\/\/dogpride.nl\/wp-content\/uploads\/Arrak-768x303.jpeg 768w, https:\/\/dogpride.nl\/wp-content\/uploads\/Arrak-18x7.jpeg 18w, https:\/\/dogpride.nl\/wp-content\/uploads\/Arrak-250x99.jpeg 250w, https:\/\/dogpride.nl\/wp-content\/uploads\/Arrak-400x158.jpeg 400w, https:\/\/dogpride.nl\/wp-content\/uploads\/Arrak.jpeg 916w\" sizes=\"auto, (max-width: 300px) 100vw, 300px\" \/><\/a><\/p>\n<p><a href=\"https:\/\/dogpride.nl\/fr\/kleding\/jassen\/arrak-outdoor-jassen\/\"><img loading=\"lazy\" decoding=\"async\" class=\"alignnone\" title=\"Arrak Specialist Insulated Fleece Femme\" src=\"https:\/\/dogpride.nl\/wp-content\/uploads\/Specialist-Geisoleerde-Fleece-Dames-Oranje1-150x150.jpg\" alt=\"Arrak Specialist Ge\u00efsoleerde Fleece Dames\" width=\"150\" height=\"150\" \/><\/a><\/p>","protected":false},"excerpt":{"rendered":"<p>La veste polaire isolante Garphyttan est une veste polaire haute performance et chauffante polyvalente. Il fonctionne tr\u00e8s bien comme couche interm\u00e9diaire pour plus de chaleur par temps froid. Il peut \u00e9galement \u00eatre utilis\u00e9 comme v\u00eatement d&#039;ext\u00e9rieur lorsqu&#039;il fait plus chaud dehors.<\/p>","protected":false},"featured_media":110492,"template":"","meta":[],"product_brand":[],"product_cat":[3853],"product_tag":[3335,4768,5006,6170,6178,6171],"class_list":{"0":"post-110491","1":"product","2":"type-product","3":"status-publish","4":"has-post-thumbnail","6":"product_cat-arrak-outdoor-dames-jassen","7":"product_tag-arrak","8":"product_tag-dames","9":"product_tag-fleece","10":"product_tag-garphyttan","11":"product_tag-geisoleerde","12":"product_tag-specialist","14":"first","15":"instock","16":"taxable","17":"shipping-taxable","18":"purchasable","19":"product-type-variable"},"mb":[],"mfb_rest_fields":["title"],"_links":{"self":[{"href":"https:\/\/dogpride.nl\/fr\/wp-json\/wp\/v2\/product\/110491","targetHints":{"allow":["GET"]}}],"collection":[{"href":"https:\/\/dogpride.nl\/fr\/wp-json\/wp\/v2\/product"}],"about":[{"href":"https:\/\/dogpride.nl\/fr\/wp-json\/wp\/v2\/types\/product"}],"wp:featuredmedia":[{"embeddable":true,"href":"https:\/\/dogpride.nl\/fr\/wp-json\/wp\/v2\/media\/110492"}],"wp:attachment":[{"href":"https:\/\/dogpride.nl\/fr\/wp-json\/wp\/v2\/media?parent=110491"}],"wp:term":[{"taxonomy":"product_brand","embeddable":true,"href":"https:\/\/dogpride.nl\/fr\/wp-json\/wp\/v2\/product_brand?post=110491"},{"taxonomy":"product_cat","embeddable":true,"href":"https:\/\/dogpride.nl\/fr\/wp-json\/wp\/v2\/product_cat?post=110491"},{"taxonomy":"product_tag","embeddable":true,"href":"https:\/\/dogpride.nl\/fr\/wp-json\/wp\/v2\/product_tag?post=110491"}],"curies":[{"name":"wp","href":"https:\/\/api.w.org\/{rel}","templated":true}]}}