{"id":110474,"date":"2023-06-12T16:15:33","date_gmt":"2023-06-12T14:15:33","guid":{"rendered":"https:\/\/www.dogpride.nl\/?post_type=product&#038;p=110474"},"modified":"2025-10-30T12:23:17","modified_gmt":"2025-10-30T11:23:17","slug":"arrak-action-training-jas-dames-zwart","status":"publish","type":"product","link":"https:\/\/dogpride.nl\/fr\/arrak-action-training-jas-dames-zwart\/","title":{"rendered":"Veste d&#039;entra\u00eenement Arrak Action Femme Noir"},"content":{"rendered":"<h4>Veste d&#039;entra\u00eenement Arrak Action Femme Noir<\/h4>\n<p>Veste d&#039;entra\u00eenement Arrak Action Femme Noir<\/p>\n<p>Une veste de surv\u00eatement parfaite en mati\u00e8re stretch confortable. Le tissu est en polyester 91%\/\u00e9lasthanne 9%. Panneaux en tissu maill\u00e9 dans le dos et sous les aisselles pour une meilleure respirabilit\u00e9.<br \/>\nLa mati\u00e8re est tr\u00e8s douce et souple avec un int\u00e9rieur l\u00e9g\u00e8rement bross\u00e9. Poche poitrine et poches avant avec fermeture \u00e9clair et poche arri\u00e8re avec fermeture \u00e9clair. Prises de pouce aux poignets. Impression Arrak reflex sur la poitrine et dans le dos.<br \/>\nAjustement serr\u00e9. Poids en taille M 832g.<\/p>\n<p><strong>Couleur:<\/strong>\u00a0Noir<\/p>\n<p><strong>Disponible en tailles :<\/strong> XS \u00e0 3XL<\/p>\n<p><strong>Caract\u00e9ristiques:<\/strong><\/p>\n<ul>\n<li>Veste de surv\u00eatement parfaite<\/li>\n<li>Polyester 91%\/\u00c9lasthanne 9%<\/li>\n<li>Panneaux en mesh pour une bonne respirabilit\u00e9<\/li>\n<li>Bonnes poches avec fermetures \u00e9clair (AUSSI AU DOS)<\/li>\n<li>Impression r\u00e9flexe sur la poitrine et dans le dos<\/li>\n<li>Poign\u00e9e de pouce aux poignets<\/li>\n<li>Coupe ajust\u00e9e<\/li>\n<li>Poids en taille M 832g<\/li>\n<\/ul>\n<p><a href=\"https:\/\/dogpride.nl\/fr\/produit\/arrak-action-hardlooptight-dames\/\">Regardez ICI pour les collants de course courts assortis<\/a><\/p>\n<p><strong>Tableau des tailles:<\/strong><\/p>\n<p><img loading=\"lazy\" decoding=\"async\" class=\"alignnone size-full wp-image-110483\" src=\"https:\/\/www.dogpride.nl\/wp-content\/uploads\/Maattabel-Arrak-Dames-tops-5.jpg\" alt=\"Maattabel\" width=\"643\" height=\"823\" srcset=\"https:\/\/dogpride.nl\/wp-content\/uploads\/Maattabel-Arrak-Dames-tops-5.jpg 643w, https:\/\/dogpride.nl\/wp-content\/uploads\/Maattabel-Arrak-Dames-tops-5-250x320.jpg 250w, https:\/\/dogpride.nl\/wp-content\/uploads\/Maattabel-Arrak-Dames-tops-5-400x512.jpg 400w, https:\/\/dogpride.nl\/wp-content\/uploads\/Maattabel-Arrak-Dames-tops-5-234x300.jpg 234w, https:\/\/dogpride.nl\/wp-content\/uploads\/Maattabel-Arrak-Dames-tops-5-200x256.jpg 200w, https:\/\/dogpride.nl\/wp-content\/uploads\/Maattabel-Arrak-Dames-tops-5-600x768.jpg 600w\" sizes=\"auto, (max-width: 643px) 100vw, 643px\" \/><\/p>\n<p>&nbsp;<\/p>\n<p>&nbsp;<\/p>\n<p><a href=\"https:\/\/arrakoutdoor.com\/\" target=\"_blank\" rel=\"noopener\"><img loading=\"lazy\" decoding=\"async\" class=\"alignnone wp-image-139301 size-medium\" src=\"https:\/\/dogpride.nl\/wp-content\/uploads\/Arrak-300x118.jpeg\" alt=\"Logo\" width=\"300\" height=\"118\" srcset=\"https:\/\/dogpride.nl\/wp-content\/uploads\/Arrak-300x118.jpeg 300w, https:\/\/dogpride.nl\/wp-content\/uploads\/Arrak-768x303.jpeg 768w, https:\/\/dogpride.nl\/wp-content\/uploads\/Arrak-18x7.jpeg 18w, https:\/\/dogpride.nl\/wp-content\/uploads\/Arrak-250x99.jpeg 250w, https:\/\/dogpride.nl\/wp-content\/uploads\/Arrak-400x158.jpeg 400w, https:\/\/dogpride.nl\/wp-content\/uploads\/Arrak.jpeg 916w\" sizes=\"auto, (max-width: 300px) 100vw, 300px\" \/><\/a><\/p>\n<p><a href=\"https:\/\/dogpride.nl\/fr\/kleding\/jassen\/arrak-outdoor-jassen\/\"><img loading=\"lazy\" decoding=\"async\" class=\"alignnone\" title=\"Arrak Action Traning Jas Dames Zwart\" src=\"https:\/\/dogpride.nl\/wp-content\/uploads\/Action-Traning-Jas-Vrouw-Zwart2-150x150.jpg\" alt=\"Arrak Action Traning Jas Dames Zwart\" width=\"150\" height=\"150\" \/><\/a><\/p>","protected":false},"excerpt":{"rendered":"<p>Une veste de surv\u00eatement parfaite en mati\u00e8re stretch confortable. Le tissu est en polyester 91%\/\u00e9lasthanne 9%. Panneaux en tissu maill\u00e9 dans le dos et sous les aisselles pour une meilleure respirabilit\u00e9. La mati\u00e8re est tr\u00e8s douce et souple avec un int\u00e9rieur l\u00e9g\u00e8rement bross\u00e9.<\/p>","protected":false},"featured_media":110475,"template":"","meta":[],"product_brand":[],"product_cat":[3853],"product_tag":[3338,3335,4768,6185,5072,2969],"class_list":{"0":"post-110474","1":"product","2":"type-product","3":"status-publish","4":"has-post-thumbnail","6":"product_cat-arrak-outdoor-dames-jassen","7":"product_tag-action","8":"product_tag-arrak","9":"product_tag-dames","10":"product_tag-training-jas","11":"product_tag-trainingsjas","12":"product_tag-zwart","14":"first","15":"instock","16":"taxable","17":"shipping-taxable","18":"purchasable","19":"product-type-variable"},"mb":[],"mfb_rest_fields":["title"],"_links":{"self":[{"href":"https:\/\/dogpride.nl\/fr\/wp-json\/wp\/v2\/product\/110474","targetHints":{"allow":["GET"]}}],"collection":[{"href":"https:\/\/dogpride.nl\/fr\/wp-json\/wp\/v2\/product"}],"about":[{"href":"https:\/\/dogpride.nl\/fr\/wp-json\/wp\/v2\/types\/product"}],"wp:featuredmedia":[{"embeddable":true,"href":"https:\/\/dogpride.nl\/fr\/wp-json\/wp\/v2\/media\/110475"}],"wp:attachment":[{"href":"https:\/\/dogpride.nl\/fr\/wp-json\/wp\/v2\/media?parent=110474"}],"wp:term":[{"taxonomy":"product_brand","embeddable":true,"href":"https:\/\/dogpride.nl\/fr\/wp-json\/wp\/v2\/product_brand?post=110474"},{"taxonomy":"product_cat","embeddable":true,"href":"https:\/\/dogpride.nl\/fr\/wp-json\/wp\/v2\/product_cat?post=110474"},{"taxonomy":"product_tag","embeddable":true,"href":"https:\/\/dogpride.nl\/fr\/wp-json\/wp\/v2\/product_tag?post=110474"}],"curies":[{"name":"wp","href":"https:\/\/api.w.org\/{rel}","templated":true}]}}