{"id":110416,"date":"2023-06-12T15:44:07","date_gmt":"2023-06-12T13:44:07","guid":{"rendered":"https:\/\/www.dogpride.nl\/?post_type=product&#038;p=110416"},"modified":"2026-02-19T12:47:08","modified_gmt":"2026-02-19T11:47:08","slug":"arrak-crafter-jas-heren","status":"publish","type":"product","link":"https:\/\/dogpride.nl\/fr\/arrak-crafter-jas-heren\/","title":{"rendered":"Arrak Crafter Veste Homme"},"content":{"rendered":"<h4>Arrak Crafter Veste Homme<\/h4>\n<p>Arrak Crafter Veste Homme<\/p>\n<p>Veste Garphyttan Crafter. Ils sont fabriqu\u00e9s \u00e0 partir de notre mat\u00e9riau Fixar signature - une toile de coton extr\u00eamement durable et confortable avec une extensibilit\u00e9 totale dans les quatre sens.<br \/>\nLa veste a 2 poches lat\u00e9rales et 2 poches poitrine avec fermetures \u00e9clair. Dans les poches inf\u00e9rieures, vous trouverez \u00e9galement une poche pour t\u00e9l\u00e9phone portable et un compartiment \u00e0 couteaux, ainsi qu&#039;une poche multi-outils.<br \/>\nPoches pour t\u00e9l\u00e9phone portable sous les aisselles. Il y a une poche arri\u00e8re pratique \u00e0 l&#039;arri\u00e8re. Les avant-bras sont renforc\u00e9s.<br \/>\nUtilis\u00e9e par les professionnels et les bricoleurs, la veste Garphyttan Crafter combine de mani\u00e8re unique les propri\u00e9t\u00e9s de durabilit\u00e9 et d&#039;\u00e9tirement, ainsi que la fonctionnalit\u00e9 et le confort.<\/p>\n<p><strong>Disponible dans les couleurs :<\/strong> Anthracite, Marron et Kaki<\/p>\n<p><strong>Disponible en tailles :<\/strong> S \u00e0 3XL<\/p>\n<p><strong>Caract\u00e9ristiques:<\/strong><\/p>\n<ul>\n<li>Qualit\u00e9 stretch jeans<\/li>\n<li>98% coton\/2% \u00e9lasthanne<\/li>\n<li>Renforts sur les manches<\/li>\n<li>Plusieurs poches pratiques avec fermetures \u00e0 glissi\u00e8re (\u00e9galement \u00e0 l&#039;arri\u00e8re)<\/li>\n<li>Bo\u00eete multi-outils<\/li>\n<li>Sacs mobiles<\/li>\n<li>Sac \u00e0 couteaux<\/li>\n<\/ul>\n<p><a href=\"https:\/\/dogpride.nl\/fr\/produit\/arrak-crafter-broek-heren\/\">Regardez ICI pour le pantalon Crafter assorti.<\/a><\/p>\n<p><strong>Tableau des tailles:<\/strong><\/p>\n<p><img loading=\"lazy\" decoding=\"async\" class=\"alignnone size-full wp-image-110397\" src=\"https:\/\/www.dogpride.nl\/wp-content\/uploads\/Maattabel-Crafter-Tops.jpg\" alt=\"Maattabel\" width=\"432\" height=\"574\" srcset=\"https:\/\/dogpride.nl\/wp-content\/uploads\/Maattabel-Crafter-Tops.jpg 432w, https:\/\/dogpride.nl\/wp-content\/uploads\/Maattabel-Crafter-Tops-250x332.jpg 250w, https:\/\/dogpride.nl\/wp-content\/uploads\/Maattabel-Crafter-Tops-400x531.jpg 400w, https:\/\/dogpride.nl\/wp-content\/uploads\/Maattabel-Crafter-Tops-226x300.jpg 226w, https:\/\/dogpride.nl\/wp-content\/uploads\/Maattabel-Crafter-Tops-200x266.jpg 200w\" sizes=\"auto, (max-width: 432px) 100vw, 432px\" \/><\/p>\n<p>&nbsp;<\/p>\n<p><a href=\"https:\/\/arrakoutdoor.com\/\" target=\"_blank\" rel=\"noopener\"><img loading=\"lazy\" decoding=\"async\" class=\"alignnone wp-image-110135 size-full\" src=\"https:\/\/dogpride.nl\/wp-content\/uploads\/Arrak20Outdoor20Logo.gif\" alt=\"Logo Arrak\" width=\"220\" height=\"87\" \/><\/a><\/p>\n<p><a href=\"https:\/\/dogpride.nl\/fr\/kleding\/jassen\/arrak-outdoor-jassen\/\"><img loading=\"lazy\" decoding=\"async\" class=\"alignnone\" title=\"Arrak Crafter Jas Heren Khaki\" src=\"https:\/\/dogpride.nl\/wp-content\/uploads\/Crafter-Jas-Heren-Khaki1-150x150.jpg\" alt=\"Arrak Crafter Jas Heren Khaki\" width=\"150\" height=\"150\" \/><\/a><\/p>","protected":false},"excerpt":{"rendered":"<p>Veste Garphyttan Crafter. Ils sont fabriqu\u00e9s \u00e0 partir de notre mat\u00e9riau Fixar signature - une toile de coton extr\u00eamement durable et confortable avec une extensibilit\u00e9 totale dans les quatre sens.<\/p>","protected":false},"featured_media":110417,"template":"","meta":[],"product_brand":[],"product_cat":[24457],"product_tag":[3335,6175,6170,3208,5076,6179,6180],"class_list":{"0":"post-110416","1":"product","2":"type-product","3":"status-publish","4":"has-post-thumbnail","6":"product_cat-arrak-outdoor-heren-jassen","7":"product_tag-arrak","8":"product_tag-crafter","9":"product_tag-garphyttan","10":"product_tag-heren","11":"product_tag-jas","12":"product_tag-werkjas","13":"product_tag-zak-op-rug","15":"first","16":"instock","17":"taxable","18":"shipping-taxable","19":"purchasable","20":"product-type-variable"},"mb":[],"mfb_rest_fields":["title"],"_links":{"self":[{"href":"https:\/\/dogpride.nl\/fr\/wp-json\/wp\/v2\/product\/110416","targetHints":{"allow":["GET"]}}],"collection":[{"href":"https:\/\/dogpride.nl\/fr\/wp-json\/wp\/v2\/product"}],"about":[{"href":"https:\/\/dogpride.nl\/fr\/wp-json\/wp\/v2\/types\/product"}],"wp:featuredmedia":[{"embeddable":true,"href":"https:\/\/dogpride.nl\/fr\/wp-json\/wp\/v2\/media\/110417"}],"wp:attachment":[{"href":"https:\/\/dogpride.nl\/fr\/wp-json\/wp\/v2\/media?parent=110416"}],"wp:term":[{"taxonomy":"product_brand","embeddable":true,"href":"https:\/\/dogpride.nl\/fr\/wp-json\/wp\/v2\/product_brand?post=110416"},{"taxonomy":"product_cat","embeddable":true,"href":"https:\/\/dogpride.nl\/fr\/wp-json\/wp\/v2\/product_cat?post=110416"},{"taxonomy":"product_tag","embeddable":true,"href":"https:\/\/dogpride.nl\/fr\/wp-json\/wp\/v2\/product_tag?post=110416"}],"curies":[{"name":"wp","href":"https:\/\/api.w.org\/{rel}","templated":true}]}}