{"id":110345,"date":"2023-06-12T14:09:04","date_gmt":"2023-06-12T12:09:04","guid":{"rendered":"https:\/\/www.dogpride.nl\/?post_type=product&#038;p=110345"},"modified":"2026-02-19T13:09:26","modified_gmt":"2026-02-19T12:09:26","slug":"arrak-crafter-3-4-broek-heren","status":"publish","type":"product","link":"https:\/\/dogpride.nl\/fr\/arrak-crafter-3-4-broek-heren\/","title":{"rendered":"Arrak Crafter Pantalon 3\/4 Homme"},"content":{"rendered":"<h4>Arrak Crafter Pantalon 3\/4 Homme<\/h4>\n<p>Arrak Crafter Pantalon 3\/4 Homme<\/p>\n<p>Qu&#039;attendez-vous d&#039;un pantalon de travail ? Vraisemblablement, ils devraient \u00eatre confortables, durables et avoir de la place pour les outils, les clous, les vis et d&#039;autres choses importantes.<br \/>\nSi oui, vous \u00eates comme nous. Et si c&#039;est le cas, vous aimerez le pantalon Garphyttan Crafter 3\/4. Ils sont fabriqu\u00e9s \u00e0 partir de notre mat\u00e9riau Fixar signature - une toile de coton extr\u00eamement durable et confortable avec une extensibilit\u00e9 totale dans les quatre sens.<br \/>\nDe Arrak Crafter 3\/4 Broek Heren heeft zakken voor kniebeschermers en is voorzien van dubbele ventilatieritsen aan de zijkanten. Ze zijn versterkt in blootgestelde gebieden en hebben veel vakken en slimme compartimenten voor gereedschap, mobiele telefoons, spijkers, schroeven, bits en andere kleine items.<br \/>\nDe Arrak Crafter 3\/4 Broek Heren wordt gebruikt door zowel professionals als doe-het-zelvers, en de broek combineert op unieke wijze de eigenschappen van duurzaamheid en stretch, evenals functie en comfort.<\/p>\n<p><strong>Disponible en tailles :<\/strong> 46 \u00e0 60<\/p>\n<p><strong>Disponible dans les couleurs :<\/strong> Kaki, Anthracite<\/p>\n<p><strong>Caract\u00e9ristiques:<\/strong><\/p>\n<ul>\n<li>Qualit\u00e9 stretch jeans<\/li>\n<li>98% coton\/2% \u00e9lasthanne<\/li>\n<li>Renforts aux genoux<\/li>\n<li>Cha\u00eenes de ventilation sur le c\u00f4t\u00e9<\/li>\n<li>Poches jambes spacieuses<\/li>\n<li>Poches genouill\u00e8res<\/li>\n<li>Poches \u00e0 outils et supports pour marteaux<\/li>\n<\/ul>\n<p><a href=\"https:\/\/dogpride.nl\/fr\/produit\/arrak-crafter-jas-heren\/\">Regardez ICI pour une veste Crafter assortie.<\/a><\/p>\n<p><strong>Tableau des tailles:<\/strong><\/p>\n<p><img loading=\"lazy\" decoding=\"async\" class=\"alignnone size-full wp-image-110366\" src=\"https:\/\/www.dogpride.nl\/wp-content\/uploads\/Maattabel-Arrak-Crafter.jpg\" alt=\"Maattabel Crafter\" width=\"520\" height=\"572\" srcset=\"https:\/\/dogpride.nl\/wp-content\/uploads\/Maattabel-Arrak-Crafter.jpg 520w, https:\/\/dogpride.nl\/wp-content\/uploads\/Maattabel-Arrak-Crafter-250x275.jpg 250w, https:\/\/dogpride.nl\/wp-content\/uploads\/Maattabel-Arrak-Crafter-400x440.jpg 400w, https:\/\/dogpride.nl\/wp-content\/uploads\/Maattabel-Arrak-Crafter-273x300.jpg 273w, https:\/\/dogpride.nl\/wp-content\/uploads\/Maattabel-Arrak-Crafter-200x220.jpg 200w\" sizes=\"auto, (max-width: 520px) 100vw, 520px\" \/><\/p>\n<p>&nbsp;<\/p>\n<p><a href=\"https:\/\/arrakoutdoor.com\/\" target=\"_blank\" rel=\"noopener\"><img loading=\"lazy\" decoding=\"async\" class=\"alignnone wp-image-136085 size-full\" src=\"https:\/\/dogpride.nl\/wp-content\/uploads\/Logo-1.jpg\" alt=\"Arrak Quick Dry Pants Woman Navy Blue \" width=\"313\" height=\"137\" srcset=\"https:\/\/dogpride.nl\/wp-content\/uploads\/Logo-1.jpg 313w, https:\/\/dogpride.nl\/wp-content\/uploads\/Logo-1-300x131.jpg 300w, https:\/\/dogpride.nl\/wp-content\/uploads\/Logo-1-18x8.jpg 18w, https:\/\/dogpride.nl\/wp-content\/uploads\/Logo-1-250x109.jpg 250w\" sizes=\"auto, (max-width: 313px) 100vw, 313px\" \/><\/a><\/p>\n<p><a href=\"https:\/\/dogpride.nl\/fr\/kleding\/broeken\/arrak-outdoor-broeken\/\"><img loading=\"lazy\" decoding=\"async\" class=\"alignnone\" title=\"Arrak Crafter 3\/4 Broek Heren Khaki\" src=\"https:\/\/dogpride.nl\/wp-content\/uploads\/Crafter-3-4-Broek-Heren-Khaki-3-150x150.jpg\" alt=\"Arrak Crafter 3\/4 Broek Heren Khaki\" width=\"150\" height=\"150\" \/><\/a><\/p>","protected":false},"excerpt":{"rendered":"<p>Utilis\u00e9 par les professionnels et les bricoleurs, le pantalon Garphyttan Crafter 3\/4 combine de mani\u00e8re unique les propri\u00e9t\u00e9s de durabilit\u00e9 et d&#039;\u00e9lasticit\u00e9, ainsi que la fonctionnalit\u00e9 et le confort.<\/p>","protected":false},"featured_media":110346,"template":"","meta":[],"product_brand":[],"product_cat":[24458],"product_tag":[6177,3335,6175,3208,6176],"class_list":{"0":"post-110345","1":"product","2":"type-product","3":"status-publish","4":"has-post-thumbnail","6":"product_cat-arrak-outdoor-heren-broeken","7":"product_tag-3-4-broek","8":"product_tag-arrak","9":"product_tag-crafter","10":"product_tag-heren","11":"product_tag-werkbroek","13":"first","14":"instock","15":"taxable","16":"shipping-taxable","17":"purchasable","18":"product-type-variable"},"mb":[],"mfb_rest_fields":["title"],"_links":{"self":[{"href":"https:\/\/dogpride.nl\/fr\/wp-json\/wp\/v2\/product\/110345","targetHints":{"allow":["GET"]}}],"collection":[{"href":"https:\/\/dogpride.nl\/fr\/wp-json\/wp\/v2\/product"}],"about":[{"href":"https:\/\/dogpride.nl\/fr\/wp-json\/wp\/v2\/types\/product"}],"wp:featuredmedia":[{"embeddable":true,"href":"https:\/\/dogpride.nl\/fr\/wp-json\/wp\/v2\/media\/110346"}],"wp:attachment":[{"href":"https:\/\/dogpride.nl\/fr\/wp-json\/wp\/v2\/media?parent=110345"}],"wp:term":[{"taxonomy":"product_brand","embeddable":true,"href":"https:\/\/dogpride.nl\/fr\/wp-json\/wp\/v2\/product_brand?post=110345"},{"taxonomy":"product_cat","embeddable":true,"href":"https:\/\/dogpride.nl\/fr\/wp-json\/wp\/v2\/product_cat?post=110345"},{"taxonomy":"product_tag","embeddable":true,"href":"https:\/\/dogpride.nl\/fr\/wp-json\/wp\/v2\/product_tag?post=110345"}],"curies":[{"name":"wp","href":"https:\/\/api.w.org\/{rel}","templated":true}]}}