{"id":110090,"date":"2023-06-12T10:32:43","date_gmt":"2023-06-12T08:32:43","guid":{"rendered":"https:\/\/www.dogpride.nl\/?post_type=product&#038;p=110090"},"modified":"2025-11-03T17:22:26","modified_gmt":"2025-11-03T16:22:26","slug":"arrak-action-hardlooptight-dames","status":"publish","type":"product","link":"https:\/\/dogpride.nl\/fr\/arrak-action-hardlooptight-dames\/","title":{"rendered":"Collant de course Arrak Action pour femme"},"content":{"rendered":"<h4>Collant de course Arrak Action pour femme<\/h4>\n<p>Collant de course Arrak Action pour femme<\/p>\n<p>Le collant Arrak Action est le short de course parfait pour les personnes actives. Pantalon pour courir, s&#039;entra\u00eener, etc.<\/p>\n<ul>\n<li>Large \u00e9lastique \u00e0 la taille pour un meilleur ajustement.<\/li>\n<li>2 compartiments ouverts sur le c\u00f4t\u00e9 pour ranger par exemple votre t\u00e9l\u00e9phone portable ou vos cl\u00e9s.<\/li>\n<li>Impression r\u00e9flexe Arrak.<\/li>\n<li>Le pantalon est fabriqu\u00e9 en nylon 74%\/\u00e9lasthanne 26%.<\/li>\n<li>Taille haute.<\/li>\n<\/ul>\n<p>Disponible en tailles : XS \u00e0 3XL<\/p>\n<p><b>Couleur noir<\/b><\/p>\n<p><a href=\"https:\/\/arrakoutdoor.com\/\" target=\"_blank\" rel=\"noopener\"><img loading=\"lazy\" decoding=\"async\" class=\"alignnone wp-image-136085 size-full\" src=\"https:\/\/dogpride.nl\/wp-content\/uploads\/Logo-1.jpg\" alt=\"Arrak Quick Dry Pants Woman Navy Blue \" width=\"313\" height=\"137\" srcset=\"https:\/\/dogpride.nl\/wp-content\/uploads\/Logo-1.jpg 313w, https:\/\/dogpride.nl\/wp-content\/uploads\/Logo-1-300x131.jpg 300w, https:\/\/dogpride.nl\/wp-content\/uploads\/Logo-1-18x8.jpg 18w, https:\/\/dogpride.nl\/wp-content\/uploads\/Logo-1-250x109.jpg 250w\" sizes=\"auto, (max-width: 313px) 100vw, 313px\" \/><\/a><\/p>\n<p>&nbsp;<\/p>\n<p><a href=\"https:\/\/dogpride.nl\/fr\/kleding\/broeken\/arrak-outdoor-broeken\/\"><img loading=\"lazy\" decoding=\"async\" class=\"alignnone\" title=\"Collant de course Arrak Action pour femme\" src=\"https:\/\/dogpride.nl\/wp-content\/uploads\/23054web_fq9a3388-150x150.jpg\" alt=\"Arrak Action Hardlooptight Dames\" width=\"150\" height=\"150\" \/><\/a><\/p>","protected":false},"excerpt":{"rendered":"<p>Le collant Arrak Action est le short de course parfait pour les personnes actives. Pantalon pour la course, l&#039;entra\u00eenement, etc. Il comprend un large \u00e9lastique \u00e0 la taille pour un meilleur ajustement.<\/p>","protected":false},"featured_media":110092,"template":"","meta":[],"product_brand":[],"product_cat":[3860],"product_tag":[6168,4768,6169],"class_list":{"0":"post-110090","1":"product","2":"type-product","3":"status-publish","4":"has-post-thumbnail","6":"product_cat-arrak-outdoor-dames-broeken","7":"product_tag-arrak-action","8":"product_tag-dames","9":"product_tag-hardlooptight","11":"first","12":"instock","13":"taxable","14":"shipping-taxable","15":"purchasable","16":"product-type-variable"},"mb":[],"mfb_rest_fields":["title"],"_links":{"self":[{"href":"https:\/\/dogpride.nl\/fr\/wp-json\/wp\/v2\/product\/110090","targetHints":{"allow":["GET"]}}],"collection":[{"href":"https:\/\/dogpride.nl\/fr\/wp-json\/wp\/v2\/product"}],"about":[{"href":"https:\/\/dogpride.nl\/fr\/wp-json\/wp\/v2\/types\/product"}],"wp:featuredmedia":[{"embeddable":true,"href":"https:\/\/dogpride.nl\/fr\/wp-json\/wp\/v2\/media\/110092"}],"wp:attachment":[{"href":"https:\/\/dogpride.nl\/fr\/wp-json\/wp\/v2\/media?parent=110090"}],"wp:term":[{"taxonomy":"product_brand","embeddable":true,"href":"https:\/\/dogpride.nl\/fr\/wp-json\/wp\/v2\/product_brand?post=110090"},{"taxonomy":"product_cat","embeddable":true,"href":"https:\/\/dogpride.nl\/fr\/wp-json\/wp\/v2\/product_cat?post=110090"},{"taxonomy":"product_tag","embeddable":true,"href":"https:\/\/dogpride.nl\/fr\/wp-json\/wp\/v2\/product_tag?post=110090"}],"curies":[{"name":"wp","href":"https:\/\/api.w.org\/{rel}","templated":true}]}}