{"id":109316,"date":"2023-06-05T18:16:26","date_gmt":"2023-06-05T16:16:26","guid":{"rendered":"https:\/\/www.dogpride.nl\/?post_type=product&#038;p=109316"},"modified":"2026-02-19T13:10:32","modified_gmt":"2026-02-19T12:10:32","slug":"arrak-hybride-broek-junior","status":"publish","type":"product","link":"https:\/\/dogpride.nl\/fr\/arrak-hybride-broek-junior\/","title":{"rendered":"Arrak Hybrid Pantalon Junior"},"content":{"rendered":"<h4>Arrak Hybrid Pantalon Junior<\/h4>\n<p>Arrak Hybrid Pantalon Junior<\/p>\n<div class=\"product-reviews-summary short empty\">\n<div class=\"reviews-actions\">Les pantalons hybrides d&#039;Arrak sont des pantalons de plein air durables avec de petits d\u00e9tails suppl\u00e9mentaires. Coupe r\u00e9guli\u00e8re pour la meilleure mobilit\u00e9 pour une vie active en plein air.<\/div>\n<\/div>\n<div class=\"product-info-main\">\n<div class=\"product attribute overview\">\n<div class=\"value\">\n<p>Le pantalon est fait d&#039;un mat\u00e9riau extensible flexible pour un meilleur ajustement et avec une taille \u00e9lastiqu\u00e9e. Panneaux renforc\u00e9s en polyester\/coton durable. Le pantalon est trait\u00e9 DWR mais peut \u00e9galement \u00eatre facilement impr\u00e9gn\u00e9 pour r\u00e9sister \u00e0 l&#039;humidit\u00e9.<\/p>\n<p>Ouvrez les poches pour les mains. Anneau en D Poches cuisse g\u00e9n\u00e9reuses o\u00f9 la poche cuisse droite poss\u00e8de 2 poches zipp\u00e9es. Fermetures \u00e9clair avec ventilation lat\u00e9rale. Poches aux genoux pour endroit avec protection des genoux. Fermeture \u00e0 glissi\u00e8re en d\u00e9cision pour faciliter l&#039;enfilage des bottes et des bottes et qu&#039;elle peut \u00eatre utilis\u00e9e comme ventilation. Renfort \u00e0 l&#039;int\u00e9rieur du bas de jambe.<\/p>\n<p>Fermeture de jambe r\u00e9glable avec boutons poussoirs et crochet \u00e0 clipser dans la sangle de la chaussure pour maintenir fermement la jambe du pantalon contre la botte.<\/p>\n<p><strong>Disponible dans les couleurs :<\/strong><\/p>\n<ul>\n<li>Rouge<\/li>\n<li>olive<\/li>\n<li>Br\u00fbler l&#039;orange<\/li>\n<li>Anthracite<\/li>\n<\/ul>\n<p><strong>Disponible en tailles :<\/strong><\/p>\n<ul>\n<li>110<\/li>\n<li>122<\/li>\n<li>134<\/li>\n<li>146<\/li>\n<li>158<\/li>\n<\/ul>\n<p><a href=\"https:\/\/arrakoutdoor.com\/\" target=\"_blank\" rel=\"noopener\"><img loading=\"lazy\" decoding=\"async\" class=\"alignnone wp-image-136085 size-full\" src=\"https:\/\/dogpride.nl\/wp-content\/uploads\/Logo-1.jpg\" alt=\"Arrak Quick Dry Pants Woman Navy Blue \" width=\"313\" height=\"137\" srcset=\"https:\/\/dogpride.nl\/wp-content\/uploads\/Logo-1.jpg 313w, https:\/\/dogpride.nl\/wp-content\/uploads\/Logo-1-300x131.jpg 300w, https:\/\/dogpride.nl\/wp-content\/uploads\/Logo-1-18x8.jpg 18w, https:\/\/dogpride.nl\/wp-content\/uploads\/Logo-1-250x109.jpg 250w\" sizes=\"auto, (max-width: 313px) 100vw, 313px\" \/><\/a><\/p>\n<p><a href=\"https:\/\/dogpride.nl\/fr\/kleding\/broeken\/arrak-outdoor-broeken\/\"><img loading=\"lazy\" decoding=\"async\" class=\"alignnone\" title=\"Arrak Hybrid Pantalon Junior\" src=\"https:\/\/dogpride.nl\/wp-content\/uploads\/fq9a9686-150x150.jpg\" alt=\"Arrak Hybride Broek Junior\" width=\"150\" height=\"150\" \/><\/a><\/p>\n<\/div>\n<\/div>\n<\/div>","protected":false},"excerpt":{"rendered":"<p>Les pantalons hybrides d&#039;Arrak sont des pantalons de plein air durables avec de petits d\u00e9tails suppl\u00e9mentaires. Coupe r\u00e9guli\u00e8re pour la meilleure mobilit\u00e9 pour une vie active en plein air.<\/p>","protected":false},"featured_media":109317,"template":"","meta":[],"product_brand":[],"product_cat":[3860,24458],"product_tag":[3335,4804,5391,3398,6157],"class_list":{"0":"post-109316","1":"product","2":"type-product","3":"status-publish","4":"has-post-thumbnail","6":"product_cat-arrak-outdoor-dames-broeken","7":"product_cat-arrak-outdoor-heren-broeken","8":"product_tag-arrak","9":"product_tag-broek","10":"product_tag-hybride","11":"product_tag-junior","12":"product_tag-kinderbroek","14":"first","15":"instock","16":"taxable","17":"shipping-taxable","18":"purchasable","19":"product-type-variable"},"mb":[],"mfb_rest_fields":["title"],"_links":{"self":[{"href":"https:\/\/dogpride.nl\/fr\/wp-json\/wp\/v2\/product\/109316","targetHints":{"allow":["GET"]}}],"collection":[{"href":"https:\/\/dogpride.nl\/fr\/wp-json\/wp\/v2\/product"}],"about":[{"href":"https:\/\/dogpride.nl\/fr\/wp-json\/wp\/v2\/types\/product"}],"wp:featuredmedia":[{"embeddable":true,"href":"https:\/\/dogpride.nl\/fr\/wp-json\/wp\/v2\/media\/109317"}],"wp:attachment":[{"href":"https:\/\/dogpride.nl\/fr\/wp-json\/wp\/v2\/media?parent=109316"}],"wp:term":[{"taxonomy":"product_brand","embeddable":true,"href":"https:\/\/dogpride.nl\/fr\/wp-json\/wp\/v2\/product_brand?post=109316"},{"taxonomy":"product_cat","embeddable":true,"href":"https:\/\/dogpride.nl\/fr\/wp-json\/wp\/v2\/product_cat?post=109316"},{"taxonomy":"product_tag","embeddable":true,"href":"https:\/\/dogpride.nl\/fr\/wp-json\/wp\/v2\/product_tag?post=109316"}],"curies":[{"name":"wp","href":"https:\/\/api.w.org\/{rel}","templated":true}]}}