{"id":107790,"date":"2023-05-17T12:09:53","date_gmt":"2023-05-17T10:09:53","guid":{"rendered":"https:\/\/www.dogpride.nl\/?post_type=product&#038;p=107790"},"modified":"2025-10-08T18:34:14","modified_gmt":"2025-10-08T16:34:14","slug":"magnum-ultima-8-0-m810057-021","status":"publish","type":"product","link":"https:\/\/dogpride.nl\/fr\/magnum-ultima-8-0-m810057-021\/","title":{"rendered":"MAGNUM Ultima 8.0 M810057\/021"},"content":{"rendered":"<h4 class=\"page-title text-black text-2xl md:text-4xl xl:text-5xl font-semibold text-left w-full mb-2\">MAGNUM Ultima 8.0 M810057\/021<\/h4>\n<p>De MAGNUM Ultima 8.0 M810057\/021 is de allernieuwste lichtgewicht tactische schoen van Magnum die naast zijn nieuwe moderne look ook nog eens ecologisch verantwoord is.<br \/>\nDe MAGNUM Ultima 8.0 bestaat voor 80% uit gerecyclede materialen en kan na afgeschreven te zijn voor 100% opnieuw hergebruikt worden volgens de global recycled standars (GRS).<br \/>\nIn de schoen zijn 380 ml plastic flessen verwerkt zodat normaal schadelijke plastic flessen op een verantwoorde wijze worden hergebruikt en de natuur niet vervuilen.<\/p>\n<p>De Magnum Ultima 8.0 SZ WP is met zijn lichte gewicht en robuuste uitvoering ook nog eens waterproof. De tactische half hoge schoen voldoet aan alle kwaliteitseisen die je van een goede schoen mag verwachten.<br \/>\nVoor extra comfort en een verantwoorde afwikkeling van uw voeten is de magnum ultima voorzien van een EVA tussenzool en antibacterieel behandeld om vervelende geurtjes te voorkomen.<br \/>\nDe speciale ademende membranen zorgen ervoor dat uw voeten droog- en beschermd blijven.<\/p>\n<p><strong>Specificaties MAGNUM Ultima 8.0 M810057\/021: <\/strong><\/p>\n<ul>\n<li>Merk: Magnum<\/li>\n<li>Type schoen: hoge tactische schoen met rits<\/li>\n<li>Bestaat uit Hi Poly PU gerecycled materiaal<\/li>\n<li>Fast &amp; Lite-Design voor atletische pasvorm<\/li>\n<li>Waterdicht Lichtgewicht<\/li>\n<li>Goede grip voor verschillende ondergonden<\/li>\n<li>Vegan friendly<\/li>\n<li>Tissu sup\u00e9rieur 100% recycl\u00e9 fabriqu\u00e9 \u00e0 partir de 3,33 bouteilles en plastique recycl\u00e9es de 380 ml<\/li>\n<li>La membrane imperm\u00e9able et respirante du chausson garde les pieds au sec et prot\u00e9g\u00e9s<\/li>\n<li>Fermeture \u00e0 glissi\u00e8re lat\u00e9rale pour un acc\u00e8s facile<\/li>\n<li>Construction sup\u00e9rieure en PU thermosoud\u00e9e, r\u00e9duit le poids et offre un soutien sup\u00e9rieur et un confort 24 heures sur 24<\/li>\n<li>Semelle ext\u00e9rieure l\u00e9g\u00e8re et durable avec semelle intercalaire en EVA souffl\u00e9 pour un soutien sup\u00e9rieur et un confort 24h\/24<\/li>\n<li>Semelle int\u00e9rieure antibact\u00e9rienne Hi-Poly PU pour un confort 24 heures et anti-fatigue<\/li>\n<li>Forme athl\u00e9tique FAST &amp; LITE pour plus d&#039;agilit\u00e9 et de confort<\/li>\n<\/ul>\n<p><strong>Disponible en tailles :<\/strong> 39 t\/m 48<\/p>\n<p>&nbsp;<\/p>\n<p><a href=\"https:\/\/dogpride.nl\/fr\/k9\/tactische-kleding\/magnum-schoenen\/\"><img loading=\"lazy\" decoding=\"async\" class=\"alignnone wp-image-107464 size-full\" title=\"MAGNUM Ultima 8.0 M810057\/021\" src=\"https:\/\/dogpride.nl\/wp-content\/uploads\/PDP_Magnum_EN_ISO_Badge_v3_1.png\" alt=\"MAGNUM Ultima 8.0 M810057\/021\" width=\"217\" height=\"217\" srcset=\"https:\/\/dogpride.nl\/wp-content\/uploads\/PDP_Magnum_EN_ISO_Badge_v3_1.png 217w, https:\/\/dogpride.nl\/wp-content\/uploads\/PDP_Magnum_EN_ISO_Badge_v3_1-100x100.png 100w, https:\/\/dogpride.nl\/wp-content\/uploads\/PDP_Magnum_EN_ISO_Badge_v3_1-150x150.png 150w, https:\/\/dogpride.nl\/wp-content\/uploads\/PDP_Magnum_EN_ISO_Badge_v3_1-66x66.png 66w, https:\/\/dogpride.nl\/wp-content\/uploads\/PDP_Magnum_EN_ISO_Badge_v3_1-200x200.png 200w\" sizes=\"auto, (max-width: 217px) 100vw, 217px\" \/><\/a><\/p>\n<p data-start=\"0\" data-end=\"91\"><strong data-start=\"0\" data-end=\"89\">MAGNUM Ultima 8.0 M810057\/021 \u2013 Ultralichte Tactische Laarzen met Maximale Prestaties<\/strong><\/p>\n<p data-start=\"93\" data-end=\"490\">Le <strong data-start=\"96\" data-end=\"129\">MAGNUM Ultima 8.0 M810057\/021<\/strong> is een next-generation tactische laars die comfort, bescherming en prestaties combineert in \u00e9\u00e9n ultralicht ontwerp. Ontwikkeld voor politie, defensie, beveiliging en outdoorprofessionals die dagelijks het uiterste van hun schoeisel vragen. Deze laars is gebouwd om snel te bewegen, betrouwbaar te beschermen en langdurig comfort te bieden \u2013 in elke situatie.<\/p>\n<h4 data-start=\"492\" data-end=\"524\"><strong data-start=\"496\" data-end=\"524\">Lichtgewicht en duurzaam<\/strong><\/h4>\n<p data-start=\"525\" data-end=\"858\">De Ultima 8.0 is vervaardigd uit <strong data-start=\"558\" data-end=\"583\">duurzaam ripstop-mesh<\/strong> gecombineerd met <strong data-start=\"601\" data-end=\"621\">synthetisch leer<\/strong>. Dit maakt de laars extreem licht van gewicht zonder in te leveren op stevigheid. De materialen zijn ademend, sneldrogend en slijtvast \u2013 perfect voor lange diensten of dynamische missies waar flexibiliteit en snelheid essentieel zijn.<\/p>\n<h4 data-start=\"860\" data-end=\"892\"><strong data-start=\"864\" data-end=\"892\">Comfort en ondersteuning<\/strong><\/h4>\n<p data-start=\"893\" data-end=\"1300\">Binnenin biedt een <strong data-start=\"912\" data-end=\"930\">EVA-tussenzool<\/strong> optimale demping en ondersteuning. Deze vangt schokken effici\u00ebnt op en zorgt voor een natuurlijke voetafwikkeling tijdens het lopen of rennen. De <strong data-start=\"1077\" data-end=\"1097\">ademende voering<\/strong> houdt je voeten droog en comfortabel, zelfs tijdens warme of vochtige omstandigheden. De hoge schacht biedt extra stabiliteit en bescherming voor de enkels, terwijl de pasvorm strak en zeker aanvoelt.<\/p>\n<h4 data-start=\"1302\" data-end=\"1329\"><strong data-start=\"1306\" data-end=\"1329\">Grip en bescherming<\/strong><\/h4>\n<p data-start=\"1330\" data-end=\"1677\">Le <strong data-start=\"1333\" data-end=\"1372\">slip- en olie\u00adbestendige rubberzool<\/strong> levert uitstekende grip op uiteenlopende ondergronden \u2013 van nat asfalt tot onverhard terrein. De zool is ontworpen voor maximale wendbaarheid en stabiliteit, zodat je met vertrouwen kunt bewegen in elke richting. Daarnaast is de neus verstevigd voor extra bescherming tegen stoten of ruwe ondergronden.<\/p>\n<h4 data-start=\"1679\" data-end=\"1707\"><strong data-start=\"1683\" data-end=\"1707\">Veelzijdig inzetbaar<\/strong><\/h4>\n<p data-start=\"1708\" data-end=\"1960\">Of je nu actief bent in de <strong data-start=\"1735\" data-end=\"1755\">tactische dienst<\/strong>, <strong data-start=\"1757\" data-end=\"1778\">veiligheidssector<\/strong> ou <strong data-start=\"1782\" data-end=\"1799\">outdoorwereld<\/strong>, de MAGNUM Ultima 8.0 M810057\/021 is een betrouwbare partner. Deze laars combineert professionele prestaties met uitzonderlijk draagcomfort \u2013 dag in, dag uit.<\/p>\n<p data-start=\"1962\" data-end=\"2087\" data-is-last-node=\"\" data-is-only-node=\"\"><strong data-start=\"1962\" data-end=\"2087\" data-is-last-node=\"\">Kies voor snelheid, duurzaamheid en comfort. Kies voor de MAGNUM Ultima 8.0 \u2013 jouw lichtgewicht krachtpatser in het veld.<\/strong><\/p>\n<p data-start=\"1962\" data-end=\"2087\" data-is-last-node=\"\" data-is-only-node=\"\"><img loading=\"lazy\" decoding=\"async\" class=\"alignnone\" title=\"MAGNUM Ultima 8.0 M810057\/021\" src=\"https:\/\/dogpride.nl\/wp-content\/uploads\/gbt-35675-65789-f-a-1_6bc7bbff-feee-4f71-aae1-115dd74801d4_1800x1800.webp\" alt=\"MAGNUM Ultima 8.0 M810057\/021\" width=\"147\" height=\"147\" \/><\/p>\n<p data-start=\"1708\" data-end=\"1960\"><span style=\"color: #ffffff;\">Of je nu actief bent in de <strong data-start=\"1735\" data-end=\"1755\">tactische dienst<\/strong>, <strong data-start=\"1757\" data-end=\"1778\">veiligheidssector<\/strong> ou <strong data-start=\"1782\" data-end=\"1799\">outdoorwereld<\/strong>, de MAGNUM Ultima 8.0 M810057\/021 is een betrouwbare partner. Deze laars combineert professionele prestaties met uitzonderlijk draagcomfort \u2013 dag in, dag uit.<\/span><\/p>\n<p data-start=\"1962\" data-end=\"2087\" data-is-last-node=\"\" data-is-only-node=\"\"><span style=\"color: #ffffff;\"><strong data-start=\"1962\" data-end=\"2087\" data-is-last-node=\"\">Kies voor snelheid, duurzaamheid en comfort. Kies voor de MAGNUM Ultima 8.0 \u2013 jouw lichtgewicht krachtpatser in het veld.<\/strong><\/span><\/p>\n<p data-start=\"1962\" data-end=\"2087\" data-is-last-node=\"\" data-is-only-node=\"\"><span style=\"color: #ffffff;\"><a style=\"color: #ffffff;\" href=\"https:\/\/www.magnumboots.co.uk\/\" target=\"_blank\" rel=\"noopener\">Magnum Boots \u2013 Magnum-footsure<\/a><\/span><\/p>","protected":false},"excerpt":{"rendered":"<p>De MAGNUM Ultima 8.0 M810057\/021 is het begin van Magnum&#8217;s zeer belangrijke reis om zich te concentreren en milieubewuste, duurzame producten te ontwikkelen zonder concessies te doen aan de prestaties. De bovenstof is gemaakt van 100% gerecyclede plastic flessen.<\/p>","protected":false},"featured_media":107791,"template":"","meta":[],"product_brand":[],"product_cat":[6064],"product_tag":[4875,5528,9503,4870,4869,4876,5291,6098,4877],"class_list":{"0":"post-107790","1":"product","2":"type-product","3":"status-publish","4":"has-post-thumbnail","6":"product_cat-magnum-schoenen","7":"product_tag-8-0","8":"product_tag-lichtgewicht","9":"product_tag-m810057-021","10":"product_tag-magnum","11":"product_tag-schoen","12":"product_tag-sz","13":"product_tag-tactische","14":"product_tag-ultima","15":"product_tag-wp","17":"first","18":"instock","19":"taxable","20":"shipping-taxable","21":"purchasable","22":"product-type-variable"},"mb":[],"mfb_rest_fields":["title"],"_links":{"self":[{"href":"https:\/\/dogpride.nl\/fr\/wp-json\/wp\/v2\/product\/107790","targetHints":{"allow":["GET"]}}],"collection":[{"href":"https:\/\/dogpride.nl\/fr\/wp-json\/wp\/v2\/product"}],"about":[{"href":"https:\/\/dogpride.nl\/fr\/wp-json\/wp\/v2\/types\/product"}],"wp:featuredmedia":[{"embeddable":true,"href":"https:\/\/dogpride.nl\/fr\/wp-json\/wp\/v2\/media\/107791"}],"wp:attachment":[{"href":"https:\/\/dogpride.nl\/fr\/wp-json\/wp\/v2\/media?parent=107790"}],"wp:term":[{"taxonomy":"product_brand","embeddable":true,"href":"https:\/\/dogpride.nl\/fr\/wp-json\/wp\/v2\/product_brand?post=107790"},{"taxonomy":"product_cat","embeddable":true,"href":"https:\/\/dogpride.nl\/fr\/wp-json\/wp\/v2\/product_cat?post=107790"},{"taxonomy":"product_tag","embeddable":true,"href":"https:\/\/dogpride.nl\/fr\/wp-json\/wp\/v2\/product_tag?post=107790"}],"curies":[{"name":"wp","href":"https:\/\/api.w.org\/{rel}","templated":true}]}}