{"id":107772,"date":"2023-05-17T11:58:10","date_gmt":"2023-05-17T09:58:10","guid":{"rendered":"https:\/\/www.dogpride.nl\/?post_type=product&#038;p=107772"},"modified":"2023-05-17T11:58:11","modified_gmt":"2023-05-17T09:58:11","slug":"magnum-unisex-ultima-6-0-wp-laarzen","status":"publish","type":"product","link":"https:\/\/dogpride.nl\/fr\/magnum-unisex-ultima-6-0-wp-laarzen\/","title":{"rendered":"MAGNUM Bottes Ultima 6.0 WP Unisexe"},"content":{"rendered":"<h1>MAGNUM Bottes Ultima 6.0 WP Unisexe<\/h1>\n<p>MAGNUM Bottes Ultima 6.0 WP Unisexe<\/p>\n<p><span>L&#039;Ultima est Vegan, utilise un mat\u00e9riau Rip-Stop recycl\u00e9 100% dans le cadre de la tige et poss\u00e8de une membrane WP.<\/span><\/p>\n<ul>\n<li>V\u00e9g\u00e9talien<\/li>\n<li>Nylon ind\u00e9chirable recycl\u00e9<\/li>\n<li>La membrane imperm\u00e9able et respirante du chausson garde les pieds au sec<\/li>\n<li>Forme athl\u00e9tique pour la maniabilit\u00e9 et le confort<\/li>\n<li>Assise plantaire antibact\u00e9rienne Hi-Poly PU pour plus de confort et anti-fatigue<\/li>\n<li>La construction sup\u00e9rieure en PU thermosoud\u00e9e r\u00e9duit le poids et offre soutien et confort<\/li>\n<li>Semelle ext\u00e9rieure l\u00e9g\u00e8re et durable avec semelle intercalaire en EVA souffl\u00e9 pour un soutien et un confort tout au long de la journ\u00e9e<\/li>\n<\/ul>\n<p>&nbsp;<\/p>\n<p><img loading=\"lazy\" decoding=\"async\" class=\"alignnone size-full wp-image-107464\" src=\"https:\/\/www.dogpride.nl\/wp-content\/uploads\/PDP_Magnum_EN_ISO_Badge_v3_1.png\" alt=\"Magnum\" width=\"217\" height=\"217\" srcset=\"https:\/\/dogpride.nl\/wp-content\/uploads\/PDP_Magnum_EN_ISO_Badge_v3_1.png 217w, https:\/\/dogpride.nl\/wp-content\/uploads\/PDP_Magnum_EN_ISO_Badge_v3_1-100x100.png 100w, https:\/\/dogpride.nl\/wp-content\/uploads\/PDP_Magnum_EN_ISO_Badge_v3_1-150x150.png 150w, https:\/\/dogpride.nl\/wp-content\/uploads\/PDP_Magnum_EN_ISO_Badge_v3_1-66x66.png 66w, https:\/\/dogpride.nl\/wp-content\/uploads\/PDP_Magnum_EN_ISO_Badge_v3_1-200x200.png 200w\" sizes=\"auto, (max-width: 217px) 100vw, 217px\" \/><\/p>","protected":false},"excerpt":{"rendered":"<p>L&#039;Ultima est Vegan, utilise un mat\u00e9riau Rip-Stop recycl\u00e9 100% dans le cadre de la tige et poss\u00e8de une membrane WP.<\/p>","protected":false},"featured_media":107774,"template":"","meta":[],"product_brand":[],"product_cat":[6064],"product_tag":[6095,4958,4870,6098,4763,6099],"class_list":{"0":"post-107772","1":"product","2":"type-product","3":"status-publish","4":"has-post-thumbnail","6":"product_cat-magnum-schoenen","7":"product_tag-6-0","8":"product_tag-laarzen","9":"product_tag-magnum","10":"product_tag-ultima","11":"product_tag-unisex","12":"product_tag-water-proof","14":"first","15":"instock","16":"taxable","17":"shipping-taxable","18":"purchasable","19":"product-type-variable"},"mb":[],"mfb_rest_fields":["title"],"_links":{"self":[{"href":"https:\/\/dogpride.nl\/fr\/wp-json\/wp\/v2\/product\/107772","targetHints":{"allow":["GET"]}}],"collection":[{"href":"https:\/\/dogpride.nl\/fr\/wp-json\/wp\/v2\/product"}],"about":[{"href":"https:\/\/dogpride.nl\/fr\/wp-json\/wp\/v2\/types\/product"}],"wp:featuredmedia":[{"embeddable":true,"href":"https:\/\/dogpride.nl\/fr\/wp-json\/wp\/v2\/media\/107774"}],"wp:attachment":[{"href":"https:\/\/dogpride.nl\/fr\/wp-json\/wp\/v2\/media?parent=107772"}],"wp:term":[{"taxonomy":"product_brand","embeddable":true,"href":"https:\/\/dogpride.nl\/fr\/wp-json\/wp\/v2\/product_brand?post=107772"},{"taxonomy":"product_cat","embeddable":true,"href":"https:\/\/dogpride.nl\/fr\/wp-json\/wp\/v2\/product_cat?post=107772"},{"taxonomy":"product_tag","embeddable":true,"href":"https:\/\/dogpride.nl\/fr\/wp-json\/wp\/v2\/product_tag?post=107772"}],"curies":[{"name":"wp","href":"https:\/\/api.w.org\/{rel}","templated":true}]}}