{"id":107754,"date":"2023-05-17T11:32:37","date_gmt":"2023-05-17T09:32:37","guid":{"rendered":"https:\/\/www.dogpride.nl\/?post_type=product&#038;p=107754"},"modified":"2023-05-17T11:32:38","modified_gmt":"2023-05-17T09:32:38","slug":"magnum-strike-force-8-0-side-zip-waterproof","status":"publish","type":"product","link":"https:\/\/dogpride.nl\/fr\/magnum-strike-force-8-0-side-zip-waterproof\/","title":{"rendered":"MAGNUM Strike Force 8.0 Zip lat\u00e9ral \u00e9tanche"},"content":{"rendered":"<h1>MAGNUM Strike Force 8.0 Zip lat\u00e9ral \u00e9tanche<\/h1>\n<p>MAGNUM Strike Force 8.0 Zip lat\u00e9ral \u00e9tanche<\/p>\n<p><span>La Strike Force 8.0 Waterproof avec fermeture \u00e0 glissi\u00e8re lat\u00e9rale YKK est une botte d&#039;uniforme pour hommes de 8 pouces dot\u00e9e de technologies.<\/span><\/p>\n<ul>\n<li>Tige en cuir imperm\u00e9able durable avec panneaux en maille respirante r\u00e9sistant \u00e0 l&#039;abrasion<\/li>\n<li>Protection ultime contre les impacts de la cheville Exogel<\/li>\n<li>La membrane imperm\u00e9able et respirante du chausson garde les pieds au sec<\/li>\n<li>La semelle intercalaire RECOIL moul\u00e9e par compression absorbe les chocs et offre un soutien et un confort tout au long de la journ\u00e9e<\/li>\n<li>Semelle ext\u00e9rieure MICHELIN antid\u00e9rapante et r\u00e9sistante \u00e0 l&#039;huile pour une adh\u00e9rence maximale<\/li>\n<li>Test\u00e9 et certifi\u00e9 selon la norme europ\u00e9enne EN ISO 20347:2012 OB E FO HRO CI HI AN WR SRC<\/li>\n<\/ul>\n<p>&nbsp;<\/p>\n<p><img loading=\"lazy\" decoding=\"async\" class=\"alignnone size-full wp-image-107464\" src=\"https:\/\/www.dogpride.nl\/wp-content\/uploads\/PDP_Magnum_EN_ISO_Badge_v3_1.png\" alt=\"Magnum\" width=\"217\" height=\"217\" srcset=\"https:\/\/dogpride.nl\/wp-content\/uploads\/PDP_Magnum_EN_ISO_Badge_v3_1.png 217w, https:\/\/dogpride.nl\/wp-content\/uploads\/PDP_Magnum_EN_ISO_Badge_v3_1-100x100.png 100w, https:\/\/dogpride.nl\/wp-content\/uploads\/PDP_Magnum_EN_ISO_Badge_v3_1-150x150.png 150w, https:\/\/dogpride.nl\/wp-content\/uploads\/PDP_Magnum_EN_ISO_Badge_v3_1-66x66.png 66w, https:\/\/dogpride.nl\/wp-content\/uploads\/PDP_Magnum_EN_ISO_Badge_v3_1-200x200.png 200w\" sizes=\"auto, (max-width: 217px) 100vw, 217px\" \/><\/p>","protected":false},"excerpt":{"rendered":"<p>La Strike Force 8.0 Waterproof avec fermeture \u00e0 glissi\u00e8re lat\u00e9rale YKK est une botte d&#039;uniforme pour hommes de 8 pouces dot\u00e9e de technologies.<\/p>","protected":false},"featured_media":107755,"template":"","meta":[],"product_brand":[],"product_cat":[6064],"product_tag":[4875,4870,6075,4872,4121],"class_list":{"0":"post-107754","1":"product","2":"type-product","3":"status-publish","4":"has-post-thumbnail","6":"product_cat-magnum-schoenen","7":"product_tag-8-0","8":"product_tag-magnum","9":"product_tag-side-zip","10":"product_tag-strike-force","11":"product_tag-waterproof","13":"first","14":"instock","15":"taxable","16":"shipping-taxable","17":"purchasable","18":"product-type-variable"},"mb":[],"mfb_rest_fields":["title"],"_links":{"self":[{"href":"https:\/\/dogpride.nl\/fr\/wp-json\/wp\/v2\/product\/107754","targetHints":{"allow":["GET"]}}],"collection":[{"href":"https:\/\/dogpride.nl\/fr\/wp-json\/wp\/v2\/product"}],"about":[{"href":"https:\/\/dogpride.nl\/fr\/wp-json\/wp\/v2\/types\/product"}],"wp:featuredmedia":[{"embeddable":true,"href":"https:\/\/dogpride.nl\/fr\/wp-json\/wp\/v2\/media\/107755"}],"wp:attachment":[{"href":"https:\/\/dogpride.nl\/fr\/wp-json\/wp\/v2\/media?parent=107754"}],"wp:term":[{"taxonomy":"product_brand","embeddable":true,"href":"https:\/\/dogpride.nl\/fr\/wp-json\/wp\/v2\/product_brand?post=107754"},{"taxonomy":"product_cat","embeddable":true,"href":"https:\/\/dogpride.nl\/fr\/wp-json\/wp\/v2\/product_cat?post=107754"},{"taxonomy":"product_tag","embeddable":true,"href":"https:\/\/dogpride.nl\/fr\/wp-json\/wp\/v2\/product_tag?post=107754"}],"curies":[{"name":"wp","href":"https:\/\/api.w.org\/{rel}","templated":true}]}}