{"id":107737,"date":"2023-05-17T10:53:17","date_gmt":"2023-05-17T08:53:17","guid":{"rendered":"https:\/\/www.dogpride.nl\/?post_type=product&#038;p=107737"},"modified":"2023-05-17T10:53:18","modified_gmt":"2023-05-17T08:53:18","slug":"magnum-strike-force-6-0-waterdicht","status":"publish","type":"product","link":"https:\/\/dogpride.nl\/fr\/magnum-strike-force-6-0-waterdicht\/","title":{"rendered":"MAGNUM Strike Force 6.0 \u00e9tanche"},"content":{"rendered":"<h1>MAGNUM Strike Force 6.0 \u00e9tanche<\/h1>\n<p>MAGNUM Strike Force 6.0 \u00e9tanche<\/p>\n<p><span>Les bottes d&#039;uniforme imperm\u00e9ables pour hommes Strike Force 6.0 sont dot\u00e9es de technologies et offrent une protection s\u00e9rieuse.<\/span><\/p>\n<ul>\n<li>Tige en cuir durable et imperm\u00e9able avec panneaux en maille respirante r\u00e9sistant \u00e0 l&#039;abrasion<\/li>\n<li>Protection ultime contre les impacts de la cheville Exogel<\/li>\n<li>La membrane imperm\u00e9able et respirante du chausson garde les pieds au sec<\/li>\n<li>La semelle de rebond moul\u00e9e par compression absorbe les chocs et offre un soutien et un confort tout au long de la journ\u00e9e<\/li>\n<li>Semelle ext\u00e9rieure Michelin \u00e0 haute traction, antid\u00e9rapante et r\u00e9sistante \u00e0 l&#039;huile pour une adh\u00e9rence maximale<\/li>\n<li>Test\u00e9 et certifi\u00e9 selon la norme europ\u00e9enne EN ISO 20347:2012 OB E FO HRO CI HI AN WR SRC<\/li>\n<\/ul>\n<p>&nbsp;<\/p>\n<p><img loading=\"lazy\" decoding=\"async\" class=\"alignnone size-full wp-image-107464\" src=\"https:\/\/www.dogpride.nl\/wp-content\/uploads\/PDP_Magnum_EN_ISO_Badge_v3_1.png\" alt=\"Magnum\" width=\"217\" height=\"217\" srcset=\"https:\/\/dogpride.nl\/wp-content\/uploads\/PDP_Magnum_EN_ISO_Badge_v3_1.png 217w, https:\/\/dogpride.nl\/wp-content\/uploads\/PDP_Magnum_EN_ISO_Badge_v3_1-100x100.png 100w, https:\/\/dogpride.nl\/wp-content\/uploads\/PDP_Magnum_EN_ISO_Badge_v3_1-150x150.png 150w, https:\/\/dogpride.nl\/wp-content\/uploads\/PDP_Magnum_EN_ISO_Badge_v3_1-66x66.png 66w, https:\/\/dogpride.nl\/wp-content\/uploads\/PDP_Magnum_EN_ISO_Badge_v3_1-200x200.png 200w\" sizes=\"auto, (max-width: 217px) 100vw, 217px\" \/><\/p>","protected":false},"excerpt":{"rendered":"<p>Les bottes d&#039;uniforme imperm\u00e9ables pour hommes Strike Force 6.0 sont dot\u00e9es de technologies et offrent une protection s\u00e9rieuse.<\/p>","protected":false},"featured_media":107738,"template":"","meta":[],"product_brand":[],"product_cat":[6064],"product_tag":[6095,4870,4872,6096,6097,4985],"class_list":{"0":"post-107737","1":"product","2":"type-product","3":"status-publish","4":"has-post-thumbnail","6":"product_cat-magnum-schoenen","7":"product_tag-6-0","8":"product_tag-magnum","9":"product_tag-strike-force","10":"product_tag-uniform-boots","11":"product_tag-uniform-laars","12":"product_tag-waterdicht","14":"first","15":"instock","16":"taxable","17":"shipping-taxable","18":"purchasable","19":"product-type-variable"},"mb":[],"mfb_rest_fields":["title"],"_links":{"self":[{"href":"https:\/\/dogpride.nl\/fr\/wp-json\/wp\/v2\/product\/107737","targetHints":{"allow":["GET"]}}],"collection":[{"href":"https:\/\/dogpride.nl\/fr\/wp-json\/wp\/v2\/product"}],"about":[{"href":"https:\/\/dogpride.nl\/fr\/wp-json\/wp\/v2\/types\/product"}],"wp:featuredmedia":[{"embeddable":true,"href":"https:\/\/dogpride.nl\/fr\/wp-json\/wp\/v2\/media\/107738"}],"wp:attachment":[{"href":"https:\/\/dogpride.nl\/fr\/wp-json\/wp\/v2\/media?parent=107737"}],"wp:term":[{"taxonomy":"product_brand","embeddable":true,"href":"https:\/\/dogpride.nl\/fr\/wp-json\/wp\/v2\/product_brand?post=107737"},{"taxonomy":"product_cat","embeddable":true,"href":"https:\/\/dogpride.nl\/fr\/wp-json\/wp\/v2\/product_cat?post=107737"},{"taxonomy":"product_tag","embeddable":true,"href":"https:\/\/dogpride.nl\/fr\/wp-json\/wp\/v2\/product_tag?post=107737"}],"curies":[{"name":"wp","href":"https:\/\/api.w.org\/{rel}","templated":true}]}}