{"id":107718,"date":"2023-05-16T17:14:17","date_gmt":"2023-05-16T15:14:17","guid":{"rendered":"https:\/\/www.dogpride.nl\/?post_type=product&#038;p=107718"},"modified":"2023-05-16T17:14:19","modified_gmt":"2023-05-16T15:14:19","slug":"magnum-stealth-force-8-0-veiligheidslaars","status":"publish","type":"product","link":"https:\/\/dogpride.nl\/fr\/magnum-stealth-force-8-0-veiligheidslaars\/","title":{"rendered":"Botte de s\u00e9curit\u00e9 MAGNUM Stealth Force 8.0"},"content":{"rendered":"<h1>Botte de s\u00e9curit\u00e9 MAGNUM Stealth Force 8.0<\/h1>\n<p>Botte de s\u00e9curit\u00e9 MAGNUM Stealth Force 8.0<\/p>\n<p><span>Dot\u00e9 d&#039;une tige en cuir durable et d&#039;un mat\u00e9riel composite non m\u00e9tallique sans danger pour les scanners. L&#039;embout composite l\u00e9ger et la plaque anti-p\u00e9n\u00e9tration prot\u00e8gent les pieds des chutes d&#039;objets et des objets pointus sous le pied.<\/span><\/p>\n<ul>\n<li>Bateau de s\u00e9curit\u00e9 Magnum Stealth Force 8\u2033<\/li>\n<li>Embout et semelle interm\u00e9diaire en composite<\/li>\n<li>Classe de s\u00e9curit\u00e9 S3-SRC<\/li>\n<li>Semelle Caoutchouc\/EVA<\/li>\n<li>Talon antistatique et absorbant l&#039;\u00e9nergie<\/li>\n<li>Tige r\u00e9sistante \u00e0 l&#039;eau<\/li>\n<li>Col et languette rembourr\u00e9s<\/li>\n<li>Test\u00e9 et certifi\u00e9 selon la norme europ\u00e9enne EN ISO 20345:2011 S3 HI CI HRO SRC<\/li>\n<\/ul>\n<p>&nbsp;<\/p>\n<p><img loading=\"lazy\" decoding=\"async\" class=\"alignnone size-full wp-image-107464\" src=\"https:\/\/www.dogpride.nl\/wp-content\/uploads\/PDP_Magnum_EN_ISO_Badge_v3_1.png\" alt=\"Magnum\" width=\"217\" height=\"217\" srcset=\"https:\/\/dogpride.nl\/wp-content\/uploads\/PDP_Magnum_EN_ISO_Badge_v3_1.png 217w, https:\/\/dogpride.nl\/wp-content\/uploads\/PDP_Magnum_EN_ISO_Badge_v3_1-100x100.png 100w, https:\/\/dogpride.nl\/wp-content\/uploads\/PDP_Magnum_EN_ISO_Badge_v3_1-150x150.png 150w, https:\/\/dogpride.nl\/wp-content\/uploads\/PDP_Magnum_EN_ISO_Badge_v3_1-66x66.png 66w, https:\/\/dogpride.nl\/wp-content\/uploads\/PDP_Magnum_EN_ISO_Badge_v3_1-200x200.png 200w\" sizes=\"auto, (max-width: 217px) 100vw, 217px\" \/><\/p>","protected":false},"excerpt":{"rendered":"<p>Dot\u00e9 d&#039;une tige en cuir durable et d&#039;un mat\u00e9riel composite non m\u00e9tallique sans danger pour les scanners. L&#039;embout composite l\u00e9ger et la plaque anti-p\u00e9n\u00e9tration prot\u00e8gent les pieds des chutes d&#039;objets et des objets pointus sous le pied.<\/p>","protected":false},"featured_media":107719,"template":"","meta":[],"product_brand":[],"product_cat":[6064],"product_tag":[4875,4870,6094,6093],"class_list":{"0":"post-107718","1":"product","2":"type-product","3":"status-publish","4":"has-post-thumbnail","6":"product_cat-magnum-schoenen","7":"product_tag-8-0","8":"product_tag-magnum","9":"product_tag-stealth-force","10":"product_tag-veiligheidslaars","12":"first","13":"instock","14":"taxable","15":"shipping-taxable","16":"purchasable","17":"product-type-variable"},"mb":[],"mfb_rest_fields":["title"],"_links":{"self":[{"href":"https:\/\/dogpride.nl\/fr\/wp-json\/wp\/v2\/product\/107718","targetHints":{"allow":["GET"]}}],"collection":[{"href":"https:\/\/dogpride.nl\/fr\/wp-json\/wp\/v2\/product"}],"about":[{"href":"https:\/\/dogpride.nl\/fr\/wp-json\/wp\/v2\/types\/product"}],"wp:featuredmedia":[{"embeddable":true,"href":"https:\/\/dogpride.nl\/fr\/wp-json\/wp\/v2\/media\/107719"}],"wp:attachment":[{"href":"https:\/\/dogpride.nl\/fr\/wp-json\/wp\/v2\/media?parent=107718"}],"wp:term":[{"taxonomy":"product_brand","embeddable":true,"href":"https:\/\/dogpride.nl\/fr\/wp-json\/wp\/v2\/product_brand?post=107718"},{"taxonomy":"product_cat","embeddable":true,"href":"https:\/\/dogpride.nl\/fr\/wp-json\/wp\/v2\/product_cat?post=107718"},{"taxonomy":"product_tag","embeddable":true,"href":"https:\/\/dogpride.nl\/fr\/wp-json\/wp\/v2\/product_tag?post=107718"}],"curies":[{"name":"wp","href":"https:\/\/api.w.org\/{rel}","templated":true}]}}