{"id":107596,"date":"2023-05-11T09:19:04","date_gmt":"2023-05-11T07:19:04","guid":{"rendered":"https:\/\/www.dogpride.nl\/?post_type=product&#038;p=107596"},"modified":"2023-05-11T09:33:52","modified_gmt":"2023-05-11T07:33:52","slug":"magnum-precision-sitemaster-honey","status":"publish","type":"product","link":"https:\/\/dogpride.nl\/fr\/magnum-precision-sitemaster-honey\/","title":{"rendered":"MAGNUM Pr\u00e9cision Sitemaster \u2013 Miel"},"content":{"rendered":"<h1>MAGNUM Pr\u00e9cision Sitemaster \u2013 Miel<\/h1>\n<p>MAGNUM Pr\u00e9cision Sitemaster \u2013 Miel<\/p>\n<p>Le Precision Sitemaster a un nez composite et une plaque composite qui sont aussi solides que l&#039;acier, seulement beaucoup plus l\u00e9gers et qui sont \u00e9galement sans danger pour la d\u00e9tection.<br \/>\nLa chaussure de travail Precision Sitemaster est \u00e9galement dot\u00e9e d&#039;un col et d&#039;une languette recouverts de mousse pour un confort maximal. Ceci, combin\u00e9 \u00e0 la doublure r\u00e9gulatrice d&#039;humidit\u00e9 et \u00e0 la semelle antid\u00e9rapante et r\u00e9sistante \u00e0 l&#039;huile, rend le Magnum Precision Sitemaster non seulement confortable mais aussi tr\u00e8s s\u00fbr.<br \/>\nDe plus, le Magnum Precision Sitemaster est \u00e9galement tr\u00e8s durable gr\u00e2ce \u00e0 ses pi\u00e8ces en acier inoxydable solides, sa semelle int\u00e9rieure moul\u00e9e amovible et sa semelle ext\u00e9rieure \u00e0 double \u00e9tanch\u00e9it\u00e9.<\/p>\n<p>La chaussure de travail Magnum Precision Sitemaster est certifi\u00e9e S3 et SRC. EN ISO 20345:2011 S3 SRC.<\/p>\n<p>Caract\u00e9ristiques du produit : tige en cuir su\u00e9d\u00e9 durable et r\u00e9sistant \u00e0 l&#039;eau.<br \/>\nNez composite et plaque anti-crevaison aussi solide que l&#039;acier, mais beaucoup plus l\u00e9ger, et \u00e9galement scanner s\u00e9curis\u00e9.<br \/>\nCol et languette rembourr\u00e9s en mousse pour plus de confort. Mat\u00e9riel de s\u00e9curit\u00e9 pour scanner solide en acier inoxydable et non m\u00e9tallique. Doublure en maille \u00e0 \u00e9vacuation rapide pour la gestion de l&#039;humidit\u00e9 et le confort.<br \/>\nSemelle int\u00e9rieure profil\u00e9e amovible. Semelle ext\u00e9rieure en PU double densit\u00e9 durable et antid\u00e9rapante avec poign\u00e9es en \u00e9chelle.<\/p>\n<p>Avec un embout composite l\u00e9ger et une plaque anti-p\u00e9n\u00e9tration, les pieds prot\u00e8gent contre les chutes d&#039;objets et les objets pointus sous le pied. La tige en nubuck durable et la doublure \u00e0 \u00e9vacuation rapide de l&#039;humidit\u00e9 permettent de garder les bottes fra\u00eeches plus longtemps.<\/p>\n<ul>\n<li>Tige en nubuck r\u00e9sistant<\/li>\n<li>Col et languette rembourr\u00e9s pour plus de confort<\/li>\n<li>Nez composite l\u00e9ger et plaque anti-p\u00e9n\u00e9tration<\/li>\n<li>Mat\u00e9riel composite non m\u00e9tallique s\u00e9curis\u00e9 pour scanner<\/li>\n<li>Doublure \u00e0 \u00e9vacuation rapide pour la gestion de l&#039;humidit\u00e9 et le confort<\/li>\n<li>Semelle int\u00e9rieure Magnum Comfort Plus pour un maximum de confort et d&#039;absorption des chocs<\/li>\n<li>Semelle ext\u00e9rieure en PU double densit\u00e9 avec poign\u00e9es en \u00e9chelle pour plus de traction et de durabilit\u00e9<\/li>\n<li>Test\u00e9 et certifi\u00e9 selon la norme europ\u00e9enne EN ISO 20345:2011 S3 WR SRC<\/li>\n<\/ul>\n<p>Tailles : 35 \u00e0 48<\/p>\n<p>&nbsp;<\/p>\n<p><img loading=\"lazy\" decoding=\"async\" class=\"alignnone wp-image-107464 size-full\" src=\"https:\/\/www.dogpride.nl\/wp-content\/uploads\/PDP_Magnum_EN_ISO_Badge_v3_1.png\" alt=\"Magnum\" width=\"217\" height=\"217\" srcset=\"https:\/\/dogpride.nl\/wp-content\/uploads\/PDP_Magnum_EN_ISO_Badge_v3_1.png 217w, https:\/\/dogpride.nl\/wp-content\/uploads\/PDP_Magnum_EN_ISO_Badge_v3_1-100x100.png 100w, https:\/\/dogpride.nl\/wp-content\/uploads\/PDP_Magnum_EN_ISO_Badge_v3_1-150x150.png 150w, https:\/\/dogpride.nl\/wp-content\/uploads\/PDP_Magnum_EN_ISO_Badge_v3_1-66x66.png 66w, https:\/\/dogpride.nl\/wp-content\/uploads\/PDP_Magnum_EN_ISO_Badge_v3_1-200x200.png 200w\" sizes=\"auto, (max-width: 217px) 100vw, 217px\" \/><\/p>","protected":false},"excerpt":{"rendered":"<p>Avec un embout composite l\u00e9ger et une plaque anti-p\u00e9n\u00e9tration, les pieds prot\u00e8gent contre les chutes d&#039;objets et les perforations sous le pied. La tige en nubuck durable et la doublure \u00e0 \u00e9vacuation rapide de l&#039;humidit\u00e9 permettent de garder les bottes fra\u00eeches plus longtemps.<\/p>","protected":false},"featured_media":107597,"template":"","meta":[],"product_brand":[],"product_cat":[6064],"product_tag":[6077,4870,4893,6076],"class_list":{"0":"post-107596","1":"product","2":"type-product","3":"status-publish","4":"has-post-thumbnail","6":"product_cat-magnum-schoenen","7":"product_tag-honey","8":"product_tag-magnum","9":"product_tag-precision","10":"product_tag-sitemaster","12":"first","13":"instock","14":"taxable","15":"shipping-taxable","16":"purchasable","17":"product-type-variable"},"mb":[],"mfb_rest_fields":["title"],"_links":{"self":[{"href":"https:\/\/dogpride.nl\/fr\/wp-json\/wp\/v2\/product\/107596","targetHints":{"allow":["GET"]}}],"collection":[{"href":"https:\/\/dogpride.nl\/fr\/wp-json\/wp\/v2\/product"}],"about":[{"href":"https:\/\/dogpride.nl\/fr\/wp-json\/wp\/v2\/types\/product"}],"wp:featuredmedia":[{"embeddable":true,"href":"https:\/\/dogpride.nl\/fr\/wp-json\/wp\/v2\/media\/107597"}],"wp:attachment":[{"href":"https:\/\/dogpride.nl\/fr\/wp-json\/wp\/v2\/media?parent=107596"}],"wp:term":[{"taxonomy":"product_brand","embeddable":true,"href":"https:\/\/dogpride.nl\/fr\/wp-json\/wp\/v2\/product_brand?post=107596"},{"taxonomy":"product_cat","embeddable":true,"href":"https:\/\/dogpride.nl\/fr\/wp-json\/wp\/v2\/product_cat?post=107596"},{"taxonomy":"product_tag","embeddable":true,"href":"https:\/\/dogpride.nl\/fr\/wp-json\/wp\/v2\/product_tag?post=107596"}],"curies":[{"name":"wp","href":"https:\/\/api.w.org\/{rel}","templated":true}]}}