{"id":107549,"date":"2023-05-10T14:02:27","date_gmt":"2023-05-10T12:02:27","guid":{"rendered":"https:\/\/www.dogpride.nl\/?post_type=product&#038;p=107549"},"modified":"2023-05-10T14:02:28","modified_gmt":"2023-05-10T12:02:28","slug":"magnum-precision-rigmaster-side-zip","status":"publish","type":"product","link":"https:\/\/dogpride.nl\/fr\/magnum-precision-rigmaster-side-zip\/","title":{"rendered":"Glissi\u00e8re lat\u00e9rale MAGNUM Precision Rigmaster"},"content":{"rendered":"<h1>Glissi\u00e8re lat\u00e9rale MAGNUM Precision Rigmaster<\/h1>\n<p>Glissi\u00e8re lat\u00e9rale MAGNUM Precision Rigmaster<\/p>\n<p>Chaussure de travail s\u00e9curis\u00e9e. Tige en cuir pleine fleur imperm\u00e9able et durable. La membrane imperm\u00e9able et respirante du chausson garde les pieds au sec. Scanner en toute s\u00e9curit\u00e9\u00a0! Fermeture \u00e9clair YKK pour un enfilage et un retrait faciles de la chaussure. Col et languette rembourr\u00e9s pour plus de confort. Embout composite l\u00e9ger et semelle anti-perforation. Semelle ext\u00e9rieure en caoutchouc SRC pour une adh\u00e9rence maximale.<\/p>\n<p><span>L&#039;embout composite l\u00e9ger et la plaque anti-p\u00e9n\u00e9tration prot\u00e8gent les pieds des chutes d&#039;objets et les semelles sous le pied. Ces bottes de s\u00e9curit\u00e9 de travail sont \u00e9galement dot\u00e9es d&#039;un prot\u00e8ge-orteils en TPU r\u00e9sistant \u00e0 l&#039;abrasion et d&#039;une quincaillerie non m\u00e9tallique qui les rend s\u00e9curitaires pour les scanners.<\/span><\/p>\n<ul>\n<li>Tige en cuir pleine fleur imperm\u00e9able et durable<\/li>\n<li>Mat\u00e9riel composite non m\u00e9tallique s\u00e9curis\u00e9 pour scanner<\/li>\n<li>Fermeture \u00e9clair YKK sur le c\u00f4t\u00e9 pour un acc\u00e8s facile<\/li>\n<li>Prot\u00e8ge-orteils en TPU r\u00e9sistant \u00e0 l&#039;abrasion pour une protection suppl\u00e9mentaire<\/li>\n<li>Col et languette rembourr\u00e9s pour plus de confort<\/li>\n<li>Nez composite l\u00e9ger et plaque anti-p\u00e9n\u00e9tration<\/li>\n<li>Doublure \u00e0 \u00e9vacuation rapide pour la gestion de l&#039;humidit\u00e9 et le confort<\/li>\n<li>Test\u00e9 et certifi\u00e9 selon la norme europ\u00e9enne EN ISO 20345:2011 S3 HRO WR SRC<\/li>\n<\/ul>\n<p><strong>Tailles\u00a0:<\/strong> 35 \u00e0 48<\/p>\n<p>&nbsp;<\/p>\n<p><img loading=\"lazy\" decoding=\"async\" class=\"alignnone size-full wp-image-107464\" src=\"https:\/\/www.dogpride.nl\/wp-content\/uploads\/PDP_Magnum_EN_ISO_Badge_v3_1.png\" alt=\"\" width=\"217\" height=\"217\" srcset=\"https:\/\/dogpride.nl\/wp-content\/uploads\/PDP_Magnum_EN_ISO_Badge_v3_1.png 217w, https:\/\/dogpride.nl\/wp-content\/uploads\/PDP_Magnum_EN_ISO_Badge_v3_1-100x100.png 100w, https:\/\/dogpride.nl\/wp-content\/uploads\/PDP_Magnum_EN_ISO_Badge_v3_1-150x150.png 150w, https:\/\/dogpride.nl\/wp-content\/uploads\/PDP_Magnum_EN_ISO_Badge_v3_1-66x66.png 66w, https:\/\/dogpride.nl\/wp-content\/uploads\/PDP_Magnum_EN_ISO_Badge_v3_1-200x200.png 200w\" sizes=\"auto, (max-width: 217px) 100vw, 217px\" \/><\/p>","protected":false},"excerpt":{"rendered":"<p>L&#039;embout composite l\u00e9ger et la plaque anti-p\u00e9n\u00e9tration prot\u00e8gent les pieds des chutes d&#039;objets et les semelles sous le pied. Ces bottes de s\u00e9curit\u00e9 de travail sont \u00e9galement dot\u00e9es d&#039;un prot\u00e8ge-orteils en TPU r\u00e9sistant \u00e0 l&#039;abrasion et d&#039;une quincaillerie non m\u00e9tallique qui les rend s\u00e9curitaires pour les scanners.<\/p>","protected":false},"featured_media":107550,"template":"","meta":[],"product_brand":[],"product_cat":[6064],"product_tag":[4870,4893,6074,6075],"class_list":{"0":"post-107549","1":"product","2":"type-product","3":"status-publish","4":"has-post-thumbnail","6":"product_cat-magnum-schoenen","7":"product_tag-magnum","8":"product_tag-precision","9":"product_tag-rigmaster","10":"product_tag-side-zip","12":"first","13":"instock","14":"taxable","15":"shipping-taxable","16":"purchasable","17":"product-type-variable"},"mb":[],"mfb_rest_fields":["title"],"_links":{"self":[{"href":"https:\/\/dogpride.nl\/fr\/wp-json\/wp\/v2\/product\/107549","targetHints":{"allow":["GET"]}}],"collection":[{"href":"https:\/\/dogpride.nl\/fr\/wp-json\/wp\/v2\/product"}],"about":[{"href":"https:\/\/dogpride.nl\/fr\/wp-json\/wp\/v2\/types\/product"}],"wp:featuredmedia":[{"embeddable":true,"href":"https:\/\/dogpride.nl\/fr\/wp-json\/wp\/v2\/media\/107550"}],"wp:attachment":[{"href":"https:\/\/dogpride.nl\/fr\/wp-json\/wp\/v2\/media?parent=107549"}],"wp:term":[{"taxonomy":"product_brand","embeddable":true,"href":"https:\/\/dogpride.nl\/fr\/wp-json\/wp\/v2\/product_brand?post=107549"},{"taxonomy":"product_cat","embeddable":true,"href":"https:\/\/dogpride.nl\/fr\/wp-json\/wp\/v2\/product_cat?post=107549"},{"taxonomy":"product_tag","embeddable":true,"href":"https:\/\/dogpride.nl\/fr\/wp-json\/wp\/v2\/product_tag?post=107549"}],"curies":[{"name":"wp","href":"https:\/\/api.w.org\/{rel}","templated":true}]}}