{"id":107513,"date":"2023-05-10T12:58:54","date_gmt":"2023-05-10T10:58:54","guid":{"rendered":"https:\/\/www.dogpride.nl\/?post_type=product&#038;p=107513"},"modified":"2023-05-10T12:58:55","modified_gmt":"2023-05-10T10:58:55","slug":"magnum-elite-spider-x-5-0-uniformlaars","status":"publish","type":"product","link":"https:\/\/dogpride.nl\/fr\/magnum-elite-spider-x-5-0-uniformlaars\/","title":{"rendered":"Botte uniforme MAGNUM Elite Spider X 5.0"},"content":{"rendered":"<h1>Botte uniforme MAGNUM Elite Spider X 5.0<\/h1>\n<p>Botte uniforme MAGNUM Elite Spider X 5.0<\/p>\n<p><span>Dot\u00e9 d&#039;une tige en cuir durable avec des a\u00e9rations en tissu CORDURA AFT 3D respirant r\u00e9sistant \u00e0 l&#039;abrasion et une doublure qui \u00e9vacue rapidement l&#039;humidit\u00e9, id\u00e9ale par temps chaud.<\/span><\/p>\n<ul>\n<li>Tige en cuir durable avec a\u00e9rations respirantes CORDURA AFT 3D r\u00e9sistantes \u00e0 l&#039;abrasion<\/li>\n<li>Doublure \u00e0 \u00e9vacuation rapide pour la gestion de l&#039;humidit\u00e9 et le confort<\/li>\n<li>Ferrures antirouille et antireflet<\/li>\n<li>Clip de talon externe pour un meilleur maintien<\/li>\n<li>Semelle int\u00e9rieure MPACT POWER PU pour un maximum de confort et d&#039;absorption des chocs<\/li>\n<li>La semelle intercalaire RECOIL moul\u00e9e par compression absorbe les chocs et offre un soutien et un confort tout au long de la journ\u00e9e<\/li>\n<li>La semelle ext\u00e9rieure en caoutchouc Vibram offre durabilit\u00e9 et excellente adh\u00e9rence<\/li>\n<li>Test\u00e9 et certifi\u00e9 selon la norme europ\u00e9enne EN ISO 20347\u00a0: 2012 OB E FO HI CI HRO SRA<\/li>\n<\/ul>\n<p><strong>Tailles\u00a0:<\/strong> 36 \u00e0 48<\/p>\n<p>&nbsp;<\/p>\n<p><img loading=\"lazy\" decoding=\"async\" class=\"alignnone size-full wp-image-107464\" src=\"https:\/\/www.dogpride.nl\/wp-content\/uploads\/PDP_Magnum_EN_ISO_Badge_v3_1.png\" alt=\"\" width=\"217\" height=\"217\" srcset=\"https:\/\/dogpride.nl\/wp-content\/uploads\/PDP_Magnum_EN_ISO_Badge_v3_1.png 217w, https:\/\/dogpride.nl\/wp-content\/uploads\/PDP_Magnum_EN_ISO_Badge_v3_1-100x100.png 100w, https:\/\/dogpride.nl\/wp-content\/uploads\/PDP_Magnum_EN_ISO_Badge_v3_1-150x150.png 150w, https:\/\/dogpride.nl\/wp-content\/uploads\/PDP_Magnum_EN_ISO_Badge_v3_1-66x66.png 66w, https:\/\/dogpride.nl\/wp-content\/uploads\/PDP_Magnum_EN_ISO_Badge_v3_1-200x200.png 200w\" sizes=\"auto, (max-width: 217px) 100vw, 217px\" \/><\/p>","protected":false},"excerpt":{"rendered":"<p>Dot\u00e9 d&#039;une tige en cuir durable avec des a\u00e9rations en tissu CORDURA AFT 3D respirant r\u00e9sistant \u00e0 l&#039;abrasion et une doublure qui \u00e9vacue rapidement l&#039;humidit\u00e9, id\u00e9ale par temps chaud.<\/p>","protected":false},"featured_media":107514,"template":"","meta":[],"product_brand":[],"product_cat":[6064],"product_tag":[4880,4870,4881,6069,6070],"class_list":{"0":"post-107513","1":"product","2":"type-product","3":"status-publish","4":"has-post-thumbnail","6":"product_cat-magnum-schoenen","7":"product_tag-elite","8":"product_tag-magnum","9":"product_tag-spider","10":"product_tag-uniformlaars","11":"product_tag-x-5-0","13":"first","14":"instock","15":"taxable","16":"shipping-taxable","17":"purchasable","18":"product-type-variable"},"mb":[],"mfb_rest_fields":["title"],"_links":{"self":[{"href":"https:\/\/dogpride.nl\/fr\/wp-json\/wp\/v2\/product\/107513","targetHints":{"allow":["GET"]}}],"collection":[{"href":"https:\/\/dogpride.nl\/fr\/wp-json\/wp\/v2\/product"}],"about":[{"href":"https:\/\/dogpride.nl\/fr\/wp-json\/wp\/v2\/types\/product"}],"wp:featuredmedia":[{"embeddable":true,"href":"https:\/\/dogpride.nl\/fr\/wp-json\/wp\/v2\/media\/107514"}],"wp:attachment":[{"href":"https:\/\/dogpride.nl\/fr\/wp-json\/wp\/v2\/media?parent=107513"}],"wp:term":[{"taxonomy":"product_brand","embeddable":true,"href":"https:\/\/dogpride.nl\/fr\/wp-json\/wp\/v2\/product_brand?post=107513"},{"taxonomy":"product_cat","embeddable":true,"href":"https:\/\/dogpride.nl\/fr\/wp-json\/wp\/v2\/product_cat?post=107513"},{"taxonomy":"product_tag","embeddable":true,"href":"https:\/\/dogpride.nl\/fr\/wp-json\/wp\/v2\/product_tag?post=107513"}],"curies":[{"name":"wp","href":"https:\/\/api.w.org\/{rel}","templated":true}]}}