{"id":107495,"date":"2023-05-10T12:43:58","date_gmt":"2023-05-10T10:43:58","guid":{"rendered":"https:\/\/www.dogpride.nl\/?post_type=product&#038;p=107495"},"modified":"2023-05-10T12:43:59","modified_gmt":"2023-05-10T10:43:59","slug":"magnum-classic-cen-uniformlaars","status":"publish","type":"product","link":"https:\/\/dogpride.nl\/fr\/magnum-classic-cen-uniformlaars\/","title":{"rendered":"MAGNUM Classic CEN Uniforme botte"},"content":{"rendered":"<h1>MAGNUM Classic CEN Uniforme botte<\/h1>\n<p>MAGNUM Classic CEN Uniforme botte<\/p>\n<p><span>Le Magnum Classic est exactement ce qu&#039;il dit - Un Magnum Classic ! Un favori de longue date parmi les fans de Magnum, cette botte d&#039;uniforme pour hommes et femmes est confortable, respirante et durable.<\/span><\/p>\n<ul>\n<li>Magnum Classic CEN \u2013 Botte sans s\u00e9curit\u00e9<\/li>\n<li>Note de glissement SRA<\/li>\n<li>Tige en cuir\/nylon<\/li>\n<li>Semelle ext\u00e9rieure en caoutchouc r\u00e9sistant \u00e0 la chaleur et au froid<\/li>\n<li>Syst\u00e8me de la\u00e7age \u00e0 8 m\u00e9taux<\/li>\n<li>Conforme \u00e0 la norme ISO20345 pour les chaussures de s\u00e9curit\u00e9<\/li>\n<li>Test\u00e9 et certifi\u00e9 selon la norme europ\u00e9enne EN ISO 20347\u00a0: 2012 OB E FO SRA<\/li>\n<\/ul>\n<p><strong>Tailles\u00a0:<\/strong> 36 \u00e0 48<\/p>\n<p>&nbsp;<\/p>\n<p><img loading=\"lazy\" decoding=\"async\" class=\"alignnone size-full wp-image-107464\" src=\"https:\/\/www.dogpride.nl\/wp-content\/uploads\/PDP_Magnum_EN_ISO_Badge_v3_1.png\" alt=\"\" width=\"217\" height=\"217\" srcset=\"https:\/\/dogpride.nl\/wp-content\/uploads\/PDP_Magnum_EN_ISO_Badge_v3_1.png 217w, https:\/\/dogpride.nl\/wp-content\/uploads\/PDP_Magnum_EN_ISO_Badge_v3_1-100x100.png 100w, https:\/\/dogpride.nl\/wp-content\/uploads\/PDP_Magnum_EN_ISO_Badge_v3_1-150x150.png 150w, https:\/\/dogpride.nl\/wp-content\/uploads\/PDP_Magnum_EN_ISO_Badge_v3_1-66x66.png 66w, https:\/\/dogpride.nl\/wp-content\/uploads\/PDP_Magnum_EN_ISO_Badge_v3_1-200x200.png 200w\" sizes=\"auto, (max-width: 217px) 100vw, 217px\" \/><\/p>","protected":false},"excerpt":{"rendered":"<p>Le Magnum Classic est exactement ce qu&#039;il dit - Un Magnum Classic ! Un favori de longue date parmi les fans de Magnum, cette botte d&#039;uniforme pour hommes et femmes est confortable, respirante et durable.<\/p>","protected":false},"featured_media":107496,"template":"","meta":[],"product_brand":[],"product_cat":[6064],"product_tag":[6068,4892,4870,6069],"class_list":{"0":"post-107495","1":"product","2":"type-product","3":"status-publish","4":"has-post-thumbnail","6":"product_cat-magnum-schoenen","7":"product_tag-cen","8":"product_tag-classic","9":"product_tag-magnum","10":"product_tag-uniformlaars","12":"first","13":"instock","14":"taxable","15":"shipping-taxable","16":"purchasable","17":"product-type-variable"},"mb":[],"mfb_rest_fields":["title"],"_links":{"self":[{"href":"https:\/\/dogpride.nl\/fr\/wp-json\/wp\/v2\/product\/107495","targetHints":{"allow":["GET"]}}],"collection":[{"href":"https:\/\/dogpride.nl\/fr\/wp-json\/wp\/v2\/product"}],"about":[{"href":"https:\/\/dogpride.nl\/fr\/wp-json\/wp\/v2\/types\/product"}],"wp:featuredmedia":[{"embeddable":true,"href":"https:\/\/dogpride.nl\/fr\/wp-json\/wp\/v2\/media\/107496"}],"wp:attachment":[{"href":"https:\/\/dogpride.nl\/fr\/wp-json\/wp\/v2\/media?parent=107495"}],"wp:term":[{"taxonomy":"product_brand","embeddable":true,"href":"https:\/\/dogpride.nl\/fr\/wp-json\/wp\/v2\/product_brand?post=107495"},{"taxonomy":"product_cat","embeddable":true,"href":"https:\/\/dogpride.nl\/fr\/wp-json\/wp\/v2\/product_cat?post=107495"},{"taxonomy":"product_tag","embeddable":true,"href":"https:\/\/dogpride.nl\/fr\/wp-json\/wp\/v2\/product_tag?post=107495"}],"curies":[{"name":"wp","href":"https:\/\/api.w.org\/{rel}","templated":true}]}}