{"id":107079,"date":"2023-05-08T09:29:26","date_gmt":"2023-05-08T07:29:26","guid":{"rendered":"https:\/\/www.dogpride.nl\/?post_type=product&#038;p=107079"},"modified":"2026-04-15T15:14:03","modified_gmt":"2026-04-15T13:14:03","slug":"speed-dogsport-hondensportvest-akim","status":"publish","type":"product","link":"https:\/\/dogpride.nl\/fr\/speed-dogsport-hondensportvest-akim\/","title":{"rendered":"Speed Dogsport Hondensportvest AKIM"},"content":{"rendered":"<h4>Speed Dogsport Hondensportvest AKIM<\/h4>\n<p>Speed Dogsport Hondensportvest AKIM<\/p>\n<h4>Hondensportvest AKIM\u00a0 voor hondengeleiders en behendigheid<\/h4>\n<p style=\"font-weight: 400;\">Notre gilet de sport pour chiens Speed Dogsport\u00ae se caract\u00e9rise par un nouveau mat\u00e9riau particuli\u00e8rement robuste et r\u00e9sistant aux rayures et une fonctionnalit\u00e9 \u00e9lev\u00e9e avec un confort de port.<\/p>\n<p style=\"font-weight: 400;\">Une finition de haute qualit\u00e9, une tr\u00e8s bonne coupe et un look et des couleurs modernes vous permettent de faire bonne figure m\u00eame au parc canin. Nous produisons des tailles XS \u00e0 4XL.<\/p>\n<p><strong>Disponible dans les couleurs :<\/strong> Roze en Groen<\/p>\n<p>Tr\u00e8s bon mat\u00e9riau r\u00e9fl\u00e9chissant la lumi\u00e8re qui, en tant qu&#039;application pour augmenter votre s\u00e9curit\u00e9 passive, garantit toujours que vous \u00eates bien reconnu.<\/p>\n<ul>\n<li>Gilet de sport et de loisirs pour chien avec collier<\/li>\n<li>Capuche d\u00e9tachable<\/li>\n<li>hydrofuge et r\u00e9sistant aux rayures<\/li>\n<li>Look \u00e0 la mode<\/li>\n<li>grand confort de port<\/li>\n<li>Mat\u00e9riau r\u00e9sistant<\/li>\n<li>Dos avec ouverture de ventilation<\/li>\n<li>doublure en maille confortable et moderne<\/li>\n<li>ourlet ajustable<\/li>\n<li>2 poches poitrine zipp\u00e9es pour t\u00e9l\u00e9phone portable, portefeuille, etc.<\/li>\n<li>Poche kangourou \u00e0 l&#039;arri\u00e8re (continue)<\/li>\n<li>poches avant spacieuses<\/li>\n<li>suffisamment de poches pour transporter les essentiels d&#039;entra\u00eenement n\u00e9cessaires<\/li>\n<li>Anneau pour ceinture<\/li>\n<li>fermetures \u00e0 glissi\u00e8re YKK de haute qualit\u00e9<\/li>\n<li>petit accessoire en os sur la fermeture \u00e9clair<\/li>\n<li>Marque : Speed Dogsport\u00ae<\/li>\n<li>Tailles : 4-XL disponibles<\/li>\n<li>Applications : Broderie (fil \u00e0 broder MADEIRA)<\/li>\n<\/ul>\n<h3>Tableau des tailles:<\/h3>\n<p><a href=\"https:\/\/dogpride.nl\/fr\/kleding\/trainingsvesten\/speed-dogsport-trainingsvesten\/\"><img loading=\"lazy\" decoding=\"async\" class=\"alignnone wp-image-137879 size-medium\" src=\"https:\/\/dogpride.nl\/wp-content\/uploads\/Maattabrl-300x212.jpg\" alt=\"Maattabel \" width=\"300\" height=\"212\" srcset=\"https:\/\/dogpride.nl\/wp-content\/uploads\/Maattabrl-300x212.jpg 300w, https:\/\/dogpride.nl\/wp-content\/uploads\/Maattabrl-768x543.jpg 768w, https:\/\/dogpride.nl\/wp-content\/uploads\/Maattabrl-18x12.jpg 18w, https:\/\/dogpride.nl\/wp-content\/uploads\/Maattabrl-250x177.jpg 250w, https:\/\/dogpride.nl\/wp-content\/uploads\/Maattabrl-400x283.jpg 400w, https:\/\/dogpride.nl\/wp-content\/uploads\/Maattabrl.jpg 961w\" sizes=\"auto, (max-width: 300px) 100vw, 300px\" \/><\/a><\/p>\n<p><a href=\"https:\/\/speed-dogsport.com\/de\/\" target=\"_blank\" rel=\"noopener\"><img loading=\"lazy\" decoding=\"async\" class=\"alignnone\" title=\"Speed Dogsport Gilet de sport pour chien AKIM 2023\" src=\"https:\/\/dogpride.nl\/wp-content\/uploads\/hundesport-weste-akim-2023-3-150x150.jpg\" alt=\"Speed Dogsport Hondensportvest AKIM 2023\" width=\"150\" height=\"150\" \/><\/a><\/p>\n<p><a href=\"https:\/\/speed-dogsport.com\/en\/\" target=\"_blank\" rel=\"noopener\"><img loading=\"lazy\" decoding=\"async\" class=\"alignnone wp-image-142927 size-medium\" src=\"https:\/\/dogpride.nl\/wp-content\/uploads\/Logo-13-300x102.png\" alt=\"Logo Speed dogsport \" width=\"300\" height=\"102\" srcset=\"https:\/\/dogpride.nl\/wp-content\/uploads\/Logo-13-300x102.png 300w, https:\/\/dogpride.nl\/wp-content\/uploads\/Logo-13-768x260.png 768w, https:\/\/dogpride.nl\/wp-content\/uploads\/Logo-13-18x6.png 18w, https:\/\/dogpride.nl\/wp-content\/uploads\/Logo-13-250x85.png 250w, https:\/\/dogpride.nl\/wp-content\/uploads\/Logo-13-400x135.png 400w, https:\/\/dogpride.nl\/wp-content\/uploads\/Logo-13.png 836w\" sizes=\"auto, (max-width: 300px) 100vw, 300px\" \/><\/a><\/p>","protected":false},"excerpt":{"rendered":"<p>Une finition de haute qualit\u00e9, une tr\u00e8s bonne coupe et un look et des couleurs modernes vous permettent de faire bonne figure m\u00eame au parc canin. Nous produisons \u00e9galement en grandes tailles jusqu&#039;au 4-XL.<\/p>","protected":false},"featured_media":107080,"template":"","meta":[],"product_brand":[],"product_cat":[3876],"product_tag":[6050,6049,4686],"class_list":{"0":"post-107079","1":"product","2":"type-product","3":"status-publish","4":"has-post-thumbnail","6":"product_cat-speed-dogsport-trainingsvesten","7":"product_tag-akim","8":"product_tag-hondensportvest","9":"product_tag-speed-dogsport","11":"first","12":"instock","13":"taxable","14":"shipping-taxable","15":"purchasable","16":"product-type-variable"},"mb":[],"mfb_rest_fields":["title"],"_links":{"self":[{"href":"https:\/\/dogpride.nl\/fr\/wp-json\/wp\/v2\/product\/107079","targetHints":{"allow":["GET"]}}],"collection":[{"href":"https:\/\/dogpride.nl\/fr\/wp-json\/wp\/v2\/product"}],"about":[{"href":"https:\/\/dogpride.nl\/fr\/wp-json\/wp\/v2\/types\/product"}],"wp:featuredmedia":[{"embeddable":true,"href":"https:\/\/dogpride.nl\/fr\/wp-json\/wp\/v2\/media\/107080"}],"wp:attachment":[{"href":"https:\/\/dogpride.nl\/fr\/wp-json\/wp\/v2\/media?parent=107079"}],"wp:term":[{"taxonomy":"product_brand","embeddable":true,"href":"https:\/\/dogpride.nl\/fr\/wp-json\/wp\/v2\/product_brand?post=107079"},{"taxonomy":"product_cat","embeddable":true,"href":"https:\/\/dogpride.nl\/fr\/wp-json\/wp\/v2\/product_cat?post=107079"},{"taxonomy":"product_tag","embeddable":true,"href":"https:\/\/dogpride.nl\/fr\/wp-json\/wp\/v2\/product_tag?post=107079"}],"curies":[{"name":"wp","href":"https:\/\/api.w.org\/{rel}","templated":true}]}}