{"id":106840,"date":"2023-05-03T14:53:19","date_gmt":"2023-05-03T12:53:19","guid":{"rendered":"https:\/\/www.dogpride.nl\/?post_type=product&#038;p=106840"},"modified":"2023-05-03T17:02:00","modified_gmt":"2023-05-03T15:02:00","slug":"luda-farm-trailercam-hd","status":"publish","type":"product","link":"https:\/\/dogpride.nl\/fr\/luda-farm-trailercam-hd\/","title":{"rendered":"Cam\u00e9ra de remorque LUDA FARM HD"},"content":{"rendered":"<h1>Cam\u00e9ra de remorque LUDA FARM HD<\/h1>\n<p>Cam\u00e9ra de remorque LUDA FARM HD<\/p>\n<p><span style=\"color: #000000;\">Avec cette TrailerCam HD, vous pouvez garder un \u0153il sur vos chiens dans la remorque pour chiens ou dans la zone de chargement du bus pendant la conduite.<\/span><\/p>\n<p class=\"product_title entry-title elementor-heading-title elementor-size-default\"><span style=\"color: #000000;\">TrailerCam HD est un excellent syst\u00e8me de cam\u00e9ra qui vous permet de suivre facilement votre animal pendant la conduite.<\/span><br \/>\n<span style=\"color: #000000;\">TrailerCam HD a une vision nocturne et vous donne des images haute r\u00e9solution. M\u00eame si vous conduisez apr\u00e8s la tomb\u00e9e de la nuit.<\/span><br \/>\n<span style=\"color: #000000;\">Avec la fonction grand angle sur le moniteur, vous pouvez facilement voir toute la remorque. Si n\u00e9cessaire, vous pouvez acheter une cam\u00e9ra suppl\u00e9mentaire pour regarder derri\u00e8re la remorque lors de la marche arri\u00e8re.<\/span><\/p>\n<p class=\"product_title entry-title elementor-heading-title elementor-size-default\"><span style=\"color: #000000;\">TrailerCam HD est livr\u00e9 avec un c\u00e2ble d&#039;alimentation adaptateur Cig 12 V de 4 m\u00e8tres pour le moniteur 5\u2033.<\/span><br \/>\n<span style=\"color: #000000;\">La cam\u00e9ra IP69K se connecte directement \u00e0 la source d&#039;alimentation du v\u00e9hicule (g\u00e9n\u00e9ralement la source d&#039;\u00e9clairage).<\/span><\/p>\n<h3 class=\"product_title entry-title elementor-heading-title elementor-size-default\"><span style=\"color: #000000;\">Vous pouvez utiliser deux cam\u00e9ras avec un seul moniteur.<\/span><\/h3>\n<p class=\"product_title entry-title elementor-heading-title elementor-size-default\"><span style=\"color: #000000;\">Pour d\u00e9placer l&#039;image entre les cam\u00e9ras, appuyez simplement sur le bouton de canal sur le moniteur.<\/span><\/p>\n<p class=\"product_title entry-title elementor-heading-title elementor-size-default\"><span style=\"color: #000000;\">De plus, la cam\u00e9ra est compatible avec nos PowerBanks, ce qui permet de les utiliser sans fil et de les placer o\u00f9 vous voulez.<\/span><br \/>\n<span style=\"color: #000000;\">La cam\u00e9ra peut \u00eatre facilement mont\u00e9e avec un aimant puissant. Celui-ci peut \u00eatre achet\u00e9 comme accessoire (article n\u00b0 7029).<\/span><\/p>\n<p class=\"product_title entry-title elementor-heading-title elementor-size-default\"><span style=\"color: #000000;\">En raison de son indice de protection IP69K, la cam\u00e9ra est \u00e0 la fois r\u00e9sistante aux intemp\u00e9ries et \u00e0 l&#039;eau et a une construction tr\u00e8s robuste.<\/span><br \/>\n<span style=\"color: #000000;\">L&#039;installation du syst\u00e8me ne prend que quelques minutes, car la cam\u00e9ra et le moniteur se couplent automatiquement lorsqu&#039;ils sont connect\u00e9s \u00e0 une source d&#039;alimentation.<\/span><br \/>\n<span style=\"color: #000000;\">Le syst\u00e8me a une port\u00e9e de transmission jusqu&#039;\u00e0 100 m\u00e8tres et une vision nocturne jusqu&#039;\u00e0 10 m\u00e8tres.<\/span><\/p>\n<h3 class=\"product_title entry-title elementor-heading-title elementor-size-default\"><span style=\"color: #000000;\">Inclus dans le forfait :<\/span><\/h3>\n<ul>\n<li class=\"product_title entry-title elementor-heading-title elementor-size-default\"><span style=\"color: #000000;\">1 x moniteur 1 x cam\u00e9ra<\/span><\/li>\n<li class=\"product_title entry-title elementor-heading-title elementor-size-default\"><span style=\"color: #000000;\">1 x support de moniteur<\/span><\/li>\n<li class=\"product_title entry-title elementor-heading-title elementor-size-default\"><span style=\"color: #000000;\">1 x C\u00e2ble d&#039;alimentation directe micro USB<\/span><\/li>\n<li class=\"product_title entry-title elementor-heading-title elementor-size-default\"><span style=\"color: #000000;\">1 x Adaptateur Cig micro USB<\/span><\/li>\n<li class=\"product_title entry-title elementor-heading-title elementor-size-default\"><span style=\"color: #000000;\">1 kit d&#039;installation de cam\u00e9ra<\/span><\/li>\n<\/ul>\n<p><strong>CARACT\u00c9RISTIQUES<\/strong><\/p>\n<p><img loading=\"lazy\" decoding=\"async\" class=\"alignnone size-full wp-image-106848\" src=\"https:\/\/www.dogpride.nl\/wp-content\/uploads\/Specificaties-TrailerCam.jpg\" alt=\"Specificaties\" width=\"1087\" height=\"572\" srcset=\"https:\/\/dogpride.nl\/wp-content\/uploads\/Specificaties-TrailerCam.jpg 1087w, https:\/\/dogpride.nl\/wp-content\/uploads\/Specificaties-TrailerCam-250x132.jpg 250w, https:\/\/dogpride.nl\/wp-content\/uploads\/Specificaties-TrailerCam-400x210.jpg 400w, https:\/\/dogpride.nl\/wp-content\/uploads\/Specificaties-TrailerCam-300x158.jpg 300w, https:\/\/dogpride.nl\/wp-content\/uploads\/Specificaties-TrailerCam-1024x539.jpg 1024w, https:\/\/dogpride.nl\/wp-content\/uploads\/Specificaties-TrailerCam-768x404.jpg 768w, https:\/\/dogpride.nl\/wp-content\/uploads\/Specificaties-TrailerCam-200x105.jpg 200w, https:\/\/dogpride.nl\/wp-content\/uploads\/Specificaties-TrailerCam-600x316.jpg 600w, https:\/\/dogpride.nl\/wp-content\/uploads\/Specificaties-TrailerCam-800x421.jpg 800w\" sizes=\"auto, (max-width: 1087px) 100vw, 1087px\" \/><\/p>","protected":false},"excerpt":{"rendered":"<p>Avec cette TrailerCam HD, vous pouvez garder un \u0153il sur vos chiens dans la remorque pour chiens ou dans la zone de chargement du bus pendant la conduite.<\/p>","protected":false},"featured_media":106841,"template":"","meta":[],"product_brand":[],"product_cat":[5920,2936,1292],"product_tag":[6011,6012],"class_list":{"0":"post-106840","1":"product","2":"type-product","3":"status-publish","4":"has-post-thumbnail","6":"product_cat-metbox-aanhangwagens","7":"product_cat-gla-wel-hondenaanhangers","8":"product_cat-schmidt-hondenaanhangers","9":"product_tag-luda-farm","10":"product_tag-trailercam-hd","12":"first","13":"instock","14":"taxable","15":"shipping-taxable","16":"purchasable","17":"product-type-simple"},"mb":[],"mfb_rest_fields":["title"],"_links":{"self":[{"href":"https:\/\/dogpride.nl\/fr\/wp-json\/wp\/v2\/product\/106840","targetHints":{"allow":["GET"]}}],"collection":[{"href":"https:\/\/dogpride.nl\/fr\/wp-json\/wp\/v2\/product"}],"about":[{"href":"https:\/\/dogpride.nl\/fr\/wp-json\/wp\/v2\/types\/product"}],"wp:featuredmedia":[{"embeddable":true,"href":"https:\/\/dogpride.nl\/fr\/wp-json\/wp\/v2\/media\/106841"}],"wp:attachment":[{"href":"https:\/\/dogpride.nl\/fr\/wp-json\/wp\/v2\/media?parent=106840"}],"wp:term":[{"taxonomy":"product_brand","embeddable":true,"href":"https:\/\/dogpride.nl\/fr\/wp-json\/wp\/v2\/product_brand?post=106840"},{"taxonomy":"product_cat","embeddable":true,"href":"https:\/\/dogpride.nl\/fr\/wp-json\/wp\/v2\/product_cat?post=106840"},{"taxonomy":"product_tag","embeddable":true,"href":"https:\/\/dogpride.nl\/fr\/wp-json\/wp\/v2\/product_tag?post=106840"}],"curies":[{"name":"wp","href":"https:\/\/api.w.org\/{rel}","templated":true}]}}