{"id":106255,"date":"2023-04-21T10:01:44","date_gmt":"2023-04-21T08:01:44","guid":{"rendered":"https:\/\/www.dogpride.nl\/?post_type=product&#038;p=106255"},"modified":"2025-12-03T14:26:52","modified_gmt":"2025-12-03T13:26:52","slug":"getxent-tube-in-a-bag","status":"publish","type":"product","link":"https:\/\/dogpride.nl\/fr\/getxent-tube-in-a-bag\/","title":{"rendered":"GETXENT Tube in a bag"},"content":{"rendered":"<h4 class=\"txt-title-fichier\">GETXENT Tube in a bag<\/h4>\n<p class=\"txt-title-fichier\"><span class=\"\">GETXENT Tube in a bag &#8211; trainingsmiddel voor speurhonden<\/span><\/p>\n<h4>Le tube Getxent est un dispositif d&#039;entra\u00eenement unique qui absorbe toutes les mol\u00e9cules \u00e9mises par une odeur cible.<\/h4>\n<p>Avec ce produit, les chiens peuvent \u00eatre entra\u00een\u00e9s en toute s\u00e9curit\u00e9 pour d\u00e9tecter tout ce qui a une odeur, m\u00eame dans un lieu public.<\/p>\n<h4>Getxent, une technologie unique et brevet\u00e9e pour chiens renifleurs (K9).<\/h4>\n<p>Getxent est le seul dispositif d&#039;entra\u00eenement sur le march\u00e9 qui vous permet d&#039;entra\u00eener votre chien renifleur en toute s\u00e9curit\u00e9. Le tube Getxent absorbe toutes les mol\u00e9cules \u00e9mises par le parfum cibl\u00e9.<br \/>\nAvec ce produit, le chien peut \u00eatre entra\u00een\u00e9 \u00e0 d\u00e9tecter tout ce qui a une odeur, m\u00eame dans un lieu public.<\/p>\n<p>Cette technologie brevet\u00e9e repose sur un polym\u00e8re innovant capable de capter toutes les mol\u00e9cules qui composent un parfum.<br \/>\nUne fois captur\u00e9es, les mol\u00e9cules sont fid\u00e8lement lib\u00e9r\u00e9es du tube Getxent jusqu&#039;\u00e0 6 mois.<\/p>\n<p>Les tubes Getxent sont tous identiques, inodores et pr\u00eats \u00e0 \u00eatre impr\u00e9gn\u00e9s par votre source de parfum.<br \/>\n\u00c9tant donn\u00e9 que seules les mol\u00e9cules odorantes cibles sont captur\u00e9es et lib\u00e9r\u00e9es, les tubes impr\u00e9gn\u00e9s de Getxent peuvent \u00eatre utilis\u00e9s en toute s\u00e9curit\u00e9 pour la formation dans les lieux publics. Comme dans les a\u00e9roports, les foires, etc\u2026<br \/>\nZe geven\u00a0exact dezelfde geur af als het echte materiaal \/ doellevend wezen zonder schadelijke middelen.<\/p>\n<p><span class=\"\">Les tubes Getxent sont d\u00e9j\u00e0 utilis\u00e9s dans le monde entier dans les domaines de la sant\u00e9, de l&#039;environnement et de la d\u00e9fense pour diagnostiquer des maladies. Recherche \u00e9galement des esp\u00e8ces menac\u00e9es, d\u00e9tection d&#039;explosifs et bien plus encore.<\/span><\/p>\n<ul>\n<li><strong><span class=\"VIpgJd-yAWNEb-VIpgJd-fmcmS-sn54Q\">Utilisable pour tous types de d\u00e9tections : maladie (cancer, covid\u2026), explosifs, m\u00e9dicaments, punaises de lit\u2026<\/span><\/strong><\/li>\n<\/ul>\n<h4><strong>Contenu: <\/strong><\/h4>\n<ul>\n<li>par unit\u00e9<\/li>\n<li>10 buisjes<\/li>\n<li>50 buisjes<\/li>\n<\/ul>\n<p><a href=\"https:\/\/dogpride.nl\/fr\/k9\/detectie\/detectie-geurstoffen\/getxent-trainingbuisjes\/\"><img loading=\"lazy\" decoding=\"async\" class=\"alignnone\" title=\"GETXENT Tube in a bag\" src=\"https:\/\/dogpride.nl\/wp-content\/uploads\/Getxent-Tube-in-a-bag-2-150x150.jpg\" alt=\"Getxent Tube in a bag\" width=\"150\" height=\"150\" \/><\/a><\/p>\n<p><strong class=\"x-el x-el-span c2-5s c2-45 c2-3 c2-bb c2-1u c2-49 c2-bc\">Trainingshulpmiddelen voor detectiehonden<\/strong><\/p>\n<p>De gepatenteerde technologie (WO2018206808) van de Getxent-buis biedt een veilige en effectieve manier om detectiehonden te trainen onder echte omstandigheden. Deze buizen absorberen alle geurmoleculen van een doelgeur en geven deze nauwkeurig en continu af gedurende maximaal zes maanden, wat langdurige training mogelijk maakt. Omdat de buizen geurneutraal zijn en alleen de gevangen moleculen afgeven, kunnen ze veilig op openbare plaatsen worden gebruikt zonder schadelijke stoffen. De Getxent-buis (geurdetectiekits voor honden) wordt al in verschillende vakgebieden gebruikt voor hondengeleiderstraining, waaronder gezondheid, milieu en verdediging, voor ziektediagnose, soortdetectie, explosievendetectie en meer.<\/p>\n<p><strong class=\"x-el x-el-span c2-5s c2-45 c2-3 c2-bb c2-1u c2-49 c2-bc\">Technologie<\/strong><\/p>\n<p>Een unieke gepatenteerde technologie voor het vangen en loslaten van polymeergeur.<\/p>\n<p><strong class=\"x-el x-el-span c2-5s c2-45 c2-3 c2-bb c2-1u c2-49 c2-bc\">Belangrijkste kenmerken<\/strong><\/p>\n<ul>\n<li>Effectief voor het trainen van detectiehonden onder echte omstandigheden<\/li>\n<li>Absorbeert alle geurmoleculen uit een doelgeur<\/li>\n<li>Geeft gevangen moleculen nauwkeurig en continu af tot maximaal 6 maanden<\/li>\n<li>Geurneutraal en geeft alleen gevangen moleculen vrij, waardoor het veilig is voor gebruik in het openbaar<\/li>\n<li>Kan worden gebruikt om honden te trainen om een breed scala aan doelgeuren te detecteren<\/li>\n<li>Gepatenteerde technologie gebaseerd op een innovatief polymeer<\/li>\n<\/ul>\n<p><strong class=\"x-el x-el-span c2-5s c2-45 c2-3 c2-bb c2-1u c2-49 c2-bc\">Beschrijving<\/strong><\/p>\n<p>Blanco GETXENT Tube in a bag klaar om ge\u00efmpregneerd te worden met je gewenste geur<\/p>\n<p>Buisafmetingen: 8\u00d735 mm \/ 0,3\u00d71,4 inch.<\/p>\n<p>Buisgewicht: 0,93 g \/ 0,002 lbs<\/p>\n<p>Houdbaarheid: 36 maanden<\/p>\n<p><img loading=\"lazy\" decoding=\"async\" class=\"alignnone\" title=\"GETXENT Tube in a bag\" src=\"https:\/\/dogpride.nl\/wp-content\/uploads\/Getxent-Tube-in-a-bag-3-150x150.jpg\" alt=\"Getxent Tube in a bag\" width=\"150\" height=\"150\" \/><\/p>\n<p><strong class=\"x-el x-el-span c2-5s c2-45 c2-3 c2-bb c2-1u c2-49 c2-bc\">Toepassingen<\/strong><\/p>\n<p><strong class=\"x-el x-el-span c2-5s c2-45 c2-3 c2-bb c2-1u c2-49 c2-bc\">Gezondheid<\/strong><\/p>\n<p>De GETXENT Tube in a bag is een uniek trainingshulpmiddel waarmee honden ziekten kunnen opsporen. Ons nieuwe materiaal absorbeert alle moleculen die veilig met een ziekte te maken hebben, hetzij uit vloeistof (bijv. urine) of gas (bijv. adem). Daarbovenop wordt de Getxent-buis ook gebruikt om vluchtige organische verbindingen (VOC) te analyseren met gaschromatografie \u2013 massaspectrometrie (GC-MS). Al gebruikt om <strong class=\"x-el x-el-span c2-5s c2-45 c2-3 c2-bb c2-1u c2-49 c2-bc\">COVID-19, C. difficile, kanker, infectieziekten<\/strong><strong class=\"x-el x-el-span c2-5s c2-45 c2-3 c2-bb c2-1u c2-49 c2-bc\">, enzovoort<\/strong>\u00a0op te sporen.<\/p>\n<p><strong class=\"x-el x-el-span c2-5s c2-45 c2-3 c2-bb c2-1u c2-49 c2-bc\">Milieu<\/strong><\/p>\n<p>De GETXENT Tube in a bag vertegenwoordigt een baanbrekende innovatie om honden te trainen bij het opsporen van bedreigde dieren, invasieve soorten en planten. De GETXENT Tube in a bag geeft de mogelijkheid om de geuren gedurende meerdere maanden op te slaan. Al gebruikt om <strong class=\"x-el x-el-span c2-5s c2-45 c2-3 c2-bb c2-1u c2-49 c2-bc\">bedwantsen, schildpadnest, vuil broed, virussen, enzovoort<\/strong>\u00a0te detecteren.<\/p>\n<p><strong class=\"x-el x-el-span c2-5s c2-45 c2-3 c2-bb c2-1u c2-49 c2-bc\">Verdediging<\/strong><br \/>\nIn staat om elke doelgeur te absorberen zonder schadelijke stoffen, is de Getxent-buis ideaal voor gebruik in openbare ruimtes (luchthavens, treinen, enz.). Dit voordeel maakt de Getxent-buis een uiterst effici\u00ebnt hulpmiddel voor detectiehonden. Door de impregnatietijd te verhogen, maakt de GETXENT Tube in a bag het mogelijk om grote hoeveelheden echt materiaal te reproduceren. Al gebruikt om <strong class=\"x-el x-el-span c2-5s c2-45 c2-3 c2-bb c2-1u c2-49 c2-bc\">explosieven, biologische agentia, elektronische apparaten, enzovoort<\/strong>\u00a0te detecteren.<\/p>\n<p><strong class=\"x-el x-el-span c2-5s c2-45 c2-3 c2-bb c2-1u c2-49 c2-bc\">Forensisch<\/strong><\/p>\n<p>Odorologie is de wetenschap van het gebruik van geuren en geuren als bewijs om te helpen bij strafrechtelijke onderzoeken. Geuranalyse kan ook worden ingezet om verdachten aan een plaats delict te koppelen of om de aanwezigheid van specifieke chemicali\u00ebn die bij een misdrijf horen (explosieven of drugs) vast te stellen. Brandstichtingsonderzoeken kunnen profiteren van de analyse van brandversnellers, omdat verschillende stoffen kenmerkende geuren achterlaten die kunnen helpen bij het vaststellen van de aard en oorsprong van een brand. Dankzij de hoge capaciteit om geuren op te vangen, zijn GETXENT Tube in a bag een essentieel hulpmiddel om VOS&#8217;en op een plaats delict op te vangen. Al gebruikt om <strong class=\"x-el x-el-span c2-5s c2-45 c2-3 c2-bb c2-1u c2-49 c2-bc\">brandversnellers te detecteren, enzovoort.<\/strong><\/p>\n<p>&nbsp;<\/p>\n<p><a href=\"https:\/\/getxent.com\/?srsltid=AfmBOorjM8GHC4bgRqfJB8qpvMPZMqHrytsSU-agcU1BzLet6rfYuGxg\" target=\"_blank\" rel=\"noopener\"><img loading=\"lazy\" decoding=\"async\" class=\"alignnone wp-image-147162 size-full\" title=\"GETXENT Tube in a bag\" src=\"https:\/\/dogpride.nl\/wp-content\/uploads\/Logo-10.jpg\" alt=\"GETXENT Tube in a bag\" width=\"182\" height=\"50\" srcset=\"https:\/\/dogpride.nl\/wp-content\/uploads\/Logo-10.jpg 182w, https:\/\/dogpride.nl\/wp-content\/uploads\/Logo-10-18x5.jpg 18w\" sizes=\"auto, (max-width: 182px) 100vw, 182px\" \/><\/a><\/p>","protected":false},"excerpt":{"rendered":"<p>Le tube Getxent est un dispositif d&#039;entra\u00eenement unique qui absorbe toutes les mol\u00e9cules \u00e9mises par une odeur cible. Le tube Getxent absorbe toutes les mol\u00e9cules \u00e9mises par le parfum cibl\u00e9.<\/p>","protected":false},"featured_media":106256,"template":"","meta":[],"product_brand":[],"product_cat":[4024],"product_tag":[16673,5948,5947,3275,3278,16672,4895,16664,16663,16667,16671,16668,16654,5946,16669,16665,16670,5945,16666,5949],"class_list":{"0":"post-106255","1":"product","2":"type-product","3":"status-publish","4":"has-post-thumbnail","6":"product_cat-getxent-trainingbuisjes","7":"product_tag-air-sampling-tube","8":"product_tag-bedwantsen","9":"product_tag-covid","10":"product_tag-drugs","11":"product_tag-explosieven","12":"product_tag-forensische-geurverzameling","13":"product_tag-getxent","14":"product_tag-getxent-tube-geurcollectie","15":"product_tag-getxent-tube-in-a-bag","16":"product_tag-geurabsorptie-getxent","17":"product_tag-geurdrager-in-zak","18":"product_tag-geurmonster-verzamelen","19":"product_tag-k9-scent-collection-tools","20":"product_tag-kanker","21":"product_tag-professionele-geurcollectie","22":"product_tag-remote-scent-collection-tube","23":"product_tag-scent-collection-bag","24":"product_tag-tube-in-a-bag","25":"product_tag-voc-detectie-tube","26":"product_tag-ziekte","27":"product_shipping_class-groot-pakket","29":"first","30":"instock","31":"taxable","32":"shipping-taxable","33":"purchasable","34":"product-type-variable"},"mb":[],"mfb_rest_fields":["title"],"_links":{"self":[{"href":"https:\/\/dogpride.nl\/fr\/wp-json\/wp\/v2\/product\/106255","targetHints":{"allow":["GET"]}}],"collection":[{"href":"https:\/\/dogpride.nl\/fr\/wp-json\/wp\/v2\/product"}],"about":[{"href":"https:\/\/dogpride.nl\/fr\/wp-json\/wp\/v2\/types\/product"}],"wp:featuredmedia":[{"embeddable":true,"href":"https:\/\/dogpride.nl\/fr\/wp-json\/wp\/v2\/media\/106256"}],"wp:attachment":[{"href":"https:\/\/dogpride.nl\/fr\/wp-json\/wp\/v2\/media?parent=106255"}],"wp:term":[{"taxonomy":"product_brand","embeddable":true,"href":"https:\/\/dogpride.nl\/fr\/wp-json\/wp\/v2\/product_brand?post=106255"},{"taxonomy":"product_cat","embeddable":true,"href":"https:\/\/dogpride.nl\/fr\/wp-json\/wp\/v2\/product_cat?post=106255"},{"taxonomy":"product_tag","embeddable":true,"href":"https:\/\/dogpride.nl\/fr\/wp-json\/wp\/v2\/product_tag?post=106255"}],"curies":[{"name":"wp","href":"https:\/\/api.w.org\/{rel}","templated":true}]}}