{"id":106083,"date":"2023-03-27T11:10:31","date_gmt":"2023-03-27T09:10:31","guid":{"rendered":"https:\/\/www.dogpride.nl\/?post_type=product&#038;p=106083"},"modified":"2023-03-27T11:21:27","modified_gmt":"2023-03-27T09:21:27","slug":"metbox-3-vaks-aanhanger-sport","status":"publish","type":"product","link":"https:\/\/dogpride.nl\/fr\/metbox-3-vaks-aanhanger-sport\/","title":{"rendered":"Remorque METBOX 3 compartiments Sport"},"content":{"rendered":"<h1>Remorque METBOX 3 compartiments Sport<\/h1>\n<p>Remorque METBOX 3 compartiments Sport<\/p>\n<p>Ce mod\u00e8le est une excellente option de d\u00e9part pour ceux qui commencent leur aventure sportive canine et qui souhaitent profiter des avantages de poss\u00e9der leur propre remorque.<br \/>\nC&#039;est la conception de remorque la plus rentable de l&#039;offre de Metbox, mais sans sacrifier le confort et la s\u00e9curit\u00e9 de vos chiens.<\/p>\n<h3>Options standards\u00a0:<\/h3>\n<div class=\"elementor-column elementor-col-50 elementor-top-column elementor-element elementor-element-f67123f\" data-id=\"f67123f\" data-element_type=\"column\">\n<div class=\"elementor-widget-wrap elementor-element-populated\">\n<div class=\"elementor-element elementor-element-c7ccacb elementor-align-left elementor-icon-list--layout-traditional elementor-list-item-link-full_width elementor-widget elementor-widget-icon-list\" data-id=\"c7ccacb\" data-element_type=\"widget\" data-widget_type=\"icon-list.default\">\n<div class=\"elementor-widget-container\">\n<ul class=\"elementor-icon-list-items\">\n<li class=\"elementor-icon-list-item\"><i class=\"fas fa-check\" aria-hidden=\"true\"><\/i><span class=\"elementor-icon-list-text\">essieux de la soci\u00e9t\u00e9 allemande KNOTT<\/span><\/li>\n<li class=\"elementor-icon-list-item\"><i class=\"fas fa-check\" aria-hidden=\"true\"><\/i>Jantes alu 14\u2033<\/li>\n<li class=\"elementor-icon-list-item\"><i class=\"fas fa-check\" aria-hidden=\"true\"><\/i><span class=\"elementor-icon-list-text\">Ailes en PVC<\/span><\/li>\n<li class=\"elementor-icon-list-item\"><i class=\"fas fa-check\" aria-hidden=\"true\"><\/i><span class=\"elementor-icon-list-text\">Cadre de support en acier galvanis\u00e9<\/span><\/li>\n<li class=\"elementor-icon-list-item\"><i class=\"fas fa-check\" aria-hidden=\"true\"><\/i><span class=\"elementor-icon-list-text\">Cadre anodis\u00e9 argent<\/span><\/li>\n<li class=\"elementor-icon-list-item\"><i class=\"fas fa-check\" aria-hidden=\"true\"><\/i><span class=\"elementor-icon-list-text\">Panneaux calorifuges blancs de 25 mm<\/span><\/li>\n<li class=\"elementor-icon-list-item\"><i class=\"fas fa-check\" aria-hidden=\"true\"><\/i><span class=\"elementor-icon-list-text\">Roue jockey<\/span><\/li>\n<li class=\"elementor-icon-list-item\"><i class=\"fas fa-check\" aria-hidden=\"true\"><\/i><span class=\"elementor-icon-list-text\">Deux ventilateurs 12V pilot\u00e9s par un thermostat (234 m3\/h)<\/span><\/li>\n<li class=\"elementor-icon-list-item\"><i class=\"fas fa-check\" aria-hidden=\"true\"><\/i><span class=\"elementor-icon-list-text\">Ventilateur<\/span><\/li>\n<li class=\"elementor-icon-list-item\"><i class=\"fas fa-check\" aria-hidden=\"true\"><\/i><span class=\"elementor-icon-list-text\">Entr\u00e9es d&#039;air en acier inoxydable<\/span><\/li>\n<li class=\"elementor-icon-list-item\"><i class=\"fas fa-check\" aria-hidden=\"true\"><\/i><span class=\"elementor-icon-list-text\">Porte ext\u00e9rieure avec une serrure en acier inoxydable, ferm\u00e9e \u00e0 cl\u00e9<\/span><\/li>\n<li class=\"elementor-icon-list-item\"><i class=\"fas fa-check\" aria-hidden=\"true\"><\/i><span class=\"elementor-icon-list-text\">Caisses int\u00e9rieures en aluminium avec serrure en acier inoxydable, ferm\u00e9es \u00e0 cl\u00e9<\/span><\/li>\n<li class=\"elementor-icon-list-item\"><i class=\"fas fa-check\" aria-hidden=\"true\"><\/i><span class=\"elementor-icon-list-text\">C\u00e2blage 13 broches<\/span><\/li>\n<li class=\"elementor-icon-list-item\"><i class=\"fas fa-check\" aria-hidden=\"true\"><\/i><span class=\"elementor-icon-list-text\">Eclairage LED arri\u00e8re<\/span><\/li>\n<\/ul>\n<\/div>\n<\/div>\n<\/div>\n<\/div>\n<div class=\"elementor-column elementor-col-50 elementor-top-column elementor-element elementor-element-9fe4b10\" data-id=\"9fe4b10\" data-element_type=\"column\">\n<div class=\"elementor-widget-wrap elementor-element-populated\">\n<div class=\"elementor-element elementor-element-c213094 elementor-widget elementor-widget-heading\" data-id=\"c213094\" data-element_type=\"widget\" data-widget_type=\"heading.default\">\n<div class=\"elementor-widget-container\">\n<h3 class=\"elementor-heading-title elementor-size-default\">Options suppl\u00e9mentaires\u00a0:<\/h3>\n<\/div>\n<\/div>\n<div class=\"elementor-element elementor-element-d90d1b3 elementor-align-left elementor-icon-list--layout-traditional elementor-list-item-link-full_width elementor-widget elementor-widget-icon-list\" data-id=\"d90d1b3\" data-element_type=\"widget\" data-widget_type=\"icon-list.default\">\n<div class=\"elementor-widget-container\">\n<ul class=\"elementor-icon-list-items\">\n<li class=\"elementor-icon-list-item\"><i class=\"fas fa-check\" aria-hidden=\"true\"><\/i><span class=\"elementor-icon-list-text\">\u00c9clairage int\u00e9rieur \u00e0 DEL<\/span><\/li>\n<li class=\"elementor-icon-list-item\"><i class=\"fas fa-check\" aria-hidden=\"true\"><\/i><span class=\"elementor-icon-list-text\">Jantes de serrures de porte ext\u00e9rieures \u00e0 20\u00b0<\/span><\/li>\n<li class=\"elementor-icon-list-item\"><i class=\"fas fa-check\" aria-hidden=\"true\"><\/i><span class=\"elementor-icon-list-text\">Bo\u00eete de rangement pour accessoires<\/span><\/li>\n<li class=\"elementor-icon-list-item\"><i class=\"fas fa-check\" aria-hidden=\"true\"><\/i><span class=\"elementor-icon-list-text\">jantes alliage 14\u2033<\/span><\/li>\n<li class=\"elementor-icon-list-item\"><i class=\"fas fa-check\" aria-hidden=\"true\"><\/i><span class=\"elementor-icon-list-text\">Planches de bois en caisses<\/span><\/li>\n<li class=\"elementor-icon-list-item\"><i class=\"fas fa-check\" aria-hidden=\"true\"><\/i><span class=\"elementor-icon-list-text\">Thermostat<\/span><i class=\"fas fa-check\" aria-hidden=\"true\"><\/i><\/li>\n<\/ul>\n<p>Les options peuvent varier.<\/p>\n<p>Standard disponible dans les couleurs suivantes : Noir\/Blanc, Blanc\/Noir. \u00c9galement disponible dans la couleur de votre choix.<\/p>\n<p>Cette remorque 3 compartiments est souvent disponible sur stock.<\/p>\n<p><strong>PRIX ET D\u00c9LAI DE LIVRAISON SUR DEMANDE !!<\/strong><\/p>\n<p>Coordonn\u00e9es : E-mail : info@dogpride.nl T\u00e9l : +31315655930 \/ +31638147051<\/p>\n<\/div>\n<\/div>\n<\/div>\n<\/div>","protected":false},"excerpt":{"rendered":"<p>Ce mod\u00e8le est une excellente option de d\u00e9part pour ceux qui commencent leur aventure sportive canine et qui souhaitent profiter des avantages de poss\u00e9der leur propre remorque. Il s&#039;agit de la conception de remorque la plus rentable de l&#039;offre Metbox.<\/p>","protected":false},"featured_media":106084,"template":"","meta":[],"product_brand":[],"product_cat":[5920],"product_tag":[5928,5923,5930,5927,5929,5921,3161],"class_list":{"0":"post-106083","1":"product","2":"type-product","3":"status-publish","4":"has-post-thumbnail","6":"product_cat-metbox-aanhangwagens","7":"product_tag-3-vaks","8":"product_tag-aanhanger","9":"product_tag-aanhangwagen","10":"product_tag-hondensportaanhanger","11":"product_tag-hondensportaanhangwagen","12":"product_tag-metbox","13":"product_tag-sport","15":"first","16":"instock","17":"taxable","18":"shipping-taxable","19":"product-type-simple"},"mb":[],"mfb_rest_fields":["title"],"_links":{"self":[{"href":"https:\/\/dogpride.nl\/fr\/wp-json\/wp\/v2\/product\/106083","targetHints":{"allow":["GET"]}}],"collection":[{"href":"https:\/\/dogpride.nl\/fr\/wp-json\/wp\/v2\/product"}],"about":[{"href":"https:\/\/dogpride.nl\/fr\/wp-json\/wp\/v2\/types\/product"}],"wp:featuredmedia":[{"embeddable":true,"href":"https:\/\/dogpride.nl\/fr\/wp-json\/wp\/v2\/media\/106084"}],"wp:attachment":[{"href":"https:\/\/dogpride.nl\/fr\/wp-json\/wp\/v2\/media?parent=106083"}],"wp:term":[{"taxonomy":"product_brand","embeddable":true,"href":"https:\/\/dogpride.nl\/fr\/wp-json\/wp\/v2\/product_brand?post=106083"},{"taxonomy":"product_cat","embeddable":true,"href":"https:\/\/dogpride.nl\/fr\/wp-json\/wp\/v2\/product_cat?post=106083"},{"taxonomy":"product_tag","embeddable":true,"href":"https:\/\/dogpride.nl\/fr\/wp-json\/wp\/v2\/product_tag?post=106083"}],"curies":[{"name":"wp","href":"https:\/\/api.w.org\/{rel}","templated":true}]}}