{"id":106079,"date":"2023-03-27T11:00:17","date_gmt":"2023-03-27T09:00:17","guid":{"rendered":"https:\/\/www.dogpride.nl\/?post_type=product&#038;p=106079"},"modified":"2024-11-19T16:29:48","modified_gmt":"2024-11-19T15:29:48","slug":"metbox-4-vaks-aanhanger-sport","status":"publish","type":"product","link":"https:\/\/dogpride.nl\/fr\/metbox-4-vaks-aanhanger-sport\/","title":{"rendered":"METBOX Remorque 4 compartiments Sport"},"content":{"rendered":"<h1>METBOX Remorque 4 compartiments Sport<\/h1>\n<p>METBOX Remorque 4 compartiments Sport<\/p>\n<p>Le mod\u00e8le SPORT est la solution optimale pour transporter les chiens \u00e0 l&#039;entra\u00eenement ou aux comp\u00e9titions, et pour les longs trajets. Il se comportera aussi bien en ville qu&#039;en tout-terrain.<br \/>\nDes solutions de rangement intelligentes et polyvalentes offrent une capacit\u00e9 incroyable et des options pratiques pour ranger vos accessoires et votre \u00e9quipement.<br \/>\nLa remorque Metbox SPORT a un design unique et se distingue des autres remorques pour chiens actuellement sur le march\u00e9. En choisissant Metbox, vous achetez fonctionnalit\u00e9 et confort pour vos pr\u00e9cieux chiens.<br \/>\nD\u00e9couvrez l&#039;\u00e9tendue de la personnalisation que nous offrons pour que votre remorque soit con\u00e7ue sp\u00e9cifiquement pour vous et les besoins de votre chien.<\/p>\n<h3>Options standards\u00a0:<\/h3>\n<div class=\"elementor-column elementor-col-50 elementor-top-column elementor-element elementor-element-688b66f\" data-id=\"688b66f\" data-element_type=\"column\">\n<div class=\"elementor-widget-wrap elementor-element-populated\">\n<div class=\"elementor-element elementor-element-fb33094 elementor-widget elementor-widget-heading\" data-id=\"fb33094\" data-element_type=\"widget\" data-widget_type=\"heading.default\"><\/div>\n<div class=\"elementor-element elementor-element-7d0056b elementor-icon-list--layout-traditional elementor-list-item-link-full_width elementor-widget elementor-widget-icon-list\" data-id=\"7d0056b\" data-element_type=\"widget\" data-widget_type=\"icon-list.default\">\n<div class=\"elementor-widget-container\">\n<ul class=\"elementor-icon-list-items\">\n<li class=\"elementor-icon-list-item\"><i class=\"fas fa-check\" aria-hidden=\"true\"><\/i><span class=\"elementor-icon-list-text\">essieu de la soci\u00e9t\u00e9 allemande KNOTT<\/span><\/li>\n<li class=\"elementor-icon-list-item\"><i class=\"fas fa-check\" aria-hidden=\"true\"><\/i>Jantes alu 14\u2033<\/li>\n<li class=\"elementor-icon-list-item\"><i class=\"fas fa-check\" aria-hidden=\"true\"><\/i><span class=\"elementor-icon-list-text\">Garde-boue en PVC aluminium noir<\/span><\/li>\n<li class=\"elementor-icon-list-item\"><i class=\"fas fa-check\" aria-hidden=\"true\"><\/i><span class=\"elementor-icon-list-text\">Cadre de support en acier galvanis\u00e9<\/span><\/li>\n<li class=\"elementor-icon-list-item\"><i class=\"fas fa-check\" aria-hidden=\"true\"><\/i><span class=\"elementor-icon-list-text\">Cadre anodis\u00e9 noir<\/span><\/li>\n<li class=\"elementor-icon-list-item\"><i class=\"fas fa-check\" aria-hidden=\"true\"><\/i><span class=\"elementor-icon-list-text\">Panneaux calorifuges blancs de 25 mm<\/span><\/li>\n<li class=\"elementor-icon-list-item\"><i class=\"fas fa-check\" aria-hidden=\"true\"><\/i><span class=\"elementor-icon-list-text\">Roue jockey<\/span><\/li>\n<li class=\"elementor-icon-list-item\"><i class=\"fas fa-check\" aria-hidden=\"true\"><\/i><span class=\"elementor-icon-list-text\">Deux ventilateurs 12V pilot\u00e9s par un thermostat (234 m3\/h)<\/span><\/li>\n<li class=\"elementor-icon-list-item\"><i class=\"fas fa-check\" aria-hidden=\"true\"><\/i><span class=\"elementor-icon-list-text\">Un ventilateur<\/span><\/li>\n<li class=\"elementor-icon-list-item\"><i class=\"fas fa-check\" aria-hidden=\"true\"><\/i><span class=\"elementor-icon-list-text\">Entr\u00e9es d&#039;air en acier inoxydable<\/span><\/li>\n<li class=\"elementor-icon-list-item\"><i class=\"fas fa-check\" aria-hidden=\"true\"><\/i><span class=\"elementor-icon-list-text\">Porte ext\u00e9rieure avec serrure \u00e0 cl\u00e9 en acier inoxydable<\/span><\/li>\n<li class=\"elementor-icon-list-item\"><i class=\"fas fa-check\" aria-hidden=\"true\"><\/i><span class=\"elementor-icon-list-text\">Actionneurs de porte<\/span><\/li>\n<li class=\"elementor-icon-list-item\"><i class=\"fas fa-check\" aria-hidden=\"true\"><\/i><span class=\"elementor-icon-list-text\">Caisses int\u00e9rieures en aluminium avec serrure \u00e0 cl\u00e9 en acier inoxydable<\/span><\/li>\n<li class=\"elementor-icon-list-item\"><i class=\"fas fa-check\" aria-hidden=\"true\"><\/i><span class=\"elementor-icon-list-text\">C\u00e2blage 13 broches<\/span><\/li>\n<li class=\"elementor-icon-list-item\"><i class=\"fas fa-check\" aria-hidden=\"true\"><\/i><span class=\"elementor-icon-list-text\">Eclairage LED arri\u00e8re<\/span><\/li>\n<li class=\"elementor-icon-list-item\"><i class=\"fas fa-check\" aria-hidden=\"true\"><\/i><span class=\"elementor-icon-list-text\">Feu de freinage<\/span><\/li>\n<li class=\"elementor-icon-list-item\"><i class=\"fas fa-check\" aria-hidden=\"true\"><\/i><span class=\"elementor-icon-list-text\">Bo\u00eete de rangement avant avec serrure<\/span><\/li>\n<li class=\"elementor-icon-list-item\"><i class=\"fas fa-check\" aria-hidden=\"true\"><\/i><span class=\"elementor-icon-list-text\">Toit SPORT en aluminium ouvrable, peint par poudrage en RAL<\/span><\/li>\n<li class=\"elementor-icon-list-item\"><i class=\"fas fa-check\" aria-hidden=\"true\"><\/i><span class=\"elementor-icon-list-text\">trous de drainage internes,<\/span><\/li>\n<li class=\"elementor-icon-list-item\"><i class=\"fas fa-check\" aria-hidden=\"true\"><\/i><span class=\"elementor-icon-list-text\">Poign\u00e9es<\/span><\/li>\n<\/ul>\n<\/div>\n<\/div>\n<\/div>\n<\/div>\n<div class=\"elementor-column elementor-col-50 elementor-top-column elementor-element elementor-element-a6e3566\" data-id=\"a6e3566\" data-element_type=\"column\">\n<div class=\"elementor-widget-wrap elementor-element-populated\">\n<div class=\"elementor-element elementor-element-d8735a4 elementor-widget elementor-widget-heading\" data-id=\"d8735a4\" data-element_type=\"widget\" data-widget_type=\"heading.default\">\n<div class=\"elementor-widget-container\">\n<h3 class=\"elementor-heading-title elementor-size-default\">Options suppl\u00e9mentaires\u00a0:<\/h3>\n<\/div>\n<\/div>\n<div class=\"elementor-element elementor-element-3eaeae0 elementor-icon-list--layout-traditional elementor-list-item-link-full_width elementor-widget elementor-widget-icon-list\" data-id=\"3eaeae0\" data-element_type=\"widget\" data-widget_type=\"icon-list.default\">\n<div class=\"elementor-widget-container\">\n<ul class=\"elementor-icon-list-items\">\n<li class=\"elementor-icon-list-item\"><i class=\"fas fa-check\" aria-hidden=\"true\"><\/i><span class=\"elementor-icon-list-text\">Remas de la soci\u00e9t\u00e9 allemande KNOTT<\/span><\/li>\n<li class=\"elementor-icon-list-item\"><i class=\"fas fa-check\" aria-hidden=\"true\"><\/i><span class=\"elementor-icon-list-text\">Toit bicolore (bande au milieu)<\/span><\/li>\n<li class=\"elementor-icon-list-item\"><i class=\"fas fa-check\" aria-hidden=\"true\"><\/i><span class=\"elementor-icon-list-text\">Pare-chocs en aluminium<\/span><\/li>\n<li class=\"elementor-icon-list-item\"><i class=\"fas fa-check\" aria-hidden=\"true\"><\/i><span class=\"elementor-icon-list-text\">jantes alliage 14\u2033<\/span><\/li>\n<li class=\"elementor-icon-list-item\"><i class=\"fas fa-check\" aria-hidden=\"true\"><\/i><span class=\"elementor-icon-list-text\">Planches de bois en caisses<\/span><\/li>\n<li class=\"elementor-icon-list-item\"><i class=\"fas fa-check\" aria-hidden=\"true\"><\/i><span class=\"elementor-icon-list-text\">Tapis chauffants pour caisses avec thermostat<\/span><\/li>\n<li class=\"elementor-icon-list-item\"><i class=\"fas fa-check\" aria-hidden=\"true\"><\/i><span class=\"elementor-icon-list-text\">Placage partiel ou complet<\/span><\/li>\n<li class=\"elementor-icon-list-item\"><i class=\"fas fa-check\" aria-hidden=\"true\"><\/i><span class=\"elementor-icon-list-text\">Panneaux solaires avec chargeur<\/span><\/li>\n<li class=\"elementor-icon-list-item\"><i class=\"fas fa-check\" aria-hidden=\"true\"><\/i><span class=\"elementor-icon-list-text\">Attelage en forme de V<\/span><\/li>\n<li class=\"elementor-icon-list-item\"><i class=\"fas fa-check\" aria-hidden=\"true\"><\/i><span class=\"elementor-icon-list-text\">R\u00e9servoir d&#039;eau avec pompe<\/span><\/li>\n<li class=\"elementor-icon-list-item\"><i class=\"fas fa-check\" aria-hidden=\"true\"><\/i><span class=\"elementor-icon-list-text\">Porte-v\u00e9los pour timon en V<\/span><\/li>\n<li class=\"elementor-icon-list-item\"><i class=\"fas fa-check\" aria-hidden=\"true\"><\/i><span class=\"elementor-icon-list-text\">Barres de toit<\/span><\/li>\n<li class=\"elementor-icon-list-item\"><i class=\"fas fa-check\" aria-hidden=\"true\"><\/i><span class=\"elementor-icon-list-text\">Amortisseurs<\/span><\/li>\n<li class=\"elementor-icon-list-item\"><i class=\"fas fa-check\" aria-hidden=\"true\"><\/i><span class=\"elementor-icon-list-text\">Feux de position arri\u00e8re<\/span><\/li>\n<li class=\"elementor-icon-list-item\"><i class=\"fas fa-check\" aria-hidden=\"true\"><\/i><span class=\"elementor-icon-list-text\">Seuils en t\u00f4le diamant\u00e9e<\/span><\/li>\n<li class=\"elementor-icon-list-item\"><i class=\"fas fa-check\" aria-hidden=\"true\"><\/i><span class=\"elementor-icon-list-text\">Porte-ceinture mont\u00e9 sous le toit<\/span><\/li>\n<li class=\"elementor-icon-list-item\"><i class=\"fas fa-check\" aria-hidden=\"true\"><\/i><span class=\"elementor-icon-list-text\">Syst\u00e8me de bus CAN<\/span><\/li>\n<li class=\"elementor-icon-list-item\"><i class=\"fas fa-check\" aria-hidden=\"true\"><\/i><span class=\"elementor-icon-list-text\">Roue de secours<\/span><\/li>\n<li class=\"elementor-icon-list-item\"><i class=\"fas fa-check\" aria-hidden=\"true\"><\/i><span class=\"elementor-icon-list-text\">A\/C<\/span><\/li>\n<\/ul>\n<\/div>\n<\/div>\n<\/div>\n<\/div>\n<p>Les options peuvent varier.<\/p>\n<p>Disponible en standard dans les couleurs Noir\/Blanc, Blanc\/Argent. \u00c9galement disponible dans la ou les couleurs souhait\u00e9es.<\/p>\n<p>Cette remorque 4 compartiments est souvent disponible sur stock.<\/p>\n<p><strong>PRIX ET D\u00c9LAI DE LIVRAISON SUR DEMANDE !!<\/strong><\/p>\n<p>Coordonn\u00e9es : E-mail : info@dogpride.nl T\u00e9l : +31315655930 \/ +31638147051<\/p>","protected":false},"excerpt":{"rendered":"<p>Le mod\u00e8le SPORT est la solution optimale pour transporter les chiens \u00e0 l&#039;entra\u00eenement ou aux comp\u00e9titions, et pour les longs trajets. Il se comportera aussi bien en ville qu&#039;en tout-terrain.<\/p>","protected":false},"featured_media":106080,"template":"","meta":[],"product_brand":[],"product_cat":[5920],"product_tag":[5925,5923,5927,5926,5921,3161],"class_list":{"0":"post-106079","1":"product","2":"type-product","3":"status-publish","4":"has-post-thumbnail","6":"product_cat-metbox-aanhangwagens","7":"product_tag-4-vaks","8":"product_tag-aanhanger","9":"product_tag-hondensportaanhanger","10":"product_tag-hondensportaanhanwagen","11":"product_tag-metbox","12":"product_tag-sport","14":"first","15":"instock","16":"taxable","17":"shipping-taxable","18":"product-type-simple"},"mb":[],"mfb_rest_fields":["title"],"_links":{"self":[{"href":"https:\/\/dogpride.nl\/fr\/wp-json\/wp\/v2\/product\/106079","targetHints":{"allow":["GET"]}}],"collection":[{"href":"https:\/\/dogpride.nl\/fr\/wp-json\/wp\/v2\/product"}],"about":[{"href":"https:\/\/dogpride.nl\/fr\/wp-json\/wp\/v2\/types\/product"}],"wp:featuredmedia":[{"embeddable":true,"href":"https:\/\/dogpride.nl\/fr\/wp-json\/wp\/v2\/media\/106080"}],"wp:attachment":[{"href":"https:\/\/dogpride.nl\/fr\/wp-json\/wp\/v2\/media?parent=106079"}],"wp:term":[{"taxonomy":"product_brand","embeddable":true,"href":"https:\/\/dogpride.nl\/fr\/wp-json\/wp\/v2\/product_brand?post=106079"},{"taxonomy":"product_cat","embeddable":true,"href":"https:\/\/dogpride.nl\/fr\/wp-json\/wp\/v2\/product_cat?post=106079"},{"taxonomy":"product_tag","embeddable":true,"href":"https:\/\/dogpride.nl\/fr\/wp-json\/wp\/v2\/product_tag?post=106079"}],"curies":[{"name":"wp","href":"https:\/\/api.w.org\/{rel}","templated":true}]}}