{"id":106075,"date":"2023-03-27T10:51:51","date_gmt":"2023-03-27T08:51:51","guid":{"rendered":"https:\/\/www.dogpride.nl\/?post_type=product&#038;p=106075"},"modified":"2023-03-27T11:11:03","modified_gmt":"2023-03-27T09:11:03","slug":"metbox-6-vaks-aanhanger-sport","status":"publish","type":"product","link":"https:\/\/dogpride.nl\/fr\/metbox-6-vaks-aanhanger-sport\/","title":{"rendered":"Remorque METBOX 6 compartiments Sport"},"content":{"rendered":"<h1>Remorque METBOX 6 compartiments Sport<\/h1>\n<p>Remorque METBOX 6 compartiments Sport<\/p>\n<p>Le mod\u00e8le SPORT est con\u00e7u pour les propri\u00e9taires les plus passionn\u00e9s qui passent beaucoup de temps \u00e0 s&#039;entra\u00eener et \u00e0 courir. La remorque SPORT offre la meilleure fonctionnalit\u00e9 pour garder plusieurs chiens \u00e0 l&#039;aise.<br \/>\nUne caract\u00e9ristique particuli\u00e8rement unique de cette remorque est la construction du toit, qui se divise en deux pour transporter en toute s\u00e9curit\u00e9 des tra\u00eeneaux et des v\u00e9los.<br \/>\nCette remorque Metbox est hautement personnalisable, donnant \u00e0 chaque client la possibilit\u00e9 de cr\u00e9er une remorque hautement personnalis\u00e9e qui r\u00e9pond \u00e0 tous les besoins du propri\u00e9taire et des chiens.<\/p>\n<h3><strong>Options standards\u00a0:<\/strong><\/h3>\n<ul>\n<li>Jantes alu 14\u2033<\/li>\n<li>Connexion 12V dans le timon<\/li>\n<li>2 feux de recul \u00e0 LED sur le pare-chocs arri\u00e8re<\/li>\n<li>1x r\u00e9glage du thermostat num\u00e9rique<\/li>\n<li>3\u00e8me feu stop<\/li>\n<li>2x ventilateur \u00e9lectrique<\/li>\n<li>pare-chocs arri\u00e8re<\/li>\n<li>jeter dans les cartons<\/li>\n<li>portes ext\u00e9rieures verrouillables, portes int\u00e9rieures et espace de rangement<\/li>\n<li><strong>grandes bo\u00eetes 110 x 60 x 70 cm<\/strong><\/li>\n<li>ailes d&#039;\u00e9clairage de contour, arri\u00e8re et c\u00f4t\u00e9s<\/li>\n<li>seuil au-dessus des portes<\/li>\n<li>bo\u00eete \u00e0 bouteilles pleine largeur<\/li>\n<li>propre alimentation par batterie<\/li>\n<li>ressorts \u00e0 gaz sur les portes ext\u00e9rieures<\/li>\n<li>terrasse en bois<\/li>\n<li>Eclairage LED dans les box<\/li>\n<li>Eclairage LED dans l&#039;espace de rangement<\/li>\n<li>Feux de route \u00e0 LED \u00e9galement plaque d&#039;immatriculation<\/li>\n<li>bouches d&#039;a\u00e9ration sur les c\u00f4t\u00e9s et les portes<\/li>\n<li>roue avant avec frein<\/li>\n<li>r\u00e9flecteurs lat\u00e9raux<\/li>\n<li>panneau solaire avec contr\u00f4leur de charge<\/li>\n<li>Poign\u00e9es robustes pour une manipulation facile<\/li>\n<li>compartiments dans l&#039;espace de rangement<\/li>\n<li>V \u00e9tendu - timon<\/li>\n<li>r\u00e9servoir d&#039;eau avec pompe 12v<\/li>\n<\/ul>\n<p>Les options peuvent varier.<\/p>\n<p>Cette remorque 6 compartiments est souvent disponible en stock.<\/p>\n<p><strong>PRIX ET D\u00c9LAI DE LIVRAISON SUR DEMANDE !!<\/strong><\/p>\n<p>Coordonn\u00e9es : E-mail : info@dogpride.nl T\u00e9l : +31315655930 \/ +31638147051<\/p>","protected":false},"excerpt":{"rendered":"<p>Le mod\u00e8le SPORT est con\u00e7u pour les propri\u00e9taires les plus passionn\u00e9s qui passent beaucoup de temps \u00e0 s&#039;entra\u00eener et \u00e0 courir. La remorque SPORT offre la meilleure fonctionnalit\u00e9 pour garder plusieurs chiens \u00e0 l&#039;aise.<\/p>","protected":false},"featured_media":106076,"template":"","meta":[],"product_brand":[],"product_cat":[5920],"product_tag":[5922,5923,5924,5921,3161],"class_list":{"0":"post-106075","1":"product","2":"type-product","3":"status-publish","4":"has-post-thumbnail","6":"product_cat-metbox-aanhangwagens","7":"product_tag-6-vaks","8":"product_tag-aanhanger","9":"product_tag-hondenaanhangwagen","10":"product_tag-metbox","11":"product_tag-sport","13":"first","14":"instock","15":"taxable","16":"shipping-taxable","17":"product-type-simple"},"mb":[],"mfb_rest_fields":["title"],"_links":{"self":[{"href":"https:\/\/dogpride.nl\/fr\/wp-json\/wp\/v2\/product\/106075","targetHints":{"allow":["GET"]}}],"collection":[{"href":"https:\/\/dogpride.nl\/fr\/wp-json\/wp\/v2\/product"}],"about":[{"href":"https:\/\/dogpride.nl\/fr\/wp-json\/wp\/v2\/types\/product"}],"wp:featuredmedia":[{"embeddable":true,"href":"https:\/\/dogpride.nl\/fr\/wp-json\/wp\/v2\/media\/106076"}],"wp:attachment":[{"href":"https:\/\/dogpride.nl\/fr\/wp-json\/wp\/v2\/media?parent=106075"}],"wp:term":[{"taxonomy":"product_brand","embeddable":true,"href":"https:\/\/dogpride.nl\/fr\/wp-json\/wp\/v2\/product_brand?post=106075"},{"taxonomy":"product_cat","embeddable":true,"href":"https:\/\/dogpride.nl\/fr\/wp-json\/wp\/v2\/product_cat?post=106075"},{"taxonomy":"product_tag","embeddable":true,"href":"https:\/\/dogpride.nl\/fr\/wp-json\/wp\/v2\/product_tag?post=106075"}],"curies":[{"name":"wp","href":"https:\/\/api.w.org\/{rel}","templated":true}]}}