{"id":104406,"date":"2023-03-09T10:53:39","date_gmt":"2023-03-09T09:53:39","guid":{"rendered":"https:\/\/www.dogpride.nl\/?post_type=product&#038;p=104406"},"modified":"2025-10-27T14:55:31","modified_gmt":"2025-10-27T13:55:31","slug":"pride-zachte-biothane-halsband-lux-series","status":"publish","type":"product","link":"https:\/\/dogpride.nl\/fr\/pride-zachte-biothane-halsband-lux-series\/","title":{"rendered":"Collier en biothane souple PRIDE s\u00e9rie LUX"},"content":{"rendered":"<h4>Collier en biothane souple PRIDE s\u00e9rie LUX<\/h4>\n<p>Collier en biothane souple PRIDE s\u00e9rie LUX<\/p>\n<p>Collier \u00e9tanche souple s\u00e9rie LUX avec boucle \u00e0 d\u00e9gagement rapide avec verrouillage central en mat\u00e9riau r\u00e9sistant et imperm\u00e9able.<br \/>\nEn apparence, il s&#039;harmonise avec la laisse de travail en nylon, mais sans irriter le pelage du chien.<\/p>\n<p>Collier \u00e9troit et d\u00e9licat qui garderait sous contr\u00f4le m\u00eame le chiot le plus sauvage.<\/p>\n<p>Deze PRIDE Zachte Biothane Halsband LUX series is geschikt voor kleine en middelgrote honden, ook voor puppy.<\/p>\n<ul>\n<li>Fabriqu\u00e9 \u00e0 partir de sangle de 20 mm<\/li>\n<li>Ajustable<\/li>\n<li>Imperm\u00e9able<\/li>\n<li><strong>Mat\u00e9riel: <\/strong>Sangle imperm\u00e9able<\/li>\n<li><strong>Largeur: <\/strong>20mm<\/li>\n<li><strong>Taille:<\/strong>\u00a035-50cm<\/li>\n<li><strong>Disponible dans les couleurs : <\/strong>Bleu, jaune, rose, rose pastel, olive, vert clair, orange, bleu fonc\u00e9<\/li>\n<\/ul>\n<p>Regarder <a href=\"https:\/\/dogpride.nl\/fr\/produit\/pride-zachte-biothane-lijn-lux-series\/\">ICI<\/a> pour une laisse pour chien Biothane assortie.<\/p>\n<p>&nbsp;<\/p>\n<p><a href=\"https:\/\/www.dogpride.eu\/\" target=\"_blank\" rel=\"noopener\"><img loading=\"lazy\" decoding=\"async\" class=\"alignnone wp-image-104401 size-full\" src=\"https:\/\/dogpride.nl\/wp-content\/uploads\/Logo-Pride2-7.png\" alt=\"Logo Pride\" width=\"327\" height=\"105\" srcset=\"https:\/\/dogpride.nl\/wp-content\/uploads\/Logo-Pride2-7.png 327w, https:\/\/dogpride.nl\/wp-content\/uploads\/Logo-Pride2-7-250x80.png 250w, https:\/\/dogpride.nl\/wp-content\/uploads\/Logo-Pride2-7-300x96.png 300w, https:\/\/dogpride.nl\/wp-content\/uploads\/Logo-Pride2-7-200x64.png 200w\" sizes=\"auto, (max-width: 327px) 100vw, 327px\" \/><\/a><\/p>\n<p><a href=\"https:\/\/dogpride.nl\/fr\/pride-zachte-biothane-halsband-lux-series\/\"><img loading=\"lazy\" decoding=\"async\" class=\"alignnone wp-image-136923 size-full\" title=\"Collier en biothane souple PRIDE s\u00e9rie LUX\" src=\"https:\/\/dogpride.nl\/wp-content\/uploads\/PRIDE-Zachte-Biothane-Halsband-LUX-series.jpg\" alt=\"PRIDE Zachte Biothane Halsband LUX series\" width=\"266\" height=\"200\" srcset=\"https:\/\/dogpride.nl\/wp-content\/uploads\/PRIDE-Zachte-Biothane-Halsband-LUX-series.jpg 266w, https:\/\/dogpride.nl\/wp-content\/uploads\/PRIDE-Zachte-Biothane-Halsband-LUX-series-16x12.jpg 16w, https:\/\/dogpride.nl\/wp-content\/uploads\/PRIDE-Zachte-Biothane-Halsband-LUX-series-250x188.jpg 250w\" sizes=\"auto, (max-width: 266px) 100vw, 266px\" \/><\/a><\/p>\n<p>&nbsp;<\/p>","protected":false},"excerpt":{"rendered":"<p>Collier \u00e9tanche souple s\u00e9rie LUX avec boucle \u00e0 d\u00e9gagement rapide avec verrouillage central en mat\u00e9riau r\u00e9sistant et imperm\u00e9able. En apparence, il s&#039;harmonise avec la laisse de travail en nylon, mais sans irriter le pelage du chien.<\/p>","protected":false},"featured_media":104407,"template":"","meta":[],"product_brand":[],"product_cat":[90],"product_tag":[5110,8486,8254,5238,6349,3332,5620,10823,4865,10759,10780,10824,4866,10825,3157,7444,3389,5618],"class_list":{"0":"post-104406","1":"product","2":"type-product","3":"status-publish","4":"has-post-thumbnail","6":"product_cat-pride-hondenhalsbanden","7":"product_tag-biothane","8":"product_tag-comfortabel","9":"product_tag-duurzaam","10":"product_tag-halsband","11":"product_tag-hondenhalsband","12":"product_tag-hondensport","13":"product_tag-lux-series","14":"product_tag-luxe-accessoire","15":"product_tag-pride","16":"product_tag-pride-collectie","17":"product_tag-pride-halsband","18":"product_tag-robuust","19":"product_tag-sterke-halsband","20":"product_tag-stijlvol","21":"product_tag-training","22":"product_tag-verstelbaar","23":"product_tag-werkhond","24":"product_tag-zachte","26":"first","27":"instock","28":"taxable","29":"shipping-taxable","30":"purchasable","31":"product-type-variable"},"mb":[],"mfb_rest_fields":["title"],"_links":{"self":[{"href":"https:\/\/dogpride.nl\/fr\/wp-json\/wp\/v2\/product\/104406","targetHints":{"allow":["GET"]}}],"collection":[{"href":"https:\/\/dogpride.nl\/fr\/wp-json\/wp\/v2\/product"}],"about":[{"href":"https:\/\/dogpride.nl\/fr\/wp-json\/wp\/v2\/types\/product"}],"wp:featuredmedia":[{"embeddable":true,"href":"https:\/\/dogpride.nl\/fr\/wp-json\/wp\/v2\/media\/104407"}],"wp:attachment":[{"href":"https:\/\/dogpride.nl\/fr\/wp-json\/wp\/v2\/media?parent=104406"}],"wp:term":[{"taxonomy":"product_brand","embeddable":true,"href":"https:\/\/dogpride.nl\/fr\/wp-json\/wp\/v2\/product_brand?post=104406"},{"taxonomy":"product_cat","embeddable":true,"href":"https:\/\/dogpride.nl\/fr\/wp-json\/wp\/v2\/product_cat?post=104406"},{"taxonomy":"product_tag","embeddable":true,"href":"https:\/\/dogpride.nl\/fr\/wp-json\/wp\/v2\/product_tag?post=104406"}],"curies":[{"name":"wp","href":"https:\/\/api.w.org\/{rel}","templated":true}]}}