{"id":103409,"date":"2023-02-28T15:16:00","date_gmt":"2023-02-28T14:16:00","guid":{"rendered":"https:\/\/www.dogpride.nl\/?post_type=product&#038;p=103409"},"modified":"2026-02-19T12:47:24","modified_gmt":"2026-02-19T11:47:24","slug":"arrak-trek-anorak-men","status":"publish","type":"product","link":"https:\/\/dogpride.nl\/fr\/arrak-trek-anorak-men\/","title":{"rendered":"ARRAK Trek Anorak Homme"},"content":{"rendered":"<h4>ARRAK Trek Anorak Homme<\/h4>\n<p>ARRAK Trek Anorak Homme<\/p>\n<p>Un anorak l\u00e9ger et flexible, fonctionnel jusque dans les moindres d\u00e9tails.<\/p>\n<p>Mati\u00e8re en mati\u00e8re polyester\/coton impr\u00e9gn\u00e9e. Le tissu est d\u00e9perlant, mais peut \u00eatre avantageusement impr\u00e9gn\u00e9 pour le rendre plus r\u00e9sistant \u00e0 la pluie. Fermetures \u00e9clair sur le c\u00f4t\u00e9 pour faciliter l&#039;habillage et le d\u00e9shabillage.<br \/>\nUne vari\u00e9t\u00e9 de poches pratiques. Une grande poche arri\u00e8re zipp\u00e9e, une grande poche ventrale zipp\u00e9e. Poches inf\u00e9rieures zipp\u00e9es pour les mains. Il y a aussi des poches zipp\u00e9es sur les manches. Une grande capuche r\u00e9glable surdimensionn\u00e9e. Fermeture \u00e9clair \u00e0 double sens sur le devant. Des velcros r\u00e9glables se terminent dans les manches et une sangle d&#039;entrejambe qui maintient l&#039;anorak en place lorsqu&#039;il y a du vent ou lorsque vous \u00eates dans un paysage enneig\u00e9.<\/p>\n<p><strong>Disponible dans les couleurs :<\/strong> Orange, vert et marron<\/p>\n<p><strong>Tailles\u00a0:<\/strong> S \u00e0 3XL<\/p>\n<h3>Les particularit\u00e9s:<\/h3>\n<ul>\n<li>Tissu en polyester\/coton<\/li>\n<li>impr\u00e9gn\u00e9<\/li>\n<li>Une grande poche arri\u00e8re zipp\u00e9e<\/li>\n<li>Une grande poche ventrale zipp\u00e9e<\/li>\n<li>2 poches mains zipp\u00e9es sur le bas<\/li>\n<li>Fermeture \u00e9clair \u00e0 double sens sur le devant<\/li>\n<li>Grande capuche ajustable<\/li>\n<li>Fermetures \u00e9clair dans les coutures lat\u00e9rales<\/li>\n<li>Poignets ajustables<\/li>\n<li>Sangle d&#039;entrejambe<\/li>\n<\/ul>\n<h3>Tableau des tailles:<\/h3>\n<p><img loading=\"lazy\" decoding=\"async\" class=\"alignnone size-full wp-image-103411\" src=\"https:\/\/www.dogpride.nl\/wp-content\/uploads\/Maattabel-Arrak-Heren-tops-3.jpg\" alt=\"Maattabel\" width=\"634\" height=\"682\" srcset=\"https:\/\/dogpride.nl\/wp-content\/uploads\/Maattabel-Arrak-Heren-tops-3.jpg 634w, https:\/\/dogpride.nl\/wp-content\/uploads\/Maattabel-Arrak-Heren-tops-3-250x269.jpg 250w, https:\/\/dogpride.nl\/wp-content\/uploads\/Maattabel-Arrak-Heren-tops-3-400x430.jpg 400w, https:\/\/dogpride.nl\/wp-content\/uploads\/Maattabel-Arrak-Heren-tops-3-279x300.jpg 279w, https:\/\/dogpride.nl\/wp-content\/uploads\/Maattabel-Arrak-Heren-tops-3-200x215.jpg 200w, https:\/\/dogpride.nl\/wp-content\/uploads\/Maattabel-Arrak-Heren-tops-3-600x645.jpg 600w\" sizes=\"auto, (max-width: 634px) 100vw, 634px\" \/><\/p>\n<p><a href=\"https:\/\/arrakoutdoor.com\/\" target=\"_blank\" rel=\"noopener\"><img loading=\"lazy\" decoding=\"async\" class=\"alignnone wp-image-139301 size-medium\" src=\"https:\/\/dogpride.nl\/wp-content\/uploads\/Arrak-300x118.jpeg\" alt=\"Logo\" width=\"300\" height=\"118\" srcset=\"https:\/\/dogpride.nl\/wp-content\/uploads\/Arrak-300x118.jpeg 300w, https:\/\/dogpride.nl\/wp-content\/uploads\/Arrak-768x303.jpeg 768w, https:\/\/dogpride.nl\/wp-content\/uploads\/Arrak-18x7.jpeg 18w, https:\/\/dogpride.nl\/wp-content\/uploads\/Arrak-250x99.jpeg 250w, https:\/\/dogpride.nl\/wp-content\/uploads\/Arrak-400x158.jpeg 400w, https:\/\/dogpride.nl\/wp-content\/uploads\/Arrak.jpeg 916w\" sizes=\"auto, (max-width: 300px) 100vw, 300px\" \/><\/a><\/p>\n<p><a href=\"https:\/\/dogpride.nl\/fr\/kleding\/jassen\/arrak-outdoor-jassen\/\"><img loading=\"lazy\" decoding=\"async\" class=\"alignnone\" title=\"ARRAK Trek Anorak Men Bruin\" src=\"https:\/\/dogpride.nl\/wp-content\/uploads\/21049_brown.11_fron01-150x150.jpg\" alt=\"ARRAK Trek Anorak Men Bruin\" width=\"150\" height=\"150\" \/><\/a><\/p>","protected":false},"excerpt":{"rendered":"<p>Une vari\u00e9t\u00e9 de poches pratiques. Une grande poche arri\u00e8re zipp\u00e9e, une grande poche ventrale zipp\u00e9e. Poches inf\u00e9rieures zipp\u00e9es pour les mains. Il y a aussi des poches zipp\u00e9es sur les manches. Une grande capuche r\u00e9glable surdimensionn\u00e9e.<\/p>","protected":false},"featured_media":103410,"template":"","meta":[],"product_brand":[],"product_cat":[24457],"product_tag":[5402,3335,3171,3336,4714],"class_list":{"0":"post-103409","1":"product","2":"type-product","3":"status-publish","4":"has-post-thumbnail","6":"product_cat-arrak-outdoor-heren-jassen","7":"product_tag-anorak","8":"product_tag-arrak","9":"product_tag-men","10":"product_tag-outdoor","11":"product_tag-trek","13":"first","14":"instock","15":"taxable","16":"shipping-taxable","17":"purchasable","18":"product-type-variable"},"mb":[],"mfb_rest_fields":["title"],"_links":{"self":[{"href":"https:\/\/dogpride.nl\/fr\/wp-json\/wp\/v2\/product\/103409","targetHints":{"allow":["GET"]}}],"collection":[{"href":"https:\/\/dogpride.nl\/fr\/wp-json\/wp\/v2\/product"}],"about":[{"href":"https:\/\/dogpride.nl\/fr\/wp-json\/wp\/v2\/types\/product"}],"wp:featuredmedia":[{"embeddable":true,"href":"https:\/\/dogpride.nl\/fr\/wp-json\/wp\/v2\/media\/103410"}],"wp:attachment":[{"href":"https:\/\/dogpride.nl\/fr\/wp-json\/wp\/v2\/media?parent=103409"}],"wp:term":[{"taxonomy":"product_brand","embeddable":true,"href":"https:\/\/dogpride.nl\/fr\/wp-json\/wp\/v2\/product_brand?post=103409"},{"taxonomy":"product_cat","embeddable":true,"href":"https:\/\/dogpride.nl\/fr\/wp-json\/wp\/v2\/product_cat?post=103409"},{"taxonomy":"product_tag","embeddable":true,"href":"https:\/\/dogpride.nl\/fr\/wp-json\/wp\/v2\/product_tag?post=103409"}],"curies":[{"name":"wp","href":"https:\/\/api.w.org\/{rel}","templated":true}]}}