{"id":103115,"date":"2023-02-23T15:04:46","date_gmt":"2023-02-23T14:04:46","guid":{"rendered":"https:\/\/www.dogpride.nl\/?post_type=product&#038;p=103115"},"modified":"2023-02-23T15:04:47","modified_gmt":"2023-02-23T14:04:47","slug":"tourniquet-cat-gen-7","status":"publish","type":"product","link":"https:\/\/dogpride.nl\/fr\/tourniquet-cat-gen-7\/","title":{"rendered":"Garrot CAT GEN 7"},"content":{"rendered":"<h1>Garrot CAT GEN 7<\/h1>\n<p>Garrot CAT GEN 7<\/p>\n<p><span><span class=\"\">Le tourniquet CAT\u00ae (Combat Application Tourniquet) est l&#039;un des tourniquets les plus rapides et les plus pratiques sur le march\u00e9 aujourd&#039;hui.<\/span><\/span><\/p>\n<p><span>Il est utilis\u00e9 par les forces arm\u00e9es am\u00e9ricaines et fran\u00e7aises lors d&#039;op\u00e9rations.<\/span><\/p>\n<ul>\n<li><span>Largeur 6,10 cm<\/span><\/li>\n<li><span>Profondeur 3,81 cm<\/span><\/li>\n<li><span>Longueur 16,51 cm<\/span><\/li>\n<li><span>Poids 0,0765 kg<\/span><\/li>\n<\/ul>\n<p><span>Utilisation d&#039;une seule main, il suffit de :<\/span><\/p>\n<ul>\n<li><span>\u00a0Placez-le autour du membre bless\u00e9<\/span><\/li>\n<li><span>\u00a0Ajuster la sangle<\/span><\/li>\n<li><span>\u00a0Tournez la baguette &quot;guindeau&quot; jusqu&#039;\u00e0 ce que le saignement s&#039;arr\u00eate<\/span><\/li>\n<li><span>\u00a0Bloquer la tige dans le clip<\/span><\/li>\n<\/ul>\n<p><span>Le garrot s&#039;applique en quelques secondes, d&#039;une seule main, sans risque de mauvaise utilisation.\u00a0<\/span><\/p>\n<p><span><span class=\"goog-text-highlight\">Utiliser sur une personne ou un chien.<\/span><\/span><\/p>","protected":false},"excerpt":{"rendered":"<p><span class=\"\">Le tourniquet CAT\u00ae (Combat Application Tourniquet) est l&#039;un des tourniquets les plus rapides et les plus pratiques sur le march\u00e9 aujourd&#039;hui.\u00a0<\/span>Il est utilis\u00e9 par les forces arm\u00e9es am\u00e9ricaines et fran\u00e7aises lors d&#039;op\u00e9rations.<\/p>","protected":false},"featured_media":103116,"template":"","meta":[],"product_brand":[],"product_cat":[2910],"product_tag":[5347,5348,5346],"class_list":{"0":"post-103115","1":"product","2":"type-product","3":"status-publish","4":"has-post-thumbnail","6":"product_cat-ehbo-bij-honden","7":"product_tag-cat-gen-7","8":"product_tag-north-american-rescue","9":"product_tag-tourniquet","11":"first","12":"instock","13":"taxable","14":"shipping-taxable","15":"purchasable","16":"product-type-simple"},"mb":[],"mfb_rest_fields":["title"],"_links":{"self":[{"href":"https:\/\/dogpride.nl\/fr\/wp-json\/wp\/v2\/product\/103115","targetHints":{"allow":["GET"]}}],"collection":[{"href":"https:\/\/dogpride.nl\/fr\/wp-json\/wp\/v2\/product"}],"about":[{"href":"https:\/\/dogpride.nl\/fr\/wp-json\/wp\/v2\/types\/product"}],"wp:featuredmedia":[{"embeddable":true,"href":"https:\/\/dogpride.nl\/fr\/wp-json\/wp\/v2\/media\/103116"}],"wp:attachment":[{"href":"https:\/\/dogpride.nl\/fr\/wp-json\/wp\/v2\/media?parent=103115"}],"wp:term":[{"taxonomy":"product_brand","embeddable":true,"href":"https:\/\/dogpride.nl\/fr\/wp-json\/wp\/v2\/product_brand?post=103115"},{"taxonomy":"product_cat","embeddable":true,"href":"https:\/\/dogpride.nl\/fr\/wp-json\/wp\/v2\/product_cat?post=103115"},{"taxonomy":"product_tag","embeddable":true,"href":"https:\/\/dogpride.nl\/fr\/wp-json\/wp\/v2\/product_tag?post=103115"}],"curies":[{"name":"wp","href":"https:\/\/api.w.org\/{rel}","templated":true}]}}