{"id":103031,"date":"2023-02-21T17:08:09","date_gmt":"2023-02-21T16:08:09","guid":{"rendered":"https:\/\/www.dogpride.nl\/?post_type=product&#038;p=103031"},"modified":"2026-03-18T13:49:40","modified_gmt":"2026-03-18T12:49:40","slug":"carinthia-trg-regenbroek","status":"publish","type":"product","link":"https:\/\/dogpride.nl\/fr\/carinthia-trg-regenbroek\/","title":{"rendered":"CARINTHIA TRG Pantalon de pluie"},"content":{"rendered":"<h4>CARINTHIA TRG Pantalon de pluie<\/h4>\n<p>CARINTHIA TRG Pantalon de pluie<\/p>\n<p>Protection contre l&#039;humidit\u00e9 haut de gamme. Coupe-vent et imperm\u00e9able avec respirabilit\u00e9 en m\u00eame temps.<\/p>\n<p>V\u00caTEMENTS DE PLUIE TACTIQUE<\/p>\n<p>Protection contre l&#039;humidit\u00e9 haut de gamme. Le pantalon offre une vari\u00e9t\u00e9 d&#039;options d&#039;ajustement individuelles. Imperm\u00e9able et coupe-vent, mais en m\u00eame temps, le mat\u00e9riau ext\u00e9rieur GORE-TEX\u00ae robuste est \u00e9galement respirant. L&#039;humidit\u00e9 corporelle est \u00e9vacu\u00e9e \u00e0 travers la membrane ext\u00e9rieure sp\u00e9ciale et perm\u00e9able \u00e0 l&#039;air et assure un climat corporel agr\u00e9able.<\/p>\n<p><a href=\"https:\/\/dogpride.nl\/fr\/\"><img loading=\"lazy\" decoding=\"async\" class=\"alignnone\" title=\"CARINTHIA TRG Pantalon de pluie\" src=\"https:\/\/dogpride.nl\/wp-content\/uploads\/714535_trg_trouesrs_multicam_01-150x150.jpg\" alt=\"CARINTHIA TRG Regenbroek\" width=\"150\" height=\"150\" \/><\/a><\/p>\n<div class=\"slide_container\">\n<h3 class=\"slidecontent_headline active\">Les fonctions<\/h3>\n<div class=\"slidecontent_content_container\">\n<ul>\n<li>Ceinture \u00e9lastique avec cordon int\u00e9rieur et fermeture \u00e0 bouton<\/li>\n<li>Fermetures \u00e9clair ext\u00e9rieures hydrofuges<\/li>\n<li>Zip lat\u00e9ral \u00e0 double sens jusqu&#039;au bord inf\u00e9rieur de la ceinture avec coupe-vent<\/li>\n<li>2 grandes poches lat\u00e9rales plaqu\u00e9es<\/li>\n<li>Genoux pr\u00e9form\u00e9s<\/li>\n<li>Int\u00e9rieur de la jambe renforc\u00e9<\/li>\n<li>Ourlet ajustable par fermeture velcro<\/li>\n<li>Bretelles r\u00e9glables disponibles en option<\/li>\n<li>Lavable \u00e0 60 degr\u00e9s<\/li>\n<li>Sac de rangement inclus<\/li>\n<\/ul>\n<p><a href=\"https:\/\/www.carinthia.eu\/\" target=\"_blank\" rel=\"noopener\"><img loading=\"lazy\" decoding=\"async\" class=\"alignnone\" src=\"https:\/\/dogpride.nl\/wp-content\/uploads\/714535_trg_trouesrs_multicam_01-150x150.jpg\" alt=\"CARINTHIA TRG Regenbroek\" width=\"150\" height=\"150\" \/><\/a><\/p>\n<\/div>\n<\/div>\n<div class=\"slide_container\">\n<h3 class=\"slidecontent_headline active\">Mat\u00e9riel et sp\u00e9cifications<\/h3>\n<div class=\"slidecontent_content_container\"><strong>Tissu ext\u00e9rieur<\/strong>: polyamide 100%, imperm\u00e9able, coupe-vent,\u00a0<strong>respirant<\/strong><br \/>\n<strong>Membrane<\/strong>: Bi-composant \u00e0 base de ePTFE<br \/>\nTailles : S-XXL<br \/>\n<strong>Poids (g):<\/strong>\u00a0520 (Olive), 500 (Multicam\u00e9ra)<br \/>\n<strong>Colorer:<\/strong> Olive, Multicam<\/div>\n<\/div>\n<h3>Tableau des tailles:<\/h3>\n<div><img loading=\"lazy\" decoding=\"async\" class=\"alignnone size-full wp-image-102949\" src=\"https:\/\/www.dogpride.nl\/wp-content\/uploads\/Maattabel-Jassen-2.jpg\" alt=\"Maattabel\" width=\"751\" height=\"711\" srcset=\"https:\/\/dogpride.nl\/wp-content\/uploads\/Maattabel-Jassen-2.jpg 751w, https:\/\/dogpride.nl\/wp-content\/uploads\/Maattabel-Jassen-2-250x237.jpg 250w, https:\/\/dogpride.nl\/wp-content\/uploads\/Maattabel-Jassen-2-400x379.jpg 400w, https:\/\/dogpride.nl\/wp-content\/uploads\/Maattabel-Jassen-2-300x284.jpg 300w, https:\/\/dogpride.nl\/wp-content\/uploads\/Maattabel-Jassen-2-200x189.jpg 200w, https:\/\/dogpride.nl\/wp-content\/uploads\/Maattabel-Jassen-2-600x568.jpg 600w\" sizes=\"auto, (max-width: 751px) 100vw, 751px\" \/><\/div>\n<div><\/div>\n<div><img loading=\"lazy\" decoding=\"async\" class=\"alignnone size-full wp-image-102950\" src=\"https:\/\/www.dogpride.nl\/wp-content\/uploads\/CARINTHIA_LOGO-2.png\" alt=\"Carinthia\" width=\"260\" height=\"43\" srcset=\"https:\/\/dogpride.nl\/wp-content\/uploads\/CARINTHIA_LOGO-2.png 260w, https:\/\/dogpride.nl\/wp-content\/uploads\/CARINTHIA_LOGO-2-250x41.png 250w, https:\/\/dogpride.nl\/wp-content\/uploads\/CARINTHIA_LOGO-2-200x33.png 200w\" sizes=\"auto, (max-width: 260px) 100vw, 260px\" \/><\/div>\n<div><\/div>","protected":false},"excerpt":{"rendered":"<p>Protection contre l&#039;humidit\u00e9 haut de gamme. Le pantalon offre une vari\u00e9t\u00e9 d&#039;options d&#039;ajustement individuelles. Imperm\u00e9able et coupe-vent, mais en m\u00eame temps, le mat\u00e9riau ext\u00e9rieur GORE-TEX\u00ae robuste est \u00e9galement respirant.<\/p>","protected":false},"featured_media":103032,"template":"","meta":[],"product_brand":[],"product_cat":[5333],"product_tag":[5274,4070,5334],"class_list":{"0":"post-103031","1":"product","2":"type-product","3":"status-publish","4":"has-post-thumbnail","6":"product_cat-carinthia-regenkleding","7":"product_tag-carinthia","8":"product_tag-regenbroek","9":"product_tag-trg","11":"first","12":"instock","13":"taxable","14":"shipping-taxable","15":"purchasable","16":"product-type-variable"},"mb":[],"mfb_rest_fields":["title"],"_links":{"self":[{"href":"https:\/\/dogpride.nl\/fr\/wp-json\/wp\/v2\/product\/103031","targetHints":{"allow":["GET"]}}],"collection":[{"href":"https:\/\/dogpride.nl\/fr\/wp-json\/wp\/v2\/product"}],"about":[{"href":"https:\/\/dogpride.nl\/fr\/wp-json\/wp\/v2\/types\/product"}],"wp:featuredmedia":[{"embeddable":true,"href":"https:\/\/dogpride.nl\/fr\/wp-json\/wp\/v2\/media\/103032"}],"wp:attachment":[{"href":"https:\/\/dogpride.nl\/fr\/wp-json\/wp\/v2\/media?parent=103031"}],"wp:term":[{"taxonomy":"product_brand","embeddable":true,"href":"https:\/\/dogpride.nl\/fr\/wp-json\/wp\/v2\/product_brand?post=103031"},{"taxonomy":"product_cat","embeddable":true,"href":"https:\/\/dogpride.nl\/fr\/wp-json\/wp\/v2\/product_cat?post=103031"},{"taxonomy":"product_tag","embeddable":true,"href":"https:\/\/dogpride.nl\/fr\/wp-json\/wp\/v2\/product_tag?post=103031"}],"curies":[{"name":"wp","href":"https:\/\/api.w.org\/{rel}","templated":true}]}}