{"id":101955,"date":"2023-02-10T15:01:36","date_gmt":"2023-02-10T14:01:36","guid":{"rendered":"https:\/\/www.dogpride.nl\/?post_type=product&#038;p=101955"},"modified":"2026-03-16T15:37:45","modified_gmt":"2026-03-16T14:37:45","slug":"hondenmand-stoer-extra-zwarte-steigerbuis-steigerhout","status":"publish","type":"product","link":"https:\/\/dogpride.nl\/fr\/hondenmand-stoer-extra-zwarte-steigerbuis-steigerhout\/","title":{"rendered":"Panier pour chien Stoer Extra tube d&#039;\u00e9chafaudage noir bois d&#039;\u00e9chafaudage"},"content":{"rendered":"<h4>Panier pour chien Stoer Extra tube d&#039;\u00e9chafaudage noir bois d&#039;\u00e9chafaudage<\/h4>\n<p>Panier pour chien Stoer Extra tube d&#039;\u00e9chafaudage noir bois d&#039;\u00e9chafaudage<\/p>\n<p>Lit pour chien en tube d&#039;\u00e9chafaudage noir avec bois d&#039;\u00e9chafaudage, pour votre chien ou votre chat !<br \/>\nAvec un bord suppl\u00e9mentaire tout autour pour que vous obteniez un canap\u00e9-lit et que l&#039;oreiller reste mieux en place.<\/p>\n<p><a href=\"https:\/\/dogpride.nl\/fr\/\"><img loading=\"lazy\" decoding=\"async\" class=\"alignnone\" title=\"Panier pour chien Stoer Extra tube d&#039;\u00e9chafaudage noir bois d&#039;\u00e9chafaudage\" src=\"https:\/\/dogpride.nl\/wp-content\/uploads\/houtart_hondenmand_steigerbuis_bed_zwart_01shop-scaled.jpg\" alt=\"Hondenmand Stoer! Extra zwarte steigerbuis steigerhout\" width=\"321\" height=\"241\" \/><\/a><\/p>\n<p><strong>Panier pour chien \/ lit pour chien en tube d&#039;\u00e9chafaudage avec bois d&#039;\u00e9chafaudage<br \/>\n<\/strong>Disponible en bois d&#039;\u00e9chafaudage neuf ou d&#039;occasion (r\u00e9sultat plus robuste).<br \/>\nVotre animal de compagnie appr\u00e9ciera s\u00fbrement une bonne nuit de sommeil ici!<\/p>\n<ul>\n<li>Pour une protection suppl\u00e9mentaire et un r\u00e9sultat plus lisse, choisissez une teinture et un rev\u00eatement.<\/li>\n<li>Ce panier est agr\u00e9able \u00e0 combiner avec nos ensembles de nourriture\/boisson.<\/li>\n<li>Possibilit\u00e9 \u00e9galement de commander un coussin assorti, diff\u00e9rents tissus et coloris possibles.<\/li>\n<\/ul>\n<p><strong>Dimensions:<br \/>\n<\/strong>Standard disponible en diff\u00e9rentes tailles, pour petits et grands chiens.<br \/>\nLa taille est la taille ext\u00e9rieure. La taille int\u00e9rieure est d&#039;environ 8 cm plus petite.<br \/>\nDe plus, ce panier convient \u00e9galement aux chats.<\/p>\n<p>&nbsp;<\/p>\n<p><a href=\"https:\/\/nl.wikipedia.org\/wiki\/Hond_(dier)\" target=\"_blank\" rel=\"noopener\"><img loading=\"lazy\" decoding=\"async\" class=\"alignnone\" title=\"Panier pour chien Stoer Extra tube d&#039;\u00e9chafaudage noir bois d&#039;\u00e9chafaudage\" src=\"https:\/\/dogpride.nl\/wp-content\/uploads\/houtart_hondenmand_steigerbuis_bed_zwart_01shop-scaled.jpg\" alt=\"Hondenmand Stoer! Extra zwarte steigerbuis steigerhout\" width=\"321\" height=\"241\" \/><\/a><\/p>\n<p><strong>WORDT GELEVERD ZONDER KUSSEN. DEZE IS OPTIONEEL!<\/strong><\/p>\n<ul>\n<li><strong>ASTUCE:<\/strong>\u00a0Si votre taille n&#039;est pas incluse, ce panier peut \u00e9galement \u00eatre command\u00e9 comme vous le souhaitez si n\u00e9cessaire.<\/li>\n<\/ul>","protected":false},"excerpt":{"rendered":"<p>Lit pour chien en tube d&#039;\u00e9chafaudage noir avec bois d&#039;\u00e9chafaudage, pour votre chien ou votre chat ! Avec un bord suppl\u00e9mentaire tout autour pour que vous obteniez un canap\u00e9-lit et que l&#039;oreiller reste mieux en place.<\/p>","protected":false},"featured_media":101956,"template":"","meta":[],"product_brand":[],"product_cat":[5244],"product_tag":[5253,3348,5246,4614,5245,5256],"class_list":{"0":"post-101955","1":"product","2":"type-product","3":"status-publish","4":"has-post-thumbnail","6":"product_cat-hout-art-hondenmanden","7":"product_tag-extra","8":"product_tag-hondenmand","9":"product_tag-steigerbuis","10":"product_tag-steigerhout","11":"product_tag-stoer","12":"product_tag-zwarte","13":"product_shipping_class-bijzondere-verzending","15":"first","16":"instock","17":"taxable","18":"shipping-taxable","19":"purchasable","20":"product-type-simple"},"mb":[],"mfb_rest_fields":["title"],"_links":{"self":[{"href":"https:\/\/dogpride.nl\/fr\/wp-json\/wp\/v2\/product\/101955","targetHints":{"allow":["GET"]}}],"collection":[{"href":"https:\/\/dogpride.nl\/fr\/wp-json\/wp\/v2\/product"}],"about":[{"href":"https:\/\/dogpride.nl\/fr\/wp-json\/wp\/v2\/types\/product"}],"wp:featuredmedia":[{"embeddable":true,"href":"https:\/\/dogpride.nl\/fr\/wp-json\/wp\/v2\/media\/101956"}],"wp:attachment":[{"href":"https:\/\/dogpride.nl\/fr\/wp-json\/wp\/v2\/media?parent=101955"}],"wp:term":[{"taxonomy":"product_brand","embeddable":true,"href":"https:\/\/dogpride.nl\/fr\/wp-json\/wp\/v2\/product_brand?post=101955"},{"taxonomy":"product_cat","embeddable":true,"href":"https:\/\/dogpride.nl\/fr\/wp-json\/wp\/v2\/product_cat?post=101955"},{"taxonomy":"product_tag","embeddable":true,"href":"https:\/\/dogpride.nl\/fr\/wp-json\/wp\/v2\/product_tag?post=101955"}],"curies":[{"name":"wp","href":"https:\/\/api.w.org\/{rel}","templated":true}]}}