{"id":101952,"date":"2023-02-10T14:17:10","date_gmt":"2023-02-10T13:17:10","guid":{"rendered":"https:\/\/www.dogpride.nl\/?post_type=product&#038;p=101952"},"modified":"2026-03-16T15:38:25","modified_gmt":"2026-03-16T14:38:25","slug":"hondenmand-stoer-plus-steigerbuis","status":"publish","type":"product","link":"https:\/\/dogpride.nl\/fr\/hondenmand-stoer-plus-steigerbuis\/","title":{"rendered":"Panier pour chien Cool! Plus tube d&#039;\u00e9chafaudage"},"content":{"rendered":"<h4>Panier pour chien Cool! Plus tube d&#039;\u00e9chafaudage<\/h4>\n<p>Panier pour chien Cool! Plus tube d&#039;\u00e9chafaudage<\/p>\n<p>Lit pour chien en tube d&#039;\u00e9chafaudage, pour le chien coriace !<br \/>\nAvec dossier haut.<\/p>\n<p><a href=\"https:\/\/dogpride.nl\/fr\/\"><img loading=\"lazy\" decoding=\"async\" class=\"alignnone\" title=\"Panier pour chien Cool! Plus tube d&#039;\u00e9chafaudage\" src=\"https:\/\/dogpride.nl\/wp-content\/uploads\/houtart_hondenmand_steigerbuis_rand_plus_01shop-scaled.jpg\" alt=\"Hondenmand Stoer! Plus steigerbuis\" width=\"209\" height=\"157\" \/><\/a><\/p>\n<p><strong>Panier pour chien \/ lit pour chien avec dossier haut en tube d&#039;\u00e9chafaudage, look industriel gr\u00e2ce au tube galvanis\u00e9 !<\/strong><br \/>\nQualit\u00e9 robuste, tient fermement sur ses pieds.<\/p>\n<p><strong>Dimensions:<br \/>\n<\/strong>Standard disponible en diff\u00e9rentes tailles, pour petits et grands chiens.<br \/>\nLa taille est la taille ext\u00e9rieure. La taille int\u00e9rieure est d&#039;environ 8 cm plus petite. La hauteur est de 20 cm.<br \/>\nDe plus, ce panier convient \u00e9galement aux chats.<\/p>\n<p>&nbsp;<\/p>\n<p><a href=\"https:\/\/nl.wikipedia.org\/wiki\/Hond_(dier)\" target=\"_blank\" rel=\"noopener\"><img loading=\"lazy\" decoding=\"async\" class=\"alignnone\" src=\"https:\/\/dogpride.nl\/wp-content\/uploads\/houtart_hondenmand_steigerbuis_rand_plus_01shop-scaled.jpg\" alt=\"Hondenmand Stoer! Plus steigerbuis\" width=\"209\" height=\"157\" \/><\/a><\/p>\n<ul>\n<li><strong>ASTUCE:<\/strong>\u00a0Si votre taille n&#039;est pas incluse, ce panier peut \u00e9galement \u00eatre command\u00e9 comme vous le souhaitez si n\u00e9cessaire.<\/li>\n<\/ul>","protected":false},"excerpt":{"rendered":"<p>Panier pour chien \/ lit pour chien avec dossier haut en tube d&#039;\u00e9chafaudage, look industriel gr\u00e2ce au tube galvanis\u00e9 ! Qualit\u00e9 robuste, tient fermement sur ses pieds.<\/p>","protected":false},"featured_media":101953,"template":"","meta":[],"product_brand":[],"product_cat":[5244],"product_tag":[3348,3409,5246,5245],"class_list":{"0":"post-101952","1":"product","2":"type-product","3":"status-publish","4":"has-post-thumbnail","6":"product_cat-hout-art-hondenmanden","7":"product_tag-hondenmand","8":"product_tag-plus","9":"product_tag-steigerbuis","10":"product_tag-stoer","11":"product_shipping_class-bijzondere-verzending","13":"first","14":"instock","15":"taxable","16":"shipping-taxable","17":"purchasable","18":"product-type-simple"},"mb":[],"mfb_rest_fields":["title"],"_links":{"self":[{"href":"https:\/\/dogpride.nl\/fr\/wp-json\/wp\/v2\/product\/101952","targetHints":{"allow":["GET"]}}],"collection":[{"href":"https:\/\/dogpride.nl\/fr\/wp-json\/wp\/v2\/product"}],"about":[{"href":"https:\/\/dogpride.nl\/fr\/wp-json\/wp\/v2\/types\/product"}],"wp:featuredmedia":[{"embeddable":true,"href":"https:\/\/dogpride.nl\/fr\/wp-json\/wp\/v2\/media\/101953"}],"wp:attachment":[{"href":"https:\/\/dogpride.nl\/fr\/wp-json\/wp\/v2\/media?parent=101952"}],"wp:term":[{"taxonomy":"product_brand","embeddable":true,"href":"https:\/\/dogpride.nl\/fr\/wp-json\/wp\/v2\/product_brand?post=101952"},{"taxonomy":"product_cat","embeddable":true,"href":"https:\/\/dogpride.nl\/fr\/wp-json\/wp\/v2\/product_cat?post=101952"},{"taxonomy":"product_tag","embeddable":true,"href":"https:\/\/dogpride.nl\/fr\/wp-json\/wp\/v2\/product_tag?post=101952"}],"curies":[{"name":"wp","href":"https:\/\/api.w.org\/{rel}","templated":true}]}}