{"id":101946,"date":"2023-02-10T13:27:11","date_gmt":"2023-02-10T12:27:11","guid":{"rendered":"https:\/\/www.dogpride.nl\/?post_type=product&#038;p=101946"},"modified":"2026-03-16T15:40:56","modified_gmt":"2026-03-16T14:40:56","slug":"hondenmand-rollo-steigerhout-2","status":"publish","type":"product","link":"https:\/\/dogpride.nl\/fr\/hondenmand-rollo-steigerhout-2\/","title":{"rendered":"Lit pour chien Rollo \u00e9chafaudage bois"},"content":{"rendered":"<h4>Lit pour chien Rollo \u00e9chafaudage bois<\/h4>\n<p>Lit pour chien Rollo \u00e9chafaudage bois<\/p>\n<p>Lit pour chien robuste et \u00e9l\u00e9gant sur roulettes.<\/p>\n<p><a href=\"https:\/\/dogpride.nl\/fr\/\"><img loading=\"lazy\" decoding=\"async\" class=\"alignnone\" title=\"Lit pour chien Rollo \u00e9chafaudage bois\" src=\"https:\/\/dogpride.nl\/wp-content\/uploads\/houtart_hondenmand_rollo_03shop.jpg\" alt=\"Hondenmand Rollo steigerhout\" width=\"238\" height=\"162\" \/><\/a><\/p>\n<p><strong>Quelle est la beaut\u00e9 de ce lit pour chien ROLLO \u00e0 roulettes ?<br \/>\n<\/strong>\u00c9quip\u00e9 de quatre roulettes robustes, dont deux ont une option de blocage contre le roulement et la rotation.<br \/>\nLes roues ont des roulements \u00e0 billes et un \u00e9lastique qui prot\u00e8ge le sol et ne se d\u00e9tache pas si le panier se d\u00e9place accidentellement.<br \/>\nCertains chiens peuvent encore \u00eatre enthousiastes\u2026<\/p>\n<p><a href=\"https:\/\/nl.wikipedia.org\/wiki\/Hond_(dier)\" target=\"_blank\" rel=\"noopener\"><img loading=\"lazy\" decoding=\"async\" class=\"alignnone\" title=\"Lit pour chien Rollo \u00e9chafaudage bois\" src=\"https:\/\/dogpride.nl\/wp-content\/uploads\/houtart_hondenmand_rollo_03shop.jpg\" alt=\"Hondenmand Rollo steigerhout\" width=\"238\" height=\"162\" \/><\/a><\/p>\n<p><strong>Dimensions:<br \/>\n<\/strong>Standard disponible en diff\u00e9rentes tailles, pour petits et grands chiens.<br \/>\nLa taille est la taille ext\u00e9rieure. La taille int\u00e9rieure est d&#039;environ 6 cm plus petite.<br \/>\nLa hauteur de toutes les tailles est de 28 cm, y compris les roues.<\/p>\n<ul>\n<li><strong>ASTUCE:<\/strong>\u00a0Il est pr\u00e9f\u00e9rable de traiter le panier avec une tache, cela vous donne la meilleure protection et la plus douce. Le panier est \u00e9galement plus facile \u00e0 nettoyer.<\/li>\n<\/ul>","protected":false},"excerpt":{"rendered":"<p>\u00c9quip\u00e9 de quatre roulettes robustes, dont deux ont une option de blocage contre le roulement et la rotation. Les roues ont des roulements \u00e0 billes et un \u00e9lastique qui prot\u00e8ge le sol et ne se d\u00e9tache pas si le panier se d\u00e9place accidentellement.<\/p>","protected":false},"featured_media":101947,"template":"","meta":[],"product_brand":[],"product_cat":[5244],"product_tag":[3348,4618,4614],"class_list":{"0":"post-101946","1":"product","2":"type-product","3":"status-publish","4":"has-post-thumbnail","6":"product_cat-hout-art-hondenmanden","7":"product_tag-hondenmand","8":"product_tag-rollo","9":"product_tag-steigerhout","10":"product_shipping_class-bijzondere-verzending","12":"first","13":"instock","14":"taxable","15":"shipping-taxable","16":"purchasable","17":"product-type-simple"},"mb":[],"mfb_rest_fields":["title"],"_links":{"self":[{"href":"https:\/\/dogpride.nl\/fr\/wp-json\/wp\/v2\/product\/101946","targetHints":{"allow":["GET"]}}],"collection":[{"href":"https:\/\/dogpride.nl\/fr\/wp-json\/wp\/v2\/product"}],"about":[{"href":"https:\/\/dogpride.nl\/fr\/wp-json\/wp\/v2\/types\/product"}],"wp:featuredmedia":[{"embeddable":true,"href":"https:\/\/dogpride.nl\/fr\/wp-json\/wp\/v2\/media\/101947"}],"wp:attachment":[{"href":"https:\/\/dogpride.nl\/fr\/wp-json\/wp\/v2\/media?parent=101946"}],"wp:term":[{"taxonomy":"product_brand","embeddable":true,"href":"https:\/\/dogpride.nl\/fr\/wp-json\/wp\/v2\/product_brand?post=101946"},{"taxonomy":"product_cat","embeddable":true,"href":"https:\/\/dogpride.nl\/fr\/wp-json\/wp\/v2\/product_cat?post=101946"},{"taxonomy":"product_tag","embeddable":true,"href":"https:\/\/dogpride.nl\/fr\/wp-json\/wp\/v2\/product_tag?post=101946"}],"curies":[{"name":"wp","href":"https:\/\/api.w.org\/{rel}","templated":true}]}}