{"id":101943,"date":"2023-02-10T13:16:06","date_gmt":"2023-02-10T12:16:06","guid":{"rendered":"https:\/\/www.dogpride.nl\/?post_type=product&#038;p=101943"},"modified":"2026-03-16T15:40:59","modified_gmt":"2026-03-16T14:40:59","slug":"hondenmand-luxe-xl-steigerhout","status":"publish","type":"product","link":"https:\/\/dogpride.nl\/fr\/hondenmand-luxe-xl-steigerhout\/","title":{"rendered":"Lit pour chien Luxury XL \u00e9chafaudage bois"},"content":{"rendered":"<h4>Lit pour chien Luxury XL \u00e9chafaudage bois<\/h4>\n<p>Lit pour chien Luxury XL \u00e9chafaudage bois<\/p>\n<p><strong>Lit pour chien moderne en bois XL Luxe<br \/>\n<\/strong>Fabriqu\u00e9 en bois d&#039;\u00e9chafaudage neuf, \u00e9galement disponible en bois d&#039;\u00e9chafaudage usag\u00e9 moyennant un suppl\u00e9ment.<\/p>\n<p><a href=\"https:\/\/dogpride.nl\/fr\/\"><img loading=\"lazy\" decoding=\"async\" class=\"alignnone\" title=\"Lit pour chien Luxury XL \u00e9chafaudage bois\" src=\"https:\/\/dogpride.nl\/wp-content\/uploads\/houtart_hondenmand_luxe_01shop7-scaled.jpg\" alt=\"Hondenmand Luxe XL steigerhout\" width=\"219\" height=\"165\" \/><\/a><\/p>\n<p>Ce joli lit pour chien a la forme classique d&#039;un lit pour chien, mais dans une version plus luxueuse avec un mur arri\u00e8re haut.<br \/>\nGr\u00e2ce \u00e0 la version en bois de l&#039;\u00e9chafaudage, il s&#039;int\u00e8gre parfaitement dans presque tous les int\u00e9rieurs. De plus, ce panier convient \u00e9galement aux chats.<\/p>\n<p><strong>Dimensions:<br \/>\n<\/strong>Standard disponible en diff\u00e9rentes tailles, pour petits et grands chiens.<br \/>\nLa taille est la taille ext\u00e9rieure. La taille int\u00e9rieure est d&#039;environ 10 cm plus petite.<br \/>\nLa hauteur du bord est de 28 cm dans toutes les tailles.<\/p>\n<p><a href=\"https:\/\/nl.wikipedia.org\/wiki\/Hond_(dier)\" target=\"_blank\" rel=\"noopener\"><img loading=\"lazy\" decoding=\"async\" class=\"alignnone\" src=\"https:\/\/dogpride.nl\/wp-content\/uploads\/houtart_hondenmand_luxe_01shop7-scaled.jpg\" alt=\"\" width=\"219\" height=\"165\" \/><\/a><\/p>\n<ul>\n<li><strong>ASTUCE:<\/strong>\u00a0Il est pr\u00e9f\u00e9rable de traiter le panier avec une tache, cela vous donne la meilleure protection et facilite le nettoyage du panier.<\/li>\n<\/ul>","protected":false},"excerpt":{"rendered":"<p>Ce joli lit pour chien a la forme classique d&#039;un lit pour chien, mais dans une version plus luxueuse avec un mur arri\u00e8re haut. Gr\u00e2ce \u00e0 la version en bois de l&#039;\u00e9chafaudage, il s&#039;int\u00e8gre parfaitement dans presque tous les int\u00e9rieurs. De plus, ce panier convient \u00e9galement aux chats.<\/p>","protected":false},"featured_media":101944,"template":"","meta":[],"product_brand":[],"product_cat":[5244],"product_tag":[3348,5247,4614,4619],"class_list":{"0":"post-101943","1":"product","2":"type-product","3":"status-publish","4":"has-post-thumbnail","6":"product_cat-hout-art-hondenmanden","7":"product_tag-hondenmand","8":"product_tag-luxe","9":"product_tag-steigerhout","10":"product_tag-xl","11":"product_shipping_class-bijzondere-verzending","13":"first","14":"instock","15":"taxable","16":"shipping-taxable","17":"purchasable","18":"product-type-simple"},"mb":[],"mfb_rest_fields":["title"],"_links":{"self":[{"href":"https:\/\/dogpride.nl\/fr\/wp-json\/wp\/v2\/product\/101943","targetHints":{"allow":["GET"]}}],"collection":[{"href":"https:\/\/dogpride.nl\/fr\/wp-json\/wp\/v2\/product"}],"about":[{"href":"https:\/\/dogpride.nl\/fr\/wp-json\/wp\/v2\/types\/product"}],"wp:featuredmedia":[{"embeddable":true,"href":"https:\/\/dogpride.nl\/fr\/wp-json\/wp\/v2\/media\/101944"}],"wp:attachment":[{"href":"https:\/\/dogpride.nl\/fr\/wp-json\/wp\/v2\/media?parent=101943"}],"wp:term":[{"taxonomy":"product_brand","embeddable":true,"href":"https:\/\/dogpride.nl\/fr\/wp-json\/wp\/v2\/product_brand?post=101943"},{"taxonomy":"product_cat","embeddable":true,"href":"https:\/\/dogpride.nl\/fr\/wp-json\/wp\/v2\/product_cat?post=101943"},{"taxonomy":"product_tag","embeddable":true,"href":"https:\/\/dogpride.nl\/fr\/wp-json\/wp\/v2\/product_tag?post=101943"}],"curies":[{"name":"wp","href":"https:\/\/api.w.org\/{rel}","templated":true}]}}