{"id":101859,"date":"2023-02-10T12:47:01","date_gmt":"2023-02-10T11:47:01","guid":{"rendered":"https:\/\/www.dogpride.nl\/?post_type=product&#038;p=101859"},"modified":"2026-03-16T15:40:43","modified_gmt":"2026-03-16T14:40:43","slug":"hondenkussen-strak-in-diverse-kleuren","status":"publish","type":"product","link":"https:\/\/dogpride.nl\/fr\/hondenkussen-strak-in-diverse-kleuren\/","title":{"rendered":"Coussin pour chien serr\u00e9 en diff\u00e9rentes couleurs"},"content":{"rendered":"<h4>Coussin pour chien serr\u00e9 en diff\u00e9rentes couleurs<\/h4>\n<p>Coussin pour chien serr\u00e9 en diff\u00e9rentes couleurs<\/p>\n<p><a href=\"https:\/\/dogpride.nl\/fr\/\"><img loading=\"lazy\" decoding=\"async\" class=\"alignnone\" title=\"Coussin pour chien serr\u00e9 en diff\u00e9rentes couleurs\" src=\"https:\/\/dogpride.nl\/wp-content\/uploads\/houtart_hondenmand_staal_indus_xl_03shop3-scaled.jpg\" alt=\"Hondenkussen strak in diverse kleuren\" width=\"206\" height=\"155\" \/><\/a><\/p>\n<p><strong>Coussins pour chiens<\/strong><\/p>\n<p>Choisissez votre propre couleur et taille. Des coussins pour chiens beaux et soign\u00e9s qui s&#039;int\u00e8grent dans nos paniers pour chiens.<br \/>\nLe coussin a une fermeture \u00e9clair sur le c\u00f4t\u00e9 long, ce qui vous permet de retirer et de laver facilement la housse.<\/p>\n<p><strong>Caract\u00e9ristiques:<\/strong><\/p>\n<ul>\n<li>Diff\u00e9rentes tailles et couleurs<\/li>\n<li>Design \u00e9pur\u00e9 aux angles droits pour le panier moderne !<\/li>\n<li>\u00c9paisseur standard de 8 cm, mais pour plus de confort et d&#039;apparence \u00e9galement disponible en \u00e9paisseur de 10 cm !<\/li>\n<li>Pour l&#039;int\u00e9rieur et l&#039;ext\u00e9rieur<\/li>\n<li>R\u00e9sistant aux intemp\u00e9ries<\/li>\n<li>R\u00e9sistant \u00e0 l&#039;usure, aux couleurs inalt\u00e9rables et anti-salissures<\/li>\n<\/ul>\n<p><a href=\"https:\/\/nl.wikipedia.org\/wiki\/Hond_(dier)\" target=\"_blank\" rel=\"noopener\"><img loading=\"lazy\" decoding=\"async\" class=\"alignnone\" src=\"https:\/\/dogpride.nl\/wp-content\/uploads\/houtart_hondenmand_staal_indus_xl_03shop3-scaled.jpg\" alt=\"Hondenkussen strak in diverse kleuren\" width=\"206\" height=\"155\" \/><\/a><\/p>\n<p><strong>Type de tissu\u00a0:<\/strong><\/p>\n<ul>\n<li>Uni est un tissu lisse.<\/li>\n<li>SE est un tissu m\u00e9lang\u00e9 avec une structure fine.<\/li>\n<\/ul>","protected":false},"excerpt":{"rendered":"<p>Choisissez votre propre couleur et taille. Des coussins pour chiens beaux et soign\u00e9s qui s&#039;int\u00e8grent dans nos paniers pour chiens. Le coussin a une fermeture \u00e9clair sur le c\u00f4t\u00e9 long, de sorte que vous pouvez facilement retirer et laver la housse.<\/p>","protected":false},"featured_media":101860,"template":"","meta":[],"product_brand":[],"product_cat":[5244],"product_tag":[25787,25786,8199],"class_list":{"0":"post-101859","1":"product","2":"type-product","3":"status-publish","4":"has-post-thumbnail","6":"product_cat-hout-art-hondenmanden","7":"product_tag-diverse","8":"product_tag-hondekussen","9":"product_tag-kleuren","10":"product_shipping_class-groot-pakket","12":"first","13":"instock","14":"taxable","15":"shipping-taxable","16":"purchasable","17":"product-type-variable"},"mb":[],"mfb_rest_fields":["title"],"_links":{"self":[{"href":"https:\/\/dogpride.nl\/fr\/wp-json\/wp\/v2\/product\/101859","targetHints":{"allow":["GET"]}}],"collection":[{"href":"https:\/\/dogpride.nl\/fr\/wp-json\/wp\/v2\/product"}],"about":[{"href":"https:\/\/dogpride.nl\/fr\/wp-json\/wp\/v2\/types\/product"}],"wp:featuredmedia":[{"embeddable":true,"href":"https:\/\/dogpride.nl\/fr\/wp-json\/wp\/v2\/media\/101860"}],"wp:attachment":[{"href":"https:\/\/dogpride.nl\/fr\/wp-json\/wp\/v2\/media?parent=101859"}],"wp:term":[{"taxonomy":"product_brand","embeddable":true,"href":"https:\/\/dogpride.nl\/fr\/wp-json\/wp\/v2\/product_brand?post=101859"},{"taxonomy":"product_cat","embeddable":true,"href":"https:\/\/dogpride.nl\/fr\/wp-json\/wp\/v2\/product_cat?post=101859"},{"taxonomy":"product_tag","embeddable":true,"href":"https:\/\/dogpride.nl\/fr\/wp-json\/wp\/v2\/product_tag?post=101859"}],"curies":[{"name":"wp","href":"https:\/\/api.w.org\/{rel}","templated":true}]}}