{"id":101359,"date":"2023-01-16T16:57:08","date_gmt":"2023-01-16T15:57:08","guid":{"rendered":"https:\/\/www.dogpride.nl\/?post_type=product&#038;p=101359"},"modified":"2026-02-12T11:16:27","modified_gmt":"2026-02-12T10:16:27","slug":"schmidt-premium-kennel-voor-de-achterbank","status":"publish","type":"product","link":"https:\/\/dogpride.nl\/fr\/schmidt-premium-kennel-voor-de-achterbank\/","title":{"rendered":"Niche SCHMIDT Premium pour la banquette arri\u00e8re"},"content":{"rendered":"<h4 data-start=\"222\" data-end=\"319\">SCHMIDT Premium kennel voor de achterbank \u2013 veilige en comfortabele hondentransportoplossing<\/h4>\n<p data-start=\"321\" data-end=\"763\">Le <strong data-start=\"324\" data-end=\"369\">Niche SCHMIDT Premium pour la banquette arri\u00e8re<\/strong> is een hoogwaardige, Duitse kwaliteit hondenkennel speciaal ontworpen voor het veilig en comfortabel vervoeren van je hond op de achterbank van een auto. Of je nu een korte rit maakt of een lange reis plant, deze premium kennel biedt jouw hond een beschermde en rustige plek om te reizen, zonder dat je je zorgen hoeft te maken over veiligheid of hygi\u00ebne.<\/p>\n<p data-start=\"765\" data-end=\"1072\">Met zijn robuuste constructie, unieke bevestigingssysteem en stijlvolle uitstraling is de <strong data-start=\"855\" data-end=\"900\">Niche SCHMIDT Premium pour la banquette arri\u00e8re<\/strong> ideaal voor hondenbezitters die hun viervoeter veilig en verantwoord willen vervoeren \u2014 met comfort voor mens \u00e9n dier als prioriteit.<\/p>\n<hr data-start=\"1074\" data-end=\"1077\" \/>\n<h4 data-start=\"1079\" data-end=\"1133\">Ontworpen voor veilige hondentransport in de auto<\/h4>\n<p data-start=\"1135\" data-end=\"1543\">Le <strong data-start=\"1138\" data-end=\"1183\">Niche SCHMIDT Premium pour la banquette arri\u00e8re<\/strong> is speciaal ontwikkeld om eenvoudig en stevig te worden ge\u00efnstalleerd op de achterbank van personenauto\u2019s en limousines. Het kennel-systeem wordt ge\u00efntegreerd in het bestaande gordelsysteem van het voertuig, waardoor de kennel bij plots remmen stevig blijft zitten en zowel hond als inzittenden maximaal worden beschermd.<\/p>\n<p data-start=\"1545\" data-end=\"1853\">Het unieke, crashgeteste bevestigingssysteem zorgt ervoor dat je niet hoeft te improviseren met losse riemen of andere onveilige constructies. Dit maakt de <strong data-start=\"1701\" data-end=\"1746\">Niche SCHMIDT Premium pour la banquette arri\u00e8re<\/strong> ideaal voor dagelijkse ritten, langere reizen en alles daartussenin.<\/p>\n<p><a href=\"https:\/\/dogpride.nl\/fr\/benches-en-acc\/schmidt-boxen\/\"><img loading=\"lazy\" decoding=\"async\" class=\"alignnone\" title=\"Niche SCHMIDT Premium pour la banquette arri\u00e8re\" src=\"https:\/\/dogpride.nl\/wp-content\/uploads\/1produkt84-150x150.jpg\" alt=\"SCHMIDT Premium kennel voor de achterbank\" width=\"150\" height=\"150\" \/><\/a><\/p>\n<h4 data-start=\"1860\" data-end=\"1906\">Premium kwaliteit en robuuste constructie<\/h4>\n<p data-start=\"1908\" data-end=\"2343\">Bij de productie van de <strong data-start=\"1932\" data-end=\"1977\">Niche SCHMIDT Premium pour la banquette arri\u00e8re<\/strong> wordt gebruikgemaakt van hoogwaardige materialen die zowel licht als duurzaam zijn. Hierdoor blijft de kennel stevig staan, maar is hij toch eenvoudig te plaatsen en te verplaatsen. Het crashbestendige bovenste gedeelte met transparant zichtmateriaal geeft je hond een veilige vrijheid om naar buiten te kijken zonder risico\u2019s.<\/p>\n<p data-start=\"2345\" data-end=\"2572\">De stevige aluminium en metalen constructie biedt jarenlang betrouwbaar gebruik, zelfs bij intensief gebruik of zware ritten. Dit maakt de kennel niet alleen een investering in veiligheid, maar ook in duurzaamheid en kwaliteit.<\/p>\n<hr data-start=\"2574\" data-end=\"2577\" \/>\n<h4 data-start=\"2579\" data-end=\"2615\">Comfort voor hond \u00e9n bestuurder<\/h4>\n<p data-start=\"2617\" data-end=\"3096\">Le <strong data-start=\"2620\" data-end=\"2665\">Niche SCHMIDT Premium pour la banquette arri\u00e8re<\/strong> zorgt ervoor dat je hond comfortabel en zonder stress kan reizen. De kennel is ontworpen met ventilatie en zichtlijnen voor de hond in gedachten, waardoor hij niet opgesloten voelt tijdens het rijden. Tegelijkertijd blijft de binnenruimte van de auto schoon en beschermd tegen vuil, natte vachten en vuile pootjes \u2014 een groot voordeel ten opzichte van simpele dekens of losse transportmanden.<\/p>\n<p data-start=\"3098\" data-end=\"3262\">Dankzij de stevige wanden en het stabiele design kan je hond rustig liggen of zitten, zonder dat hij last heeft van bewegingen van de auto of van andere passagiers.<\/p>\n<hr data-start=\"3264\" data-end=\"3267\" \/>\n<h4 data-start=\"3269\" data-end=\"3308\">Hygi\u00ebnisch en makkelijk in gebruik<\/h4>\n<p data-start=\"3310\" data-end=\"3625\">Het gebruik van de <strong data-start=\"3329\" data-end=\"3374\">Niche SCHMIDT Premium pour la banquette arri\u00e8re<\/strong> draagt bij aan een schone auto. Dankzij het kennellogeren blijft de bekleding vrij van haren, vocht en modder. Dit is vooral praktisch voor honden met een langere vacht of na een wandeling in de regen of het bos.<\/p>\n<p data-start=\"3627\" data-end=\"3843\">De kennel kan ook dienen als tijdelijke binnenhuisbench wanneer je op reis bent of bij vrienden of familie op bezoek gaat. Zo heeft je hond altijd een vertrouwde plek om in te rusten, zowel in de auto als daarbuiten.<\/p>\n<hr data-start=\"3845\" data-end=\"3848\" \/>\n<h4 data-start=\"3850\" data-end=\"3903\">Eenvoudige installatie en veelzijdige toepassing<\/h4>\n<p data-start=\"3905\" data-end=\"4199\">Le <strong data-start=\"3908\" data-end=\"3953\">Niche SCHMIDT Premium pour la banquette arri\u00e8re<\/strong> kan met weinig moeite worden ge\u00efnstalleerd dankzij het crashgeteste bevestigingssysteem. Het systeem maakt gebruik van de bestaande veiligheidsgordels van je auto en kan in een paar stappen worden ingebouwd.<\/p>\n<p data-start=\"4201\" data-end=\"4426\">De kennel kan zowel <strong data-start=\"4221\" data-end=\"4259\">achter de bestuurdersstoel (links)<\/strong> si <strong data-start=\"4264\" data-end=\"4302\">achter de bijrijdersstoel (rechts)<\/strong> worden geplaatst, zodat je zelf kunt bepalen waar jouw hond het meest comfortabel is.<\/p>\n<hr data-start=\"4428\" data-end=\"4431\" \/>\n<h4 data-start=\"4433\" data-end=\"4463\">Vier maten voor elke hond<\/h4>\n<p data-start=\"4465\" data-end=\"4671\">Le <strong data-start=\"4468\" data-end=\"4513\">Niche SCHMIDT Premium pour la banquette arri\u00e8re<\/strong> is verkrijgbaar in vier verschillende maten, zodat je een passende kennel kunt kiezen, ongeacht de grootte van je hond:<\/p>\n<ul data-start=\"4673\" data-end=\"4812\">\n<li data-start=\"4673\" data-end=\"4707\">\n<p data-start=\"4675\" data-end=\"4707\"><strong data-start=\"4675\" data-end=\"4689\">Formule\u00a01\u00a0:<\/strong> 37x55x45cm<\/p>\n<\/li>\n<li data-start=\"4708\" data-end=\"4742\">\n<p data-start=\"4710\" data-end=\"4742\"><strong data-start=\"4710\" data-end=\"4724\">Formule\u00a02\u00a0:<\/strong> 43x65x52cm<\/p>\n<\/li>\n<li data-start=\"4743\" data-end=\"4777\">\n<p data-start=\"4745\" data-end=\"4777\"><strong data-start=\"4745\" data-end=\"4759\">Formule\u00a03\u00a0:<\/strong> 43x75x59cm<\/p>\n<\/li>\n<li data-start=\"4778\" data-end=\"4812\">\n<p data-start=\"4780\" data-end=\"4812\"><strong data-start=\"4780\" data-end=\"4794\">Formule\u00a04\u00a0:<\/strong> 49x90x63cm<\/p>\n<\/li>\n<\/ul>\n<p data-start=\"4814\" data-end=\"4941\">Zo kun je zowel kleine als grotere honden comfortabel vervoeren en altijd de juiste maat kiezen die past bij jouw auto en hond.<\/p>\n<hr data-start=\"4943\" data-end=\"4946\" \/>\n<h4 data-start=\"4948\" data-end=\"4979\">Extra opties &amp; accessoires<\/h4>\n<p data-start=\"4981\" data-end=\"5269\">Bij de <strong data-start=\"4988\" data-end=\"5033\">Niche SCHMIDT Premium pour la banquette arri\u00e8re<\/strong> kun je ervoor kiezen om een <strong data-start=\"5062\" data-end=\"5078\">tapis de caoutchouc<\/strong> toe te voegen voor extra comfort en bescherming van de kennelvloer. Dit maakt het verblijf van je hond nog aangenamer en makkelijker schoon te houden.<\/p>\n<p data-start=\"5271\" data-end=\"5422\">Verder zijn accessoires zoals extra wanden, kussens of wielen vaak verkrijgbaar voor Schmidt-boxsystemen, wat nog meer veelzijdigheid en comfort biedt.<\/p>\n<hr data-start=\"5424\" data-end=\"5427\" \/>\n<h4 data-start=\"5429\" data-end=\"5472\">Waarom kiezen voor een SCHMIDT kennel?<\/h4>\n<p data-start=\"5474\" data-end=\"5536\">Le <strong data-start=\"5477\" data-end=\"5522\">Niche SCHMIDT Premium pour la banquette arri\u00e8re<\/strong> staat voor:<\/p>\n<ul data-start=\"5537\" data-end=\"6250\">\n<li data-start=\"5537\" data-end=\"5712\">\n<p data-start=\"5539\" data-end=\"5712\"><strong data-start=\"5539\" data-end=\"5567\">Crashgeteste veiligheid:<\/strong> Geen angst voor hard remmen of plotselinge bewegingen \u2014 de kennel blijft stevig zitten tijdens ritten.<\/p>\n<\/li>\n<li data-start=\"5713\" data-end=\"5847\">\n<p data-start=\"5715\" data-end=\"5847\"><strong data-start=\"5715\" data-end=\"5738\">Comfort en hygi\u00ebne:<\/strong> Beschermt je auto-interieur en biedt je hond een rustige reisplek.<\/p>\n<\/li>\n<li data-start=\"5848\" data-end=\"5990\">\n<p data-start=\"5850\" data-end=\"5990\"><strong data-start=\"5850\" data-end=\"5887\">Duitse kwaliteit en duurzaamheid:<\/strong> Hoogwaardige materialen en afwerking voor langdurig gebruik.<\/p>\n<\/li>\n<li data-start=\"5991\" data-end=\"6112\">\n<p data-start=\"5993\" data-end=\"6112\"><strong data-start=\"5993\" data-end=\"6017\">Flexibele maatkeuze:<\/strong> Vier formaten, geschikt voor kleine \u00e9n grote honden.<\/p>\n<\/li>\n<li data-start=\"6113\" data-end=\"6250\">\n<p data-start=\"6115\" data-end=\"6250\"><strong data-start=\"6115\" data-end=\"6140\">Veelzijdig inzetbaar:<\/strong> Ideaal in de auto, maar ook bruikbaar als bench op vakantie of thuis.<\/p>\n<\/li>\n<\/ul>\n<h4><strong><img decoding=\"async\" class=\"cl\" title=\"\" src=\"https:\/\/www.hundeboxen.de\/images\/dot.gif\" alt=\"\" \/>D\u00e9tail banquette arri\u00e8re \/ fixation et syst\u00e8me de s\u00e9curit\u00e9<\/strong><\/h4>\n<p>Sous le couvercle bleu se trouvent les attaches qui relient le syst\u00e8me de ceinture du v\u00e9hicule \u00e0 notre syst\u00e8me de retenue.<\/p>\n<div class=\"text_holder\">\n<p>La housse est ferm\u00e9e par une fermeture velcro.<\/p>\n<h4><strong>D\u00e9tail coffre de si\u00e8ge arri\u00e8re \/ cale<\/strong><\/h4>\n<p>Pour placer la bo\u00eete de si\u00e8ge arri\u00e8re directement sur le si\u00e8ge arri\u00e8re, une cale est incluse.<\/p>\n<p><strong>D\u00e9tail du coffre arri\u00e8re \/ vue du coffre arri\u00e8re dans le v\u00e9hicule<\/strong><\/p>\n<p><a href=\"https:\/\/www.hundeboxen.de\/\" target=\"_blank\" rel=\"noopener\"><img loading=\"lazy\" decoding=\"async\" class=\"alignnone\" title=\"Niche SCHMIDT Premium pour la banquette arri\u00e8re\" src=\"https:\/\/dogpride.nl\/wp-content\/uploads\/1produkt83-150x150.jpg\" alt=\"SCHMIDT Premium kennel voor de achterbank\" width=\"150\" height=\"150\" \/><\/a><\/p>\n<h4 data-start=\"6257\" data-end=\"6289\">Specificaties en materialen<\/h4>\n<p data-start=\"6291\" data-end=\"6321\"><strong data-start=\"6291\" data-end=\"6321\">Materialen &amp; eigenschappen<\/strong><\/p>\n<ul data-start=\"6322\" data-end=\"6594\">\n<li data-start=\"6322\" data-end=\"6375\">\n<p data-start=\"6324\" data-end=\"6375\">Robuuste, lichte metalen en aluminium constructie<\/p>\n<\/li>\n<li data-start=\"6376\" data-end=\"6443\">\n<p data-start=\"6378\" data-end=\"6443\">Crashbestendig bevestigingssysteem ge\u00efntegreerd met autogordels<\/p>\n<\/li>\n<li data-start=\"6444\" data-end=\"6485\">\n<p data-start=\"6446\" data-end=\"6485\">Transparant bovenmateriaal voor zicht<\/p>\n<\/li>\n<li data-start=\"6486\" data-end=\"6533\">\n<p data-start=\"6488\" data-end=\"6533\">Beschermt interieur en hond tijdens vervoer<\/p>\n<\/li>\n<li data-start=\"6534\" data-end=\"6594\">\n<p data-start=\"6536\" data-end=\"6594\">Vier maten beschikbaar voor verschillende hondengroottes<\/p>\n<\/li>\n<\/ul>\n<p data-start=\"6596\" data-end=\"6610\"><strong data-start=\"6596\" data-end=\"6610\">Application<\/strong><\/p>\n<ul data-start=\"6611\" data-end=\"6709\">\n<li data-start=\"6611\" data-end=\"6644\">\n<p data-start=\"6613\" data-end=\"6644\">Achterbank van personenauto\u2019s<\/p>\n<\/li>\n<li data-start=\"6645\" data-end=\"6667\">\n<p data-start=\"6647\" data-end=\"6667\">Vakantie en reizen<\/p>\n<\/li>\n<li data-start=\"6668\" data-end=\"6709\">\n<p data-start=\"6670\" data-end=\"6709\">Binnenhuis gebruik als tijdelijke bench<\/p>\n<\/li>\n<\/ul>\n<p>Sur les photos, vous pouvez voir comment la ceinture de s\u00e9curit\u00e9 du v\u00e9hicule est int\u00e9gr\u00e9e au syst\u00e8me de retenue.<br \/>\nLe chenil a des barreaux au sommet. Les panneaux lat\u00e9raux et la paroi arri\u00e8re sont ferm\u00e9s, un mat\u00e9riau transparent r\u00e9sistant aux chocs, l\u00e9g\u00e8rement teint\u00e9, est utilis\u00e9 dans la partie sup\u00e9rieure.<br \/>\nLa porte \u00e0 pans de bois est disponible au choix avec une but\u00e9e \u00e0 droite ou \u00e0 gauche.<\/p>\n<\/div>","protected":false},"excerpt":{"rendered":"<p><strong>SCHMIDT Premium kennel voor de achterbank.<\/strong> Pour tous les v\u00e9hicules limousines et pour tous ceux qui souhaitent transporter leur chien sur la banquette arri\u00e8re, nous proposons quatre tailles diff\u00e9rentes de coffres arri\u00e8re avec syst\u00e8me de fixation prot\u00e9g\u00e9.<\/p>\n<p style=\"text-align: center;\"><span style=\"color: #ff0000;\"><strong>Gratis verzending!<\/strong><\/span><\/p>","protected":false},"featured_media":101360,"template":"","meta":[],"product_brand":[],"product_cat":[1269],"product_tag":[20914,22999,22997,12213,22998,22995,23000,22996,12214],"class_list":{"0":"post-101359","1":"product","2":"type-product","3":"status-publish","4":"has-post-thumbnail","6":"product_cat-schmidt-boxen","7":"product_tag-autobench-hond","8":"product_tag-autohondenbench-premium","9":"product_tag-duitse-kwaliteit-hondenbench","10":"product_tag-hond-in-auto-veilig","11":"product_tag-hondenbox-achterbank","12":"product_tag-premium-kennel-achterbank","13":"product_tag-robuuste-hondenkennel","14":"product_tag-schmidt-kennel","15":"product_tag-transport-kennel-hond","16":"product_shipping_class-gratis-verzending","18":"first","19":"instock","20":"taxable","21":"shipping-taxable","22":"purchasable","23":"product-type-variable"},"mb":[],"mfb_rest_fields":["title"],"_links":{"self":[{"href":"https:\/\/dogpride.nl\/fr\/wp-json\/wp\/v2\/product\/101359","targetHints":{"allow":["GET"]}}],"collection":[{"href":"https:\/\/dogpride.nl\/fr\/wp-json\/wp\/v2\/product"}],"about":[{"href":"https:\/\/dogpride.nl\/fr\/wp-json\/wp\/v2\/types\/product"}],"wp:featuredmedia":[{"embeddable":true,"href":"https:\/\/dogpride.nl\/fr\/wp-json\/wp\/v2\/media\/101360"}],"wp:attachment":[{"href":"https:\/\/dogpride.nl\/fr\/wp-json\/wp\/v2\/media?parent=101359"}],"wp:term":[{"taxonomy":"product_brand","embeddable":true,"href":"https:\/\/dogpride.nl\/fr\/wp-json\/wp\/v2\/product_brand?post=101359"},{"taxonomy":"product_cat","embeddable":true,"href":"https:\/\/dogpride.nl\/fr\/wp-json\/wp\/v2\/product_cat?post=101359"},{"taxonomy":"product_tag","embeddable":true,"href":"https:\/\/dogpride.nl\/fr\/wp-json\/wp\/v2\/product_tag?post=101359"}],"curies":[{"name":"wp","href":"https:\/\/api.w.org\/{rel}","templated":true}]}}