{"id":71746,"date":"2021-08-25T16:09:08","date_gmt":"2021-08-25T14:09:08","guid":{"rendered":"https:\/\/dogpride1.wpengine.com\/?page_id=71746"},"modified":"2026-04-08T10:07:33","modified_gmt":"2026-04-08T08:07:33","slug":"terugbetalen_retournering","status":"publish","type":"page","link":"https:\/\/dogpride.nl\/fr\/terugbetalen_retournering\/","title":{"rendered":"Terugbetaal- en retourneringsbeleid"},"content":{"rendered":"<div class=\"brz-root__container brz-reset-all brz\">\n<section id=\"_qysgxycfatjhfbrbljkddbvhlqpdcnggxwjb\" class=\"brz-section brz-css-xQw_l\">\n<div class=\"brz-section__content brz-section--fullWidth brz-css-pkmNF brz-css-rCrWw\" data-brz-custom-id=\"mtfdtocujbrmeehxhazyziowqopzncrslmwn\">\n<div class=\"brz-bg\">\n<div class=\"brz-bg-image\"><\/div>\n<\/div>\n<div class=\"brz-container brz-css-jTluf brz-css-kK4v_\">\n<div class=\"brz-row__container brz-css-bUk8D brz-css-lwj8M\" data-brz-custom-id=\"wzkunnkieozpbwepmdfgrhaenlkujyfjiogj\">\n<div class=\"brz-bg\"><\/div>\n<div class=\"brz-row brz-css-lFOaB brz-css-aXrOF\">\n<div class=\"brz-columns brz-css-czi3F brz-css-cYqp3\" data-brz-custom-id=\"tbpupbziqooteeeoocuenrnmjmnokubgmerv\">\n<div class=\"brz-bg\"><\/div>\n<div class=\"brz-column__items brz-css-vKN7L brz-css-xtSBI\">\n<div id=\"\" class=\"brz-css-e6HKD brz-css-lNMNQ brz-wrapper\">\n<div class=\"brz-spacer brz-css-uI8hd brz-css-kqXBN\"><\/div>\n<\/div>\n<div id=\"\" class=\"brz-css-e6HKD brz-css-lNMNQ brz-wrapper\">\n<div class=\"brz-spacer brz-css-uI8hd brz-css-vaZkh\"><\/div>\n<\/div>\n<div id=\"\" class=\"brz-css-e6HKD brz-css-lNMNQ brz-wrapper\">\n<div class=\"brz-spacer brz-css-uI8hd brz-css-qzyZY\"><\/div>\n<\/div>\n<\/div>\n<\/div>\n<\/div>\n<\/div>\n<\/div>\n<\/div>\n<\/section>\n<section id=\"_vgceomiftnawtbjcobmwzsexcwejcftfnuwd\" class=\"brz-section brz-css-xQw_l\">\n<div class=\"brz-section__content brz-section--boxed brz-css-pkmNF brz-css-gCGiI\" data-brz-custom-id=\"wqvptufbrwtqwkfrkocngdaaymzlzhzumoda\">\n<div class=\"brz-bg\">\n<div class=\"brz-bg-image\"><\/div>\n<div class=\"brz-bg-color\"><\/div>\n<div class=\"brz-bg-shape brz-bg-shape__bottom\"><\/div>\n<\/div>\n<div class=\"brz-container brz-css-jTluf\">\n<div class=\"brz-row__container brz-css-bUk8D brz-css-lMe0V\" data-brz-custom-id=\"mvhjiwxbdwvqcpdbffwmeqmtwnjklcmlzlfv\">\n<div class=\"brz-bg\"><\/div>\n<div class=\"brz-row brz-css-lFOaB brz-css-emL6p\">\n<div class=\"brz-columns brz-css-czi3F brz-css-fUNq6\" data-brz-custom-id=\"nfzbmlhxrdjxbltklpaemmzrmbrtrduxlkay\">\n<div class=\"brz-bg\">\n<div class=\"brz-bg-color\"><\/div>\n<\/div>\n<div class=\"brz-column__items brz-css-vKN7L brz-css-u2goC\">\n<div id=\"\" class=\"brz-css-e6HKD brz-css-rLx3G brz-wrapper\">\n<div class=\"brz-rich-text brz-rich-text__custom brz-css-zWPln\" data-brz-custom-id=\"dmbrqlsonyszvglgbcwsmsnkoymsvpeljmuj\">\n<div data-brz-translate-text=\"1\">\n<h2 class=\"brz-tp-lg-heading2 brz-css-pDaZF\" data-uniq-id=\"ynpox\" data-generated-css=\"brz-css-kvhmr\"><span class=\"brz-cp-color1\">Politique de retour<\/span><\/h2>\n<\/div>\n<\/div>\n<\/div>\n<\/div>\n<\/div>\n<\/div>\n<\/div>\n<\/div>\n<\/div>\n<\/section>\n<section id=\"_kekscjcqwtpnczeiogunqqfpbbhqjvxanote\" class=\"brz-section brz-css-xQw_l\">\n<div class=\"brz-section__content brz-section--boxed brz-css-pkmNF\" data-brz-custom-id=\"omttthofdjtpyloyabanpdxuxgzpwpjizyoh\">\n<div class=\"brz-container brz-css-jTluf\">\n<div id=\"\" class=\"brz-css-e6HKD brz-wrapper\">\n<div class=\"brz-rich-text brz-rich-text__custom brz-css-zWPln\" data-brz-custom-id=\"jhflnvzevsvizwtybgbpcfhsepslszhwunlu\">\n<div data-brz-translate-text=\"1\">\n<p class=\"brz-tp-lg-paragraph brz-css-mRNdA\" data-uniq-id=\"omekm\" data-generated-css=\"brz-css-jdnpi\"><strong>Politique de retour<\/strong><\/p>\n<ol>\n<li class=\"brz-tp-lg-paragraph brz-css-xT06G\" data-uniq-id=\"ttwvp\" data-generated-css=\"brz-css-pxgfh\">Si les produits command\u00e9s ne r\u00e9pondent pas \u00e0 vos attentes ou si vous avez command\u00e9 le mauvais produit, vous pouvez, apr\u00e8s consultation \u00e9crite (e-mail), retourner les produits dans les 14 jours dans l&#039;emballage d&#039;origine, propres et non utilis\u00e9s et avec un affranchissement suffisant (frais client) . Les articles sur mesure ne peuvent pas \u00eatre retourn\u00e9s.<\/li>\n<li class=\"brz-tp-lg-paragraph brz-css-fh7Y1\" data-uniq-id=\"mdqge\" data-generated-css=\"brz-css-yysck\">Pour plus de clart\u00e9 pour notre service client, vous devez accompagner l&#039;envoi d&#039;une copie de la facture, de votre num\u00e9ro de banque ou de virement et du motif du retour.<\/li>\n<li class=\"brz-tp-lg-paragraph brz-css-fbE34\" data-uniq-id=\"rvmaq\" data-generated-css=\"brz-css-stnom\">Le retour des articles est \u00e0 vos frais et risques. Il est sage de demander une preuve d&#039;affranchissement pour les retours.<\/li>\n<li class=\"brz-tp-lg-paragraph brz-css-zjZ8h\" data-uniq-id=\"exmtn\" data-generated-css=\"brz-css-vmlaf\">Si votre envoi de retour remplit les conditions, nous vous rembourserons le montant de l&#039;achat sur votre compte bancaire ou postal dans les 5 jours ouvrables. Les frais d&#039;exp\u00e9dition factur\u00e9s par Dogpride NL seront d\u00e9duits du montant \u00e0 rembourser.<\/li>\n<li class=\"brz-tp-lg-paragraph brz-css-fTaEP\" data-uniq-id=\"vgaru\" data-generated-css=\"brz-css-hxycp\">Malgr\u00e9 le grand soin que nous apportons \u00e0 votre commande, il est possible que vous receviez le mauvais produit. Dans ce cas, vous devez toujours nous contacter par e-mail info@dogpride.nl ou par t\u00e9l\u00e9phone +31315-655930.<\/li>\n<li class=\"brz-tp-lg-paragraph brz-css-pdH8P\" data-uniq-id=\"iagur\" data-generated-css=\"brz-css-aexnc\">Si les articles livr\u00e9s par Dogpride NL n&#039;ont pas \u00e9t\u00e9 retourn\u00e9s dans le &quot;d\u00e9lai d&#039;approbation&quot; de 14 jours, les articles sont consid\u00e9r\u00e9s comme accept\u00e9s par vous sans aucune objection.<\/li>\n<\/ol>\n<p class=\"brz-tp-lg-paragraph brz-css-mvtGe\" data-uniq-id=\"qoowt\" data-generated-css=\"brz-css-pvzjs\"><\/p>\n<p class=\"brz-tp-lg-paragraph brz-css-n33FY\" data-uniq-id=\"xzzwk\" data-generated-css=\"brz-css-uxyle\"><strong>\u00e9change<\/strong><\/p>\n<ol>\n<li class=\"brz-tp-lg-paragraph brz-css-fHQxR\" data-uniq-id=\"kyjsz\" data-generated-css=\"brz-css-bcmbl\">L&#039;\u00e9change des articles command\u00e9s est possible. Vous pouvez retourner votre commande sous 14 jours dans les conditions \u00e9nonc\u00e9es \u00e0 l&#039;article 9. L&#039;article doit nous \u00eatre envoy\u00e9 suffisamment affranchi. Si vous souhaitez recevoir un autre article, veuillez nous contacter par t\u00e9l\u00e9phone ou par e-mail. Apr\u00e8s paiement des frais de port et tout paiement suppl\u00e9mentaire, si le produit est plus cher, Dogpride NL enverra votre colis.<\/li>\n<li class=\"brz-tp-lg-paragraph brz-css-k3Y3g\" data-uniq-id=\"mhhrt\" data-generated-css=\"brz-css-isqlv\">Les produits command\u00e9s sur mesure ne peuvent \u00eatre ni retourn\u00e9s ni annul\u00e9s.<\/li>\n<\/ol>\n<p class=\"brz-tp-lg-paragraph brz-css-wrgVr\" data-uniq-id=\"zzbdx\" data-generated-css=\"brz-css-iaxcg\"><\/p>\n<p class=\"brz-tp-lg-paragraph brz-css-zegrV\" data-uniq-id=\"fsxuf\" data-generated-css=\"brz-css-pagtv\"><strong>Retour des envois depuis l&#039;\u00e9tranger<\/strong>.<\/p>\n<p class=\"brz-tp-lg-paragraph brz-css-ooYJN\" data-uniq-id=\"npixw\" data-generated-css=\"brz-css-tdkhb\">Les m\u00eames conditions s&#039;appliquent aux retours depuis l&#039;\u00e9tranger. NB\u00a0! Ton<\/p>\n<p class=\"brz-tp-lg-paragraph brz-css-zVpqN\" data-uniq-id=\"zgvvt\" data-generated-css=\"brz-css-gtiyt\">les retours \u00e0 l&#039;\u00e9tranger ne peuvent \u00eatre trait\u00e9s qu&#039;apr\u00e8s consultation.<\/p>\n<\/div>\n<\/div>\n<\/div>\n<\/div>\n<\/div>\n<\/section>\n<\/div>\n<p>    <!-- version:1732001550 --><\/p>","protected":false},"excerpt":{"rendered":"<p>Retourbeleid Retourbeleid Wanneer de bestelde producten niet aan uw verwachtingen voldoen of u heeft een verkeerd product besteld, dan kunt u, na schiftelijk (email) overleg, de producten binnen 14 dagen in de originele verpakking, schoon en ongebruikt en voldoende gefrankeerd (kosten klant) retour sturen. Op maat gemaakte artikelen kunnen niet worden geretourneerd. Om duidelijkheid te [&hellip;]<\/p>\n","protected":false},"author":2,"featured_media":0,"parent":0,"menu_order":0,"comment_status":"closed","ping_status":"closed","template":"","meta":{"footnotes":""},"class_list":["post-71746","page","type-page","status-publish","hentry"],"blocksy_meta":[],"mb":[],"brizy_media":[],"mfb_rest_fields":["title","blocksy_meta","brizy_media"],"_links":{"self":[{"href":"https:\/\/dogpride.nl\/fr\/wp-json\/wp\/v2\/pages\/71746","targetHints":{"allow":["GET"]}}],"collection":[{"href":"https:\/\/dogpride.nl\/fr\/wp-json\/wp\/v2\/pages"}],"about":[{"href":"https:\/\/dogpride.nl\/fr\/wp-json\/wp\/v2\/types\/page"}],"author":[{"embeddable":true,"href":"https:\/\/dogpride.nl\/fr\/wp-json\/wp\/v2\/users\/2"}],"replies":[{"embeddable":true,"href":"https:\/\/dogpride.nl\/fr\/wp-json\/wp\/v2\/comments?post=71746"}],"version-history":[{"count":0,"href":"https:\/\/dogpride.nl\/fr\/wp-json\/wp\/v2\/pages\/71746\/revisions"}],"wp:attachment":[{"href":"https:\/\/dogpride.nl\/fr\/wp-json\/wp\/v2\/media?parent=71746"}],"curies":[{"name":"wp","href":"https:\/\/api.w.org\/{rel}","templated":true}]}}