{"id":111718,"date":"2023-07-20T13:07:17","date_gmt":"2023-07-20T11:07:17","guid":{"rendered":"https:\/\/dogprideold.websitekeuze.nl\/?page_id=111718"},"modified":"2026-04-08T09:01:16","modified_gmt":"2026-04-08T07:01:16","slug":"hondenspeelgoed","status":"publish","type":"page","link":"https:\/\/dogpride.nl\/fr\/hondenspeelgoed\/","title":{"rendered":"Jouets pour chiens"},"content":{"rendered":"<div class=\"brz-root__container brz-reset-all brz\">\n<section id=\"_fapbwrxuwnvcvlgkxhjcqnovqbkgyuhivjuy\" class=\"brz-section brz-css-uSeBS\">\n<div class=\"brz-section__content brz-section--fullWidth brz-css-nVUg7 brz-css-kp0fq\" data-brz-custom-id=\"uvjtwtzfvyrjopuunynmkaawpkneqpnoaxht\">\n<div class=\"brz-bg\">\n<div class=\"brz-bg-image\"><\/div>\n<\/div>\n<div class=\"brz-container brz-css-sfYNe brz-css-zh3ce\">\n<div class=\"brz-row__container brz-css-gJDO4 brz-css-hCnf4\" data-brz-custom-id=\"vbyxhwstlboieosyzmtalkiyxusvtulmgubk\">\n<div class=\"brz-bg\"><\/div>\n<div class=\"brz-row brz-css-bSa4p brz-css-lSatH\">\n<div class=\"brz-columns brz-css-bmynV brz-css-bpruZ\" data-brz-custom-id=\"dxxwcyeyqaunsbghkohhdoverogslbonzmmn\">\n<div class=\"brz-bg\"><\/div>\n<div class=\"brz-column__items brz-css-r0Ted brz-css-wvmZR\">\n<div id=\"\" class=\"brz-css-vFfAn brz-css-kd64M brz-wrapper\">\n<div class=\"brz-spacer brz-css-tQbUF brz-css-yMo1g\"><\/div>\n<\/div>\n<div id=\"\" class=\"brz-css-vFfAn brz-css-kd64M brz-wrapper\">\n<div class=\"brz-spacer brz-css-tQbUF brz-css-y0SgV\"><\/div>\n<\/div>\n<div id=\"\" class=\"brz-css-vFfAn brz-css-kd64M brz-wrapper\">\n<div class=\"brz-spacer brz-css-tQbUF brz-css-fr5_7\"><\/div>\n<\/div>\n<\/div>\n<\/div>\n<\/div>\n<\/div>\n<\/div>\n<\/div>\n<\/section>\n<section id=\"_mdyndlotbyidyhkalazioqxkrqtnhcxcztbu\" class=\"brz-section brz-css-uSeBS\">\n<div class=\"brz-section__content brz-section--boxed brz-css-nVUg7 brz-css-piy5P\" data-brz-custom-id=\"bdwfennkaframbjczzljpkvckcneomimlyrf\">\n<div class=\"brz-bg\">\n<div class=\"brz-bg-image\"><\/div>\n<div class=\"brz-bg-color\"><\/div>\n<div class=\"brz-bg-shape brz-bg-shape__bottom\"><\/div>\n<\/div>\n<div class=\"brz-container brz-css-sfYNe\">\n<div class=\"brz-row__container brz-css-gJDO4 brz-css-csTZ5\" data-brz-custom-id=\"qdpfxehqynkfwbdprgogrezvozpxjbsimenz\">\n<div class=\"brz-bg\"><\/div>\n<div class=\"brz-row brz-css-bSa4p brz-css-aGUBE\">\n<div class=\"brz-columns brz-css-bmynV brz-css-a08it\" data-brz-custom-id=\"hwotjcinuefldiscgjyvocyuhamhpkwucjcn\">\n<div class=\"brz-bg\">\n<div class=\"brz-bg-color\"><\/div>\n<\/div>\n<div class=\"brz-column__items brz-css-r0Ted brz-css-qWVn_\">\n<div id=\"\" class=\"brz-css-vFfAn brz-css-aA_Wp brz-wrapper\">\n<div class=\"brz-rich-text brz-rich-text__custom brz-css-sGfIc\" data-brz-custom-id=\"cxrhqlbklasrqivmqyeuoxrpgqxlvltcafns\">\n<div data-brz-translate-text=\"1\">\n<h1 class=\"brz-tp-lg-heading2 brz-css-h6kce\" data-uniq-id=\"bkdxa\" data-generated-css=\"brz-css-kgzps\"><strong class=\"brz-cp-color1\">Jouets pour chiens<\/strong><\/h1>\n<\/div>\n<\/div>\n<\/div>\n<div id=\"\" class=\"brz-css-vFfAn brz-css-kd64M brz-wrapper\">\n<div class=\"brz-spacer brz-css-tQbUF brz-css-rmpub\"><\/div>\n<\/div>\n<div id=\"\" class=\"brz-css-vFfAn brz-css-n0gp5 brz-wrapper\">\n<div class=\"brz-rich-text brz-rich-text__custom brz-css-sGfIc\" data-brz-custom-id=\"dwuqwcjqtcsvblmkegzjtaydjgxzhumakepl\">\n<div data-brz-translate-text=\"1\">\n<p class=\"brz-tp-lg-paragraph brz-css-racMd\" data-uniq-id=\"jlxcx\" data-generated-css=\"brz-css-xkdjr\"><span class=\"brz-cp-color7\">Les jouets pour chiens font partie int\u00e9grante de la vie d&#039;un chien. Non seulement il procure divertissement et amusement, mais les jouets pr\u00e9sentent \u00e9galement plusieurs avantages pour la sant\u00e9 et le bien-\u00eatre de votre ami \u00e0 quatre pattes.<\/span><\/p>\n<\/div>\n<\/div>\n<\/div>\n<\/div>\n<\/div>\n<\/div>\n<\/div>\n<\/div>\n<\/div>\n<\/section>\n<section id=\"_hsqygxggvigfpwgomkzzpzdwrydagwucttzr\" class=\"brz-section brz-css-uSeBS\">\n<div class=\"brz-section__content brz-section--boxed brz-css-nVUg7 brz-css-ksNuS\" data-brz-custom-id=\"ujtqwkesoqccuwbdebrovlkjpzkcszbuugfy\">\n<div class=\"brz-bg\">\n<div class=\"brz-bg-color\"><\/div>\n<\/div>\n<div class=\"brz-container brz-css-sfYNe\">\n<div class=\"brz-row__container brz-css-gJDO4\" data-brz-custom-id=\"azknheqdtkjnargrptfitsnnjlgxvahgzsab\">\n<div class=\"brz-bg\"><\/div>\n<div class=\"brz-row brz-css-bSa4p brz-css-lSatH\">\n<div class=\"brz-columns brz-css-bmynV brz-css-sElhe\" data-brz-custom-id=\"obdsdjcplxkuelagtqclxlcwozxeynnifgjj\">\n<div class=\"brz-bg\"><\/div>\n<div class=\"brz-column__items brz-css-r0Ted brz-css-qcYxP\">\n<div id=\"\" class=\"brz-css-vFfAn brz-wrapper\">\n<div class=\"brz-image brz-css-gp2Df brz-css-lGRg4\" data-brz-custom-id=\"zguddxolmrwgayuzvipnfjirnxygabbbqslb\"><img decoding=\"async\" class=\"brz-img\" src=\"https:\/\/dogpride.nl\/wp-content\/uploads\/brizy\/imgs\/Pet-Qwerks-Wood-Antler-Smoked-Cheese3-1-489x489x39x0x450x489x1689851371.jpg\" alt=\"\" loading=\"lazy\"><\/div>\n<\/div>\n<\/div>\n<\/div>\n<div class=\"brz-columns brz-css-bmynV brz-css-kcxCm\" data-brz-custom-id=\"xmtukreytqduddjzysrdfloahmecutrsnriz\">\n<div class=\"brz-bg\"><\/div>\n<div class=\"brz-column__items brz-css-r0Ted brz-css-mQVcb\">\n<div id=\"\" class=\"brz-css-vFfAn brz-css-hC0zc brz-wrapper\">\n<div class=\"brz-rich-text brz-rich-text__custom brz-css-sGfIc\" data-brz-custom-id=\"oummprfpbfohuqreonvbxbyxxslhdoilmngy\">\n<div data-brz-translate-text=\"1\">\n<h2 class=\"brz-tp-lg-heading2 brz-css-x6S05\" data-generated-css=\"brz-css-ijsiq\" data-uniq-id=\"rwlyk\"><strong class=\"brz-cp-color1\">Jouets \u00e0 m\u00e2cher<\/strong><\/h2>\n<\/div>\n<\/div>\n<\/div>\n<div id=\"\" class=\"brz-css-vFfAn brz-css-kd64M brz-wrapper\">\n<div class=\"brz-spacer brz-css-tQbUF brz-css-bocbh\"><\/div>\n<\/div>\n<div id=\"\" class=\"brz-css-vFfAn brz-css-fnf0I brz-wrapper\">\n<div class=\"brz-rich-text brz-rich-text__custom brz-css-sGfIc\" data-brz-custom-id=\"bmeooboulbkyjuchoofgxszdpmhuqgueqvoi\">\n<div data-brz-translate-text=\"1\">\n<p class=\"brz-tp-lg-paragraph brz-css-lIKnu\" data-generated-css=\"brz-css-tpaqi\" data-uniq-id=\"wfdnr\"><span class=\"brz-cp-color7\" style=\"opacity: 1;background-color: transparent\">Les jouets pour chiens sont disponibles dans une vari\u00e9t\u00e9 de formes, de tailles et de mat\u00e9riaux pour r\u00e9pondre aux besoins et aux pr\u00e9f\u00e9rences des diff\u00e9rentes races de chiens et styles de jeu. Les jouets \u00e0 m\u00e2cher, par exemple en caoutchouc ou en nylon r\u00e9sistant, sont parfaits pour les chiens qui aiment m\u00e2cher des objets. Ils aident \u00e0 satisfaire les besoins de mastication naturels de votre chien et peuvent garder des dents et des gencives saines. Les jouets \u00e0 m\u00e2cher sont \u00e9galement disponibles en diff\u00e9rentes forces, des vari\u00e9t\u00e9s douces aux vari\u00e9t\u00e9s extr\u00eamement fortes, en fonction de la force du pouvoir de mastication de votre chien.<\/span><\/p>\n<\/div>\n<\/div>\n<\/div>\n<div id=\"\" class=\"brz-css-vFfAn brz-css-kd64M brz-wrapper\">\n<div class=\"brz-spacer brz-css-tQbUF brz-css-gaTqp\"><\/div>\n<\/div>\n<div class=\"brz-wrapper-clone brz-css-lByzx brz-css-rV8Ue\">\n<div class=\"brz-d-xs-flex brz-flex-xs-wrap brz-css-wHjBi brz-css-lEi2D\" data-brz-custom-id=\"\">\n<div class=\"brz-wrapper-clone__item\" id=\"nfgoazfyviwbgiuiaioobidedaottzanjscz\">\n<div class=\"brz-hover-animation__container\" data-brz-hover-animationid=\"bhaoohafrzrhsgspwmzpxemsqudtvfjxmvme\" data-brz-hover-options=\"%7B%22duration%22:600,%22iterations%22:1%7D\" data-brz-hover-reversible=\"true\" data-brz-hover-target=\"%22firstChild%22\"><a class=\"brz-a brz-btn brz-css-km_Ks brz-css-cXWfv brz-css-nbWds brz-css-c6lER\" href=\"\/fr\/contact\/\" target=\"_self\" rel=\"noopener\" data-brz-link-type=\"external\" data-brz-custom-id=\"nfgoazfyviwbgiuiaioobidedaottzanjscz\"><span data-brz-translate-text=\"1\" class=\"brz-span brz-text__editor\">Contact<\/span><\/a><\/div>\n<\/div>\n<\/div>\n<\/div>\n<\/div>\n<\/div>\n<\/div>\n<\/div>\n<\/div>\n<\/div>\n<\/section>\n<section id=\"_ywubkuaxpgbzrzxgehgigzewmjgbkzdafzfd\" class=\"brz-section brz-css-uSeBS\">\n<div class=\"brz-section__content brz-section--boxed brz-css-nVUg7 brz-css-mMTmZ\" data-brz-custom-id=\"gwfxrhokqynxhckagipvzogyfbwjwayayocw\">\n<div class=\"brz-bg\">\n<div class=\"brz-bg-color\"><\/div>\n<\/div>\n<div class=\"brz-container brz-css-sfYNe\">\n<div class=\"brz-row__container brz-css-gJDO4 brz-css-eHPyj\" data-brz-custom-id=\"zqhcvubmrlngvscmcdwmrpsmfqlyewjtzxka\">\n<div class=\"brz-bg\"><\/div>\n<div class=\"brz-row brz-css-bSa4p brz-css-lSatH\">\n<div class=\"brz-columns brz-css-bmynV brz-css-tWEjo\" data-brz-custom-id=\"ubfmuvccldxyqldejgoxfsnzejyvuzrcskgh\">\n<div class=\"brz-bg\"><\/div>\n<div class=\"brz-column__items brz-css-r0Ted brz-css-hFl_r\">\n<div id=\"\" class=\"brz-css-vFfAn brz-css-uxJTE brz-wrapper\">\n<div class=\"brz-rich-text brz-rich-text__custom brz-css-sGfIc\" data-brz-custom-id=\"hpjcnmpcafsoedxclwzcbjwiizvfqnekitjz\">\n<div data-brz-translate-text=\"1\">\n<h2 class=\"brz-tp-lg-heading2 brz-css-qiSVM\" data-uniq-id=\"ihmnk\" data-generated-css=\"brz-css-fbaew\"><strong class=\"brz-cp-color1\">Jouets interactifs<\/strong><\/h2>\n<\/div>\n<\/div>\n<\/div>\n<div id=\"\" class=\"brz-css-vFfAn brz-css-kd64M brz-wrapper\">\n<div class=\"brz-spacer brz-css-tQbUF brz-css-k1AvN\"><\/div>\n<\/div>\n<div id=\"\" class=\"brz-css-vFfAn brz-css-hhW3b brz-wrapper\">\n<div class=\"brz-rich-text brz-rich-text__custom brz-css-sGfIc\" data-brz-custom-id=\"wpxfemawfpmsthizftyseodslgwonaxsqdyt\">\n<div data-brz-translate-text=\"1\">\n<p class=\"brz-tp-lg-paragraph brz-css-qN7c0\" data-generated-css=\"brz-css-rdioa\" data-uniq-id=\"bvfml\"><span class=\"brz-cp-color7\" style=\"background-color: transparent;opacity: 1\">Les jouets interactifs, tels que les puzzles et les jouets d&#039;alimentation, sont parfaits pour stimuler l&#039;esprit de votre chien. Ces jouets mettent votre chien au d\u00e9fi de travailler pour obtenir des r\u00e9compenses, telles que des friandises ou de la nourriture cach\u00e9es. Cela stimule leur intelligence et aide \u00e0 pr\u00e9venir l&#039;ennui, surtout si votre chien est seul \u00e0 la maison pendant de longues p\u00e9riodes. La promotion de la stimulation mentale par le biais de jouets interactifs peut \u00e9galement aider \u00e0 r\u00e9duire les comportements ind\u00e9sirables, car votre chien peut canaliser son \u00e9nergie vers des activit\u00e9s positives et constructives.<\/span><\/p>\n<\/div>\n<\/div>\n<\/div>\n<\/div>\n<\/div>\n<div class=\"brz-columns brz-css-bmynV brz-css-d3XYc\" data-brz-custom-id=\"tvtdhlhurniuahuzgporhfxaaxxedykkmvzb\">\n<div class=\"brz-bg\"><\/div>\n<div class=\"brz-column__items brz-css-r0Ted brz-css-tG80S\">\n<div id=\"\" class=\"brz-css-vFfAn brz-wrapper\">\n<div class=\"brz-image brz-css-zoHLl brz-css-yHS2b\" data-brz-custom-id=\"xzbytlgeqhpcwnknjhylpkaiehugiucydwls\"><img decoding=\"async\" class=\"brz-img\" src=\"https:\/\/dogpride.nl\/wp-content\/uploads\/brizy\/111721\/assets\/images\/JWCR005_JWCR006_JWCR007GROEP-jw-crackle-head-ball-l-9-5-cm-1.webp\" alt=\"\" loading=\"lazy\"><\/div>\n<\/div>\n<\/div>\n<\/div>\n<\/div>\n<\/div>\n<\/div>\n<\/div>\n<\/section>\n<section id=\"_qgyobadpkhgcquzgrdvijdlschouybvldsta\" class=\"brz-section brz-css-uSeBS\">\n<div class=\"brz-section__content brz-section--boxed brz-css-nVUg7 brz-css-eGxIK\" data-brz-custom-id=\"tbgyrhjyuihebkgabkkpuisgnhpjwboeudfm\">\n<div class=\"brz-bg\">\n<div class=\"brz-bg-image\"><\/div>\n<div class=\"brz-bg-color\"><\/div>\n<\/div>\n<div class=\"brz-container brz-css-sfYNe\">\n<div class=\"brz-row__container brz-css-gJDO4\" data-brz-custom-id=\"zvvjclfvzdixnveuqlhrhrnwmkzdjumdwwgr\">\n<div class=\"brz-bg\"><\/div>\n<div class=\"brz-row brz-css-bSa4p brz-css-lSatH\">\n<div class=\"brz-columns brz-css-bmynV brz-css-wnWrB\" data-brz-custom-id=\"qmyblrzkdpezxycwuyaalckwhrydtpmkorkj\">\n<div class=\"brz-bg\"><\/div>\n<div class=\"brz-column__items brz-css-r0Ted brz-css-tk5cm\">\n<div id=\"\" class=\"brz-css-vFfAn brz-wrapper\">\n<div class=\"brz-image brz-css-ulMzp brz-css-w8yqE\" data-brz-custom-id=\"lcmnlbgdoiimafnmkvyutjlhiwkvqvfauzei\"><img decoding=\"async\" class=\"brz-img\" src=\"https:\/\/dogpride.nl\/wp-content\/uploads\/brizy\/imgs\/Dog-Comets-Star-Shooter-Roze2-4-808x536x236x0x450x536x1689851371.png\" alt=\"\" loading=\"lazy\"><\/div>\n<\/div>\n<\/div>\n<\/div>\n<div class=\"brz-columns brz-css-bmynV brz-css-lAATZ\" data-brz-custom-id=\"cofmvmznuiofmvvzyacwjanghykqukfssqnn\">\n<div class=\"brz-bg\"><\/div>\n<div class=\"brz-column__items brz-css-r0Ted brz-css-mNDl2\">\n<div id=\"\" class=\"brz-css-vFfAn brz-css-xY2GH brz-wrapper\">\n<div class=\"brz-rich-text brz-rich-text__custom brz-css-sGfIc\" data-brz-custom-id=\"ipkcxspolqwlzxhpxicmvjdrroomxqwdovjk\">\n<div data-brz-translate-text=\"1\">\n<h2 class=\"brz-tp-lg-heading2 brz-css-rpJFT\" data-generated-css=\"brz-css-iiafk\" data-uniq-id=\"ydmrl\"><strong class=\"brz-cp-color1\">Aller chercher des jouets<\/strong><\/h2>\n<\/div>\n<\/div>\n<\/div>\n<div id=\"\" class=\"brz-css-vFfAn brz-css-kd64M brz-wrapper\">\n<div class=\"brz-spacer brz-css-tQbUF brz-css-oWuni\"><\/div>\n<\/div>\n<div id=\"\" class=\"brz-css-vFfAn brz-css-pOduP brz-wrapper\">\n<div class=\"brz-rich-text brz-rich-text__custom brz-css-sGfIc\" data-brz-custom-id=\"qjokouepjosigexmfwbaohkdsxipnvwbhhhn\">\n<div data-brz-translate-text=\"1\">\n<p class=\"brz-tp-lg-paragraph brz-css-nfTvQ\" data-generated-css=\"brz-css-fiwkb\" data-uniq-id=\"puaik\"><span class=\"brz-cp-color7\" style=\"background-color: transparent\">Les jouets \u00e0 rapporter sont id\u00e9aux pour les chiens qui aiment chasser et renvoyer des balles. Ces jouets sont souvent faits de mat\u00e9riaux durables, comme du caoutchouc ou du nylon r\u00e9sistant, et sont con\u00e7us pour \u00eatre faciles \u00e0 ramasser et \u00e0 transporter. Les jouets \u00e0 rapporter sont parfaits pour promouvoir l&#039;exercice, renforcer le lien entre le chien et le ma\u00eetre-chien, et peuvent \u00eatre un excellent moyen de passer du temps de qualit\u00e9 ensemble.<\/span><\/p>\n<\/div>\n<\/div>\n<\/div>\n<div id=\"\" class=\"brz-css-vFfAn brz-css-kd64M brz-wrapper\">\n<div class=\"brz-spacer brz-css-tQbUF brz-css-uczz4\"><\/div>\n<\/div>\n<div class=\"brz-wrapper-clone brz-css-lByzx brz-css-ajr8j\">\n<div class=\"brz-d-xs-flex brz-flex-xs-wrap brz-css-wHjBi brz-css-tXHUT\" data-brz-custom-id=\"\">\n<div class=\"brz-wrapper-clone__item\" id=\"fipkugkdepexzleyvazhjphdrfqjpglyxbtg\">\n<div class=\"brz-hover-animation__container\" data-brz-hover-animationid=\"zsvxyrepzjyhergcvgnidvphqsixivqaipca\" data-brz-hover-options=\"%7B%22duration%22:600,%22iterations%22:1%7D\" data-brz-hover-reversible=\"true\" data-brz-hover-target=\"%22firstChild%22\"><a class=\"brz-a brz-btn brz-css-km_Ks brz-css-ueGdA brz-css-nbWds brz-css-bfKfT\" href=\"\/fr\/contact\/\" target=\"_self\" rel=\"noopener\" data-brz-link-type=\"external\" data-brz-custom-id=\"fipkugkdepexzleyvazhjphdrfqjpglyxbtg\"><span data-brz-translate-text=\"1\" class=\"brz-span brz-text__editor\">Contact<\/span><\/a><\/div>\n<\/div>\n<\/div>\n<\/div>\n<\/div>\n<\/div>\n<\/div>\n<\/div>\n<\/div>\n<\/div>\n<\/section>\n<section id=\"_plgyqgourfuifryosjmwtpdwqyepoosqxfct\" class=\"brz-section brz-css-uSeBS\">\n<div class=\"brz-section__content brz-section--boxed brz-css-nVUg7 brz-css-jwwzk\" data-brz-custom-id=\"pjwtqfdyjssjebbsehggyzdpundnqsexoxyk\">\n<div class=\"brz-bg\">\n<div class=\"brz-bg-color\"><\/div>\n<\/div>\n<div class=\"brz-container brz-css-sfYNe\">\n<div class=\"brz-row__container brz-css-gJDO4 brz-css-zU8oK\" data-brz-custom-id=\"satgexrwxxjuhhyegjdqttnolhzghimmugfb\">\n<div class=\"brz-bg\"><\/div>\n<div class=\"brz-row brz-css-bSa4p brz-css-lSatH\">\n<div class=\"brz-columns brz-css-bmynV brz-css-lnEPF\" data-brz-custom-id=\"ohecmcwxzorxetwshlxxchlbtzelbsemahhw\">\n<div class=\"brz-bg\"><\/div>\n<div class=\"brz-column__items brz-css-r0Ted brz-css-jQrH5\">\n<div id=\"\" class=\"brz-css-vFfAn brz-css-zEv3B brz-wrapper\">\n<div class=\"brz-rich-text brz-rich-text__custom brz-css-sGfIc\" data-brz-custom-id=\"ecqlpblgjpdsggmnoqfugrrsbzjbtcmvijgg\">\n<div data-brz-translate-text=\"1\">\n<h2 class=\"brz-tp-lg-heading2 brz-css-v54vJ\" data-generated-css=\"brz-css-jzzmx\" data-uniq-id=\"phsqz\"><strong class=\"brz-cp-color1\">C\u00e2lins pour chiens<\/strong><\/h2>\n<\/div>\n<\/div>\n<\/div>\n<div id=\"\" class=\"brz-css-vFfAn brz-css-kd64M brz-wrapper\">\n<div class=\"brz-spacer brz-css-tQbUF brz-css-ooCHs\"><\/div>\n<\/div>\n<div id=\"\" class=\"brz-css-vFfAn brz-css-pDZ7Z brz-wrapper\">\n<div class=\"brz-rich-text brz-rich-text__custom brz-css-sGfIc\" data-brz-custom-id=\"ucubtxkvspwxxjhnooxubkcrzbccrisjovjl\">\n<div data-brz-translate-text=\"1\">\n<p class=\"brz-tp-lg-paragraph brz-css-wHOCO\" data-generated-css=\"brz-css-mzrft\" data-uniq-id=\"rdfqg\"><span class=\"brz-cp-color7\" style=\"background-color: transparent;opacity: 1\">Les jouets en peluche sont parfaits pour les chiens qui aiment se faire c\u00e2liner et se sentir en s\u00e9curit\u00e9. Ces peluches sont id\u00e9ales pour dormir et peuvent procurer une sensation de confort et de s\u00e9curit\u00e9. Les jouets en peluche peuvent \u00e9galement \u00eatre une bonne distraction pour les chiens souffrant d&#039;anxi\u00e9t\u00e9 de s\u00e9paration, car ils peuvent se concentrer sur les c\u00e2lins et jouer avec leur jouet pr\u00e9f\u00e9r\u00e9.<\/span><\/p>\n<p class=\"brz-tp-lg-paragraph brz-css-ziges\" data-generated-css=\"brz-css-lxkyg\" data-uniq-id=\"cjbub\"><span class=\"brz-cp-color7\" style=\"background-color: transparent;opacity: 1\"> <\/span><\/p>\n<p class=\"brz-tp-lg-paragraph brz-css-h0z8s\" data-generated-css=\"brz-css-aeqbk\" data-uniq-id=\"aipug\"><span class=\"brz-cp-color7\" style=\"background-color: transparent;opacity: 1\">Lors du choix des jouets pour chiens, il est important de prendre en compte la taille et le comportement de jeu de votre chien. Assurez-vous que les jouets sont suffisamment grands pour \u00e9viter tout risque d&#039;\u00e9touffement et choisissez des jouets adapt\u00e9s \u00e0 la force de mastication et au niveau d&#039;activit\u00e9 de votre chien. <\/span><\/p>\n<p class=\"brz-tp-lg-paragraph brz-css-vlxLB\" data-generated-css=\"brz-css-aeqbk\" data-uniq-id=\"aipug\"><span class=\"brz-cp-color7\" style=\"background-color: transparent;opacity: 1\"> <\/span><\/p>\n<p class=\"brz-tp-lg-paragraph brz-css-rDwf9\" data-generated-css=\"brz-css-aeqbk\" data-uniq-id=\"aipug\"><span class=\"brz-cp-color7\" style=\"background-color: transparent;opacity: 1\">Les jouets pour chiens ne sont pas seulement amusants et divertissants, ils jouent \u00e9galement un r\u00f4le important dans la sant\u00e9 physique et mentale de votre chien.  <\/span><\/p>\n<\/div>\n<\/div>\n<\/div>\n<\/div>\n<\/div>\n<div class=\"brz-columns brz-css-bmynV brz-css-vmbKz\" data-brz-custom-id=\"nvmmlscvbmfadinldbymhsdznjeacbrnbfuy\">\n<div class=\"brz-bg\"><\/div>\n<div class=\"brz-column__items brz-css-r0Ted brz-css-lD2Q9\">\n<div id=\"\" class=\"brz-css-vFfAn brz-wrapper\">\n<div class=\"brz-image brz-css-rzAfg brz-css-l8vDF\" data-brz-custom-id=\"lvzyasltrdcyfemypotjnwgtoqfxtjitfnqn\"><img decoding=\"async\" class=\"brz-img\" src=\"https:\/\/dogpride.nl\/wp-content\/uploads\/brizy\/imgs\/NKR1E-2-453x453x0x0x453x408x1689851371.jpg\" alt=\"\" loading=\"lazy\"><\/div>\n<\/div>\n<\/div>\n<\/div>\n<\/div>\n<\/div>\n<\/div>\n<\/div>\n<\/section>\n<section id=\"_kljzyoffksjchvqldmoxaptsabjslwsdxgxc\" class=\"brz-section brz-css-uSeBS brz-css-rrgMT\">\n<div class=\"brz-section__content brz-section--boxed brz-css-nVUg7 brz-css-dxSOP\" data-brz-custom-id=\"oycieelptdkewotyrnowsfpscijzrcksmlnu\">\n<div class=\"brz-bg\">\n<div class=\"brz-bg-color\"><\/div>\n<\/div>\n<div class=\"brz-container brz-css-sfYNe\">\n<div class=\"brz-row__container brz-css-gJDO4\" data-brz-custom-id=\"zcxpjzipuojykrxvcucztpbyoeuyoqqqdkuv\">\n<div class=\"brz-bg\"><\/div>\n<div class=\"brz-row brz-css-bSa4p brz-css-lSatH\">\n<div class=\"brz-columns brz-css-bmynV brz-css-gYg7j\" data-brz-custom-id=\"aceulbessegmbnmthrkwpjxjjhwfareifkvq\">\n<div class=\"brz-bg\">\n<div class=\"brz-bg-image\"><\/div>\n<div class=\"brz-bg-color\"><\/div>\n<\/div>\n<div class=\"brz-column__items brz-css-r0Ted brz-css-gTxUI\">\n<div id=\"\" class=\"brz-css-vFfAn brz-css-oZWoh brz-wrapper\">\n<div class=\"brz-rich-text brz-rich-text__custom brz-css-sGfIc\" data-brz-custom-id=\"pbsicrjarefnflvadhvpyhvvxqadedezmkoc\">\n<div data-brz-translate-text=\"1\">\n<h3 data-uniq-id=\"rfotd\" data-generated-css=\"brz-css-npgzw\" class=\"brz-tp-lg-heading3 brz-css-yyBzk\"><span class=\"brz-cp-color8\">Vous pr\u00e9f\u00e9rez un contact personnel ? Nous sommes heureux de vous aider! <\/span><\/h3>\n<\/div>\n<\/div>\n<\/div>\n<div id=\"\" class=\"brz-css-vFfAn brz-css-kd64M brz-wrapper\">\n<div class=\"brz-spacer brz-css-tQbUF\"><\/div>\n<\/div>\n<div class=\"brz-wrapper-clone brz-css-lByzx brz-css-bHEvY\">\n<div class=\"brz-d-xs-flex brz-flex-xs-wrap brz-css-wHjBi brz-css-mIhV4\" data-brz-custom-id=\"\">\n<div class=\"brz-wrapper-clone__item\" id=\"qenycgczheonuetqdsiaeopfgoxneqomhiae\">\n<div class=\"brz-hover-animation__container\" data-brz-hover-animationid=\"gsebcaisaqrwocshuyherwfixhnjugboyuad\" data-brz-hover-options=\"%7B%22duration%22:600,%22iterations%22:1%7D\" data-brz-hover-reversible=\"true\" data-brz-hover-target=\"%22firstChild%22\"><a class=\"brz-a brz-btn brz-css-km_Ks brz-css-cxfUO brz-css-nbWds brz-css-sG6u2\" href=\"\/fr\/contact\/\" target=\"_self\" rel=\"noopener\" data-brz-link-type=\"external\" data-brz-custom-id=\"qenycgczheonuetqdsiaeopfgoxneqomhiae\"><span data-brz-translate-text=\"1\" class=\"brz-span brz-text__editor\">Contact<\/span><\/a><\/div>\n<\/div>\n<\/div>\n<\/div>\n<\/div>\n<\/div>\n<\/div>\n<\/div>\n<\/div>\n<\/div>\n<\/section>\n<\/div>\n<p>    <!-- version:1731947109 --><\/p>","protected":false},"excerpt":{"rendered":"<p>Hondenspeelgoed Hondenspeelgoed is een essentieel onderdeel van het leven van een hond. Het biedt niet alleen vermaak en plezier, maar speelgoed heeft ook verschillende voordelen voor de gezondheid en het welzijn van je trouwe viervoeter. Kauwspeelgoed Hondenspeelgoed komt in allerlei vormen, maten en materialen om aan de behoeften en voorkeuren van verschillende hondenrassen en speelstijlen [&hellip;]<\/p>\n","protected":false},"author":1036,"featured_media":111727,"parent":0,"menu_order":0,"comment_status":"closed","ping_status":"closed","template":"","meta":{"footnotes":""},"class_list":["post-111718","page","type-page","status-publish","has-post-thumbnail","hentry"],"blocksy_meta":[],"mb":[],"brizy_media":[{"id":111727,"url":"https:\/\/dogpride.nl\/wp-content\/uploads\/brizy\/111721\/assets\/images\/NKR1E-2.jpg","name":"NKR1E-2.jpg","meta":{"brizy_attachment_uid":"wp-ba06b7b25b00b4a8ae60ff7ae6984ada.jpg","brizy_post_uid":["1776e11fbb9f755a161b180a06153ad0"]}}],"mfb_rest_fields":["title","blocksy_meta","brizy_media"],"_links":{"self":[{"href":"https:\/\/dogpride.nl\/fr\/wp-json\/wp\/v2\/pages\/111718","targetHints":{"allow":["GET"]}}],"collection":[{"href":"https:\/\/dogpride.nl\/fr\/wp-json\/wp\/v2\/pages"}],"about":[{"href":"https:\/\/dogpride.nl\/fr\/wp-json\/wp\/v2\/types\/page"}],"author":[{"embeddable":true,"href":"https:\/\/dogpride.nl\/fr\/wp-json\/wp\/v2\/users\/1036"}],"replies":[{"embeddable":true,"href":"https:\/\/dogpride.nl\/fr\/wp-json\/wp\/v2\/comments?post=111718"}],"version-history":[{"count":0,"href":"https:\/\/dogpride.nl\/fr\/wp-json\/wp\/v2\/pages\/111718\/revisions"}],"wp:featuredmedia":[{"embeddable":true,"href":"https:\/\/dogpride.nl\/fr\/wp-json\/wp\/v2\/media\/111727"}],"wp:attachment":[{"href":"https:\/\/dogpride.nl\/fr\/wp-json\/wp\/v2\/media?parent=111718"}],"curies":[{"name":"wp","href":"https:\/\/api.w.org\/{rel}","templated":true}]}}