{"id":111644,"date":"2023-07-20T12:11:02","date_gmt":"2023-07-20T10:11:02","guid":{"rendered":"https:\/\/dogprideold.websitekeuze.nl\/?page_id=111644"},"modified":"2026-04-08T12:27:32","modified_gmt":"2026-04-08T10:27:32","slug":"klantenservice","status":"publish","type":"page","link":"https:\/\/dogpride.nl\/fr\/klantenservice\/","title":{"rendered":"Service Clients"},"content":{"rendered":"<div class=\"brz-root__container brz-reset-all brz\">\n<section id=\"_arpvlkgvrfzxjgyxfsztqmjccahfqhvthnfa\" class=\"brz-section brz-css-ogv8W\">\n<div class=\"brz-section__content brz-section--fullWidth brz-css-xwL1O brz-css-w7baT\" data-brz-custom-id=\"yesiympblwzzbunbnubzfrzocsjylyyqnmqz\">\n<div class=\"brz-bg\">\n<div class=\"brz-bg-image\"><\/div>\n<\/div>\n<div class=\"brz-container brz-css-c5q9o brz-css-aFRjs\">\n<div class=\"brz-row__container brz-css-dnfUg brz-css-am3vM\" data-brz-custom-id=\"bnglqzgusgrpengybxsxjoizdcqaxytqjtgk\">\n<div class=\"brz-bg\"><\/div>\n<div class=\"brz-row brz-css-xxSkg brz-css-nkfRt\">\n<div class=\"brz-columns brz-css-ljrdE brz-css-fl3xj\" data-brz-custom-id=\"xkkfijbfmidlkwxtfaqzcskklvazrahccgln\">\n<div class=\"brz-bg\"><\/div>\n<div class=\"brz-column__items brz-css-umnyi brz-css-kOMOR\">\n<div id=\"\" class=\"brz-css-cKA3h brz-css-jo8lX brz-wrapper\">\n<div class=\"brz-spacer brz-css-mGIEk brz-css-bh5hE\"><\/div>\n<\/div>\n<div id=\"\" class=\"brz-css-cKA3h brz-css-jo8lX brz-wrapper\">\n<div class=\"brz-spacer brz-css-mGIEk brz-css-p9Xr2\"><\/div>\n<\/div>\n<div id=\"\" class=\"brz-css-cKA3h brz-css-jo8lX brz-wrapper\">\n<div class=\"brz-spacer brz-css-mGIEk brz-css-t3t8G\"><\/div>\n<\/div>\n<\/div>\n<\/div>\n<\/div>\n<\/div>\n<\/div>\n<\/div>\n<\/section>\n<section id=\"_arphunmjdlzhqhynuyqwjdcxzhzjcybfwexk\" class=\"brz-section brz-css-ogv8W\">\n<div class=\"brz-section__content brz-section--boxed brz-css-xwL1O brz-css-t1Vdl\" data-brz-custom-id=\"kpgacxyzubtgxyihpauvonepvuivphlcxijb\">\n<div class=\"brz-bg\">\n<div class=\"brz-bg-image\"><\/div>\n<div class=\"brz-bg-color\"><\/div>\n<div class=\"brz-bg-shape brz-bg-shape__bottom\"><\/div>\n<\/div>\n<div class=\"brz-container brz-css-c5q9o\">\n<div class=\"brz-row__container brz-css-dnfUg brz-css-j_IZF\" data-brz-custom-id=\"wmujotqoubajrmlgzxuawhxuexuxowgzrgdy\">\n<div class=\"brz-bg\"><\/div>\n<div class=\"brz-row brz-css-xxSkg brz-css-rYpTk\">\n<div class=\"brz-columns brz-css-ljrdE brz-css-jRiGQ\" data-brz-custom-id=\"cujpnzmfaxukzmogvjfjkkvvwhtqfiluqrep\">\n<div class=\"brz-bg\">\n<div class=\"brz-bg-color\"><\/div>\n<\/div>\n<div class=\"brz-column__items brz-css-umnyi brz-css-oho8u\">\n<div id=\"\" class=\"brz-css-cKA3h brz-css-y_o6b brz-wrapper\">\n<div class=\"brz-rich-text brz-rich-text__custom brz-css-lLhZ4\" data-brz-custom-id=\"wghxblvnprofspbpnfvyxovjosozzmflygjg\">\n<div data-brz-translate-text=\"1\">\n<h2 class=\"brz-tp-lg-heading2 brz-css-hEfuF\" data-generated-css=\"brz-css-nhzym\" data-uniq-id=\"uphrw\"><span class=\"brz-cp-color1\">Service Clients <\/span><\/h2>\n<\/div>\n<\/div>\n<\/div>\n<\/div>\n<\/div>\n<\/div>\n<\/div>\n<\/div>\n<\/div>\n<\/section>\n<section id=\"_fiamvbcoilpojsmccfmjjkfngsujtfmemtqc\" class=\"brz-section brz-css-ogv8W\">\n<div class=\"brz-section__content brz-section--boxed brz-css-xwL1O brz-css-aNd2z\" data-brz-custom-id=\"dvfzjvedpmueltyjkhwgmbmyvgwgvzcobxet\">\n<div class=\"brz-bg\">\n<div class=\"brz-bg-color\"><\/div>\n<\/div>\n<div class=\"brz-container brz-css-c5q9o\">\n<div class=\"brz-row__container brz-css-dnfUg\" data-brz-custom-id=\"tiglleietwqnagtqsyxdqqmpumzqaplxhpjv\">\n<div class=\"brz-bg\"><\/div>\n<div class=\"brz-row brz-css-xxSkg brz-css-nkfRt\">\n<div class=\"brz-columns brz-css-ljrdE brz-css-loCzJ\" data-brz-custom-id=\"ctfzzmeysibohwmdittnorgipphgmimutcig\">\n<div class=\"brz-bg\"><\/div>\n<div class=\"brz-column__items brz-css-umnyi brz-css-c_lt_\">\n<div id=\"\" class=\"brz-css-cKA3h brz-wrapper\">\n<div class=\"brz-image brz-css-rA3n9 brz-css-pUDkD\" data-brz-custom-id=\"oajbocewyddyqvfzxrngzdrudhznzfepqepg\"><img decoding=\"async\" class=\"brz-img\" src=\"https:\/\/dogpride.nl\/wp-content\/uploads\/brizy\/imgs\/klantenservice-telefoon-882x489x260x0x450x489x1689722295.jpg\" alt=\"\" loading=\"lazy\"><\/div>\n<\/div>\n<\/div>\n<\/div>\n<div class=\"brz-columns brz-css-ljrdE brz-css-f2NVZ\" data-brz-custom-id=\"mqciuvitkzywehqdsyrbgfjbbumvbzwhzgju\">\n<div class=\"brz-bg\"><\/div>\n<div class=\"brz-column__items brz-css-umnyi brz-css-rYSfY\">\n<div id=\"\" class=\"brz-css-cKA3h brz-css-tLlqu brz-wrapper\">\n<div class=\"brz-rich-text brz-rich-text__custom brz-css-lLhZ4\" data-brz-custom-id=\"uhkxpveulsitzfnyvahqssxrtqrmwyxkzlau\">\n<div data-brz-translate-text=\"1\">\n<p class=\"brz-tp-lg-heading2 brz-css-hcWJT\" data-uniq-id=\"qlmtd\" data-generated-css=\"brz-css-otomd\"><span class=\"brz-cp-color1\">Service Clients<\/span><\/p>\n<\/div>\n<\/div>\n<\/div>\n<div id=\"\" class=\"brz-css-cKA3h brz-css-jo8lX brz-wrapper\">\n<div class=\"brz-spacer brz-css-mGIEk brz-css-pt9GP\"><\/div>\n<\/div>\n<div id=\"\" class=\"brz-css-cKA3h brz-css-lntx1 brz-wrapper\">\n<div class=\"brz-rich-text brz-rich-text__custom brz-css-lLhZ4\" data-brz-custom-id=\"iizhijnmrueiwrgzokfjqaqaxdixzihehfhl\">\n<div data-brz-translate-text=\"1\">\n<p class=\"brz-tp-lg-paragraph brz-css-oe_5J\" data-generated-css=\"brz-css-xopfo\" data-uniq-id=\"bwofk\"><span class=\"brz-cp-color7\">Vous pouvez contacter DOGPRIDE NL de diff\u00e9rentes mani\u00e8res pour discuter ou soumettre votre question ou votre probl\u00e8me. Nous vous r\u00e9pondrons dans les plus brefs d\u00e9lais.<\/span><\/p>\n<\/div>\n<\/div>\n<\/div>\n<div id=\"\" class=\"brz-css-cKA3h brz-css-jo8lX brz-wrapper\">\n<div class=\"brz-spacer brz-css-mGIEk brz-css-lb3kI\"><\/div>\n<\/div>\n<div id=\"\" class=\"brz-css-cKA3h brz-wrapper\">\n<div class=\"brz-icon-text brz-css-pvvS7\" data-brz-custom-id=\"zodbapsmvdwcujexoxmrvzismohtsjrehbwr\">\n<div class=\"brz-icon__container\" data-brz-custom-id=\"bmsvbayadocrkytxhyzkqkfeuzxvsihjsixa\">\n<div class=\"brz-hover-animation__container\" data-brz-hover-animationid=\"bmsvbayadocrkytxhyzkqkfeuzxvsihjsixa\" data-brz-hover-options=\"%7B%22duration%22:600,%22iterations%22:1%7D\" data-brz-hover-reversible=\"true\" data-brz-hover-target=\"%22firstChild%22\"><span class=\"brz-icon brz-span brz-css-ykgwZ brz-css-fnIej\"><\/span><\/div>\n<\/div>\n<div class=\"brz-text-btn\">\n<div class=\"brz-rich-text brz-rich-text__custom brz-css-lLhZ4\" data-brz-custom-id=\"pbjyykhloihcfslsfwbkaqkecadvrnboyysy\">\n<div data-brz-translate-text=\"1\">\n<p class=\"brz-tp-lg-paragraph brz-css-tYbBs\" data-generated-css=\"brz-css-ammzj\" data-uniq-id=\"sucmg\"><a class=\"link--external brz-cp-color7\" style=\"opacity: 1\" href=\"mailto:klantenservice@dogpride.nl\" data-brz-link-type=\"external\">klantenservice@dogpride.nl<\/a><\/p>\n<\/div>\n<\/div>\n<\/div>\n<\/div>\n<\/div>\n<div id=\"\" class=\"brz-css-cKA3h brz-wrapper\">\n<div class=\"brz-icon-text brz-css-pvvS7\" data-brz-custom-id=\"ermechdetgxzknisvvryqxqhugrirfyixind\">\n<div class=\"brz-icon__container\" data-brz-custom-id=\"imlufbuavtqjyeghrxzgiwiixkwxbqpbcndt\">\n<div class=\"brz-hover-animation__container\" data-brz-hover-animationid=\"imlufbuavtqjyeghrxzgiwiixkwxbqpbcndt\" data-brz-hover-options=\"%7B%22duration%22:600,%22iterations%22:1%7D\" data-brz-hover-reversible=\"true\" data-brz-hover-target=\"%22firstChild%22\"><span class=\"brz-icon brz-span brz-css-ykgwZ brz-css-tFU04\"><\/span><\/div>\n<\/div>\n<div class=\"brz-text-btn\">\n<div class=\"brz-rich-text brz-rich-text__custom brz-css-lLhZ4\" data-brz-custom-id=\"bwgecusngectpyiikgodneeqxwwthuywrrxt\">\n<div data-brz-translate-text=\"1\">\n<p class=\"brz-tp-lg-paragraph brz-css-eXe2w\" data-uniq-id=\"stvsh\" data-generated-css=\"brz-css-ieixv\"><a class=\"link--external brz-cp-color7\" href=\"tel:+31315655930\" data-brz-link-type=\"external\">+31 (0)31 56 55 930<\/a><span class=\"brz-cp-color7\"> \/ <\/span><a class=\"link--external brz-cp-color7\" href=\"tel:+31638147051\" data-brz-link-type=\"external\">+31(0)6 38 14 70 51<\/a><\/p>\n<\/div>\n<\/div>\n<\/div>\n<\/div>\n<\/div>\n<div id=\"\" class=\"brz-css-cKA3h brz-wrapper\">\n<div class=\"brz-icon-text brz-css-pvvS7\" data-brz-custom-id=\"wvfiqyruquskiplvddgpzkafjtgjsnvqsuxc\">\n<div class=\"brz-icon__container\" data-brz-custom-id=\"qaepjsmwzdaxkjwsbexanerjnfuoafsnsxlj\">\n<div class=\"brz-hover-animation__container\" data-brz-hover-animationid=\"qaepjsmwzdaxkjwsbexanerjnfuoafsnsxlj\" data-brz-hover-options=\"%7B%22duration%22:600,%22iterations%22:1%7D\" data-brz-hover-reversible=\"true\" data-brz-hover-target=\"%22firstChild%22\"><span class=\"brz-icon brz-span brz-css-ykgwZ brz-css-fj2io\"><\/span><\/div>\n<\/div>\n<div class=\"brz-text-btn\">\n<div class=\"brz-rich-text brz-rich-text__custom brz-css-lLhZ4\" data-brz-custom-id=\"avnxjmmogetfdowgdqgdpwuwjdketnslzlja\">\n<div data-brz-translate-text=\"1\">\n<p class=\"brz-tp-lg-paragraph brz-css-rgiT5\" data-uniq-id=\"cacxw\" data-generated-css=\"brz-css-bgadu\"><span class=\"brz-cp-color7\">Bourg. Haverkampstraat 2<\/span><\/p>\n<p class=\"brz-tp-lg-paragraph brz-css-cMXtQ\" data-uniq-id=\"hvfhc\" data-generated-css=\"brz-css-cjwxt\"><span class=\"brz-cp-color7\">7091CP Dinxperlo (NL)<\/span><\/p>\n<\/div>\n<\/div>\n<\/div>\n<\/div>\n<\/div>\n<div id=\"\" class=\"brz-css-cKA3h brz-css-jo8lX brz-wrapper\">\n<div class=\"brz-spacer brz-css-mGIEk brz-css-z9UEw\"><\/div>\n<\/div>\n<div class=\"brz-wrapper-clone brz-css-eFEWL brz-css-tDYjy\">\n<div class=\"brz-d-xs-flex brz-flex-xs-wrap brz-css-gGMZY brz-css-kIiVq\" data-brz-custom-id=\"\">\n<div class=\"brz-wrapper-clone__item\" id=\"yoygdgqpbfixdjfnstobpifsywogvyulyolt\">\n<div class=\"brz-hover-animation__container\" data-brz-hover-animationid=\"vmosorhxtajctkfvezjuihzocsvzgtqdrtkq\" data-brz-hover-options=\"%7B%22duration%22:600,%22iterations%22:1%7D\" data-brz-hover-reversible=\"true\" data-brz-hover-target=\"%22firstChild%22\"><a class=\"brz-a brz-btn brz-css-oDfJJ brz-css-el8TS brz-css-wKpxn brz-css-dEDqG\" href=\"\" target=\"_self\" rel=\"noopener\" data-brz-link-type=\"external\" data-brz-custom-id=\"yoygdgqpbfixdjfnstobpifsywogvyulyolt\"><span data-brz-translate-text=\"1\" class=\"brz-span brz-text__editor\">Lire la suite<\/span><\/a><\/div>\n<\/div>\n<\/div>\n<\/div>\n<\/div>\n<\/div>\n<\/div>\n<\/div>\n<\/div>\n<\/div>\n<\/section>\n<section id=\"_ndgeikokyobvvmqpoxxxbmlctcdofykblocn\" class=\"brz-section brz-css-ogv8W\">\n<div class=\"brz-section__content brz-section--boxed brz-css-xwL1O brz-css-kiMo8\" data-brz-custom-id=\"jcoolgtukugtlnlouimzzkwdbqzhqobckhwn\">\n<div class=\"brz-bg\">\n<div class=\"brz-bg-color\"><\/div>\n<\/div>\n<div class=\"brz-container brz-css-c5q9o\">\n<div class=\"brz-row__container brz-css-dnfUg brz-css-s0zMt\" data-brz-custom-id=\"xjsnyytflmrtlcazlnwnaoxxllceocmczidx\">\n<div class=\"brz-bg\"><\/div>\n<div class=\"brz-row brz-css-xxSkg brz-css-nkfRt\">\n<div class=\"brz-columns brz-css-ljrdE brz-css-pMLEA\" data-brz-custom-id=\"cqioukmcwxmhwifnfclwzzdypzsqrffaftgr\">\n<div class=\"brz-bg\"><\/div>\n<div class=\"brz-column__items brz-css-umnyi brz-css-wbgRj\">\n<div id=\"\" class=\"brz-css-cKA3h brz-css-u2obs brz-wrapper\">\n<div class=\"brz-rich-text brz-rich-text__custom brz-css-lLhZ4\" data-brz-custom-id=\"tnksuimjgyjcjwqmohvtardjwcmwhpkqhksd\">\n<div data-brz-translate-text=\"1\">\n<p class=\"brz-tp-lg-paragraph brz-css-ehEyt\" data-uniq-id=\"mixci\" data-generated-css=\"brz-css-baqqk\"><span class=\"brz-cp-color7\">Num\u00e9ro de chambre de commerce : 74978543<\/span><\/p>\n<p class=\"brz-tp-lg-paragraph brz-css-jCj3c\" data-uniq-id=\"cousz\" data-generated-css=\"brz-css-dpwsw\"><span class=\"brz-cp-color7\">Num\u00e9ro de TVA : NL001864990B43<\/span><\/p>\n<p class=\"brz-tp-lg-paragraph brz-css-kI6cT\" data-uniq-id=\"lqjpj\" data-generated-css=\"brz-css-lthnx\"><span class=\"brz-cp-color7\">Banque (ING):NL96INGB0009348025<\/span><\/p>\n<\/div>\n<\/div>\n<\/div>\n<div class=\"brz-wrapper-clone brz-css-eFEWL\">\n<div class=\"brz-d-xs-flex brz-flex-xs-wrap brz-css-gGMZY brz-css-zt4tl\" data-brz-custom-id=\"\">\n<div class=\"brz-wrapper-clone__item\" id=\"lbrqrsfvagpcrxlzhuambjpxizrxdzpunzkw\">\n<div class=\"brz-icon__container\" data-brz-custom-id=\"lbrqrsfvagpcrxlzhuambjpxizrxdzpunzkw\">\n<div class=\"brz-hover-animation__container\" data-brz-hover-animationid=\"excjxpendihxikglanyzypdtaksgenlfxvgp\" data-brz-hover-options=\"%7B%22duration%22:600,%22iterations%22:1%7D\" data-brz-hover-reversible=\"true\" data-brz-hover-target=\"%22firstChild%22\"><a class=\"brz-a\" href=\"https:\/\/www.facebook.com\/dogpride.nl\/?locale=nl_NL\" target=\"_self\" rel=\"noopener\" data-brz-link-type=\"external\"><span class=\"brz-icon brz-span brz-css-ykgwZ brz-css-w0SvT\"><\/span><\/a><\/div>\n<\/div>\n<\/div>\n<div class=\"brz-wrapper-clone__item\" id=\"cskuarmytainmjxvbdjgsouhihvrcepbnyxz\">\n<div class=\"brz-icon__container\" data-brz-custom-id=\"cskuarmytainmjxvbdjgsouhihvrcepbnyxz\">\n<div class=\"brz-hover-animation__container\" data-brz-hover-animationid=\"excjxpendihxikglanyzypdtaksgenlfxvgp\" data-brz-hover-options=\"%7B%22duration%22:600,%22iterations%22:1%7D\" data-brz-hover-reversible=\"true\" data-brz-hover-target=\"%22firstChild%22\"><a class=\"brz-a\" href=\"https:\/\/www.instagram.com\/dogpride.nl\/\" target=\"_self\" rel=\"noopener\" data-brz-link-type=\"external\"><span class=\"brz-icon brz-span brz-css-ykgwZ brz-css-yHgle\"><\/span><\/a><\/div>\n<\/div>\n<\/div>\n<div class=\"brz-wrapper-clone__item\" id=\"qdfszhxiglxxywduiynflurqqqpdgbvaqnfu\">\n<div class=\"brz-icon__container\" data-brz-custom-id=\"qdfszhxiglxxywduiynflurqqqpdgbvaqnfu\">\n<div class=\"brz-hover-animation__container\" data-brz-hover-animationid=\"excjxpendihxikglanyzypdtaksgenlfxvgp\" data-brz-hover-options=\"%7B%22duration%22:600,%22iterations%22:1%7D\" data-brz-hover-reversible=\"true\" data-brz-hover-target=\"%22firstChild%22\"><a class=\"brz-a\" href=\"https:\/\/nl.linkedin.com\/in\/dogpride-nl-73b54218b\" target=\"_self\" rel=\"noopener\" data-brz-link-type=\"external\"><span class=\"brz-icon brz-span brz-css-ykgwZ brz-css-kqtd5\"><\/span><\/a><\/div>\n<\/div>\n<\/div>\n<\/div>\n<\/div>\n<\/div>\n<\/div>\n<div class=\"brz-columns brz-css-ljrdE brz-css-cyryv\" data-brz-custom-id=\"sedlpsdzeybgslxojyfcchwxienmoxjqyuec\">\n<div class=\"brz-bg\"><\/div>\n<div class=\"brz-column__items brz-css-umnyi brz-css-rpx5t\">\n<div id=\"\" class=\"brz-css-cKA3h brz-wrapper\">\n<div class=\"brz-image brz-css-cqIzG brz-css-euOGe\" data-brz-custom-id=\"jjsvalocujggkqdzvuqezkuhinksvgpswiap\"><img decoding=\"async\" class=\"brz-img\" src=\"https:\/\/dogpride.nl\/wp-content\/uploads\/brizy\/imgs\/Duitse-jachtterrier-Depositphotos_19208957_S-1200x675-1-725x408x208x0x453x408x1689722295.jpg\" alt=\"\" loading=\"lazy\"><\/div>\n<\/div>\n<\/div>\n<\/div>\n<\/div>\n<\/div>\n<\/div>\n<\/div>\n<\/section>\n<section id=\"_xzzhnoggqaqplgbycbzjcnigbqknkjmubzwl\" class=\"brz-section brz-css-ogv8W\">\n<div class=\"brz-section__content brz-section--boxed brz-css-xwL1O\" data-brz-custom-id=\"adccnhrauxadtnccbxwbaqqdogddechiokmu\">\n<div class=\"brz-container brz-css-c5q9o\">\n<div id=\"\" class=\"brz-css-cKA3h brz-wrapper\">\n<div class=\"brz-map brz-map_styles brz-css-mSEp_\" data-brz-custom-id=\"wiyrpxahnxwoayltswqqekbwnfuinhvqfqhp\">\n<div class=\"brz-ui-ed-map-content\"><\/div>\n<\/div>\n<\/div>\n<\/div>\n<\/div>\n<\/section>\n<section id=\"_chldficbrdjjqhjndiklxpvrnvtcmgrpvkmr\" class=\"brz-section brz-css-ogv8W brz-css-pI3Cz\">\n<div class=\"brz-section__content brz-section--boxed brz-css-xwL1O brz-css-lnwuw\" data-brz-custom-id=\"nwqekmigcsvsyzlvmzpkzoihlfgqyymomczw\">\n<div class=\"brz-bg\">\n<div class=\"brz-bg-color\"><\/div>\n<\/div>\n<div class=\"brz-container brz-css-c5q9o\">\n<div class=\"brz-row__container brz-css-dnfUg\" data-brz-custom-id=\"uhcevwufahzymiweehhydxzoykflmisblxwh\">\n<div class=\"brz-bg\"><\/div>\n<div class=\"brz-row brz-css-xxSkg brz-css-nkfRt\">\n<div class=\"brz-columns brz-css-ljrdE brz-css-xZRbx\" data-brz-custom-id=\"yflzamgiaklfazjcwmetfnllgqrsejptiuit\">\n<div class=\"brz-bg\">\n<div class=\"brz-bg-image\"><\/div>\n<div class=\"brz-bg-color\"><\/div>\n<\/div>\n<div class=\"brz-column__items brz-css-umnyi brz-css-t6e89\">\n<div id=\"\" class=\"brz-css-cKA3h brz-css-n7LMv brz-wrapper\">\n<div class=\"brz-rich-text brz-rich-text__custom brz-css-lLhZ4\" data-brz-custom-id=\"mfdmvwsiekqhqwhmigjqbrjjqfkmmsrlpkyu\">\n<div data-brz-translate-text=\"1\">\n<h3 data-uniq-id=\"rfotd\" data-generated-css=\"brz-css-npgzw\" class=\"brz-tp-lg-heading3 brz-css-l4Grb\"><span class=\"brz-cp-color8\">Vous pr\u00e9f\u00e9rez un contact personnel ? Nous sommes heureux de vous aider! <\/span><\/h3>\n<\/div>\n<\/div>\n<\/div>\n<div id=\"\" class=\"brz-css-cKA3h brz-css-jo8lX brz-wrapper\">\n<div class=\"brz-spacer brz-css-mGIEk\"><\/div>\n<\/div>\n<div class=\"brz-wrapper-clone brz-css-eFEWL brz-css-ubtTs\">\n<div class=\"brz-d-xs-flex brz-flex-xs-wrap brz-css-gGMZY brz-css-w9RhR\" data-brz-custom-id=\"\">\n<div class=\"brz-wrapper-clone__item\" id=\"hoksebfyqyymdvswjjytsyoybkttrxyjmsmv\">\n<div class=\"brz-hover-animation__container\" data-brz-hover-animationid=\"fzbnwlwqcwkzlwxfnlesamostrugqsjmeuyq\" data-brz-hover-options=\"%7B%22duration%22:600,%22iterations%22:1%7D\" data-brz-hover-reversible=\"true\" data-brz-hover-target=\"%22firstChild%22\"><a class=\"brz-a brz-btn brz-css-oDfJJ brz-css-rKbFq brz-css-wKpxn brz-css-w0pez\" href=\"\" target=\"_self\" rel=\"noopener\" data-brz-link-type=\"external\" data-brz-custom-id=\"hoksebfyqyymdvswjjytsyoybkttrxyjmsmv\"><span data-brz-translate-text=\"1\" class=\"brz-span brz-text__editor\">Contact<\/span><\/a><\/div>\n<\/div>\n<\/div>\n<\/div>\n<\/div>\n<\/div>\n<\/div>\n<\/div>\n<\/div>\n<\/div>\n<\/section>\n<\/div>\n<p>    <!-- version:1731957338 --><\/p>","protected":false},"excerpt":{"rendered":"<p>Klantenservice Klantenservice U kunt DOGPRIDE NL op verschillende manieren bereiken om uw vraag of probleem te bespreken of voor te leggen. Wij zullen u zo snel mogelijk antwoord geven. klantenservice@dogpride.nl +31 (0)31 56 55 930 \/ +31(0)6 38 14 70 51 Burg. Haverkampstraat 2 7091CP Dinxperlo (NL) Verder lezen KvK-nummer: 74978543 Btw-nummer:NL001864990B43 Bank (ING):NL96INGB0009348025 Liever [&hellip;]<\/p>\n","protected":false},"author":1036,"featured_media":111449,"parent":0,"menu_order":0,"comment_status":"closed","ping_status":"closed","template":"","meta":{"footnotes":""},"class_list":["post-111644","page","type-page","status-publish","has-post-thumbnail","hentry"],"blocksy_meta":[],"mb":[],"brizy_media":[{"id":111449,"url":"https:\/\/dogpride.nl\/wp-content\/uploads\/klantenservice-telefoon-882x489x260x0x450x489x1684740552.jpg","name":"klantenservice-telefoon-882x489x260x0x450x489x1684740552.jpg","meta":{"brizy_attachment_uid":"wp-67fcf377e1c5b893f7c6cf61a85eca30.jpg","brizy_post_uid":["cfe99fe41de6b006cdca8806390ea357"]}},{"id":112224,"url":"https:\/\/dogpride.nl\/wp-content\/uploads\/s1152x864_86447bc0efdce9c8829af3492151507bace74830-1.jpg","name":"s1152x864_86447bc0efdce9c8829af3492151507bace74830-1.jpg","meta":{"brizy_attachment_uid":"wp-4ac0b4288d964250e171b467f7ba9f54.jpg","brizy_post_uid":["cfe99fe41de6b006cdca8806390ea357"]}}],"mfb_rest_fields":["title","blocksy_meta","brizy_media"],"_links":{"self":[{"href":"https:\/\/dogpride.nl\/fr\/wp-json\/wp\/v2\/pages\/111644","targetHints":{"allow":["GET"]}}],"collection":[{"href":"https:\/\/dogpride.nl\/fr\/wp-json\/wp\/v2\/pages"}],"about":[{"href":"https:\/\/dogpride.nl\/fr\/wp-json\/wp\/v2\/types\/page"}],"author":[{"embeddable":true,"href":"https:\/\/dogpride.nl\/fr\/wp-json\/wp\/v2\/users\/1036"}],"replies":[{"embeddable":true,"href":"https:\/\/dogpride.nl\/fr\/wp-json\/wp\/v2\/comments?post=111644"}],"version-history":[{"count":0,"href":"https:\/\/dogpride.nl\/fr\/wp-json\/wp\/v2\/pages\/111644\/revisions"}],"wp:featuredmedia":[{"embeddable":true,"href":"https:\/\/dogpride.nl\/fr\/wp-json\/wp\/v2\/media\/111449"}],"wp:attachment":[{"href":"https:\/\/dogpride.nl\/fr\/wp-json\/wp\/v2\/media?parent=111644"}],"curies":[{"name":"wp","href":"https:\/\/api.w.org\/{rel}","templated":true}]}}