{"id":111587,"date":"2023-07-20T11:54:21","date_gmt":"2023-07-20T09:54:21","guid":{"rendered":"https:\/\/dogprideold.websitekeuze.nl\/?page_id=111587"},"modified":"2026-04-08T11:54:04","modified_gmt":"2026-04-08T09:54:04","slug":"hondensportprijzen","status":"publish","type":"page","link":"https:\/\/dogpride.nl\/fr\/hondensportprijzen\/","title":{"rendered":"R\u00e9compenses du sport canin"},"content":{"rendered":"<div class=\"brz-root__container brz-reset-all brz\">\n<section id=\"_hjpsquqnbyxhwxpgqlkdkcwrbqvhohuoieix\" class=\"brz-section brz-css-sp3pJ\">\n<div class=\"brz-section__content brz-section--fullWidth brz-css-cVd8l brz-css-hPtZG\" data-brz-custom-id=\"qsebnqcqzvvtmxgtmejrgxiaxvpxdvhygqxv\">\n<div class=\"brz-bg\">\n<div class=\"brz-bg-image\"><\/div>\n<\/div>\n<div class=\"brz-container brz-css-s2ayb brz-css-iBQ9A\">\n<div class=\"brz-row__container brz-css-by91L brz-css-bRJZl\" data-brz-custom-id=\"nratcpygnwcomtooagwwqyokgnpkjhhzehmn\">\n<div class=\"brz-bg\"><\/div>\n<div class=\"brz-row brz-css-ebkLc brz-css-ax7nj\">\n<div class=\"brz-columns brz-css-dmG1j brz-css-nAAX2\" data-brz-custom-id=\"owjzibkvreycjpzrbjjvysmjcbhxrtwidhsr\">\n<div class=\"brz-bg\"><\/div>\n<div class=\"brz-column__items brz-css-buDcn brz-css-hJy6Q\">\n<div id=\"\" class=\"brz-css-rvHHM brz-css-vy9Q9 brz-wrapper\">\n<div class=\"brz-spacer brz-css-eKjdA brz-css-qZAP0\"><\/div>\n<\/div>\n<div id=\"\" class=\"brz-css-rvHHM brz-css-vy9Q9 brz-wrapper\">\n<div class=\"brz-spacer brz-css-eKjdA brz-css-mlaNz\"><\/div>\n<\/div>\n<div id=\"\" class=\"brz-css-rvHHM brz-css-vy9Q9 brz-wrapper\">\n<div class=\"brz-spacer brz-css-eKjdA brz-css-pep5h\"><\/div>\n<\/div>\n<\/div>\n<\/div>\n<\/div>\n<\/div>\n<\/div>\n<\/div>\n<\/section>\n<section id=\"_fupwlwholujihlfrfmexugmjmlgpkauinsrj\" class=\"brz-section brz-css-sp3pJ\">\n<div class=\"brz-section__content brz-section--boxed brz-css-cVd8l brz-css-q8LP6\" data-brz-custom-id=\"feotdjvvmsiexzwcmknmxebobuinujhuribw\">\n<div class=\"brz-bg\">\n<div class=\"brz-bg-image\"><\/div>\n<div class=\"brz-bg-color\"><\/div>\n<div class=\"brz-bg-shape brz-bg-shape__bottom\"><\/div>\n<\/div>\n<div class=\"brz-container brz-css-s2ayb\">\n<div class=\"brz-row__container brz-css-by91L brz-css-nuTTm\" data-brz-custom-id=\"loyzljtdxakjtkjjojrvogsmdmigzyuidbuc\">\n<div class=\"brz-bg\"><\/div>\n<div class=\"brz-row brz-css-ebkLc brz-css-r2o1K\">\n<div class=\"brz-columns brz-css-dmG1j brz-css-m1ZpB\" data-brz-custom-id=\"cxpblirddrxnlprpdcomoneafrqujkukpmyd\">\n<div class=\"brz-bg\">\n<div class=\"brz-bg-color\"><\/div>\n<\/div>\n<div class=\"brz-column__items brz-css-buDcn brz-css-t6say\">\n<div id=\"\" class=\"brz-css-rvHHM brz-css-d1KZr brz-wrapper\">\n<div class=\"brz-rich-text brz-rich-text__custom brz-css-bWYRc\" data-brz-custom-id=\"axhtucggsucddepkfarhfvqjzgyatrkjkwyj\">\n<div data-brz-translate-text=\"1\">\n<h1 class=\"brz-tp-lg-heading2 brz-css-jbIsr\" data-uniq-id=\"koubs\" data-generated-css=\"brz-css-uaojd\"><strong class=\"brz-cp-color1\">R\u00e9compenses du sport canin<\/strong><\/h1>\n<\/div>\n<\/div>\n<\/div>\n<div id=\"\" class=\"brz-css-rvHHM brz-css-vy9Q9 brz-wrapper\">\n<div class=\"brz-spacer brz-css-eKjdA brz-css-uMMZg\"><\/div>\n<\/div>\n<div id=\"\" class=\"brz-css-rvHHM brz-css-s_BC8 brz-wrapper\">\n<div class=\"brz-rich-text brz-rich-text__custom brz-css-bWYRc\" data-brz-custom-id=\"bsuxyorsvluqrxifglpjzsxaeourpxbggqqh\">\n<div data-brz-translate-text=\"1\">\n<p class=\"brz-tp-lg-paragraph brz-css-gsKIs\" data-uniq-id=\"zyqnl\" data-generated-css=\"brz-css-fhqsj\"><span class=\"brz-cp-color7\">Les prix du sport canin existent pour reconna\u00eetre et r\u00e9compenser les r\u00e9alisations et le succ\u00e8s des chiens dans divers sports canins. Que ce soit en IGP, KNPV, Modioring, agility, ob\u00e9issance, flyball, expositions canines ou autres sports canins, des prix sont d\u00e9cern\u00e9s aux chiens et \u00e0 leurs ma\u00eetres qui excellent dans leur domaine. <\/span><\/p>\n<\/div>\n<\/div>\n<\/div>\n<\/div>\n<\/div>\n<\/div>\n<\/div>\n<\/div>\n<\/div>\n<\/section>\n<section id=\"_mptrboslsopuybbwwudiaiwhdznoaewzuvmd\" class=\"brz-section brz-css-sp3pJ\">\n<div class=\"brz-section__content brz-section--boxed brz-css-cVd8l brz-css-qaXgQ\" data-brz-custom-id=\"huheeegvescsinlergqrarzbmvvbvibbevmu\">\n<div class=\"brz-bg\">\n<div class=\"brz-bg-color\"><\/div>\n<\/div>\n<div class=\"brz-container brz-css-s2ayb\">\n<div class=\"brz-row__container brz-css-by91L\" data-brz-custom-id=\"ordhtcmjvluacrudpnxyylfzxndwhwkvbmch\">\n<div class=\"brz-bg\"><\/div>\n<div class=\"brz-row brz-css-ebkLc brz-css-ax7nj\">\n<div class=\"brz-columns brz-css-dmG1j brz-css-gjo3D\" data-brz-custom-id=\"semizyklyrgenfvekfbwixfyzmshrpzmgifj\">\n<div class=\"brz-bg\"><\/div>\n<div class=\"brz-column__items brz-css-buDcn brz-css-vBqMF\">\n<div id=\"\" class=\"brz-css-rvHHM brz-wrapper\">\n<div class=\"brz-image brz-css-nlSoI brz-css-qA_tc\" data-brz-custom-id=\"sgdesuxasavzowwhxpbpxwhvrlzdesbvqgdm\"><img decoding=\"async\" class=\"brz-img\" src=\"https:\/\/dogpride.nl\/wp-content\/uploads\/brizy\/imgs\/beker-goudkleur-2-489x489x0x0x450x489x1689846981.png\" alt=\"\" loading=\"lazy\"><\/div>\n<\/div>\n<\/div>\n<\/div>\n<div class=\"brz-columns brz-css-dmG1j brz-css-xrLvH\" data-brz-custom-id=\"hmdvzccemcpbbojtpsllouuidlvnnxlhmlax\">\n<div class=\"brz-bg\"><\/div>\n<div class=\"brz-column__items brz-css-buDcn brz-css-c_L9z\">\n<div id=\"\" class=\"brz-css-rvHHM brz-css-xQXoJ brz-wrapper\">\n<div class=\"brz-rich-text brz-rich-text__custom brz-css-bWYRc\" data-brz-custom-id=\"effvwqbheqyfvtksjasqqhpbprdcojvizauu\">\n<div data-brz-translate-text=\"1\">\n<h2 class=\"brz-tp-lg-heading2 brz-css-wviqO\" data-uniq-id=\"uxdpn\" data-generated-css=\"brz-css-oppyv\"><strong class=\"brz-cp-color1\">Conception et mat\u00e9riaux<\/strong><\/h2>\n<\/div>\n<\/div>\n<\/div>\n<div id=\"\" class=\"brz-css-rvHHM brz-css-vy9Q9 brz-wrapper\">\n<div class=\"brz-spacer brz-css-eKjdA brz-css-yz1QY\"><\/div>\n<\/div>\n<div id=\"\" class=\"brz-css-rvHHM brz-css-lNTZO brz-wrapper\">\n<div class=\"brz-rich-text brz-rich-text__custom brz-css-bWYRc\" data-brz-custom-id=\"jrefpnuimohkdbpwzhxageatntxzvbyfzbwn\">\n<div data-brz-translate-text=\"1\">\n<p class=\"brz-tp-lg-paragraph brz-css-vqE_Y\" data-generated-css=\"brz-css-zyumo\" data-uniq-id=\"zwsuk\"><span class=\"brz-cp-color7\">Les r\u00e9compenses de sport canin varient en forme, en taille et en design, mais ont souvent une valeur symbolique. Les troph\u00e9es sont un choix populaire en tant que r\u00e9compenses de sport canin. Ils sont g\u00e9n\u00e9ralement fabriqu\u00e9s \u00e0 partir de mat\u00e9riaux de haute qualit\u00e9, tels que le m\u00e9tal ou le cristal, et comportent souvent une gravure du nom du chien, de son ma\u00eetre, de son sport et de sa r\u00e9ussite. Les troph\u00e9es peuvent prendre diverses formes telles que des coupes, des m\u00e9dailles, des statues ou des plaques.<\/span><\/p>\n<\/div>\n<\/div>\n<\/div>\n<div id=\"\" class=\"brz-css-rvHHM brz-css-vy9Q9 brz-wrapper\">\n<div class=\"brz-spacer brz-css-eKjdA brz-css-usbCV\"><\/div>\n<\/div>\n<div class=\"brz-wrapper-clone brz-css-nH_W3 brz-css-omWr7\">\n<div class=\"brz-d-xs-flex brz-flex-xs-wrap brz-css-h3zjH brz-css-rhK7A\" data-brz-custom-id=\"\">\n<div class=\"brz-wrapper-clone__item\" id=\"loqiuvstppfgauviedvlyhulsdczmauyhawm\">\n<div class=\"brz-hover-animation__container\" data-brz-hover-animationid=\"piquxkpwlbmdvujskagwmjvqllnierdqihpr\" data-brz-hover-options=\"%7B%22duration%22:600,%22iterations%22:1%7D\" data-brz-hover-reversible=\"true\" data-brz-hover-target=\"%22firstChild%22\"><a class=\"brz-a brz-btn brz-css-hjUmy brz-css-u6SaP brz-css-sbSS_ brz-css-swrxd\" href=\"\/fr\/contact\/\" target=\"_self\" rel=\"noopener\" data-brz-link-type=\"external\" data-brz-custom-id=\"loqiuvstppfgauviedvlyhulsdczmauyhawm\"><span data-brz-translate-text=\"1\" class=\"brz-span brz-text__editor\">Contact<\/span><\/a><\/div>\n<\/div>\n<\/div>\n<\/div>\n<\/div>\n<\/div>\n<\/div>\n<\/div>\n<\/div>\n<\/div>\n<\/section>\n<section id=\"_rkgwemypvsokngaihvyvqubgjlkzhzsspydu\" class=\"brz-section brz-css-sp3pJ\">\n<div class=\"brz-section__content brz-section--boxed brz-css-cVd8l brz-css-yIZ52\" data-brz-custom-id=\"ayarwwivwccyzwpuvbrfvgfaputbuzhrinah\">\n<div class=\"brz-bg\">\n<div class=\"brz-bg-color\"><\/div>\n<\/div>\n<div class=\"brz-container brz-css-s2ayb\">\n<div class=\"brz-row__container brz-css-by91L brz-css-dg5Ea\" data-brz-custom-id=\"jssgktqcbwcpmalmwrswueixcdbuelenhreg\">\n<div class=\"brz-bg\"><\/div>\n<div class=\"brz-row brz-css-ebkLc brz-css-ax7nj\">\n<div class=\"brz-columns brz-css-dmG1j brz-css-c6qT9\" data-brz-custom-id=\"msuylcnopgodpdgcnuadhhcunpvxcrklszwq\">\n<div class=\"brz-bg\"><\/div>\n<div class=\"brz-column__items brz-css-buDcn brz-css-wQmhm\">\n<div id=\"\" class=\"brz-css-rvHHM brz-css-gqMLq brz-wrapper\">\n<div class=\"brz-rich-text brz-rich-text__custom brz-css-bWYRc\" data-brz-custom-id=\"urvhwvsmaewzfjlvaulkbnfdhsfftjbunkut\">\n<div data-brz-translate-text=\"1\">\n<p class=\"brz-tp-lg-heading2 brz-css-cZOyQ\" data-generated-css=\"brz-css-klczh\" data-uniq-id=\"ishbe\"><strong class=\"brz-cp-color1\">Diverses sortes<\/strong><\/p>\n<h2 class=\"brz-tp-lg-heading2 brz-css-j7bom\" data-generated-css=\"brz-css-mrzlf\" data-uniq-id=\"fqrfe\"><strong class=\"brz-cp-color1\">r\u00e9compenses sportives<\/strong><\/h2>\n<\/div>\n<\/div>\n<\/div>\n<div id=\"\" class=\"brz-css-rvHHM brz-css-vy9Q9 brz-wrapper\">\n<div class=\"brz-spacer brz-css-eKjdA brz-css-w0_uu\"><\/div>\n<\/div>\n<div id=\"\" class=\"brz-css-rvHHM brz-css-aeAPY brz-wrapper\">\n<div class=\"brz-rich-text brz-rich-text__custom brz-css-bWYRc\" data-brz-custom-id=\"dwrdmxxgsobjeqceuehntcqqunlmfoopotxf\">\n<div data-brz-translate-text=\"1\">\n<p class=\"brz-tp-lg-paragraph brz-css-oFopE\" data-uniq-id=\"jgqxl\" data-generated-css=\"brz-css-eyiwh\"><span class=\"brz-cp-color7\">En plus des troph\u00e9es, les r\u00e9compenses sportives canines peuvent \u00e9galement inclure des rubans, des rosettes, des certificats ou des badges sp\u00e9ciaux. Les rubans et les rosettes sont des prix color\u00e9s et accrocheurs d\u00e9cern\u00e9s aux meilleures places d&#039;un concours ou d&#039;un \u00e9v\u00e9nement. Ils sont souvent port\u00e9s par le chien ou le ma\u00eetre-chien pour honorer leur r\u00e9ussite. Des certificats sont d\u00e9livr\u00e9s pour reconna\u00eetre la participation ou l&#039;accomplissement de certaines r\u00e9alisations et peuvent \u00eatre encadr\u00e9s comme un souvenir.<\/span><\/p>\n<p class=\"brz-tp-lg-paragraph brz-css-fPWdH\" data-uniq-id=\"lhwjq\" data-generated-css=\"brz-css-jkduq\"><\/p>\n<p class=\"brz-tp-lg-paragraph brz-css-wCNiv\" data-uniq-id=\"fdhmu\" data-generated-css=\"brz-css-tyudv\"><span class=\"brz-cp-color7\">Les r\u00e9compenses du sport canin ont non seulement une valeur symbolique, mais peuvent \u00e9galement \u00eatre une source de motivation et de fiert\u00e9 pour les chiens et les ma\u00eetres-chiens. Ils repr\u00e9sentent le travail acharn\u00e9, le d\u00e9vouement et l&#039;entra\u00eenement n\u00e9cessaires pour exceller dans le sport canin. Gagner un prix peut \u00eatre un point culminant dans la carri\u00e8re d&#039;un chien et de son ma\u00eetre, les encourageant \u00e0 am\u00e9liorer encore leurs comp\u00e9tences et leurs performances.<\/span><\/p>\n<\/div>\n<\/div>\n<\/div>\n<\/div>\n<\/div>\n<div class=\"brz-columns brz-css-dmG1j brz-css-rjeoM\" data-brz-custom-id=\"bvtiohhteirckhyjumghjytddbaomaeratro\">\n<div class=\"brz-bg\"><\/div>\n<div class=\"brz-column__items brz-css-buDcn brz-css-a1miI\">\n<div id=\"\" class=\"brz-css-rvHHM brz-wrapper\">\n<div class=\"brz-image brz-css-uNX2G brz-css-pUwOf\" data-brz-custom-id=\"pzhwrjonxypetnsybygsbvvqtihwowedyesx\"><img decoding=\"async\" class=\"brz-img\" src=\"https:\/\/dogpride.nl\/wp-content\/uploads\/brizy\/imgs\/sjerpen-met-of-zonder-opdruk-4-577x408x21x0x453x408x1689846981.jpg\" alt=\"\" loading=\"lazy\"><\/div>\n<\/div>\n<\/div>\n<\/div>\n<\/div>\n<\/div>\n<\/div>\n<\/div>\n<\/section>\n<section id=\"_etddnbnouavsbnuzwhqaxbedvalatyajxrfx\" class=\"brz-section brz-css-sp3pJ\">\n<div class=\"brz-section__content brz-section--boxed brz-css-cVd8l brz-css-lkUM0\" data-brz-custom-id=\"ydfjvpwrzpfagjezsbhqvqfzanupovcloymo\">\n<div class=\"brz-bg\">\n<div class=\"brz-bg-image\"><\/div>\n<div class=\"brz-bg-color\"><\/div>\n<\/div>\n<div class=\"brz-container brz-css-s2ayb\">\n<div class=\"brz-row__container brz-css-by91L\" data-brz-custom-id=\"yhmyvlibftijijfziacpercfyyxckjxycfdv\">\n<div class=\"brz-bg\"><\/div>\n<div class=\"brz-row brz-css-ebkLc brz-css-ax7nj\">\n<div class=\"brz-columns brz-css-dmG1j brz-css-hvH7P\" data-brz-custom-id=\"rtflvuolscsuqqqrbnecsxvajpquducnnbfr\">\n<div class=\"brz-bg\"><\/div>\n<div class=\"brz-column__items brz-css-buDcn brz-css-siZt6\">\n<div id=\"\" class=\"brz-css-rvHHM brz-wrapper\">\n<div class=\"brz-image brz-css-i960y brz-css-wfUj0\" data-brz-custom-id=\"fefmgdufjhcjtouovmiufzxefyjsfnbvzojf\"><img decoding=\"async\" class=\"brz-img\" src=\"https:\/\/dogpride.nl\/wp-content\/uploads\/brizy\/imgs\/bekers-20-t-m-265cm-3-1-1170x536x711x0x450x536x1689846981.jpg\" alt=\"\" loading=\"lazy\"><\/div>\n<\/div>\n<\/div>\n<\/div>\n<div class=\"brz-columns brz-css-dmG1j brz-css-rAuhi\" data-brz-custom-id=\"hsfiqovrnztxxgtlqdvwtylpblvwjmcxdixx\">\n<div class=\"brz-bg\"><\/div>\n<div class=\"brz-column__items brz-css-buDcn brz-css-hJkbK\">\n<div id=\"\" class=\"brz-css-rvHHM brz-css-wz2GL brz-wrapper\">\n<div class=\"brz-rich-text brz-rich-text__custom brz-css-bWYRc\" data-brz-custom-id=\"bavpisqazilfvagywvkckxjrajuxgfbyfgkm\">\n<div data-brz-translate-text=\"1\">\n<p class=\"brz-tp-lg-paragraph brz-css-oe5Nl\" data-uniq-id=\"pbgce\" data-generated-css=\"brz-css-fxgbv\"><span class=\"brz-cp-color7\">Les r\u00e9compenses du sport canin ont souvent lieu lors d&#039;\u00e9v\u00e9nements sp\u00e9ciaux, de comp\u00e9titions ou d&#039;expositions canines. Ces occasions sont l&#039;occasion de c\u00e9l\u00e9brer les succ\u00e8s des chiens et de rassembler une communaut\u00e9 d&#039;amoureux des chiens.<\/span><\/p>\n<p class=\"brz-tp-lg-paragraph brz-css-hjNma\" data-uniq-id=\"xopeu\" data-generated-css=\"brz-css-cizbw\"><\/p>\n<p class=\"brz-tp-lg-paragraph brz-css-jBO_s\" data-uniq-id=\"ahfgn\" data-generated-css=\"brz-css-isftx\"><span class=\"brz-cp-color7\">Fondamentalement, les prix des sports canins sont de pr\u00e9cieuses reconnaissances des efforts et des r\u00e9alisations des chiens et de leurs ma\u00eetres-chiens dans divers sports canins. Ils leur rappellent leur succ\u00e8s et les encouragent \u00e0 poursuivre leurs efforts vers de nouveaux objectifs et d\u00e9fis dans le monde passionnant des sports canins.<\/span><\/p>\n<\/div>\n<\/div>\n<\/div>\n<div id=\"\" class=\"brz-css-rvHHM brz-css-vy9Q9 brz-wrapper\">\n<div class=\"brz-spacer brz-css-eKjdA brz-css-c2Ycl\"><\/div>\n<\/div>\n<div class=\"brz-wrapper-clone brz-css-nH_W3 brz-css-ee9AN\">\n<div class=\"brz-d-xs-flex brz-flex-xs-wrap brz-css-h3zjH brz-css-vfyY8\" data-brz-custom-id=\"\">\n<div class=\"brz-wrapper-clone__item\" id=\"mcrcvjzwvvueadtevclzltzqmaadvfmwpwax\">\n<div class=\"brz-hover-animation__container\" data-brz-hover-animationid=\"qhmwwlbiiwqnfzbxvrkxwqmplmhzjanarywe\" data-brz-hover-options=\"%7B%22duration%22:600,%22iterations%22:1%7D\" data-brz-hover-reversible=\"true\" data-brz-hover-target=\"%22firstChild%22\"><a class=\"brz-a brz-btn brz-css-hjUmy brz-css-llkU4 brz-css-sbSS_ brz-css-kyluj\" href=\"\/fr\/contact\/\" target=\"_self\" rel=\"noopener\" data-brz-link-type=\"external\" data-brz-custom-id=\"mcrcvjzwvvueadtevclzltzqmaadvfmwpwax\"><span data-brz-translate-text=\"1\" class=\"brz-span brz-text__editor\">Contact<\/span><\/a><\/div>\n<\/div>\n<\/div>\n<\/div>\n<\/div>\n<\/div>\n<\/div>\n<\/div>\n<\/div>\n<\/div>\n<\/section>\n<section id=\"_vueupazzjvfmahouscijiskhvspfvpohxrsy\" class=\"brz-section brz-css-sp3pJ\">\n<div class=\"brz-section__content brz-section--boxed brz-css-cVd8l brz-css-edFkc\" data-brz-custom-id=\"znlowocadqshbogyvycppmowgwhgqpiolzem\">\n<div class=\"brz-bg\">\n<div class=\"brz-bg-image\"><\/div>\n<div class=\"brz-bg-color\"><\/div>\n<\/div>\n<div class=\"brz-container brz-css-s2ayb\">\n<div id=\"\" class=\"brz-css-rvHHM brz-css-tF5xe brz-wrapper\">\n<div class=\"brz-rich-text brz-rich-text__custom brz-css-bWYRc\" data-brz-custom-id=\"trymkaumpkdqrzecekikghpxvghzwckvubvf\">\n<div data-brz-translate-text=\"1\">\n<h2 class=\"brz-tp-lg-heading2 brz-css-cFynz\" data-uniq-id=\"jrnra\" data-generated-css=\"brz-css-lnzjs\"><span class=\"brz-cp-color1\">Dogpride NL est fier de<\/span><\/h2>\n<\/div>\n<\/div>\n<\/div>\n<div id=\"\" class=\"brz-css-rvHHM brz-css-vy9Q9 brz-wrapper\">\n<div class=\"brz-spacer brz-css-eKjdA brz-css-oRrud\"><\/div>\n<\/div>\n<div class=\"brz-row__container brz-css-by91L\" data-brz-custom-id=\"rrgslmwjgvmhitfrtuksuzgjqjkfcejmbxqz\">\n<div class=\"brz-bg\"><\/div>\n<div class=\"brz-row brz-css-ebkLc brz-css-ax7nj\">\n<div class=\"brz-columns brz-css-dmG1j brz-css-u42kd\" data-brz-custom-id=\"zfmirqkzyqilzuhrntyodwwyzpdrsrqevpkq\">\n<div class=\"brz-bg\"><\/div>\n<div class=\"brz-column__items brz-css-buDcn brz-css-hA2Yj\">\n<div id=\"\" class=\"brz-css-rvHHM brz-css-zjCiJ brz-wrapper\">\n<div data-brz-start=\"0\" data-brz-end=\"1700\" data-brz-duration=\"2\" data-brz-separator=\",\" data-brz-type=\"simple\" class=\"brz-counter brz-counter-simple brz-css-xSjxS brz-css-nwYk4\" data-brz-custom-id=\"iwwigykygusiqznddumzlskqleifxxeebvnz\">\n<div class=\"brz-counter-figures brz-css-b7MyS brz-css-nhQe7\"><span class=\"brz-counter-numbers\">0<\/span><\/div>\n<\/div>\n<\/div>\n<div id=\"\" class=\"brz-css-rvHHM brz-css-oroBT brz-wrapper\">\n<div class=\"brz-rich-text brz-rich-text__custom brz-css-bWYRc\" data-brz-custom-id=\"gdfqvrldnirwxracvbniimijsgcvvkgjgqxj\">\n<div data-brz-translate-text=\"1\">\n<p class=\"brz-tp-lg-subtitle brz-css-aeIf7\" data-uniq-id=\"wudwk\" data-generated-css=\"brz-css-ojznk\"><span class=\"brz-cp-color3\">Sortes de produits<\/span><\/p>\n<\/div>\n<\/div>\n<\/div>\n<div id=\"\" class=\"brz-css-rvHHM brz-css-vy9Q9 brz-wrapper\">\n<div class=\"brz-spacer brz-css-eKjdA brz-css-iYjK0\"><\/div>\n<\/div>\n<\/div>\n<\/div>\n<div class=\"brz-columns brz-css-dmG1j brz-css-nCOPK\" data-brz-custom-id=\"ykneamyfkphelwclcbtexkghbbqgacumwtey\">\n<div class=\"brz-bg\"><\/div>\n<div class=\"brz-column__items brz-css-buDcn brz-css-tDvfI\">\n<div id=\"\" class=\"brz-css-rvHHM brz-css-fGCLN brz-wrapper\">\n<div data-brz-start=\"0\" data-brz-end=\"78\" data-brz-duration=\"2\" data-brz-separator=\",\" data-brz-type=\"simple\" class=\"brz-counter brz-counter-simple brz-css-xSjxS brz-css-jcXxL\" data-brz-custom-id=\"hfzdbqhlwrjrfsicygtrbvgnpdckmaxfuely\">\n<div class=\"brz-counter-figures brz-css-b7MyS brz-css-vS6ts\"><span class=\"brz-counter-numbers\">0<\/span><\/div>\n<\/div>\n<\/div>\n<div id=\"\" class=\"brz-css-rvHHM brz-css-zi8wE brz-wrapper\">\n<div class=\"brz-rich-text brz-rich-text__custom brz-css-bWYRc\" data-brz-custom-id=\"iacltsckfxogkyezfmfrkcqbjhkowftodeol\">\n<div data-brz-translate-text=\"1\">\n<p class=\"brz-tp-lg-subtitle brz-css-pyyL7\" data-uniq-id=\"csnvp\" data-generated-css=\"brz-css-aoead\"><span class=\"brz-cp-color3\">Fournisseurs de classe mondiale<\/span><\/p>\n<\/div>\n<\/div>\n<\/div>\n<div id=\"\" class=\"brz-css-rvHHM brz-css-vy9Q9 brz-wrapper\">\n<div class=\"brz-spacer brz-css-eKjdA brz-css-jVtj5\"><\/div>\n<\/div>\n<\/div>\n<\/div>\n<div class=\"brz-columns brz-css-dmG1j brz-css-haZeG\" data-brz-custom-id=\"opprbjvsqfwtegbdlsgbphaaihiveboanbaa\">\n<div class=\"brz-bg\"><\/div>\n<div class=\"brz-column__items brz-css-buDcn brz-css-qDPEb\">\n<div id=\"\" class=\"brz-css-rvHHM brz-css-xwTPB brz-wrapper\">\n<div data-brz-start=\"0\" data-brz-end=\"5\" data-brz-duration=\"2\" data-brz-separator=\",\" data-brz-type=\"simple\" class=\"brz-counter brz-counter-simple brz-css-xSjxS brz-css-j7zhH\" data-brz-custom-id=\"auvecsjilnbvyvfegirvbqozwvmawkgmawhq\">\n<div class=\"brz-counter-figures brz-css-b7MyS brz-css-jJyte\"><span class=\"brz-counter-numbers\">0<\/span><\/div>\n<\/div>\n<\/div>\n<div id=\"\" class=\"brz-css-rvHHM brz-css-awkzM brz-wrapper\">\n<div class=\"brz-rich-text brz-rich-text__custom brz-css-bWYRc\" data-brz-custom-id=\"artnlcciohpyrshcelsmkgnthvfjqnyavkiu\">\n<div data-brz-translate-text=\"1\">\n<p class=\"brz-tp-lg-subtitle brz-css-dmI_v\" data-uniq-id=\"psrfk\" data-generated-css=\"brz-css-ssuok\"><span class=\"brz-cp-color3\">\u00c9toiles sur 5 sur Google<\/span><\/p>\n<\/div>\n<\/div>\n<\/div>\n<div id=\"\" class=\"brz-css-rvHHM brz-css-vy9Q9 brz-wrapper\">\n<div class=\"brz-spacer brz-css-eKjdA brz-css-qxSV9\"><\/div>\n<\/div>\n<\/div>\n<\/div>\n<div class=\"brz-columns brz-css-dmG1j brz-css-lZFnU\" data-brz-custom-id=\"uunwrvhstsjxahnqgcetigefdqhxzwwoksxp\">\n<div class=\"brz-bg\"><\/div>\n<div class=\"brz-column__items brz-css-buDcn brz-css-y7VUo\">\n<div id=\"\" class=\"brz-css-rvHHM brz-css-tgDb1 brz-wrapper\">\n<div data-brz-start=\"0\" data-brz-end=\"10000\" data-brz-duration=\"2\" data-brz-separator=\",\" data-brz-type=\"simple\" class=\"brz-counter brz-counter-simple brz-css-xSjxS brz-css-fWrWY\" data-brz-custom-id=\"ishhbszvwibmtobsaahptecjneqaarlmweel\">\n<div class=\"brz-counter-figures brz-css-b7MyS brz-css-p_Og1\"><span class=\"brz-counter-numbers\">0<\/span><\/div>\n<\/div>\n<\/div>\n<div id=\"\" class=\"brz-css-rvHHM brz-css-gQ2ww brz-wrapper\">\n<div class=\"brz-rich-text brz-rich-text__custom brz-css-bWYRc\" data-brz-custom-id=\"fxgnbrhfanjberfcicnttvmnxmuxwlhjckgn\">\n<div data-brz-translate-text=\"1\">\n<p class=\"brz-tp-lg-subtitle brz-css-cZ3G0\" data-uniq-id=\"vvjjl\" data-generated-css=\"brz-css-mjzwu\"><span class=\"brz-cp-color3\">Clients aid\u00e9s<\/span><\/p>\n<\/div>\n<\/div>\n<\/div>\n<div id=\"\" class=\"brz-css-rvHHM brz-css-vy9Q9 brz-wrapper\">\n<div class=\"brz-spacer brz-css-eKjdA brz-css-xlwuD\"><\/div>\n<\/div>\n<\/div>\n<\/div>\n<\/div>\n<\/div>\n<\/div>\n<\/div>\n<\/section>\n<section id=\"_grssdfubxhpcyppgimjwmllvfvlruudxkwse\" class=\"brz-section brz-css-sp3pJ brz-css-bll5l\">\n<div class=\"brz-section__content brz-section--boxed brz-css-cVd8l brz-css-wLbFh\" data-brz-custom-id=\"mcklilleerxzhzibvgjlyyweeekptwdiazra\">\n<div class=\"brz-bg\">\n<div class=\"brz-bg-color\"><\/div>\n<\/div>\n<div class=\"brz-container brz-css-s2ayb\">\n<div class=\"brz-row__container brz-css-by91L\" data-brz-custom-id=\"qoeqsgmktxhlqkwonkccgtppcsbbpdwyrfhc\">\n<div class=\"brz-bg\"><\/div>\n<div class=\"brz-row brz-css-ebkLc brz-css-ax7nj\">\n<div class=\"brz-columns brz-css-dmG1j brz-css-w5vdc\" data-brz-custom-id=\"fhjtetqbduqfvhrffgejzzdnydtcnvjfmthu\">\n<div class=\"brz-bg\">\n<div class=\"brz-bg-image\"><\/div>\n<div class=\"brz-bg-color\"><\/div>\n<\/div>\n<div class=\"brz-column__items brz-css-buDcn brz-css-qmUOV\">\n<div id=\"\" class=\"brz-css-rvHHM brz-css-uqjBG brz-wrapper\">\n<div class=\"brz-rich-text brz-rich-text__custom brz-css-bWYRc\" data-brz-custom-id=\"hfmxkuextmbrpvfjirrxqbwunflkxdbgssms\">\n<div data-brz-translate-text=\"1\">\n<h3 data-uniq-id=\"rfotd\" data-generated-css=\"brz-css-npgzw\" class=\"brz-tp-lg-heading3 brz-css-efapG\"><span class=\"brz-cp-color8\">Vous pr\u00e9f\u00e9rez un contact personnel ? Nous sommes heureux de vous aider! <\/span><\/h3>\n<\/div>\n<\/div>\n<\/div>\n<div id=\"\" class=\"brz-css-rvHHM brz-css-vy9Q9 brz-wrapper\">\n<div class=\"brz-spacer brz-css-eKjdA\"><\/div>\n<\/div>\n<div class=\"brz-wrapper-clone brz-css-nH_W3 brz-css-pME53\">\n<div class=\"brz-d-xs-flex brz-flex-xs-wrap brz-css-h3zjH brz-css-wyQmf\" data-brz-custom-id=\"\">\n<div class=\"brz-wrapper-clone__item\" id=\"vcplutlpzwpkzqfsvdbtlgynavatswmofjvu\">\n<div class=\"brz-hover-animation__container\" data-brz-hover-animationid=\"hcyffgbccbfbjbazocvhystlhoicsfpnmsvf\" data-brz-hover-options=\"%7B%22duration%22:600,%22iterations%22:1%7D\" data-brz-hover-reversible=\"true\" data-brz-hover-target=\"%22firstChild%22\"><a class=\"brz-a brz-btn brz-css-hjUmy brz-css-feTsj brz-css-sbSS_ brz-css-tDkxT\" href=\"\/fr\/contact\/\" target=\"_self\" rel=\"noopener\" data-brz-link-type=\"external\" data-brz-custom-id=\"vcplutlpzwpkzqfsvdbtlgynavatswmofjvu\"><span data-brz-translate-text=\"1\" class=\"brz-span brz-text__editor\">Contact<\/span><\/a><\/div>\n<\/div>\n<\/div>\n<\/div>\n<\/div>\n<\/div>\n<\/div>\n<\/div>\n<\/div>\n<\/div>\n<\/section>\n<\/div>\n<p>    <!-- version:1732106158 --><\/p>","protected":false},"excerpt":{"rendered":"<p>Hondensportprijzen Hondensportprijzen zijn er om de prestaties en het succes van honden in verschillende hondensporten te erkennen en te belonen. Of het nu gaat om IGP, KNPV, Modioring, behendigheid, gehoorzaamheid, flyball, hondenshows of andere hondensporten, prijzen worden uitgereikt aan honden en hun handlers die uitblinken in hun vakgebied. Ontwerp en materialen Hondensportprijzen vari\u00ebren in vorm, [&hellip;]<\/p>\n","protected":false},"author":1036,"featured_media":111596,"parent":0,"menu_order":0,"comment_status":"closed","ping_status":"closed","template":"","meta":{"footnotes":""},"class_list":["post-111587","page","type-page","status-publish","has-post-thumbnail","hentry"],"blocksy_meta":[],"mb":[],"brizy_media":[],"mfb_rest_fields":["title","blocksy_meta","brizy_media"],"_links":{"self":[{"href":"https:\/\/dogpride.nl\/fr\/wp-json\/wp\/v2\/pages\/111587","targetHints":{"allow":["GET"]}}],"collection":[{"href":"https:\/\/dogpride.nl\/fr\/wp-json\/wp\/v2\/pages"}],"about":[{"href":"https:\/\/dogpride.nl\/fr\/wp-json\/wp\/v2\/types\/page"}],"author":[{"embeddable":true,"href":"https:\/\/dogpride.nl\/fr\/wp-json\/wp\/v2\/users\/1036"}],"replies":[{"embeddable":true,"href":"https:\/\/dogpride.nl\/fr\/wp-json\/wp\/v2\/comments?post=111587"}],"version-history":[{"count":0,"href":"https:\/\/dogpride.nl\/fr\/wp-json\/wp\/v2\/pages\/111587\/revisions"}],"wp:featuredmedia":[{"embeddable":true,"href":"https:\/\/dogpride.nl\/fr\/wp-json\/wp\/v2\/media\/111596"}],"wp:attachment":[{"href":"https:\/\/dogpride.nl\/fr\/wp-json\/wp\/v2\/media?parent=111587"}],"curies":[{"name":"wp","href":"https:\/\/api.w.org\/{rel}","templated":true}]}}