{"id":111550,"date":"2023-07-20T11:15:18","date_gmt":"2023-07-20T09:15:18","guid":{"rendered":"https:\/\/dogprideold.websitekeuze.nl\/?page_id=111550"},"modified":"2026-04-08T12:27:45","modified_gmt":"2026-04-08T10:27:45","slug":"halsbanden-en-lijnen","status":"publish","type":"page","link":"https:\/\/dogpride.nl\/fr\/halsbanden-en-lijnen\/","title":{"rendered":"Colliers et laisses"},"content":{"rendered":"<div class=\"brz-root__container brz-reset-all brz\">\n<section id=\"_dfgukiseqmtbmobkcndqvaldiwmfhhjjaolm\" class=\"brz-section brz-css-kbKNx\">\n<div class=\"brz-section__content brz-section--fullWidth brz-css-ojGbO brz-css-jrx2B\" data-brz-custom-id=\"thddygctipvgwutnvehrvvpdhjekgniimdzt\">\n<div class=\"brz-bg\">\n<div class=\"brz-bg-image\"><\/div>\n<\/div>\n<div class=\"brz-container brz-css-eyYI1 brz-css-vwonL\">\n<div class=\"brz-row__container brz-css-hnvy0 brz-css-fG4gQ\" data-brz-custom-id=\"lewulvchiarxviznppriddyvplflvqagvdra\">\n<div class=\"brz-bg\"><\/div>\n<div class=\"brz-row brz-css-l0iuA brz-css-hl7gk\">\n<div class=\"brz-columns brz-css-ndsK1 brz-css-vZ4j8\" data-brz-custom-id=\"ktkpmerpsmeahgnlsvmrfnmnqvsksdsiexvf\">\n<div class=\"brz-bg\"><\/div>\n<div class=\"brz-column__items brz-css-ighsr brz-css-is41a\">\n<div id=\"\" class=\"brz-css-cWBdQ brz-css-sPJwC brz-wrapper\">\n<div class=\"brz-spacer brz-css-yQ8I9 brz-css-p6ylN\"><\/div>\n<\/div>\n<div id=\"\" class=\"brz-css-cWBdQ brz-css-sPJwC brz-wrapper\">\n<div class=\"brz-spacer brz-css-yQ8I9 brz-css-yCVdS\"><\/div>\n<\/div>\n<div id=\"\" class=\"brz-css-cWBdQ brz-css-sPJwC brz-wrapper\">\n<div class=\"brz-spacer brz-css-yQ8I9 brz-css-rEM0r\"><\/div>\n<\/div>\n<\/div>\n<\/div>\n<\/div>\n<\/div>\n<\/div>\n<\/div>\n<\/section>\n<section id=\"_zawetvlpkdrlobumvcjpxpiicevzebalgrel\" class=\"brz-section brz-css-kbKNx\">\n<div class=\"brz-section__content brz-section--boxed brz-css-ojGbO brz-css-x1crF\" data-brz-custom-id=\"qnwdeswmuyojjerikgsoskdqkwssioqsjvdt\">\n<div class=\"brz-bg\">\n<div class=\"brz-bg-image\"><\/div>\n<div class=\"brz-bg-color\"><\/div>\n<div class=\"brz-bg-shape brz-bg-shape__bottom\"><\/div>\n<\/div>\n<div class=\"brz-container brz-css-eyYI1\">\n<div class=\"brz-row__container brz-css-hnvy0 brz-css-wxgKc\" data-brz-custom-id=\"swvsjqzxxovevrotevdshgykppbwxnukchvv\">\n<div class=\"brz-bg\"><\/div>\n<div class=\"brz-row brz-css-l0iuA brz-css-j3mqC\">\n<div class=\"brz-columns brz-css-ndsK1 brz-css-r590d\" data-brz-custom-id=\"jrgfijhjwfibhxkpsdnxchdaaqgtdvuzipnl\">\n<div class=\"brz-bg\">\n<div class=\"brz-bg-color\"><\/div>\n<\/div>\n<div class=\"brz-column__items brz-css-ighsr brz-css-bZH4G\">\n<div id=\"\" class=\"brz-css-cWBdQ brz-css-buaoX brz-wrapper\">\n<div class=\"brz-rich-text brz-rich-text__custom brz-css-sw698\" data-brz-custom-id=\"tupxektshcwbugpbwjjyhhehuvtmzpbpgysd\">\n<div data-brz-translate-text=\"1\">\n<h1 class=\"brz-tp-lg-heading2 brz-css-kFd4L\" data-uniq-id=\"kpjay\" data-generated-css=\"brz-css-vxxos\"><span class=\"brz-cp-color1\">Colliers et laisses<\/span><\/h1>\n<\/div>\n<\/div>\n<\/div>\n<div id=\"\" class=\"brz-css-cWBdQ brz-css-sPJwC brz-wrapper\">\n<div class=\"brz-spacer brz-css-yQ8I9 brz-css-wnbRx\"><\/div>\n<\/div>\n<\/div>\n<\/div>\n<\/div>\n<\/div>\n<\/div>\n<\/div>\n<\/section>\n<section id=\"_rbbpyxmidaqljmrplguromffpdscmlsxsbew\" class=\"brz-section brz-css-kbKNx\">\n<div class=\"brz-section__content brz-section--boxed brz-css-ojGbO brz-css-bYUGR\" data-brz-custom-id=\"jsderwrpabaxiihyzcgfigwejmsjfulibvuk\">\n<div class=\"brz-bg\">\n<div class=\"brz-bg-color\"><\/div>\n<\/div>\n<div class=\"brz-container brz-css-eyYI1\">\n<div class=\"brz-row__container brz-css-hnvy0\" data-brz-custom-id=\"tjsprefesuykpczssafucpetizxperbvazpt\">\n<div class=\"brz-bg\"><\/div>\n<div class=\"brz-row brz-css-l0iuA brz-css-hl7gk\">\n<div class=\"brz-columns brz-css-ndsK1 brz-css-oyN2P\" data-brz-custom-id=\"ufribxkackteyyidqutrtkaeufmrbgqsvoqg\">\n<div class=\"brz-bg\"><\/div>\n<div class=\"brz-column__items brz-css-ighsr brz-css-mX18s\">\n<div id=\"\" class=\"brz-css-cWBdQ brz-wrapper\">\n<div class=\"brz-image brz-css-wBz0_ brz-css-sHMj6\" data-brz-custom-id=\"zotbisiiagvohswuavnwgdfxgghqlmuphocy\"><img decoding=\"async\" class=\"brz-img\" src=\"https:\/\/dogpride.nl\/wp-content\/uploads\/brizy\/imgs\/Collar-Rainbow-lines2-5-733x489x179x0x450x489x1689842308.jpg\" alt=\"\" loading=\"lazy\"><\/div>\n<\/div>\n<\/div>\n<\/div>\n<div class=\"brz-columns brz-css-ndsK1 brz-css-oPU60\" data-brz-custom-id=\"glglwlzmoprxxlfhhjkebrnnveqoehjsdvob\">\n<div class=\"brz-bg\"><\/div>\n<div class=\"brz-column__items brz-css-ighsr brz-css-sQSQJ\">\n<div id=\"\" class=\"brz-css-cWBdQ brz-css-uOSLB brz-wrapper\">\n<div class=\"brz-rich-text brz-rich-text__custom brz-css-sw698\" data-brz-custom-id=\"gnzexfjhppcrozysnfeypsgjxdrboozvsitc\">\n<div data-brz-translate-text=\"1\">\n<h2 class=\"brz-tp-lg-heading2 brz-css-mf1d7\" data-generated-css=\"brz-css-gcitj\" data-uniq-id=\"bemfo\"><span class=\"brz-cp-color1\">Colliers et laisses pour chiens<\/span><\/h2>\n<\/div>\n<\/div>\n<\/div>\n<div id=\"\" class=\"brz-css-cWBdQ brz-css-sPJwC brz-wrapper\">\n<div class=\"brz-spacer brz-css-yQ8I9 brz-css-cLIzk\"><\/div>\n<\/div>\n<div id=\"\" class=\"brz-css-cWBdQ brz-css-t_vEb brz-wrapper\">\n<div class=\"brz-rich-text brz-rich-text__custom brz-css-sw698\" data-brz-custom-id=\"jezbqamcyfumwsdqqfwctbkzfcorpbvkzhoz\">\n<div data-brz-translate-text=\"1\">\n<p class=\"brz-tp-lg-paragraph brz-css-lt3L5\" data-uniq-id=\"xaast\" data-generated-css=\"brz-css-qjvka\"><span style=\"background-color: transparent;opacity: 1\">Les colliers et les laisses sont des accessoires essentiels pour les propri\u00e9taires de chiens car ils jouent un r\u00f4le important dans la s\u00e9curit\u00e9 et le contr\u00f4le des chiens. Ces articles sont offerts dans une vari\u00e9t\u00e9 de styles, de mat\u00e9riaux et de conceptions pour r\u00e9pondre aux besoins et aux pr\u00e9f\u00e9rences du chien et du ma\u00eetre-chien.<\/span><\/p>\n<p class=\"brz-tp-lg-paragraph brz-css-t3IoH\" data-uniq-id=\"igsvj\" data-generated-css=\"brz-css-skejo\"><\/p>\n<p class=\"brz-tp-lg-paragraph brz-css-uHO8y\" data-uniq-id=\"kxwzo\" data-generated-css=\"brz-css-ojsqw\"><span style=\"background-color: transparent;opacity: 1\">Les colliers sont destin\u00e9s \u00e0 \u00eatre port\u00e9s autour du cou du chien et servent \u00e0 plusieurs fins. Ils fournissent un point d&#039;attache pour la laisse afin que le chien puisse \u00eatre tenu et guid\u00e9. De plus, les colliers peuvent \u00e9galement \u00eatre utilis\u00e9s pour <\/span><\/p>\n<p class=\"brz-tp-lg-paragraph brz-css-g7c1I\" data-uniq-id=\"ycjfn\" data-generated-css=\"brz-css-mbkrd\"><\/p>\n<p class=\"brz-tp-lg-paragraph brz-css-bdjTf\" data-uniq-id=\"jnwfc\" data-generated-css=\"brz-css-uzonr\"><\/p>\n<\/div>\n<\/div>\n<\/div>\n<div id=\"\" class=\"brz-css-cWBdQ brz-css-sPJwC brz-wrapper\">\n<div class=\"brz-spacer brz-css-yQ8I9 brz-css-wkIg2\"><\/div>\n<\/div>\n<div class=\"brz-wrapper-clone brz-css-q6xZu brz-css-hCSbK\">\n<div class=\"brz-d-xs-flex brz-flex-xs-wrap brz-css-uCMvO brz-css-qwOMK\" data-brz-custom-id=\"\">\n<div class=\"brz-wrapper-clone__item\" id=\"ctuyfdodxjedknaefjarygzdismqtgiortkw\">\n<div class=\"brz-hover-animation__container\" data-brz-hover-animationid=\"yftrekiwuiisavfjbqbooddkwhgmpwrnisrf\" data-brz-hover-options=\"%7B%22duration%22:600,%22iterations%22:1%7D\" data-brz-hover-reversible=\"true\" data-brz-hover-target=\"%22firstChild%22\"><a class=\"brz-a brz-btn brz-css-vkcU2 brz-css-w9RfB brz-css-eux9H brz-css-t3v1k\" href=\"\/fr\/contact\/\" target=\"_self\" rel=\"noopener\" data-brz-link-type=\"external\" data-brz-custom-id=\"ctuyfdodxjedknaefjarygzdismqtgiortkw\"><span data-brz-translate-text=\"1\" class=\"brz-span brz-text__editor\">Contact<\/span><\/a><\/div>\n<\/div>\n<\/div>\n<\/div>\n<\/div>\n<\/div>\n<\/div>\n<\/div>\n<\/div>\n<\/div>\n<\/section>\n<section id=\"_trzzujcjvbqraurlrcymaxjuxnzgefopmedc\" class=\"brz-section brz-css-kbKNx\">\n<div class=\"brz-section__content brz-section--boxed brz-css-ojGbO brz-css-hL3HH\" data-brz-custom-id=\"eisgywxsqgkiasqolkdwhfsfmrhialkkjnhg\">\n<div class=\"brz-bg\">\n<div class=\"brz-bg-color\"><\/div>\n<\/div>\n<div class=\"brz-container brz-css-eyYI1\">\n<div class=\"brz-row__container brz-css-hnvy0 brz-css-fXAps\" data-brz-custom-id=\"nrvmxfrkbvmyxkjgtuuaafdjizzvlixcrktg\">\n<div class=\"brz-bg\"><\/div>\n<div class=\"brz-row brz-css-l0iuA brz-css-hl7gk\">\n<div class=\"brz-columns brz-css-ndsK1 brz-css-mhNTp\" data-brz-custom-id=\"ptbapcokesagriliefxjkcdzcfjmusabrlsk\">\n<div class=\"brz-bg\"><\/div>\n<div class=\"brz-column__items brz-css-ighsr brz-css-yONAF\">\n<div id=\"\" class=\"brz-css-cWBdQ brz-css-iqqTx brz-wrapper\">\n<div class=\"brz-rich-text brz-rich-text__custom brz-css-sw698\" data-brz-custom-id=\"wxlxkcwokpuehvjauznvjicxxneerwnkplkf\">\n<div data-brz-translate-text=\"1\">\n<h2 class=\"brz-tp-lg-heading2 brz-css-wFk1Y\" data-generated-css=\"brz-css-irmhg\" data-uniq-id=\"tqnnk\"><span class=\"brz-cp-color1\">Choix d&#039;un collier<\/span><\/h2>\n<\/div>\n<\/div>\n<\/div>\n<div id=\"\" class=\"brz-css-cWBdQ brz-css-sPJwC brz-wrapper\">\n<div class=\"brz-spacer brz-css-yQ8I9 brz-css-yiaJE\"><\/div>\n<\/div>\n<div id=\"\" class=\"brz-css-cWBdQ brz-css-rXZIA brz-wrapper\">\n<div class=\"brz-rich-text brz-rich-text__custom brz-css-sw698\" data-brz-custom-id=\"nmapboeugdmhtbdplztzvtwtbbwrgtimaftn\">\n<div data-brz-translate-text=\"1\">\n<p class=\"brz-tp-lg-paragraph brz-css-nOIVa\" data-generated-css=\"brz-css-ccozg\" data-uniq-id=\"domjy\"><span style=\"background-color: transparent;opacity: 1\" class=\"brz-cp-color7\">confirmer les informations d&#039;identification et d&#039;enregistrement du chien, telles que les \u00e9tiquettes de nom avec les informations de contact.<\/span><\/p>\n<p class=\"brz-tp-lg-paragraph brz-css-cpL1V\" data-generated-css=\"brz-css-loiee\" data-uniq-id=\"grzia\"><span style=\"background-color: transparent;opacity: 1\" class=\"brz-cp-color7\"> <\/span><\/p>\n<p class=\"brz-tp-lg-paragraph brz-css-kSV9R\" data-generated-css=\"brz-css-mubwg\" data-uniq-id=\"fwsfv\"><span style=\"background-color: transparent;opacity: 1\" class=\"brz-cp-color7\">Lors du choix d&#039;un collier, il est important de tenir compte de la taille et du comportement du chien. Pour les petites races, un simple collier en nylon peut suffire, tandis que les chiens plus grands peuvent avoir besoin d&#039;un collier plus solide et plus durable, comme un collier en cuir ou en nylon avec des boucles renforc\u00e9es. Des colliers sp\u00e9ciaux sont \u00e9galement disponibles pour les chiens ayant des besoins sp\u00e9cifiques, comme les colliers de dressage ou les colliers anti-traction.<\/span><\/p>\n<\/div>\n<\/div>\n<\/div>\n<\/div>\n<\/div>\n<div class=\"brz-columns brz-css-ndsK1 brz-css-ivPtN\" data-brz-custom-id=\"enxpqcotjddjcdbqwmeqejtlygcvuybtzxdm\">\n<div class=\"brz-bg\"><\/div>\n<div class=\"brz-column__items brz-css-ighsr brz-css-s_jmj\">\n<div id=\"\" class=\"brz-css-cWBdQ brz-wrapper\">\n<div class=\"brz-image brz-css-nUPtQ brz-css-dMPQU\" data-brz-custom-id=\"zvgqkvcidfqxkatmvfilpgpkgvplzurvjhii\"><img decoding=\"async\" class=\"brz-img\" src=\"https:\/\/dogpride.nl\/wp-content\/uploads\/brizy\/imgs\/imageOXCFJNON-5-543x408x7x0x453x408x1689842308.jpg\" alt=\"\" loading=\"lazy\"><\/div>\n<\/div>\n<\/div>\n<\/div>\n<\/div>\n<\/div>\n<\/div>\n<\/div>\n<\/section>\n<section id=\"_mdaapcdipnggdfhznjztffxxobdnzqcvynai\" class=\"brz-section brz-css-kbKNx\">\n<div class=\"brz-section__content brz-section--boxed brz-css-ojGbO brz-css-krASq\" data-brz-custom-id=\"diolyfplvhggftunbmriakditifeoqygyaer\">\n<div class=\"brz-bg\">\n<div class=\"brz-bg-image\"><\/div>\n<div class=\"brz-bg-color\"><\/div>\n<\/div>\n<div class=\"brz-container brz-css-eyYI1\">\n<div class=\"brz-row__container brz-css-hnvy0\" data-brz-custom-id=\"zqiyvzjfvfenpcimvbkmlrcfnwpfdxgwavge\">\n<div class=\"brz-bg\"><\/div>\n<div class=\"brz-row brz-css-l0iuA brz-css-hl7gk\">\n<div class=\"brz-columns brz-css-ndsK1 brz-css-t_m3L\" data-brz-custom-id=\"wetfikfkspdinclvwvdnnvsjwepbgoairpzq\">\n<div class=\"brz-bg\"><\/div>\n<div class=\"brz-column__items brz-css-ighsr brz-css-ycPFl\">\n<div id=\"\" class=\"brz-css-cWBdQ brz-wrapper\">\n<div class=\"brz-image brz-css-xD_Kx brz-css-zmF6B\" data-brz-custom-id=\"grqjyixthknxomwpgrjewfzxikbetdvbdbca\"><img decoding=\"async\" class=\"brz-img\" src=\"https:\/\/dogpride.nl\/wp-content\/uploads\/brizy\/imgs\/tactical-wd-collar-45mm_black-g1-40-47cm-536x536x16x0x450x536x1689842308.jpg\" alt=\"\" loading=\"lazy\"><\/div>\n<\/div>\n<\/div>\n<\/div>\n<div class=\"brz-columns brz-css-ndsK1 brz-css-yk8vC\" data-brz-custom-id=\"itvnjircqeqmvjjawmrlgtwflhfouzxlreuo\">\n<div class=\"brz-bg\"><\/div>\n<div class=\"brz-column__items brz-css-ighsr brz-css-eeD52\">\n<div id=\"\" class=\"brz-css-cWBdQ brz-css-zW2fI brz-wrapper\">\n<div class=\"brz-rich-text brz-rich-text__custom brz-css-sw698\" data-brz-custom-id=\"qvxzncupebwjjiudwrfyfkntkacotjitjkxj\">\n<div data-brz-translate-text=\"1\">\n<h2 class=\"brz-tp-lg-heading2 brz-css-xbuBd\" data-generated-css=\"brz-css-igbyw\" data-uniq-id=\"kayyr\"><span class=\"brz-cp-color1\">Laisses pour chiens<\/span><\/h2>\n<\/div>\n<\/div>\n<\/div>\n<div id=\"\" class=\"brz-css-cWBdQ brz-css-sPJwC brz-wrapper\">\n<div class=\"brz-spacer brz-css-yQ8I9 brz-css-fwKp1\"><\/div>\n<\/div>\n<div id=\"\" class=\"brz-css-cWBdQ brz-css-eiZHP brz-wrapper\">\n<div class=\"brz-rich-text brz-rich-text__custom brz-css-sw698\" data-brz-custom-id=\"gthzjxmjbutuglrugovlncakurwqeglelddh\">\n<div data-brz-translate-text=\"1\">\n<p class=\"brz-tp-lg-paragraph brz-css-yUE_8\" data-generated-css=\"brz-css-rlasq\" data-uniq-id=\"amuea\"><span class=\"brz-cp-color7\" style=\"background-color: transparent\">Les laisses, \u00e9galement appel\u00e9es laisses, se fixent au collier et permettent au ma\u00eetre-chien de contr\u00f4ler les mouvements du chien pendant la marche. Les lignes sont disponibles en diff\u00e9rentes longueurs et mat\u00e9riaux. Les laisses courtes, comme une laisse standard d&#039;environ cinq pieds, offrent plus de contr\u00f4le sur le chien, tandis que les laisses longues, comme les laisses enroulables ou les laisses de sortie, permettent une plus grande libert\u00e9 de mouvement. Il est important de choisir une laisse confortable \u00e0 tenir et suffisamment solide pour tenir le chien en toute s\u00e9curit\u00e9.<\/span><\/p>\n<p class=\"brz-tp-lg-paragraph brz-css-zMtJj\" data-generated-css=\"brz-css-muchb\" data-uniq-id=\"blmpx\"><span class=\"brz-cp-color7\" style=\"background-color: transparent\"> <\/span><\/p>\n<p class=\"brz-tp-lg-paragraph brz-css-g4dB_\" data-generated-css=\"brz-css-xsnok\" data-uniq-id=\"dxltg\"><span class=\"brz-cp-color7\" style=\"background-color: transparent\">En plus de la fonctionnalit\u00e9, les colliers et les laisses peuvent \u00e9galement \u00eatre une d\u00e9claration de mode et refl\u00e9ter la personnalit\u00e9 du chien. Il existe une vari\u00e9t\u00e9 de styles et de designs disponibles, allant des options simples et classiques aux options color\u00e9es et \u00e0 la mode. Certains colliers sont m\u00eame r\u00e9glables ou comportent des \u00e9l\u00e9ments d\u00e9coratifs tels que des clous, des motifs ou des breloques.<\/span><\/p>\n<\/div>\n<\/div>\n<\/div>\n<div id=\"\" class=\"brz-css-cWBdQ brz-css-sPJwC brz-wrapper\">\n<div class=\"brz-spacer brz-css-yQ8I9 brz-css-wjhkN\"><\/div>\n<\/div>\n<div class=\"brz-wrapper-clone brz-css-q6xZu brz-css-cqHt2\">\n<div class=\"brz-d-xs-flex brz-flex-xs-wrap brz-css-uCMvO brz-css-cWOFp\" data-brz-custom-id=\"\">\n<div class=\"brz-wrapper-clone__item\" id=\"wesmpjaqjmpkbxsloicymvmipkzbqzcuijop\">\n<div class=\"brz-hover-animation__container\" data-brz-hover-animationid=\"ewuwkeezfeppjalkshahzektoyhopgdpwiok\" data-brz-hover-options=\"%7B%22duration%22:600,%22iterations%22:1%7D\" data-brz-hover-reversible=\"true\" data-brz-hover-target=\"%22firstChild%22\"><a class=\"brz-a brz-btn brz-css-vkcU2 brz-css-zW66j brz-css-eux9H brz-css-joAEE\" href=\"\/fr\/contact\/\" target=\"_self\" rel=\"noopener\" data-brz-link-type=\"external\" data-brz-custom-id=\"wesmpjaqjmpkbxsloicymvmipkzbqzcuijop\"><span data-brz-translate-text=\"1\" class=\"brz-span brz-text__editor\">Contact<\/span><\/a><\/div>\n<\/div>\n<\/div>\n<\/div>\n<\/div>\n<\/div>\n<\/div>\n<\/div>\n<\/div>\n<\/div>\n<\/section>\n<section id=\"_ukckepoachitcuqnpwbppjepkvnidtrghavu\" class=\"brz-section brz-css-kbKNx\">\n<div class=\"brz-section__content brz-section--boxed brz-css-ojGbO brz-css-aZZkl\" data-brz-custom-id=\"yzcqoiroycgqrfxdovodffpepjfzqveozsdr\">\n<div class=\"brz-bg\">\n<div class=\"brz-bg-color\"><\/div>\n<\/div>\n<div class=\"brz-container brz-css-eyYI1\">\n<div class=\"brz-row__container brz-css-hnvy0 brz-css-uiNla\" data-brz-custom-id=\"vtnkkhulbandqmbiqomtcggqwrgwiilckfxf\">\n<div class=\"brz-bg\"><\/div>\n<div class=\"brz-row brz-css-l0iuA brz-css-hl7gk\">\n<div class=\"brz-columns brz-css-ndsK1 brz-css-dHmgH\" data-brz-custom-id=\"zmrnhgfrsxgdbvabqfutymlmbtadeyhffqor\">\n<div class=\"brz-bg\"><\/div>\n<div class=\"brz-column__items brz-css-ighsr brz-css-w8p1y\">\n<div id=\"\" class=\"brz-css-cWBdQ brz-css-mxseD brz-wrapper\">\n<div class=\"brz-rich-text brz-rich-text__custom brz-css-sw698\" data-brz-custom-id=\"tycygktjbimbdgjywwmlhjuttjwejqxhfqqo\">\n<div data-brz-translate-text=\"1\">\n<h2 class=\"brz-tp-lg-heading2 brz-css-hVQyy\" data-generated-css=\"brz-css-oskzf\" data-uniq-id=\"mbjdx\"><span class=\"brz-cp-color1\">Utilisation appropri\u00e9e des colliers et des laisses<\/span><\/h2>\n<\/div>\n<\/div>\n<\/div>\n<div id=\"\" class=\"brz-css-cWBdQ brz-css-sPJwC brz-wrapper\">\n<div class=\"brz-spacer brz-css-yQ8I9 brz-css-v2SLQ\"><\/div>\n<\/div>\n<div id=\"\" class=\"brz-css-cWBdQ brz-css-yVOhH brz-wrapper\">\n<div class=\"brz-rich-text brz-rich-text__custom brz-css-sw698\" data-brz-custom-id=\"dvhirytxyutzkfbpvqpsfglaervamifwczhz\">\n<div data-brz-translate-text=\"1\">\n<p class=\"brz-tp-lg-paragraph brz-css-qENCM\" data-uniq-id=\"jyqqe\" data-generated-css=\"brz-css-sdygi\"><span class=\"brz-cp-color7\" style=\"opacity: 1;background-color: transparent\">L&#039;utilisation correcte des colliers et des laisses est importante pour assurer la s\u00e9curit\u00e9 et le confort du chien. Il est crucial d&#039;ajuster correctement le collier autour du cou du chien afin qu&#039;il ne soit ni trop serr\u00e9 ni trop l\u00e2che. La laisse doit \u00eatre tenue fermement et utilis\u00e9e de mani\u00e8re \u00e0 ne pas blesser ou g\u00eaner le chien.<\/span><\/p>\n<p class=\"brz-tp-lg-paragraph brz-css-ctR7X\" data-uniq-id=\"ztqoe\" data-generated-css=\"brz-css-netjs\"><\/p>\n<p class=\"brz-tp-lg-paragraph brz-css-fuwNc\" data-uniq-id=\"imuoz\" data-generated-css=\"brz-css-rbgnz\"><span class=\"brz-cp-color7\" style=\"opacity: 1;background-color: transparent\">Dans l&#039;ensemble, les colliers et les laisses sont des accessoires indispensables pour les propri\u00e9taires de chiens. Ils offrent un moyen de contr\u00f4ler et de conduire en toute s\u00e9curit\u00e9 les chiens lors d&#039;une promenade, tout en offrant une chance d&#039;exprimer la personnalit\u00e9 du chien.<\/span><\/p>\n<\/div>\n<\/div>\n<\/div>\n<\/div>\n<\/div>\n<div class=\"brz-columns brz-css-ndsK1 brz-css-i6uVT\" data-brz-custom-id=\"ofshlhirwkmfxvhimduvljetsqpiekruytgu\">\n<div class=\"brz-bg\"><\/div>\n<div class=\"brz-column__items brz-css-ighsr brz-css-wtYCe\">\n<div id=\"\" class=\"brz-css-cWBdQ brz-wrapper\">\n<div class=\"brz-image brz-css-alJ1x brz-css-lG_wl\" data-brz-custom-id=\"vsndsmzmxyeqniwcuobsphsnspjkspwovmmz\"><img decoding=\"async\" class=\"brz-img\" src=\"https:\/\/dogpride.nl\/wp-content\/uploads\/brizy\/imgs\/Loop2-5-453x604x0x140x453x408x1689842308.jpg\" alt=\"\" loading=\"lazy\"><\/div>\n<\/div>\n<\/div>\n<\/div>\n<\/div>\n<\/div>\n<\/div>\n<\/div>\n<\/section>\n<section id=\"_tunupqaufycrtrvwpsejykcdejkrmhcqkufd\" class=\"brz-section brz-css-kbKNx brz-css-wcNRW\">\n<div class=\"brz-section__content brz-section--boxed brz-css-ojGbO brz-css-ef2Yv\" data-brz-custom-id=\"zsuhyxrulvxggnmtumtqfczquhsggoweyzsv\">\n<div class=\"brz-bg\">\n<div class=\"brz-bg-color\"><\/div>\n<\/div>\n<div class=\"brz-container brz-css-eyYI1\">\n<div class=\"brz-row__container brz-css-hnvy0\" data-brz-custom-id=\"xajuqctolzoohrveupythvwlswmgruungxid\">\n<div class=\"brz-bg\"><\/div>\n<div class=\"brz-row brz-css-l0iuA brz-css-hl7gk\">\n<div class=\"brz-columns brz-css-ndsK1 brz-css-nBByZ\" data-brz-custom-id=\"gydlrunwirtpoeofnjgufhnqusifvoycxizn\">\n<div class=\"brz-bg\">\n<div class=\"brz-bg-image\"><\/div>\n<div class=\"brz-bg-color\"><\/div>\n<\/div>\n<div class=\"brz-column__items brz-css-ighsr brz-css-r8nAQ\">\n<div id=\"\" class=\"brz-css-cWBdQ brz-css-lnk6h brz-wrapper\">\n<div class=\"brz-rich-text brz-rich-text__custom brz-css-sw698\" data-brz-custom-id=\"uwerskopfpuxwzizzrvuxzcmupckumxgzfsm\">\n<div data-brz-translate-text=\"1\">\n<h3 data-uniq-id=\"rfotd\" data-generated-css=\"brz-css-npgzw\" class=\"brz-tp-lg-heading3 brz-css-lvTQc\"><span class=\"brz-cp-color8\">Vous pr\u00e9f\u00e9rez un contact personnel ? Nous sommes heureux de vous aider! <\/span><\/h3>\n<\/div>\n<\/div>\n<\/div>\n<div id=\"\" class=\"brz-css-cWBdQ brz-css-sPJwC brz-wrapper\">\n<div class=\"brz-spacer brz-css-yQ8I9\"><\/div>\n<\/div>\n<div class=\"brz-wrapper-clone brz-css-q6xZu brz-css-gtJ_I\">\n<div class=\"brz-d-xs-flex brz-flex-xs-wrap brz-css-uCMvO brz-css-e7UXn\" data-brz-custom-id=\"\">\n<div class=\"brz-wrapper-clone__item\" id=\"rigwplvlfpknjzdoxeryoyrekpckuiznwgtv\">\n<div class=\"brz-hover-animation__container\" data-brz-hover-animationid=\"yfpcvodhdqvsxtnlpdpafxzvqxyhfrztwirz\" data-brz-hover-options=\"%7B%22duration%22:600,%22iterations%22:1%7D\" data-brz-hover-reversible=\"true\" data-brz-hover-target=\"%22firstChild%22\"><a class=\"brz-a brz-btn brz-css-vkcU2 brz-css-sAsEe brz-css-eux9H brz-css-x794E\" href=\"\/fr\/contact\/\" target=\"_self\" rel=\"noopener\" data-brz-link-type=\"external\" data-brz-custom-id=\"rigwplvlfpknjzdoxeryoyrekpckuiznwgtv\"><span data-brz-translate-text=\"1\" class=\"brz-span brz-text__editor\">Contact<\/span><\/a><\/div>\n<\/div>\n<\/div>\n<\/div>\n<\/div>\n<\/div>\n<\/div>\n<\/div>\n<\/div>\n<\/div>\n<\/section>\n<\/div>\n<p>    <!-- version:1731933612 --><\/p>","protected":false},"excerpt":{"rendered":"<p>Halsbanden en lijnen Halsbanden en lijnen voor honden Halsbanden en lijnen zijn essenti\u00eble accessoires voor hondenbezitters, omdat ze een belangrijke rol spelen bij het veilig en gecontroleerd uitlaten van honden. Deze items zijn verkrijgbaar in verschillende stijlen, materialen en ontwerpen om te voldoen aan de behoeften en voorkeuren van zowel de hond als de handler. [&hellip;]<\/p>\n","protected":false},"author":1036,"featured_media":111522,"parent":0,"menu_order":0,"comment_status":"closed","ping_status":"closed","template":"","meta":{"footnotes":""},"class_list":["post-111550","page","type-page","status-publish","has-post-thumbnail","hentry"],"blocksy_meta":[],"mb":[],"brizy_media":[{"id":112222,"url":"https:\/\/dogpride.nl\/wp-content\/uploads\/PRIDE-halsbanden.jpg","name":"PRIDE-halsbanden.jpg","meta":{"brizy_attachment_uid":"wp-584961cbf4b28e71b19f906a4fd56db3.jpg","brizy_post_uid":["261b016a03a676591d10865db0eda8e2"]}}],"mfb_rest_fields":["title","blocksy_meta","brizy_media"],"_links":{"self":[{"href":"https:\/\/dogpride.nl\/fr\/wp-json\/wp\/v2\/pages\/111550","targetHints":{"allow":["GET"]}}],"collection":[{"href":"https:\/\/dogpride.nl\/fr\/wp-json\/wp\/v2\/pages"}],"about":[{"href":"https:\/\/dogpride.nl\/fr\/wp-json\/wp\/v2\/types\/page"}],"author":[{"embeddable":true,"href":"https:\/\/dogpride.nl\/fr\/wp-json\/wp\/v2\/users\/1036"}],"replies":[{"embeddable":true,"href":"https:\/\/dogpride.nl\/fr\/wp-json\/wp\/v2\/comments?post=111550"}],"version-history":[{"count":0,"href":"https:\/\/dogpride.nl\/fr\/wp-json\/wp\/v2\/pages\/111550\/revisions"}],"wp:featuredmedia":[{"embeddable":true,"href":"https:\/\/dogpride.nl\/fr\/wp-json\/wp\/v2\/media\/111522"}],"wp:attachment":[{"href":"https:\/\/dogpride.nl\/fr\/wp-json\/wp\/v2\/media?parent=111550"}],"curies":[{"name":"wp","href":"https:\/\/api.w.org\/{rel}","templated":true}]}}