{"id":73502,"date":"2021-09-17T10:17:55","date_gmt":"2021-09-17T08:17:55","guid":{"rendered":"https:\/\/dogpride1.wpengine.com\/?post_type=product&#038;p=73502"},"modified":"2025-11-26T16:47:32","modified_gmt":"2025-11-26T15:47:32","slug":"scentlogix-tatp-training-aid","status":"publish","type":"product","link":"https:\/\/dogpride.nl\/en\/scentlogix-tatp-training-aid\/","title":{"rendered":"SCENTLOGIX TATP Training Aid"},"content":{"rendered":"<h4 class=\"txt-title-fichier\">SCENTLOGIX TATP Training Aid<\/h4>\n<p><span class=\"\">SCENTLOGIX TATP Training Aid<\/span><\/p>\n<p><span class=\"\"> ScentLogix products are products intended for training explosive detection dogs.<\/span><\/p>\n<p>ScentLogix offers products that are reliable and safe, inert and without any risk in their use.<br \/>\nNo permission for detention, storage and transportation is required, these products can be used without any safety restrictions.<br \/>\nScent Logix is \u200b\u200bthe world&#039;s leading manufacturer of training aids for TATP and HMTD products.<br \/>\nScentLogix kits are used by many government agencies around the world.<\/p>\n<p>When you are not using the product, it is recommended to store it in the fridge or freezer.<br \/>\n<span class=\"goog-text-highlight\">The product can stay out of the freezer for several days without being modified (transport and use phase per expl)<\/span><\/p>\n<h4><strong>Available as:<\/strong><\/h4>\n<ul>\n<li>Refill<\/li>\n<li>Fragrance kit<\/li>\n<\/ul>\n<p><a href=\"https:\/\/dogpride.nl\/en\/k9\/detectie\/detectie-geurstoffen\/scentlogix-geurstoffen\/\"><img loading=\"lazy\" decoding=\"async\" class=\"alignnone wp-image-145216 size-thumbnail\" title=\"SCENTLOGIX TATP Training Aid\" src=\"https:\/\/dogpride.nl\/wp-content\/uploads\/TATP-Aid-150x150.png\" alt=\"SCENTLOGIX TATP Training Aid\" width=\"150\" height=\"150\" srcset=\"https:\/\/dogpride.nl\/wp-content\/uploads\/TATP-Aid-150x150.png 150w, https:\/\/dogpride.nl\/wp-content\/uploads\/TATP-Aid-300x298.png 300w, https:\/\/dogpride.nl\/wp-content\/uploads\/TATP-Aid-1024x1018.png 1024w, https:\/\/dogpride.nl\/wp-content\/uploads\/TATP-Aid-768x764.png 768w, https:\/\/dogpride.nl\/wp-content\/uploads\/TATP-Aid-12x12.png 12w, https:\/\/dogpride.nl\/wp-content\/uploads\/TATP-Aid-250x249.png 250w, https:\/\/dogpride.nl\/wp-content\/uploads\/TATP-Aid-400x398.png 400w, https:\/\/dogpride.nl\/wp-content\/uploads\/TATP-Aid-100x100.png 100w, https:\/\/dogpride.nl\/wp-content\/uploads\/TATP-Aid.png 1056w\" sizes=\"auto, (max-width: 150px) 100vw, 150px\" \/><\/a><\/p>\n<h4 data-start=\"183\" data-end=\"281\"><strong data-start=\"185\" data-end=\"281\">SCENTLOGIX TATP Training Aid \u2013 Hoogwaardige trainingsgeur voor peroxide-explosieven detectie<\/strong><\/h4>\n<p data-start=\"283\" data-end=\"889\">The <strong data-start=\"286\" data-end=\"318\">SCENTLOGIX TATP Training Aid<\/strong> is een hoogwaardige, volledig veilige en uiterst realistische trainingsgeur die speciaal is ontwikkeld voor professionele K9-teams, veiligheidsdiensten en defensie-eenheden. TATP (Triacetonetriperoxide) is wereldwijd \u00e9\u00e9n van de meest bekende en beruchte peroxide-gebaseerde zelfgemaakte explosieven (HME\u2019s). Door zijn gevoeligheid, instabiliteit en het hoge risico van ontploffing is het onmogelijk en onveilig om met echte TATP te trainen. Daarom biedt SCENTLOGIX een veilig, non-explosief alternatief dat het authentieke geurprofiel van TATP wetenschappelijk nabootst.<\/p>\n<p data-start=\"891\" data-end=\"1212\">Deze training aid is een essentieel hulpmiddel voor detectiehonden die worden ingezet in situaties waar dreigingen met zelfgemaakte explosieven realistisch zijn. Dankzij de consistente geurafgifte en uitzonderlijke nauwkeurigheid kunnen teams trainen op een hoog professioneel niveau zonder enig gevaar voor mens of dier.<\/p>\n<h4 data-start=\"1214\" data-end=\"1306\"><strong data-start=\"1217\" data-end=\"1306\">Natuurgetrouwe TATP-geurreplicatie \u2013 volledig veilig, zonder explosieve eigenschappen<\/strong><\/h4>\n<p data-start=\"1308\" data-end=\"1712\">TATP staat bekend als extreem instabiel, moeilijk te hanteren en zeer explosief. Het gebruik in trainingen is daarom niet mogelijk. De <strong data-start=\"1443\" data-end=\"1475\">SCENTLOGIX TATP Training Aid<\/strong> lost dit probleem op door een <strong data-start=\"1506\" data-end=\"1548\">moleculaire geurreplicatie-technologie<\/strong> te gebruiken. Deze technologie reconstrueert de vluchtige geurcomponenten die typisch zijn voor TATP, zonder ook maar \u00e9\u00e9n explosieve of reactieve stof te bevatten.<\/p>\n<p data-start=\"1714\" data-end=\"1742\">Hierdoor is de training aid:<\/p>\n<ul>\n<li data-start=\"1746\" data-end=\"1774\"><strong data-start=\"1746\" data-end=\"1772\">Volledig non-explosief<\/strong><\/li>\n<li data-start=\"1777\" data-end=\"1824\"><strong data-start=\"1777\" data-end=\"1794\">Non-hazardous<\/strong> en veilig voor mens en dier<\/li>\n<li data-start=\"1827\" data-end=\"1876\"><strong data-start=\"1827\" data-end=\"1874\">Geschikt voor transport zonder vergunningen<\/strong><\/li>\n<li data-start=\"1879\" data-end=\"1949\"><strong data-start=\"1879\" data-end=\"1947\">Probleemloos te gebruiken in publieke of operationele omgevingen<\/strong><\/li>\n<\/ul>\n<p data-start=\"1951\" data-end=\"2103\">K9-trainers profiteren van een geurbron die even realistisch is als de echte stof, maar zonder de risico\u2019s die TATP in werkelijkheid met zich meebrengt.<\/p>\n<h4 data-start=\"2105\" data-end=\"2155\"><strong data-start=\"2108\" data-end=\"2155\">Essentieel voor professionele detectieteams<\/strong><\/h4>\n<p data-start=\"2157\" data-end=\"2363\">Omdat TATP regelmatig voorkomt in incidenten waarbij zelfgemaakte explosieven worden gebruikt, moeten K9-detectiehonden deze geur absoluut kunnen herkennen. Deze training aid wordt wereldwijd gebruikt door:<\/p>\n<ul>\n<li data-start=\"2367\" data-end=\"2405\">Nationale politie- en douanediensten<\/li>\n<li data-start=\"2408\" data-end=\"2445\">Explosievenopruimingsdiensten (EOD)<\/li>\n<li data-start=\"2448\" data-end=\"2471\">Militaire K9-eenheden<\/li>\n<li data-start=\"2474\" data-end=\"2507\">Luchthaven- en grensbeveiliging<\/li>\n<li data-start=\"2510\" data-end=\"2541\">Private beveiligingsbedrijven<\/li>\n<li data-start=\"2544\" data-end=\"2579\">Professionele K9-opleidingscentra<\/li>\n<\/ul>\n<p data-start=\"2581\" data-end=\"2884\">De SCENTLOGIX TATP Training Aid is geschikt voor verschillende trainingsfases, zoals puppy imprinting, basisdetectie, certificering en geavanceerde scenario-oefeningen. De nauwkeurige geurreplicatie zorgt dat honden op betrouwbare wijze leren werken met geuren die zij in het echte werk moeten opsporen.<\/p>\n<h4 data-start=\"2886\" data-end=\"2939\"><strong data-start=\"2889\" data-end=\"2939\">Langdurige geurafgifte en optimale stabiliteit<\/strong><\/h4>\n<p data-start=\"2941\" data-end=\"3246\">Een van de belangrijkste kenmerken van SCENTLOGIX-producten is de <strong data-start=\"3007\" data-end=\"3044\">duurzame, consistente geurafgifte<\/strong>. De TATP Training Aid is ontwikkeld om gedurende langere tijd dezelfde hoge geurkwaliteit te leveren. Daardoor kunnen teams herhaaldelijk trainen met dezelfde unit zonder dat het geurprofiel verandert.<\/p>\n<p data-start=\"3248\" data-end=\"3270\">Belangrijke voordelen:<\/p>\n<ul>\n<li data-start=\"3274\" data-end=\"3342\"><strong data-start=\"3274\" data-end=\"3306\">Uitstekende geurconsistentie<\/strong> voor betrouwbare detectietraining<\/li>\n<li data-start=\"3345\" data-end=\"3411\"><strong data-start=\"3345\" data-end=\"3365\">Lange levensduur<\/strong>, wat het product zeer kosteneffici\u00ebnt maakt<\/li>\n<li data-start=\"3414\" data-end=\"3489\"><strong data-start=\"3414\" data-end=\"3457\">Geschikt voor binnen- en buitentraining<\/strong>, ook bij extreme temperaturen<\/li>\n<li data-start=\"3492\" data-end=\"3547\"><strong data-start=\"3492\" data-end=\"3516\">Stabiele geurafgifte<\/strong>, zelfs bij intensief gebruik<\/li>\n<\/ul>\n<p data-start=\"3549\" data-end=\"3663\">Met deze betrouwbaarheid kunnen trainers met vertrouwen werken aan realistische en uitdagende detectie-oefeningen.<\/p>\n<p data-start=\"3549\" data-end=\"3663\"><img loading=\"lazy\" decoding=\"async\" class=\"alignnone wp-image-145217 size-thumbnail\" title=\"SCENTLOGIX TATP Training Aid\" src=\"https:\/\/dogpride.nl\/wp-content\/uploads\/TATP_doble-1-150x150.png\" alt=\"SCENTLOGIX TATP Training Aid\" width=\"150\" height=\"150\" srcset=\"https:\/\/dogpride.nl\/wp-content\/uploads\/TATP_doble-1-150x150.png 150w, https:\/\/dogpride.nl\/wp-content\/uploads\/TATP_doble-1-300x300.png 300w, https:\/\/dogpride.nl\/wp-content\/uploads\/TATP_doble-1-1024x1024.png 1024w, https:\/\/dogpride.nl\/wp-content\/uploads\/TATP_doble-1-768x768.png 768w, https:\/\/dogpride.nl\/wp-content\/uploads\/TATP_doble-1-12x12.png 12w, https:\/\/dogpride.nl\/wp-content\/uploads\/TATP_doble-1-250x250.png 250w, https:\/\/dogpride.nl\/wp-content\/uploads\/TATP_doble-1-400x400.png 400w, https:\/\/dogpride.nl\/wp-content\/uploads\/TATP_doble-1-100x100.png 100w, https:\/\/dogpride.nl\/wp-content\/uploads\/TATP_doble-1.png 1200w\" sizes=\"auto, (max-width: 150px) 100vw, 150px\" \/><\/p>\n<h4 data-start=\"3665\" data-end=\"3715\"><strong data-start=\"3668\" data-end=\"3715\">Flexibel inzetbaar in elk trainingsscenario<\/strong><\/h4>\n<p data-start=\"3717\" data-end=\"3926\">De SCENTLOGIX TATP Training Aid is compact, gebruiksklaar en eenvoudig te plaatsen in allerlei trainingsobjecten. Hierdoor kunnen K9-trainers trainingsscenario\u2019s exact afstemmen op operationele omstandigheden.<\/p>\n<p data-start=\"3928\" data-end=\"3955\">Geschikt voor plaatsing in:<\/p>\n<ul>\n<li data-start=\"3959\" data-end=\"3997\">Rugzakken, koffers, tassen en bagage<\/li>\n<li data-start=\"4000\" data-end=\"4048\">Voertuigen, laadruimtes en transportcontainers<\/li>\n<li data-start=\"4051\" data-end=\"4085\">Lockers, opslagruimtes en kasten<\/li>\n<li data-start=\"4088\" data-end=\"4151\">Detectiebuisjes, trainingskoffers of verborgen compartimenten<\/li>\n<li data-start=\"4154\" data-end=\"4212\">Stedelijke omgevingen, open terrein en industri\u00eble zones<\/li>\n<\/ul>\n<p data-start=\"4214\" data-end=\"4302\">De geur verspreidt zich effectief in zowel kleine ruimtes als grote complexe omgevingen.<\/p>\n<h4 data-start=\"4304\" data-end=\"4349\"><strong data-start=\"4307\" data-end=\"4349\">Getest, veilig en wereldwijd vertrouwd<\/strong><\/h4>\n<p data-start=\"4351\" data-end=\"4484\">Alle SCENTLOGIX-producten voldoen aan strenge kwaliteitsnormen en zijn gebaseerd op diepgaand geuronderzoek. De TATP Training Aid is:<\/p>\n<ul>\n<li data-start=\"4488\" data-end=\"4536\"><strong data-start=\"4488\" data-end=\"4534\">Veilig voor honden, trainers en omstanders<\/strong><\/li>\n<li data-start=\"4539\" data-end=\"4600\"><strong data-start=\"4539\" data-end=\"4598\">Vrij van gevaarlijke, schadelijke of explosieve stoffen<\/strong><\/li>\n<li data-start=\"4603\" data-end=\"4655\"><strong data-start=\"4603\" data-end=\"4653\">Geschikt voor gebruik in publieke faciliteiten<\/strong><\/li>\n<li data-start=\"4658\" data-end=\"4725\"><strong data-start=\"4658\" data-end=\"4723\">Wetenschappelijk gevalideerd voor realistische geurreplicatie<\/strong><\/li>\n<\/ul>\n<p data-start=\"4727\" data-end=\"4875\">Wereldwijd vertrouwen professionele detectieteams op SCENTLOGIX vanwege de bewezen kwaliteit, veiligheid en betrouwbaarheid van hun trainingsgeuren.<\/p>\n<h4 data-start=\"4877\" data-end=\"4932\"><strong data-start=\"4880\" data-end=\"4932\">Waarom kiezen voor SCENTLOGIX TATP Training Aid?<\/strong><\/h4>\n<ul>\n<li data-start=\"4936\" data-end=\"4983\">Wetenschappelijk accurate replicatie van TATP<\/li>\n<li data-start=\"4986\" data-end=\"5020\">Volledig non-explosief en veilig<\/li>\n<li data-start=\"5023\" data-end=\"5075\">Ideaal voor training met peroxide-gebaseerde HME\u2019s<\/li>\n<li data-start=\"5078\" data-end=\"5115\">Consistente, langdurige geurafgifte<\/li>\n<li data-start=\"5118\" data-end=\"5158\">Geschikt voor alle K9-trainingsniveaus<\/li>\n<li data-start=\"5161\" data-end=\"5210\">Eenvoudig inzetbaar in alle trainingsscenario\u2019s<\/li>\n<li data-start=\"5213\" data-end=\"5270\">Wereldwijd erkend door politie, defensie en beveiliging<\/li>\n<\/ul>\n<p data-start=\"5272\" data-end=\"5516\">With the <strong data-start=\"5279\" data-end=\"5311\">SCENTLOGIX TATP Training Aid<\/strong> kies je voor maximale veiligheid \u00e9n realisme. Het is d\u00e9 oplossing voor professionele K9-teams die streven naar betrouwbare detectie van \u00e9\u00e9n van de meest kritieke geuren binnen moderne dreigingsscenario\u2019s.<\/p>\n<p data-start=\"5272\" data-end=\"5516\"><a href=\"https:\/\/scentlogix.com\/s\/\" target=\"_blank\" rel=\"noopener\"><img loading=\"lazy\" decoding=\"async\" class=\"alignnone\" title=\"SCENTLOGIX TATP Training Aid\" src=\"https:\/\/dogpride.nl\/wp-content\/uploads\/ScentLogix-logo-1.jpg\" alt=\"SCENTLOGIX TATP Training Aid\" width=\"292\" height=\"89\" \/><\/a><\/p>","protected":false},"excerpt":{"rendered":"<p class=\"txt-title-fichier\">The <strong data-start=\"286\" data-end=\"318\">SCENTLOGIX TATP Training Aid<\/strong> is een hoogwaardige, volledig veilige en uiterst realistische trainingsgeur die speciaal is ontwikkeld voor professionele K9-teams, veiligheidsdiensten en defensie-eenheden.<\/p>","protected":false},"featured_media":145216,"template":"","meta":[],"product_brand":[],"product_cat":[4011],"product_tag":[3147,3148,15072,3235,15074,3230,15064,15055,15075,15004,15070,15067,15066,3240,9789,14933,15068,3228,3252,12062,15061,3243,3229,3256,15069,15063,15065,15071,15073,15062,3232],"class_list":{"0":"post-73502","1":"product","2":"type-product","3":"status-publish","4":"has-post-thumbnail","6":"product_cat-scentlogix-geurstoffen","7":"product_tag-detectie-geurstof","8":"product_tag-detectiehond","9":"product_tag-detectiehond-explosief-geurprofiel","10":"product_tag-detectietraining","11":"product_tag-detection-dog-tatp","12":"product_tag-explosievendetectie","13":"product_tag-explosievenhond-tatp","14":"product_tag-geurset-hme-training","15":"product_tag-geurtraining-peroxide-explosieven","16":"product_tag-hme-detectiehond-opleiding","17":"product_tag-k9-explosievendetectie-peroxide","18":"product_tag-k9-tatp-training","19":"product_tag-non-explosieve-tatp-replica","20":"product_tag-nosework","21":"product_tag-peroxide-explosieven-detectie","22":"product_tag-professionele-k9-training-aids","23":"product_tag-realistische-tatp-geurreplica","24":"product_tag-scent-detection","25":"product_tag-scentlogix","26":"product_tag-scentlogix-nederland","27":"product_tag-scentlogix-tatp-training-aid","28":"product_tag-simulatiemiddel","29":"product_tag-sniffer-dogs","30":"product_tag-tatp","31":"product_tag-tatp-detectie-training","32":"product_tag-tatp-detectiehond-training","33":"product_tag-tatp-geurbron","34":"product_tag-tatp-geurreplicatie","35":"product_tag-tatp-training-aid-kopen","36":"product_tag-tatp-trainingsgeur","37":"product_tag-trainingssimulant","38":"product_shipping_class-groot-pakket","40":"first","41":"instock","42":"taxable","43":"shipping-taxable","44":"purchasable","45":"product-type-variable"},"mb":[],"mfb_rest_fields":["title"],"_links":{"self":[{"href":"https:\/\/dogpride.nl\/en\/wp-json\/wp\/v2\/product\/73502","targetHints":{"allow":["GET"]}}],"collection":[{"href":"https:\/\/dogpride.nl\/en\/wp-json\/wp\/v2\/product"}],"about":[{"href":"https:\/\/dogpride.nl\/en\/wp-json\/wp\/v2\/types\/product"}],"wp:featuredmedia":[{"embeddable":true,"href":"https:\/\/dogpride.nl\/en\/wp-json\/wp\/v2\/media\/145216"}],"wp:attachment":[{"href":"https:\/\/dogpride.nl\/en\/wp-json\/wp\/v2\/media?parent=73502"}],"wp:term":[{"taxonomy":"product_brand","embeddable":true,"href":"https:\/\/dogpride.nl\/en\/wp-json\/wp\/v2\/product_brand?post=73502"},{"taxonomy":"product_cat","embeddable":true,"href":"https:\/\/dogpride.nl\/en\/wp-json\/wp\/v2\/product_cat?post=73502"},{"taxonomy":"product_tag","embeddable":true,"href":"https:\/\/dogpride.nl\/en\/wp-json\/wp\/v2\/product_tag?post=73502"}],"curies":[{"name":"wp","href":"https:\/\/api.w.org\/{rel}","templated":true}]}}