{"id":73421,"date":"2021-09-16T11:44:49","date_gmt":"2021-09-16T09:44:49","guid":{"rendered":"https:\/\/dogpride1.wpengine.com\/?post_type=product&#038;p=73421"},"modified":"2025-12-02T16:52:34","modified_gmt":"2025-12-02T15:52:34","slug":"sokks-explosives-scent-odor","status":"publish","type":"product","link":"https:\/\/dogpride.nl\/en\/sokks-explosives-scent-odor\/","title":{"rendered":"SOKKS Explosives Scent odor"},"content":{"rendered":"<h4>SOKKS Explosives Scent odor<\/h4>\n<p>SOKKS Explosives Scent odor. SOKKS-MPTS\u00ae explosief zal de hond conditioneren om zelfs de kleinste hoeveelheid explosieven te detecteren, militair, commercieel of zelfgemaakt, inclusief SEMTEX, HMTD en TATP.<br \/>\nDogs trained with SOKKS-MPTS\u2122 explosives can find explosives that escape even the most sophisticated detection equipment currently in use at many airports.<\/p>\n<h4><strong>Each fragrance tube contains all fragrances under:\u00a0<\/strong><\/h4>\n<ul>\n<li>Hexogenous Ammonium Nitrate (RDX)<\/li>\n<li>Potassium Chloride Potassium<\/li>\n<li>Nitrate<\/li>\n<li>Sodium chlorate<\/li>\n<li>nitroglycerin<\/li>\n<li>Nitro-Cellulose<\/li>\n<li>TNT<\/li>\n<li>ALL Dynamites Oktogen<\/li>\n<li>Water\u00a0Gels (HMX)<\/li>\n<li>Smokeless\u00a0Poeder<\/li>\n<li>Black Powder<\/li>\n<li>Black Powder &#8216;vuurwapen<\/li>\n<li>Chlorates<\/li>\n<li>PETN = Nitropenta<\/li>\n<li>TATP<\/li>\n<li>HMTD<\/li>\n<\/ul>\n<p>SOKKS Explosives Scent odor werden voor het eerst in gebruik genomen door de Oostenrijkse politie en de standaard voor de detectie hond opleiding voor de politie zijn geworden.<br \/>\nBy using SOKKS\u2122 you do not need detention permits, bunkers or special containers for storage and transport.<br \/>\nDankzij de unieke constructie zijn SOKKS-MPTS\u2122 explosieven volkomen ongevaarlijk en kunnen ze in het veld worden vervoerd en gewoon op kantoor worden opgeslagen.<br \/>\nJe kunt overal en altijd trainen, er is absoluut geen risico op brand of explosie.<\/p>\n<h4>SOKKS\u00ae-Micro Particle Conditioning Systems (SOKKS\u00ae-MPTS) has been developed for sniffer dogs to condition them for selective odor recognition and odor source detection.<\/h4>\n<p>SOKKS\u00ae is the result of scientific research that focuses exclusively on the use of real microparticles (no synthetic microparticles).<br \/>\nSOKKS\u00ae-MPTS is intended for the support of police, military or private cynotechnic units.<\/p>\n<p>A SOKKS\u00ae-MPTS tube contains all odors (all drugs, all explosives\u2026) and can be used several times for a conditioned dog!<\/p>\n<p>SOKKS\u00ae-MPTS contains real particles, no odor copy, no PSEUDO!<\/p>\n<p>The manufacture and control of SOKKS\u00ae-MPTS equipment is based on the results obtained through the work carried out under the direction of Prof. Dr. Wolf A Kafka in International Research Institutions.<\/p>\n<ul>\n<li><span class=\"\">1 bottle of 50 tubes is suitable for about 500 uses<\/span><\/li>\n<\/ul>\n<p><span class=\"\">For other packaging, please contact us<\/span><\/p>\n<p><a href=\"https:\/\/dogpride.nl\/en\/k9\/detectie\/detectie-geurstoffen\/sokks-geurstoffen\/\"><img loading=\"lazy\" decoding=\"async\" class=\"alignnone\" title=\"SOKKS Explosives Scent odor\" src=\"https:\/\/dogpride.nl\/wp-content\/uploads\/verybig-3962-2-150x150.jpg\" alt=\"SOKKS Explosives Scent odor\" width=\"150\" height=\"150\" \/><\/a><\/p>\n<h4 data-start=\"280\" data-end=\"382\"><strong data-start=\"282\" data-end=\"382\">SOKKS Explosives Scent Odor \u2013 Geavanceerde geurbron voor detectiehonden die explosieven opsporen<\/strong><\/h4>\n<p data-start=\"384\" data-end=\"995\">SOKKS Explosives Scent Odor is een hoogwaardig, wetenschappelijk ontwikkeld geurproduct dat wordt gebruikt om detectiehonden te trainen in het herkennen van een breed scala aan explosieven en explosieve componenten. Het product is wereldwijd een vaste waarde in trainingstrajecten van politie, leger, douane, beveiligingsdiensten, antiterreurteams en gespecialiseerde K9-eenheden. Dankzij de uiterst realistische, maar volledig synthetische geurprofielen biedt SOKKS een veilige, effici\u00ebnte en consistente manier om honden op te leiden voor \u00e9\u00e9n van de meest kritieke taken binnen veiligheids- en opsporingswerk.<\/p>\n<p data-start=\"997\" data-end=\"1425\">Explosievendetectie vereist absolute precisie. Een goed opgeleide hond moet in staat zijn om explosieve materialen te detecteren onder uitdagende omstandigheden: in voertuigen, bagage, vracht, gebouwen, openbare ruimtes of outdoorgebieden. SOKKS Explosives Scent Odor maakt dit mogelijk door geurcapsules te leveren die exact de geur nabootsen van veelgebruikte explosieven, zonder daadwerkelijk gevaarlijke stoffen te bevatten.<\/p>\n<hr data-start=\"1427\" data-end=\"1430\" \/>\n<h4 data-start=\"1432\" data-end=\"1501\"><strong data-start=\"1435\" data-end=\"1501\">Realistische geurprofielen gebaseerd op explosieve componenten<\/strong><\/h4>\n<p data-start=\"1503\" data-end=\"1712\">SOKKS gebruikt synthetisch ontwikkelde geurcomponenten die representatief zijn voor de geuren van verschillende typen explosieven. De geurcapsules bestrijken onder andere profielen die worden geassocieerd met:<\/p>\n<ul>\n<li data-start=\"1716\" data-end=\"1741\">militaire springstoffen<\/li>\n<li data-start=\"1744\" data-end=\"1769\">commerci\u00eble explosieven<\/li>\n<li data-start=\"1772\" data-end=\"1819\">ge\u00efmproviseerde explosieven (IED-componenten)<\/li>\n<li data-start=\"1822\" data-end=\"1853\">nitraten en nitroverbindingen<\/li>\n<li data-start=\"1856\" data-end=\"1882\">zwarte buskruitvarianten<\/li>\n<li data-start=\"1885\" data-end=\"1916\">chemische explosieve residuen<\/li>\n<\/ul>\n<p data-start=\"1918\" data-end=\"2125\">Deze geuren zijn ontworpen op basis van diepgaand forensisch en chemisch onderzoek, waardoor detectiehonden kunnen trainen met profielen die overeenkomen met realistische situaties van potenti\u00eble dreigingen.<\/p>\n<p data-start=\"2127\" data-end=\"2291\">Het belangrijkste voordeel: <strong data-start=\"2155\" data-end=\"2214\">er is geen enkel explosief of gevaarlijke stof aanwezig<\/strong>. De geurcapsules bieden volledige veiligheid voor trainer, hond en omgeving.<\/p>\n<hr data-start=\"2293\" data-end=\"2296\" \/>\n<h4 data-start=\"2298\" data-end=\"2348\"><strong data-start=\"2301\" data-end=\"2348\">100% veilig, volledig synthetisch en legaal<\/strong><\/h4>\n<p data-start=\"2350\" data-end=\"2556\">Werken met echte explosieven voor training brengt veiligheidsrisico\u2019s, zware regelgeving en strikte opslagvoorschriften met zich mee. SOKKS elimineert deze problemen volledig.<br data-start=\"2525\" data-end=\"2528\" \/>SOKKS Explosives Scent Odor:<\/p>\n<ul>\n<li data-start=\"2560\" data-end=\"2600\">bevat geen werkzame explosieve stoffen<\/li>\n<li data-start=\"2603\" data-end=\"2624\">is niet ontvlambaar<\/li>\n<li data-start=\"2627\" data-end=\"2643\">is niet giftig<\/li>\n<li data-start=\"2646\" data-end=\"2671\">vereist geen vergunning<\/li>\n<li data-start=\"2674\" data-end=\"2708\">is vrij van gevaarlijke residuen<\/li>\n<li data-start=\"2711\" data-end=\"2739\">mag overal worden gebruikt<\/li>\n<\/ul>\n<p data-start=\"2741\" data-end=\"2912\">De capsules zijn compact, lekvrij, robuust en waterbestendig. Hierdoor kunnen ze veilig worden ingezet op zowel binnen- als buitenlocaties, zelfs in uitdagende omgevingen.<\/p>\n<hr data-start=\"2914\" data-end=\"2917\" \/>\n<h4 data-start=\"2919\" data-end=\"2981\"><strong data-start=\"2922\" data-end=\"2981\">Constante geursterkte voor betrouwbare detectietraining<\/strong><\/h4>\n<p data-start=\"2983\" data-end=\"3292\">Een van de grootste uitdagingen bij traditionele explosievendetectietraining is de wisselende geurintensiteit van echte materialen. Explosieven kunnen vluchtig zijn, verdampen, reageren op temperatuur of vari\u00ebren in geur afhankelijk van fabricagekwaliteit en ouderdom. Dit maakt consistente training moeilijk.<\/p>\n<p data-start=\"3294\" data-end=\"3532\">SOKKS biedt hier een oplossing door een <strong data-start=\"3334\" data-end=\"3383\">altijd stabiel en reproduceerbaar geurprofiel<\/strong> te leveren. De intensiteit blijft gelijk, waardoor honden sneller leren, beter focussen en betrouwbaarder signaleren. Voor K9-eenheden betekent dit:<\/p>\n<ul>\n<li data-start=\"3536\" data-end=\"3566\">snellere trainingsresultaten<\/li>\n<li data-start=\"3569\" data-end=\"3590\">minder geurvariatie<\/li>\n<li data-start=\"3593\" data-end=\"3624\">hogere detectienauwkeurigheid<\/li>\n<li data-start=\"3627\" data-end=\"3663\">minder fouten in praktijksituaties<\/li>\n<\/ul>\n<hr data-start=\"3665\" data-end=\"3668\" \/>\n<h4 data-start=\"3670\" data-end=\"3726\"><strong data-start=\"3673\" data-end=\"3726\">Breed inzetbaar in veiligheid en risicobeheersing<\/strong><\/h4>\n<p data-start=\"3728\" data-end=\"3776\">SOKKS Explosives Scent Odor wordt gebruikt door:<\/p>\n<h4 data-start=\"3778\" data-end=\"3819\"><strong data-start=\"3782\" data-end=\"3817\">Politie en antiterreur-eenheden<\/strong><\/h4>\n<p data-start=\"3820\" data-end=\"3919\">Voor het opsporen van explosieven in stedelijke gebieden, voertuigen, gebouwen en openbare ruimten.<\/p>\n<h4 data-start=\"3921\" data-end=\"3954\"><strong data-start=\"3925\" data-end=\"3952\">Douane en grenscontrole<\/strong><\/h4>\n<p data-start=\"3955\" data-end=\"4041\">Voor het detecteren van explosieven in bagage, vracht, pakketten en transportmiddelen.<\/p>\n<h4 data-start=\"4043\" data-end=\"4070\"><strong data-start=\"4047\" data-end=\"4068\">Leger en defensie<\/strong><\/h4>\n<p data-start=\"4071\" data-end=\"4177\">Voor training van explosievendetectiehonden die worden ingezet in conflictgebieden of risicovolle missies.<\/p>\n<h4 data-start=\"4179\" data-end=\"4235\"><strong data-start=\"4183\" data-end=\"4233\">Beveiligingsbedrijven en evenementenveiligheid<\/strong><\/h4>\n<p data-start=\"4236\" data-end=\"4344\">Voor preventieve veiligheidscontroles bij grote evenementen, luchthavens, terminals en industri\u00eble locaties.<\/p>\n<p data-start=\"4346\" data-end=\"4503\">Dankzij het veilige ontwerp kan SOKKS worden gebruikt in trainingscentra, oefenterreinen, magazijnen, voertuigen en binnenruimtes zonder speciale procedures.<\/p>\n<p data-start=\"4346\" data-end=\"4503\"><img loading=\"lazy\" decoding=\"async\" class=\"alignnone wp-image-147074 size-thumbnail\" title=\"SOKKS Explosives Scent Odor\" src=\"https:\/\/dogpride.nl\/wp-content\/uploads\/Explosives-150x150.jpg\" alt=\"SOKKS Explosives Scent odor\" width=\"150\" height=\"150\" srcset=\"https:\/\/dogpride.nl\/wp-content\/uploads\/Explosives-150x150.jpg 150w, https:\/\/dogpride.nl\/wp-content\/uploads\/Explosives-300x300.jpg 300w, https:\/\/dogpride.nl\/wp-content\/uploads\/Explosives-12x12.jpg 12w, https:\/\/dogpride.nl\/wp-content\/uploads\/Explosives-250x250.jpg 250w, https:\/\/dogpride.nl\/wp-content\/uploads\/Explosives-400x400.jpg 400w, https:\/\/dogpride.nl\/wp-content\/uploads\/Explosives-100x100.jpg 100w, https:\/\/dogpride.nl\/wp-content\/uploads\/Explosives.jpg 520w\" sizes=\"auto, (max-width: 150px) 100vw, 150px\" \/><\/p>\n<hr data-start=\"4505\" data-end=\"4508\" \/>\n<h4 data-start=\"4510\" data-end=\"4564\"><strong data-start=\"4513\" data-end=\"4564\">Realistische en veelzijdige trainingsscenario\u2019s<\/strong><\/h4>\n<p data-start=\"4566\" data-end=\"4769\">De capsules kunnen eenvoudig worden verstopt in tassen, dozen, voertuigen, machines, gebouwen, vliegtuiglading, haventerreinen of outdooropstellingen. Hierdoor kunnen trainers scenario\u2019s nabootsen zoals:<\/p>\n<ul>\n<li data-start=\"4773\" data-end=\"4806\">verborgen explosieven in bagage<\/li>\n<li data-start=\"4809\" data-end=\"4840\">IED-componenten in voertuigen<\/li>\n<li data-start=\"4843\" data-end=\"4883\">verdachte objecten in publieke ruimten<\/li>\n<li data-start=\"4886\" data-end=\"4931\">explosieve residuen op kleding of materiaal<\/li>\n<\/ul>\n<p data-start=\"4933\" data-end=\"5014\">Dit maakt de training levensecht, uitdagend en volledig afgestemd op de praktijk.<\/p>\n<hr data-start=\"5016\" data-end=\"5019\" \/>\n<h4 data-start=\"5021\" data-end=\"5089\"><strong data-start=\"5024\" data-end=\"5089\">Een onmisbare geurbron voor professionele explosievendetectie<\/strong><\/h4>\n<p data-start=\"5091\" data-end=\"5406\">SOKKS Explosives Scent Odor is de ideale oplossing voor organisaties die op het hoogste niveau willen trainen zonder veiligheidsrisico\u2019s. De synthetische geurprofielen, gecombineerd met de stabiliteit en betrouwbaarheid van de capsules, maken SOKKS tot een essentieel hulpmiddel voor alle explosievendetectiehonden.<\/p>\n<p data-start=\"5091\" data-end=\"5406\">\n<p data-start=\"5091\" data-end=\"5406\"><a href=\"https:\/\/www.sokksk9international.com\/EN\/product-myces-k9.html\" target=\"_blank\" rel=\"noopener\"><img loading=\"lazy\" decoding=\"async\" class=\"alignnone wp-image-147048 size-full\" title=\"SOKKS Explosives Scent Odor\" src=\"https:\/\/dogpride.nl\/wp-content\/uploads\/sokks-248x95-1.png\" alt=\"SOKKS Explosives Scent Odor\" width=\"248\" height=\"95\" srcset=\"https:\/\/dogpride.nl\/wp-content\/uploads\/sokks-248x95-1.png 248w, https:\/\/dogpride.nl\/wp-content\/uploads\/sokks-248x95-1-18x7.png 18w\" sizes=\"auto, (max-width: 248px) 100vw, 248px\" \/><\/a><\/p>\n<p>&nbsp;<\/p>\n<p>&nbsp;<\/p>","protected":false},"excerpt":{"rendered":"<p>SOKKS Explosives Scent Odor is een hoogwaardig, wetenschappelijk ontwikkeld geurproduct dat wordt gebruikt om detectiehonden te trainen in het herkennen van een breed scala aan explosieven en explosieve componenten.<\/p>","protected":false},"featured_media":147074,"template":"","meta":[],"product_brand":[],"product_cat":[4020],"product_tag":[16407,16413,3147,3148,3235,16414,3278,16411,10508,16405,16416,16410,16408,3240,16415,3228,3243,3229,3269,16409,16403,16404,16412,16406,3232],"class_list":{"0":"post-73421","1":"product","2":"type-product","3":"status-publish","4":"has-post-thumbnail","6":"product_cat-sokks-geurstoffen","7":"product_tag-arson-bomb-detection-dog","8":"product_tag-bomb-detection-dog-training-scent","9":"product_tag-detectie-geurstof","10":"product_tag-detectiehond","11":"product_tag-detectietraining","12":"product_tag-explosief-opsporen-hond","13":"product_tag-explosieven","14":"product_tag-explosieven-geurcapsules-hond","15":"product_tag-explosievendetectie-hond","16":"product_tag-explosives-detection-dog-scent","17":"product_tag-explosives-odor-training-capsule","18":"product_tag-ied-detection-scent","19":"product_tag-k9-explosives-training","20":"product_tag-nosework","21":"product_tag-professionele-explosievendetectie-geur","22":"product_tag-scent-detection","23":"product_tag-simulatiemiddel","24":"product_tag-sniffer-dogs","25":"product_tag-sokks","26":"product_tag-sokks-explosive-odor","27":"product_tag-sokks-explosives-scent","28":"product_tag-sokks-explosives-training","29":"product_tag-sokks-scent-odor-explosives","30":"product_tag-synthetische-explosieven-geur","31":"product_tag-trainingssimulant","32":"product_shipping_class-vast-tarief-eu-overig","34":"first","35":"instock","36":"taxable","37":"shipping-taxable","38":"purchasable","39":"product-type-variable"},"exclude_global_add_ons":[],"addons":[],"mb":[],"mfb_rest_fields":["title","exclude_global_add_ons","addons"],"_links":{"self":[{"href":"https:\/\/dogpride.nl\/en\/wp-json\/wp\/v2\/product\/73421","targetHints":{"allow":["GET"]}}],"collection":[{"href":"https:\/\/dogpride.nl\/en\/wp-json\/wp\/v2\/product"}],"about":[{"href":"https:\/\/dogpride.nl\/en\/wp-json\/wp\/v2\/types\/product"}],"wp:featuredmedia":[{"embeddable":true,"href":"https:\/\/dogpride.nl\/en\/wp-json\/wp\/v2\/media\/147074"}],"wp:attachment":[{"href":"https:\/\/dogpride.nl\/en\/wp-json\/wp\/v2\/media?parent=73421"}],"wp:term":[{"taxonomy":"product_brand","embeddable":true,"href":"https:\/\/dogpride.nl\/en\/wp-json\/wp\/v2\/product_brand?post=73421"},{"taxonomy":"product_cat","embeddable":true,"href":"https:\/\/dogpride.nl\/en\/wp-json\/wp\/v2\/product_cat?post=73421"},{"taxonomy":"product_tag","embeddable":true,"href":"https:\/\/dogpride.nl\/en\/wp-json\/wp\/v2\/product_tag?post=73421"}],"curies":[{"name":"wp","href":"https:\/\/api.w.org\/{rel}","templated":true}]}}