{"id":143247,"date":"2025-11-19T12:09:18","date_gmt":"2025-11-19T11:09:18","guid":{"rendered":"https:\/\/dogpride.nl\/?post_type=product&#038;p=143247"},"modified":"2025-11-26T17:54:08","modified_gmt":"2025-11-26T16:54:08","slug":"scentlogix-explosive-training-aid-bundle-deals","status":"publish","type":"product","link":"https:\/\/dogpride.nl\/en\/scentlogix-explosive-training-aid-bundle-deals\/","title":{"rendered":"SCENTLOGIX Explosive Training Aid Bundle Deals"},"content":{"rendered":"<h4>SCENTLOGIX Explosive Training Aid Bundle Deals<\/h4>\n<p>SCENTLOGIX Explosive Training Aid Bundle Deals<\/p>\n<p>These products are for the training of dogs to detect a range of explosives including HMEs (Homemade Explosives).<\/p>\n<p>Scentlogix\u2122 Explosives Aids can be ordered in bundles of 4, 5 or 6 aids; or in the following bundles:<\/p>\n<ul>\n<li><strong class=\"x-el x-el-span c2-6a c2-4n c2-3 c2-b3 c2-1u c2-4r c2-b4\">\u2018Dirty Dozen\u2019<\/strong>\u00a0\u2013 comprises any ten individual explosives training aids, plus both TATP and HMTD<\/li>\n<li><strong class=\"x-el x-el-span c2-6a c2-4n c2-3 c2-b3 c2-1u c2-4r c2-b4\">Standard Set<\/strong>\u00a0\u2013 TNT, tagged RDX, Dynamite, Smokeless powder, Semtex A + H and PETN<\/li>\n<li><strong class=\"x-el x-el-span c2-6a c2-4n c2-3 c2-b3 c2-1u c2-4r c2-b4\">IED\/ HME Set<\/strong>\u00a0\u2013 Potassium chlorate, Ammonium nitrate\/ HME IED, TNT, PETN, TATP and Nitromethane for K9 HME training<\/li>\n<li><strong class=\"x-el x-el-span c2-6a c2-4n c2-3 c2-b3 c2-1u c2-4r c2-b4\">The \u2018Downrange Essentials\u2019 Set<\/strong>\u00a0\u2013 Ammonium nitrate\/ Urea Nitrate, Smokeless Powder, Potassium chlorate, PETN, tagged RDX and Black powder<\/li>\n<li><strong class=\"x-el x-el-span c2-6a c2-4n c2-3 c2-b3 c2-1u c2-4r c2-b4\">Basic Firearms Set<\/strong>\u00a0\u2013 Black powder and Smokeless powder<\/li>\n<li><strong class=\"x-el x-el-span c2-6a c2-4n c2-3 c2-b3 c2-1u c2-4r c2-b4\">Advanced Ammunition\/ Firearms detection Set<\/strong>\u00a0\u2013 Smokeless powder, Black powder, Ammonium nitrate\/ Urea nitrate, Potassium chlorate and Nitrocellulose<\/li>\n<li><strong class=\"x-el x-el-span c2-6a c2-4n c2-3 c2-b3 c2-1u c2-4r c2-b4\">Advanced \u2018Nitro\u2019 detection Set<\/strong>\u00a0\u2013 TNT, Nitrocellulose, Dynamite, Ammonium Nitrate, Nitromethane and PETN<\/li>\n<li><strong class=\"x-el x-el-span c2-6a c2-4n c2-3 c2-b3 c2-1u c2-4r c2-b4\">Warfighter K9<\/strong>\u00a0\u2013 10 x explosive double aid scentkits of your choice (not TATP or HMTD), 1 x double aid scent kit HMTD, 1 x double aid scent kit TATP, 1 x IED\/HME scent aid, Large rollable Pelican case and accessories.<\/li>\n<\/ul>\n<p><strong>If you would like to order other combinations of explosives aids or check on stock availability, please call to order on +31315655930<\/strong><\/p>\n<p>&nbsp;<\/p>\n<p><a href=\"https:\/\/dogpride.nl\/en\/k9\/detectie\/detectie-geurstoffen\/scentlogix-geurstoffen\/\"><img loading=\"lazy\" decoding=\"async\" class=\"alignnone wp-image-143251 size-thumbnail\" title=\"Scentlogix Explosive Training Aid Bundle Deals\" src=\"https:\/\/dogpride.nl\/wp-content\/uploads\/Screenshot-2023-09-19-at-15.20.57-600x602-1-150x150.png\" alt=\"Scentlogix Explosive Training Aid Bundle Deals\" width=\"150\" height=\"150\" srcset=\"https:\/\/dogpride.nl\/wp-content\/uploads\/Screenshot-2023-09-19-at-15.20.57-600x602-1-150x150.png 150w, https:\/\/dogpride.nl\/wp-content\/uploads\/Screenshot-2023-09-19-at-15.20.57-600x602-1-300x300.png 300w, https:\/\/dogpride.nl\/wp-content\/uploads\/Screenshot-2023-09-19-at-15.20.57-600x602-1-12x12.png 12w, https:\/\/dogpride.nl\/wp-content\/uploads\/Screenshot-2023-09-19-at-15.20.57-600x602-1-250x251.png 250w, https:\/\/dogpride.nl\/wp-content\/uploads\/Screenshot-2023-09-19-at-15.20.57-600x602-1-400x401.png 400w, https:\/\/dogpride.nl\/wp-content\/uploads\/Screenshot-2023-09-19-at-15.20.57-600x602-1-100x100.png 100w, https:\/\/dogpride.nl\/wp-content\/uploads\/Screenshot-2023-09-19-at-15.20.57-600x602-1.png 600w\" sizes=\"auto, (max-width: 150px) 100vw, 150px\" \/><\/a><\/p>\n<h4 data-start=\"189\" data-end=\"308\"><strong data-start=\"192\" data-end=\"308\">ScentLogix Explosive Training Aid Bundle Deals \u2013 Premium K9 Opleidingspakketten voor Maximale Detectieprestaties<\/strong><\/h4>\n<p data-start=\"310\" data-end=\"878\">Wanneer betrouwbaarheid, veiligheid en professionaliteit centraal staan in K9-detectiewerk, vertrouwen trainers wereldwijd op de innovatieve geurstoffen van <strong data-start=\"467\" data-end=\"481\">ScentLogix<\/strong>. De <em>Scentlogix Explosive Training Aid Bundle Deals<\/em>\u00a0zijn speciaal samengesteld om hondengeleiders, beveiligingsorganisaties en overheidsinstanties te voorzien van hoogwaardige trainingsgeuren die nauwkeurig echte explosieven simuleren. Deze bundels combineren wetenschappelijk ontwikkelde geurstoffen met maximale effici\u00ebntie, waardoor elke trainingssessie realistischer, consistenter en effectiever wordt.<\/p>\n<h4 data-start=\"880\" data-end=\"946\"><strong data-start=\"884\" data-end=\"946\">Waarom kiezen voor Scentlogix Explosive Training Aid Bundle Deals?<\/strong><\/h4>\n<p data-start=\"948\" data-end=\"1373\">ScentLogix staat bekend als een van de meest geavanceerde geurproductontwikkelaars op de markt. In tegenstelling tot traditionele trainingsmaterialen zijn de ScentLogix K9 aids volledig veilig, niet-explosief en toch tot in detail opgebouwd uit moleculaire geurprofielen van echte explosieven. Dit maakt ze ideaal voor dagelijkse trainingen zonder de risico\u2019s en wettelijke beperkingen die gepaard gaan met echte explosieven.<\/p>\n<p data-start=\"1375\" data-end=\"1672\">With the <strong>Scentlogix Explosive Training Aid Bundle Deals<\/strong>\u00a0profiteer je niet alleen van scherpere prijzen, maar ook van zorgvuldig geselecteerde combinaties van geurstoffen. Hierdoor ben je in \u00e9\u00e9n keer voorzien van een breed scala aan geursignaturen die essentieel zijn voor professionele detectieprogramma\u2019s.<\/p>\n<h4 data-start=\"1674\" data-end=\"1730\"><strong data-start=\"1678\" data-end=\"1730\">Realistische detectietraining voor elke situatie<\/strong><\/h4>\n<p data-start=\"1732\" data-end=\"2006\">Elke ScentLogix-trainingshulp is ontworpen om de hond bloot te stellen aan authentieke geurpatronen, waardoor het leerproces wordt versneld en het zoekgedrag van de hond wordt verbeterd. Deze bundels bevatten geurstoffen van verschillende veelvoorkomende explosieven, zoals:<\/p>\n<ul>\n<li data-start=\"2010\" data-end=\"2015\"><em data-start=\"2010\" data-end=\"2015\">RDX<\/em><\/li>\n<li data-start=\"2018\" data-end=\"2023\"><em data-start=\"2018\" data-end=\"2023\">TNT<\/em><\/li>\n<li data-start=\"2026\" data-end=\"2032\"><em data-start=\"2026\" data-end=\"2032\">PETN<\/em><\/li>\n<li data-start=\"2035\" data-end=\"2075\"><em data-start=\"2035\" data-end=\"2075\">Ammoniumnitraat-gebaseerde explosieven<\/em><\/li>\n<li data-start=\"2078\" data-end=\"2100\"><em data-start=\"2078\" data-end=\"2100\">ANFO-samenstellingen<\/em><\/li>\n<li data-start=\"2103\" data-end=\"2158\"><em data-start=\"2103\" data-end=\"2158\">Andere relevante militaire en commerci\u00eble explosieven<\/em><\/li>\n<\/ul>\n<p data-start=\"2160\" data-end=\"2413\">Door meerdere geurtypen in \u00e9\u00e9n pakket te combineren, kan de trainer direct vari\u00ebren in geursterkte, locatie, verpakking en omgeving. Dit resulteert in honden die sneller generaliseren, nauwkeuriger werken en beter voorbereid zijn op real-life situaties.<\/p>\n<p data-start=\"2160\" data-end=\"2413\"><img loading=\"lazy\" decoding=\"async\" class=\"alignnone wp-image-143250 size-thumbnail\" title=\"Scentlogix Explosive Training Aid Bundle Deals\" src=\"https:\/\/dogpride.nl\/wp-content\/uploads\/Screenshot-2023-09-19-at-15.12.27-150x150.png\" alt=\"Scentlogix Explosive Training Aid Bundle Deals\" width=\"150\" height=\"150\" srcset=\"https:\/\/dogpride.nl\/wp-content\/uploads\/Screenshot-2023-09-19-at-15.12.27-150x150.png 150w, https:\/\/dogpride.nl\/wp-content\/uploads\/Screenshot-2023-09-19-at-15.12.27-13x12.png 13w, https:\/\/dogpride.nl\/wp-content\/uploads\/Screenshot-2023-09-19-at-15.12.27-100x100.png 100w\" sizes=\"auto, (max-width: 150px) 100vw, 150px\" \/><\/p>\n<h4 data-start=\"2415\" data-end=\"2463\"><strong data-start=\"2419\" data-end=\"2463\">Voordelen van de Scentlogix Explosive Training Aid Bundle Deals<\/strong><\/h4>\n<p data-start=\"2465\" data-end=\"2645\"><strong data-start=\"2465\" data-end=\"2486\">\u2714 Kosteneffici\u00ebnt<\/strong><br data-start=\"2486\" data-end=\"2489\" \/>De bundelpakketten bieden een aantrekkelijke prijs-kwaliteitverhouding. Je bespaart aanzienlijk ten opzichte van het individueel aanschaffen van losse aids.<\/p>\n<p data-start=\"2647\" data-end=\"2852\"><strong data-start=\"2647\" data-end=\"2681\">\u2714 Direct complete trainingsset<\/strong><br data-start=\"2681\" data-end=\"2684\" \/>Of je nu nieuwe K9-teams opleidt of bestaande teams wilt bijscholen, de bundels geven je meteen toegang tot alles wat je nodig hebt voor professionele detectietraining.<\/p>\n<p data-start=\"2854\" data-end=\"3066\"><strong data-start=\"2854\" data-end=\"2876\">\u2714 Veilig en legaal<\/strong><br data-start=\"2876\" data-end=\"2879\" \/>Alle geurstoffen zijn 100% niet-explosief en voldoen aan internationale transport- en veiligheidsnormen. Dit betekent dat opslag, transport en gebruik geen speciale vergunningen vereisen.<\/p>\n<p data-start=\"3068\" data-end=\"3223\"><strong data-start=\"3068\" data-end=\"3101\">\u2714 Wetenschappelijk ontwikkeld<\/strong><br data-start=\"3101\" data-end=\"3104\" \/>Elke geur is gebaseerd op een diep moleculair geuronderzoek, wat leidt tot extreem accurate en consistente geurafgifte.<\/p>\n<p data-start=\"3225\" data-end=\"3406\"><strong data-start=\"3225\" data-end=\"3253\">\u2714 Duurzaam en veelzijdig<\/strong><br data-start=\"3253\" data-end=\"3256\" \/>De geurstoffen blijven langdurig actief en zijn geschikt voor zowel binnen- als buitentraining, vari\u00ebrend van voertuigcontroles tot bagage-inspecties.<\/p>\n<h4 data-start=\"3408\" data-end=\"3484\"><strong data-start=\"3412\" data-end=\"3484\">Voor wie zijn de Scentlogix Explosive Training Aid Bundle Deals geschikt?<\/strong><\/h4>\n<p data-start=\"3486\" data-end=\"3516\">Deze bundels zijn ideaal voor:<\/p>\n<ul>\n<li data-start=\"3520\" data-end=\"3537\">Politiediensten<\/li>\n<li data-start=\"3540\" data-end=\"3572\">Defensie en militaire eenheden<\/li>\n<li data-start=\"3575\" data-end=\"3611\">Particuliere beveiligingsbedrijven<\/li>\n<li data-start=\"3614\" data-end=\"3644\">Luchthavens en grensbewaking<\/li>\n<li data-start=\"3647\" data-end=\"3679\">K9-trainers en detectiescholen<\/li>\n<li data-start=\"3682\" data-end=\"3729\">Bedrijven die veiligheidstrainingen uitvoeren<\/li>\n<\/ul>\n<p data-start=\"3731\" data-end=\"4022\">Zowel beginnende als ervaren teams profiteren van de toegankelijke, realistische en wetenschappelijk onderbouwde aanpak van ScentLogix. De bundels zijn bovendien perfect voor organisaties die meerdere honden trainen en behoefte hebben aan consistentie over verschillende trainingsscenario\u2019s.<\/p>\n<h4 data-start=\"4024\" data-end=\"4083\"><strong data-start=\"4028\" data-end=\"4083\">Optimaliseer je K9-detectieprogramma met ScentLogix<\/strong><\/h4>\n<p data-start=\"4085\" data-end=\"4387\">With the <strong>Scentlogix Explosive Training Aid Bundle Deals<\/strong>\u00a0haal je hoogwaardige geursimulanten in huis die het beste uit je detectiehond halen. Door te kiezen voor deze bundels investeer je niet alleen in kwalitatieve trainingsmaterialen, maar ook in de prestaties, betrouwbaarheid en veiligheid van jouw K9-teams.<\/p>\n<p data-start=\"4389\" data-end=\"4549\">Wil je een hoger detectieniveau bereiken, effici\u00ebnter trainen en gegarandeerd realistische resultaten behalen? Dan zijn de ScentLogix bundels de perfecte keuze.<\/p>\n<p data-start=\"4432\" data-end=\"4888\"><a href=\"https:\/\/scentlogix.com\/s\/\" target=\"_blank\" rel=\"noopener\"><img loading=\"lazy\" decoding=\"async\" class=\"alignnone wp-image-141049 size-medium\" title=\"Scentlogix Explosive Training Aid Bundle Deals\" src=\"https:\/\/dogpride.nl\/wp-content\/uploads\/Logo-3-300x98.jpg\" alt=\"Scentlogix Explosive Training Aid Bundle Deals\" width=\"300\" height=\"98\" srcset=\"https:\/\/dogpride.nl\/wp-content\/uploads\/Logo-3-300x98.jpg 300w, https:\/\/dogpride.nl\/wp-content\/uploads\/Logo-3-18x6.jpg 18w, https:\/\/dogpride.nl\/wp-content\/uploads\/Logo-3-250x81.jpg 250w, https:\/\/dogpride.nl\/wp-content\/uploads\/Logo-3-400x130.jpg 400w, https:\/\/dogpride.nl\/wp-content\/uploads\/Logo-3.jpg 746w\" sizes=\"auto, (max-width: 300px) 100vw, 300px\" \/><\/a><\/p>","protected":false},"excerpt":{"rendered":"<p data-start=\"189\" data-end=\"308\">With the <strong>SCENTLOGIX Explosive Training Aid Bundle Deals<\/strong>\u00a0profiteer je niet alleen van scherpere prijzen, maar ook van zorgvuldig geselecteerde combinaties van geurstoffen. Hierdoor ben je in \u00e9\u00e9n keer voorzien van een breed scala aan geursignaturen.<\/p>","protected":false},"featured_media":143250,"template":"","meta":[],"product_brand":[],"product_cat":[4011],"product_tag":[13780,13786,12634,13781,13776,13772,13770,13783,13784,13771,13773,13774,13779,13782,13777,13775,3252,13769,13778,13785],"class_list":{"0":"post-143247","1":"product","2":"type-product","3":"status-publish","4":"has-post-thumbnail","6":"product_cat-scentlogix-geurstoffen","7":"product_tag-anfo-training-geur","8":"product_tag-beveiliging-detectiehonden","9":"product_tag-detectiehond-training","10":"product_tag-detectiehonden-opleiden","11":"product_tag-explosieven-detectie-geurstoffen","12":"product_tag-explosieven-trainingen","13":"product_tag-explosive-training-aid-bundle-deals","14":"product_tag-geurdetectie-explosieven","15":"product_tag-hondentraining-explosieven","16":"product_tag-k9-detectie-training","17":"product_tag-k9-training-kits","18":"product_tag-niet-explosieve-trainingsmaterialen","19":"product_tag-petn-training-aid","20":"product_tag-professionele-k9-training","21":"product_tag-rdx-training-aid","22":"product_tag-realistische-geurtraining","23":"product_tag-scentlogix","24":"product_tag-scentlogix-explosive-training-aid","25":"product_tag-tnt-training-aid","26":"product_tag-veiligheidsorganisaties-training","27":"product_shipping_class-bijzondere-verzending","29":"first","30":"instock","31":"taxable","32":"shipping-taxable","33":"purchasable","34":"product-type-variable"},"mb":[],"mfb_rest_fields":["title"],"_links":{"self":[{"href":"https:\/\/dogpride.nl\/en\/wp-json\/wp\/v2\/product\/143247","targetHints":{"allow":["GET"]}}],"collection":[{"href":"https:\/\/dogpride.nl\/en\/wp-json\/wp\/v2\/product"}],"about":[{"href":"https:\/\/dogpride.nl\/en\/wp-json\/wp\/v2\/types\/product"}],"wp:featuredmedia":[{"embeddable":true,"href":"https:\/\/dogpride.nl\/en\/wp-json\/wp\/v2\/media\/143250"}],"wp:attachment":[{"href":"https:\/\/dogpride.nl\/en\/wp-json\/wp\/v2\/media?parent=143247"}],"wp:term":[{"taxonomy":"product_brand","embeddable":true,"href":"https:\/\/dogpride.nl\/en\/wp-json\/wp\/v2\/product_brand?post=143247"},{"taxonomy":"product_cat","embeddable":true,"href":"https:\/\/dogpride.nl\/en\/wp-json\/wp\/v2\/product_cat?post=143247"},{"taxonomy":"product_tag","embeddable":true,"href":"https:\/\/dogpride.nl\/en\/wp-json\/wp\/v2\/product_tag?post=143247"}],"curies":[{"name":"wp","href":"https:\/\/api.w.org\/{rel}","templated":true}]}}