{"id":142796,"date":"2025-11-14T10:43:56","date_gmt":"2025-11-14T09:43:56","guid":{"rendered":"https:\/\/dogpride.nl\/?post_type=product&#038;p=142796"},"modified":"2025-11-14T10:47:59","modified_gmt":"2025-11-14T09:47:59","slug":"k9-factory-leren-halsband-mod-45mm-x-560mm","status":"publish","type":"product","link":"https:\/\/dogpride.nl\/en\/k9-factory-leren-halsband-mod-45mm-x-560mm\/","title":{"rendered":"K9 Factory Leren Halsband MOD 45mm x 560mm"},"content":{"rendered":"<h6 class=\"sr-only\"><span style=\"font-size: 16px;\">K9 Factory Leren Halsband MOD 45mm x 560mm \u2013 Moderne stijl, sterke bouw en comfortabele pasvorm<\/span><\/h6>\n<div class=\"text-base my-auto mx-auto pb-10 [--thread-content-margin:--spacing(4)] thread-sm:[--thread-content-margin:--spacing(6)] thread-lg:[--thread-content-margin:--spacing(16)] px-(--thread-content-margin)\">\n<div class=\"[--thread-content-max-width:40rem] thread-lg:[--thread-content-max-width:48rem] mx-auto max-w-(--thread-content-max-width) flex-1 group\/turn-messages focus-visible:outline-hidden relative flex w-full min-w-0 flex-col agent-turn\" tabindex=\"-1\">\n<div class=\"flex max-w-full flex-col grow\">\n<div class=\"min-h-8 text-message relative flex w-full flex-col items-end gap-2 text-start break-words whitespace-normal [.text-message+&amp;]:mt-1\" dir=\"auto\" data-message-author-role=\"assistant\" data-message-id=\"0fb264b6-c334-4af1-ba7f-2b0f4adf6a61\" data-message-model-slug=\"gpt-5-1\">\n<div class=\"flex w-full flex-col gap-1 empty:hidden first:pt-[1px]\">\n<div class=\"markdown prose dark:prose-invert w-full break-words light markdown-new-styling\">\n<p data-start=\"104\" data-end=\"635\">De <strong data-start=\"107\" data-end=\"155\">K9 Factory Leren Halsband MOD 45mm x 560mm<\/strong> is een moderne, strakke en duurzame leren halsband die perfect is voor middelgrote tot grotere honden. Dankzij het hoogwaardige runderleer, de solide hardware en het minimalistische MOD-design is deze halsband een uitstekende keuze voor baasjes die graag kiezen voor kwaliteit \u00e9n stijl. De <strong data-start=\"446\" data-end=\"494\">K9 Factory Leren Halsband MOD 45mm x 560mm<\/strong> combineert vakmanschap, stabiliteit en draagcomfort in \u00e9\u00e9n prachtig vormgegeven product dat geschikt is voor dagelijks \u00e9n intensief gebruik.<\/p>\n<\/div>\n<\/div>\n<\/div>\n<\/div>\n<\/div>\n<\/div>\n<p><a href=\"https:\/\/dogpride.nl\/hondensport\/k9-factory\/k9-factory-halsbanden\/\"><img loading=\"lazy\" decoding=\"async\" class=\"alignnone wp-image-142797 size-thumbnail\" title=\"K9 Factory Leren Halsband MOD 45mm x 560mm\" src=\"https:\/\/dogpride.nl\/wp-content\/uploads\/K9-Factory-Leren-Halsband-MOD-45mm-x-560mm-150x150.jpg\" alt=\"K9 Factory Leren Halsband MOD 45mm x 560mm\" width=\"150\" height=\"150\" srcset=\"https:\/\/dogpride.nl\/wp-content\/uploads\/K9-Factory-Leren-Halsband-MOD-45mm-x-560mm-150x150.jpg 150w, https:\/\/dogpride.nl\/wp-content\/uploads\/K9-Factory-Leren-Halsband-MOD-45mm-x-560mm-12x12.jpg 12w, https:\/\/dogpride.nl\/wp-content\/uploads\/K9-Factory-Leren-Halsband-MOD-45mm-x-560mm-250x250.jpg 250w, https:\/\/dogpride.nl\/wp-content\/uploads\/K9-Factory-Leren-Halsband-MOD-45mm-x-560mm-100x100.jpg 100w, https:\/\/dogpride.nl\/wp-content\/uploads\/K9-Factory-Leren-Halsband-MOD-45mm-x-560mm.jpg 300w\" sizes=\"auto, (max-width: 150px) 100vw, 150px\" \/><\/a><\/p>\n<h4 data-start=\"642\" data-end=\"687\">Premium runderleer voor lange levensduur<\/h4>\n<p data-start=\"689\" data-end=\"1051\">De <strong data-start=\"692\" data-end=\"740\">K9 Factory Leren Halsband MOD 45mm x 560mm<\/strong> is gemaakt van hoogwaardig runderleer dat bekendstaat om zijn stevigheid en flexibiliteit. Dit leer wordt met zorg geselecteerd zodat het zowel comfortabel als duurzaam is. Naarmate de halsband vaker wordt gedragen, vormt het leer zich steeds beter naar de hals van de hond, waardoor het draagcomfort toeneemt.<\/p>\n<p data-start=\"1053\" data-end=\"1080\">Voordelen van het MOD-leer:<\/p>\n<ul data-start=\"1081\" data-end=\"1227\">\n<li data-start=\"1081\" data-end=\"1103\">\n<p data-start=\"1083\" data-end=\"1103\">sterk en slijtvast<\/p>\n<\/li>\n<li data-start=\"1104\" data-end=\"1133\">\n<p data-start=\"1106\" data-end=\"1133\">soepel en huidvriendelijk<\/p>\n<\/li>\n<li data-start=\"1134\" data-end=\"1171\">\n<p data-start=\"1136\" data-end=\"1171\">prachtige natuurlijke uitstraling<\/p>\n<\/li>\n<li data-start=\"1172\" data-end=\"1200\">\n<p data-start=\"1174\" data-end=\"1200\">wordt mooier met de tijd<\/p>\n<\/li>\n<li data-start=\"1201\" data-end=\"1227\">\n<p data-start=\"1203\" data-end=\"1227\">ademend en comfortabel<\/p>\n<\/li>\n<\/ul>\n<p data-start=\"1229\" data-end=\"1341\">Dankzij de hoge leerkwaliteit blijft de halsband jarenlang meegaan, zelfs bij intensieve dagelijkse wandelingen.<\/p>\n<hr data-start=\"1343\" data-end=\"1346\" \/>\n<h4 data-start=\"1348\" data-end=\"1407\">30 mm breed \u2013 perfecte balans tussen kracht en comfort<\/h4>\n<p data-start=\"1409\" data-end=\"1680\">Met een breedte van <strong data-start=\"1429\" data-end=\"1438\">45mm<\/strong> biedt de <strong data-start=\"1448\" data-end=\"1496\">K9 Factory Leren Halsband MOD 45mm x 560mm<\/strong> een ideale combinatie van stabiliteit en draagcomfort. Deze breedte is perfect voor honden die veel kracht hebben, maar een halsband hoeven te dragen die niet te breed of te zwaar is.<\/p>\n<p data-start=\"1682\" data-end=\"1720\">De maat is geschikt voor honden zoals:<\/p>\n<ul data-start=\"1721\" data-end=\"1874\">\n<li data-start=\"1721\" data-end=\"1733\">\n<p data-start=\"1723\" data-end=\"1733\">Labrador<\/p>\n<\/li>\n<li data-start=\"1734\" data-end=\"1765\">\n<p data-start=\"1736\" data-end=\"1765\">Duitse Herder (lichte bouw)<\/p>\n<\/li>\n<li data-start=\"1766\" data-end=\"1785\">\n<p data-start=\"1768\" data-end=\"1785\">Mechelse Herder<\/p>\n<\/li>\n<li data-start=\"1786\" data-end=\"1816\">\n<p data-start=\"1788\" data-end=\"1816\">Staffordshire Bull Terrier<\/p>\n<\/li>\n<li data-start=\"1817\" data-end=\"1850\">\n<p data-start=\"1819\" data-end=\"1850\">Border Collie (grote variant)<\/p>\n<\/li>\n<li data-start=\"1851\" data-end=\"1874\">\n<p data-start=\"1853\" data-end=\"1874\">Australische Herder<\/p>\n<\/li>\n<\/ul>\n<p data-start=\"1876\" data-end=\"2019\">De breedte verdeelt de druk over de hals, waardoor de halsband prettig blijft zitten, zelfs bij actieve honden of honden die af en toe trekken.<\/p>\n<hr data-start=\"2021\" data-end=\"2024\" \/>\n<h4 data-start=\"2026\" data-end=\"2082\">Moderne MOD-look: strak, minimalistisch en stijlvol<\/h4>\n<p data-start=\"2084\" data-end=\"2356\">De MOD-serie van K9 Factory staat bekend om zijn moderne uitstraling en strakke afwerking. De <strong data-start=\"2178\" data-end=\"2226\">K9 Factory Leren Halsband MOD 45mm x 560mm<\/strong> volgt deze designlijn perfect. Geen overbodige details, geen drukke stiksels \u2014 enkel kwaliteit, precisie en een hedendaagse look.<\/p>\n<p data-start=\"2358\" data-end=\"2387\">Kenmerken van het MOD-design:<\/p>\n<ul data-start=\"2388\" data-end=\"2524\">\n<li data-start=\"2388\" data-end=\"2418\">\n<p data-start=\"2390\" data-end=\"2418\">minimalistische vormgeving<\/p>\n<\/li>\n<li data-start=\"2419\" data-end=\"2437\">\n<p data-start=\"2421\" data-end=\"2437\">strakke lijnen<\/p>\n<\/li>\n<li data-start=\"2438\" data-end=\"2473\">\n<p data-start=\"2440\" data-end=\"2473\">moderne en tijdloze uitstraling<\/p>\n<\/li>\n<li data-start=\"2474\" data-end=\"2501\">\n<p data-start=\"2476\" data-end=\"2501\">luxe en nette afwerking<\/p>\n<\/li>\n<li data-start=\"2502\" data-end=\"2524\">\n<p data-start=\"2504\" data-end=\"2524\">subtiele elegantie<\/p>\n<\/li>\n<\/ul>\n<p data-start=\"2526\" data-end=\"2661\">Dit maakt de halsband zeer geschikt voor honden die een stijlvolle, moderne uitstraling mogen hebben, zonder dat het overdreven opvalt.<\/p>\n<hr data-start=\"2663\" data-end=\"2666\" \/>\n<h4 data-start=\"2668\" data-end=\"2721\">Sterke metalen hardware voor optimale veiligheid<\/h4>\n<p data-start=\"2723\" data-end=\"2986\">De hardware van de <strong data-start=\"2742\" data-end=\"2790\">K9 Factory Leren Halsband MOD 45mm x 560mm<\/strong> bestaat uit sterk, roestbestendig metaal dat bestand is tegen hoge trekkracht. De stevige gesp zorgt voor een veilige sluiting, en de D-ring biedt voldoende grip voor een riem, penning of lampje.<\/p>\n<p data-start=\"2988\" data-end=\"3015\">Pluspunten van de hardware:<\/p>\n<ul data-start=\"3016\" data-end=\"3182\">\n<li data-start=\"3016\" data-end=\"3041\">\n<p data-start=\"3018\" data-end=\"3041\">roestvrij en duurzaam<\/p>\n<\/li>\n<li data-start=\"3042\" data-end=\"3074\">\n<p data-start=\"3044\" data-end=\"3074\">stevig verankerd in het leer<\/p>\n<\/li>\n<li data-start=\"3075\" data-end=\"3119\">\n<p data-start=\"3077\" data-end=\"3119\">bestand tegen kracht en herhaald trekken<\/p>\n<\/li>\n<li data-start=\"3120\" data-end=\"3182\">\n<p data-start=\"3122\" data-end=\"3182\">veilige sluiting voor dagelijkse en intensieve wandelingen<\/p>\n<\/li>\n<\/ul>\n<p data-start=\"3184\" data-end=\"3266\">Door de stevige bevestiging blijft alles op zijn plek, zelfs bij krachtige honden.<\/p>\n<hr data-start=\"3268\" data-end=\"3271\" \/>\n<h4 data-start=\"3273\" data-end=\"3323\">Comfortabele afwerking voor dagelijks gebruik<\/h4>\n<p data-start=\"3325\" data-end=\"3633\">Ondanks zijn moderne en strakke ontwerp is de <strong data-start=\"3371\" data-end=\"3419\">K9 Factory Leren Halsband MOD 45mm x 560mm<\/strong> zeer comfortabel voor de hond. De binnenzijde is glad en zacht afgewerkt, waardoor de halsband niet schuurt of irriteert. De afgeronde randen dragen bij aan een fijn draaggevoel, zelfs tijdens langere wandelingen.<\/p>\n<p data-start=\"3635\" data-end=\"3794\">De soepele structuur van het leer maakt dit een uitstekende halsband voor honden die gevoelig zijn voor harde materialen of die regelmatig een halsband dragen.<\/p>\n<hr data-start=\"3796\" data-end=\"3799\" \/>\n<h4 data-start=\"3801\" data-end=\"3850\">Geschikt voor dagelijks \u00e9n intensief gebruik<\/h4>\n<p data-start=\"3852\" data-end=\"3961\">Dankzij het sterke leer en de betrouwbare hardware is deze halsband perfect voor intensieve situaties, zoals:<\/p>\n<ul data-start=\"3962\" data-end=\"4102\">\n<li data-start=\"3962\" data-end=\"3988\">\n<p data-start=\"3964\" data-end=\"3988\">dagelijkse wandelingen<\/p>\n<\/li>\n<li data-start=\"3989\" data-end=\"4003\">\n<p data-start=\"3991\" data-end=\"4003\">trainingen<\/p>\n<\/li>\n<li data-start=\"4004\" data-end=\"4024\">\n<p data-start=\"4006\" data-end=\"4024\">speeltijd buiten<\/p>\n<\/li>\n<li data-start=\"4025\" data-end=\"4048\">\n<p data-start=\"4027\" data-end=\"4048\">sporten met je hond<\/p>\n<\/li>\n<li data-start=\"4049\" data-end=\"4102\">\n<p data-start=\"4051\" data-end=\"4102\">activiteiten in verschillende weersomstandigheden<\/p>\n<\/li>\n<\/ul>\n<p data-start=\"4104\" data-end=\"4227\">De <strong data-start=\"4107\" data-end=\"4155\">K9 Factory Leren Halsband MOD 45mm x 560mm<\/strong> doorstaat regen, zon, kou en modder zonder zijn kwaliteit te verliezen.<\/p>\n<hr data-start=\"4229\" data-end=\"4232\" \/>\n<h4 data-start=\"4234\" data-end=\"4306\">Waarom kiezen voor de K9 Factory Leren Halsband MOD 45mm x 560mm?<\/h4>\n<ul data-start=\"4308\" data-end=\"4639\">\n<li data-start=\"4308\" data-end=\"4342\">\n<p data-start=\"4310\" data-end=\"4342\">Gemaakt van premium runderleer<\/p>\n<\/li>\n<li data-start=\"4343\" data-end=\"4371\">\n<p data-start=\"4345\" data-end=\"4371\">Modern, strak MOD-design<\/p>\n<\/li>\n<li data-start=\"4372\" data-end=\"4430\">\n<p data-start=\"4374\" data-end=\"4430\">30 mm breed: ideaal voor middelgrote en grotere honden<\/p>\n<\/li>\n<li data-start=\"4431\" data-end=\"4483\">\n<p data-start=\"4433\" data-end=\"4483\">Sterke metalen hardware voor maximale veiligheid<\/p>\n<\/li>\n<li data-start=\"4484\" data-end=\"4531\">\n<p data-start=\"4486\" data-end=\"4531\">Comfortabele binnenkant en afgeronde randen<\/p>\n<\/li>\n<li data-start=\"4532\" data-end=\"4580\">\n<p data-start=\"4534\" data-end=\"4580\">Slijtvast en geschikt voor dagelijks gebruik<\/p>\n<\/li>\n<li data-start=\"4581\" data-end=\"4639\">\n<p data-start=\"4583\" data-end=\"4639\">Vormt zich naar de hals van de hond voor extra comfort<\/p>\n<\/li>\n<\/ul>\n<p data-start=\"4641\" data-end=\"4808\">De <strong data-start=\"4644\" data-end=\"4692\">K9 Factory Leren Halsband MOD 45mm x 560mm<\/strong> biedt een perfecte mix van stijl, kwaliteit en comfort voor iedere hondeneigenaar die waarde hecht aan vakmanschap.<\/p>\n<h4 data-start=\"780\" data-end=\"836\"><a href=\"https:\/\/k9factory.aotestdomein.nl\/index.php?route=product\/product&amp;product_id=218&amp;search=Dubbel+Leren+halsband+Ace\" target=\"_blank\" rel=\"noopener\"><img loading=\"lazy\" decoding=\"async\" class=\"alignnone wp-image-138725 size-medium\" src=\"https:\/\/dogpride.nl\/wp-content\/uploads\/LogoK9Factory_opwit_liggend-300x78.jpg\" alt=\"Logo K9Factory\" width=\"300\" height=\"78\" srcset=\"https:\/\/dogpride.nl\/wp-content\/uploads\/LogoK9Factory_opwit_liggend-300x78.jpg 300w, https:\/\/dogpride.nl\/wp-content\/uploads\/LogoK9Factory_opwit_liggend-1024x265.jpg 1024w, https:\/\/dogpride.nl\/wp-content\/uploads\/LogoK9Factory_opwit_liggend-768x199.jpg 768w, https:\/\/dogpride.nl\/wp-content\/uploads\/LogoK9Factory_opwit_liggend-18x5.jpg 18w, https:\/\/dogpride.nl\/wp-content\/uploads\/LogoK9Factory_opwit_liggend-250x65.jpg 250w, https:\/\/dogpride.nl\/wp-content\/uploads\/LogoK9Factory_opwit_liggend-400x103.jpg 400w, https:\/\/dogpride.nl\/wp-content\/uploads\/LogoK9Factory_opwit_liggend.jpg 1029w\" sizes=\"auto, (max-width: 300px) 100vw, 300px\" \/><\/a><\/h4>\n<p data-start=\"1779\" data-end=\"1933\"><img loading=\"lazy\" decoding=\"async\" class=\"alignnone wp-image-142797 size-thumbnail\" title=\"K9 Factory Leren Halsband MOD 45mm x 560mm\" src=\"https:\/\/dogpride.nl\/wp-content\/uploads\/K9-Factory-Leren-Halsband-MOD-45mm-x-560mm-150x150.jpg\" alt=\"K9 Factory Leren Halsband MOD 45mm x 560mm\" width=\"150\" height=\"150\" srcset=\"https:\/\/dogpride.nl\/wp-content\/uploads\/K9-Factory-Leren-Halsband-MOD-45mm-x-560mm-150x150.jpg 150w, https:\/\/dogpride.nl\/wp-content\/uploads\/K9-Factory-Leren-Halsband-MOD-45mm-x-560mm-12x12.jpg 12w, https:\/\/dogpride.nl\/wp-content\/uploads\/K9-Factory-Leren-Halsband-MOD-45mm-x-560mm-250x250.jpg 250w, https:\/\/dogpride.nl\/wp-content\/uploads\/K9-Factory-Leren-Halsband-MOD-45mm-x-560mm-100x100.jpg 100w, https:\/\/dogpride.nl\/wp-content\/uploads\/K9-Factory-Leren-Halsband-MOD-45mm-x-560mm.jpg 300w\" sizes=\"auto, (max-width: 150px) 100vw, 150px\" \/><\/p>\n<p data-start=\"369\" data-end=\"454\" data-is-last-node=\"\" data-is-only-node=\"\">\n","protected":false},"excerpt":{"rendered":"<p data-start=\"0\" data-end=\"102\">The <strong data-start=\"107\" data-end=\"155\">K9 Factory Leren Halsband MOD 45mm x 560mm<\/strong> is een moderne, strakke en duurzame leren halsband die perfect is voor middelgrote tot grotere honden.<\/p>","protected":false},"featured_media":142797,"template":"","meta":[],"product_brand":[],"product_cat":[10286],"product_tag":[6559,10288,13467,13466],"class_list":{"0":"post-142796","1":"product","2":"type-product","3":"status-publish","4":"has-post-thumbnail","6":"product_cat-k9-factory-halsbanden","7":"product_tag-k9-factory","8":"product_tag-leren-hondenhalsband","9":"product_tag-middelgrote-hondenhalsband","10":"product_tag-snow-halsband","12":"first","13":"instock","14":"taxable","15":"shipping-taxable","16":"purchasable","17":"product-type-simple"},"mb":[],"mfb_rest_fields":["title"],"_links":{"self":[{"href":"https:\/\/dogpride.nl\/en\/wp-json\/wp\/v2\/product\/142796","targetHints":{"allow":["GET"]}}],"collection":[{"href":"https:\/\/dogpride.nl\/en\/wp-json\/wp\/v2\/product"}],"about":[{"href":"https:\/\/dogpride.nl\/en\/wp-json\/wp\/v2\/types\/product"}],"wp:featuredmedia":[{"embeddable":true,"href":"https:\/\/dogpride.nl\/en\/wp-json\/wp\/v2\/media\/142797"}],"wp:attachment":[{"href":"https:\/\/dogpride.nl\/en\/wp-json\/wp\/v2\/media?parent=142796"}],"wp:term":[{"taxonomy":"product_brand","embeddable":true,"href":"https:\/\/dogpride.nl\/en\/wp-json\/wp\/v2\/product_brand?post=142796"},{"taxonomy":"product_cat","embeddable":true,"href":"https:\/\/dogpride.nl\/en\/wp-json\/wp\/v2\/product_cat?post=142796"},{"taxonomy":"product_tag","embeddable":true,"href":"https:\/\/dogpride.nl\/en\/wp-json\/wp\/v2\/product_tag?post=142796"}],"curies":[{"name":"wp","href":"https:\/\/api.w.org\/{rel}","templated":true}]}}