{"id":142444,"date":"2025-11-11T17:07:41","date_gmt":"2025-11-11T16:07:41","guid":{"rendered":"https:\/\/dogpride.nl\/?post_type=product&#038;p=142444"},"modified":"2026-01-05T16:25:38","modified_gmt":"2026-01-05T15:25:38","slug":"multidip-10-parameter-doa-panel-dip-test-1100-tests","status":"publish","type":"product","link":"https:\/\/dogpride.nl\/en\/multidip-10-parameter-doa-panel-dip-test-1100-tests\/","title":{"rendered":"MultiDip 10 parameter DOA Panel Dip Test 1100 tests"},"content":{"rendered":"<h4>MultiDip 10 parameter DOA Panel Dip Test (1100 tests)<\/h4>\n<p>MultiDip 10 parameter DOA Panel Dip Test (1100 tests)<\/p>\n<p><u><strong>Amphetamines, Barbiturates, Benzodiazepines, Cocaine, MDMA, Methamphetamines, Opiates\/Morphine, Methadone ,THC and TCA.<\/strong><\/u><\/p>\n<p>The DIMA\u00ae Rapid Drug Tests are immunochromatographic rapid tests for the qualitative detection of different types of drugs or pharmaceuticals and their major metabolites in the urine.<\/p>\n<p>Within the mould, several test strips are positioned to allow simultaneous detection of several different drugs or pharmaceuticals.<\/p>\n<p>Test results of the DIMA Rapid Drug Tests have a 95% agreement with GC \/ MS.<\/p>\n<p>The shelf-life of the tests is 24 months from date of production.<\/p>\n<p><img loading=\"lazy\" decoding=\"async\" class=\"alignnone wp-image-142441 size-thumbnail\" title=\"MultiDip 10 parameter DOA Panel Dip Test (1100 tests)\" src=\"https:\/\/dogpride.nl\/wp-content\/uploads\/multidip-6-parameter-doa-panel-test-250-tests-150x150.jpg\" alt=\"MultiDip 10 parameter DOA Panel Dip Test (1100 tests)\" width=\"150\" height=\"150\" srcset=\"https:\/\/dogpride.nl\/wp-content\/uploads\/multidip-6-parameter-doa-panel-test-250-tests-150x150.jpg 150w, https:\/\/dogpride.nl\/wp-content\/uploads\/multidip-6-parameter-doa-panel-test-250-tests-100x100.jpg 100w\" sizes=\"auto, (max-width: 150px) 100vw, 150px\" \/><\/p>\n<p>&nbsp;<\/p>\n<p><strong>Content: 25 Multi-Dip Panel Tests per kit, 44 kits per Carton, 1100 tests total.<\/strong><\/p>\n<div dir=\"ltr\">\n<div><\/div>\n<\/div>\n<div><a href=\"https:\/\/shop.narcotictests.com\/\" target=\"_blank\" rel=\"noopener\"><img loading=\"lazy\" decoding=\"async\" class=\"alignnone wp-image-140132 size-full\" title=\"MultiDip 10 parameter DOA Panel Dip Test (1100 tests)\" src=\"https:\/\/dogpride.nl\/wp-content\/uploads\/logo.gif\" alt=\"MultiDip 10 parameter DOA Panel Dip Test (1100 tests)\" width=\"71\" height=\"63\" srcset=\"https:\/\/dogpride.nl\/wp-content\/uploads\/logo.gif 71w, https:\/\/dogpride.nl\/wp-content\/uploads\/logo-14x12.gif 14w\" sizes=\"auto, (max-width: 71px) 100vw, 71px\" \/><\/a><\/div>\n<div><\/div>\n<div>\n<h4 data-start=\"533\" data-end=\"635\">MultiDip 10 Parameter DOA Panel Dip Test (1100 tests) \u2013 Betrouwbare en Complete Multidrug Urinetest<\/h4>\n<h4 data-start=\"637\" data-end=\"676\">Snel, nauwkeurig en professioneel<\/h4>\n<p data-start=\"677\" data-end=\"1054\">The <strong data-start=\"680\" data-end=\"737\">MultiDip 10 Parameter DOA Panel Dip Test (1100 tests)<\/strong> is a <strong data-start=\"745\" data-end=\"782\">professionele multidrug urinetest<\/strong> die het mogelijk maakt om <strong data-start=\"809\" data-end=\"867\">tien verschillende drugs van misbruik (Drugs of Abuse)<\/strong> gelijktijdig te detecteren.<br data-start=\"895\" data-end=\"898\" \/>Deze test is ontworpen voor <strong data-start=\"926\" data-end=\"978\">klinische, forensische en zakelijke toepassingen<\/strong>, waar <strong data-start=\"985\" data-end=\"1026\">snelheid, betrouwbaarheid en precisie<\/strong> van cruciaal belang zijn.<\/p>\n<p data-start=\"1056\" data-end=\"1324\">Met een verpakking van <strong data-start=\"1079\" data-end=\"1099\">1100 testpanelen<\/strong> biedt dit product een <strong data-start=\"1122\" data-end=\"1164\">kosteneffici\u00ebnte en duurzame oplossing<\/strong> voor organisaties die regelmatig grote aantallen drugscontroles uitvoeren \u2013 bijvoorbeeld <strong data-start=\"1254\" data-end=\"1323\">laboratoria, ziekenhuizen, politie, reclassering en HR-afdelingen<\/strong>.<\/p>\n<hr data-start=\"1326\" data-end=\"1329\" \/>\n<h4 data-start=\"1331\" data-end=\"1374\">Detectie van tien verschillende drugs<\/h4>\n<p data-start=\"1375\" data-end=\"1560\">The <strong data-start=\"1378\" data-end=\"1422\">MultiDip 10 Parameter DOA Panel Dip Test<\/strong> maakt gebruik van <strong data-start=\"1441\" data-end=\"1480\">immunochromatografische technologie<\/strong> om meerdere drugs en hun metabolieten gelijktijdig in urine te identificeren.<\/p>\n<p data-start=\"1562\" data-end=\"1600\">De standaardconfiguratie detecteert:<\/p>\n<ul>\n<li data-start=\"1603\" data-end=\"1622\"><strong data-start=\"1603\" data-end=\"1620\">Cocaine (COC)<\/strong><\/li>\n<li data-start=\"1625\" data-end=\"1657\"><strong data-start=\"1625\" data-end=\"1655\">Cannabis (THC \/ Marihuana)<\/strong><\/li>\n<li data-start=\"1660\" data-end=\"1683\"><strong data-start=\"1660\" data-end=\"1681\">Amphetamine (AMP)<\/strong><\/li>\n<li data-start=\"1686\" data-end=\"1720\"><strong data-start=\"1686\" data-end=\"1718\">Methamphetamine (MET \/ MAMP)<\/strong><\/li>\n<li data-start=\"1723\" data-end=\"1748\"><strong data-start=\"1723\" data-end=\"1746\">Opiates (OPI \/ MOR)<\/strong><\/li>\n<li data-start=\"1751\" data-end=\"1778\"><strong data-start=\"1751\" data-end=\"1776\">Benzodiazepines (BZO)<\/strong><\/li>\n<li data-start=\"1781\" data-end=\"1805\"><strong data-start=\"1781\" data-end=\"1803\">Barbiturates (BAR)<\/strong><\/li>\n<li data-start=\"1808\" data-end=\"1829\"><strong data-start=\"1808\" data-end=\"1827\">Methadone (MTD)<\/strong><\/li>\n<li data-start=\"1832\" data-end=\"1857\"><strong data-start=\"1832\" data-end=\"1855\">Buprenorphine (BUP)<\/strong><\/li>\n<li data-start=\"1860\" data-end=\"1880\"><strong data-start=\"1860\" data-end=\"1878\">Ecstasy (MDMA)<\/strong><\/li>\n<\/ul>\n<p data-start=\"1882\" data-end=\"2177\">Andere configuraties (zoals <strong data-start=\"1910\" data-end=\"1928\">Fentanyl (FYL)<\/strong> or <strong data-start=\"1932\" data-end=\"1967\">Tricyclic Antidepressants (TCA)<\/strong>) zijn op aanvraag mogelijk.<br data-start=\"1995\" data-end=\"1998\" \/>Met deze tien-in-\u00e9\u00e9n test kunnen professionals in \u00e9\u00e9n handeling <strong data-start=\"2062\" data-end=\"2132\">een volledig overzicht van de meest voorkomende drugs van misbruik<\/strong> verkrijgen \u2014 snel, effici\u00ebnt en betrouwbaar.<\/p>\n<hr data-start=\"2179\" data-end=\"2182\" \/>\n<h4 data-start=\"2184\" data-end=\"2229\">Gebruiksvriendelijk en direct resultaat<\/h4>\n<p data-start=\"2230\" data-end=\"2372\">The <strong data-start=\"2233\" data-end=\"2290\">MultiDip 10 Parameter DOA Panel Dip Test (1100 tests)<\/strong> is ontworpen voor <strong data-start=\"2309\" data-end=\"2332\">gemakkelijk gebruik<\/strong>, zelfs buiten laboratoriumomgevingen.<\/p>\n<p data-start=\"2374\" data-end=\"2399\"><strong data-start=\"2374\" data-end=\"2397\">Instructions:<\/strong><\/p>\n<ol>\n<li data-start=\"2403\" data-end=\"2458\">Verzamel een urinemonster in een schoon testbekertje.<\/li>\n<li data-start=\"2462\" data-end=\"2502\">Haal het testpaneel uit de verpakking.<\/li>\n<li data-start=\"2506\" data-end=\"2583\">Dompel de testzones 10\u201315 seconden onder in de urine, tot aan de markering.<\/li>\n<li data-start=\"2587\" data-end=\"2633\">Leg het paneel plat op een droge ondergrond.<\/li>\n<li data-start=\"2637\" data-end=\"2708\">Lees de resultaten binnen 3\u20135 minuten af (niet later dan 10 minuten).<\/li>\n<\/ol>\n<p data-start=\"2710\" data-end=\"2730\"><strong data-start=\"2710\" data-end=\"2728\">Interpretatie:<\/strong><\/p>\n<ul>\n<li data-start=\"2733\" data-end=\"2811\"><strong data-start=\"2733\" data-end=\"2761\">Twee lijnen per testveld<\/strong> \u2192 Negatief resultaat (geen drugs gedetecteerd).<\/li>\n<li data-start=\"2814\" data-end=\"2879\"><strong data-start=\"2814\" data-end=\"2839\">E\u00e9n lijn per testveld<\/strong> \u2192 Positief resultaat (drug aanwezig).<\/li>\n<li data-start=\"2882\" data-end=\"2944\"><strong data-start=\"2882\" data-end=\"2895\">Geen lijn<\/strong> \u2192 Ongeldig resultaat (test opnieuw uitvoeren).<\/li>\n<\/ul>\n<p data-start=\"2946\" data-end=\"3179\">The <strong data-start=\"2949\" data-end=\"2974\">duidelijke testvelden<\/strong> and <strong data-start=\"2978\" data-end=\"3004\">stabiele kleurreacties<\/strong> zorgen voor eenvoudige interpretatie, wat de kans op leesfouten minimaliseert.<br data-start=\"3083\" data-end=\"3086\" \/>De test is volledig <strong data-start=\"3106\" data-end=\"3123\">gebruiksklaar<\/strong> en vereist <strong data-start=\"3135\" data-end=\"3166\">geen aanvullende apparatuur<\/strong> of training.<\/p>\n<hr data-start=\"3181\" data-end=\"3184\" \/>\n<h4 data-start=\"3186\" data-end=\"3234\">Hoge kwaliteit en klinische nauwkeurigheid<\/h4>\n<p data-start=\"3235\" data-end=\"3500\">The <strong data-start=\"3238\" data-end=\"3283\">MultiDip 10 Parameter DOA Panel Dip Tests<\/strong> zijn <strong data-start=\"3289\" data-end=\"3310\">CE certified<\/strong> en voldoen aan de <strong data-start=\"3329\" data-end=\"3349\">ISO 13485-normen<\/strong> voor medische hulpmiddelen.<br data-start=\"3377\" data-end=\"3380\" \/>Elke test is <strong data-start=\"3393\" data-end=\"3417\">klinisch gevalideerd<\/strong> met een nauwkeurigheid van <strong data-start=\"3445\" data-end=\"3461\">meer dan 99%<\/strong>, hoge gevoeligheid en specificiteit.<\/p>\n<p data-start=\"3502\" data-end=\"3766\">De testpanelen zijn <strong data-start=\"3522\" data-end=\"3570\">latexvrij, biologisch veilig en niet-toxisch<\/strong>, en worden geproduceerd onder strenge kwaliteitscontrole.<br data-start=\"3628\" data-end=\"3631\" \/>Elke batch wordt getest op <strong data-start=\"3658\" data-end=\"3684\">consistente prestaties<\/strong>, zodat gebruikers kunnen vertrouwen op <strong data-start=\"3724\" data-end=\"3750\">betrouwbare resultaten<\/strong> \u2013 test na test.<\/p>\n<hr data-start=\"3768\" data-end=\"3771\" \/>\n<h4 data-start=\"3773\" data-end=\"3805\">Professionele toepassingen<\/h4>\n<p data-start=\"3806\" data-end=\"3944\">The <strong data-start=\"3809\" data-end=\"3866\">MultiDip 10 Parameter DOA Panel Dip Test (1100 tests)<\/strong> is geschikt voor een breed scala aan professionele toepassingen, waaronder:<\/p>\n<ul>\n<li data-start=\"3948\" data-end=\"4029\"><strong data-start=\"3948\" data-end=\"3979\">Ziekenhuizen en laboratoria<\/strong> \u2013 medische screening en toxicologische analyse.<\/li>\n<li data-start=\"4032\" data-end=\"4102\"><strong data-start=\"4032\" data-end=\"4055\">Politie en justitie<\/strong> \u2013 veldtesten, bewijsverzameling en controle.<\/li>\n<li data-start=\"4105\" data-end=\"4191\"><strong data-start=\"4105\" data-end=\"4140\">Reclassering en verslavingszorg<\/strong> \u2013 opvolging en naleving van behandelingsplannen.<\/li>\n<li data-start=\"4194\" data-end=\"4275\"><strong data-start=\"4194\" data-end=\"4224\">Bedrijven en HR-afdelingen<\/strong> \u2013 preventieve en periodieke werknemersscreening.<\/li>\n<li data-start=\"4278\" data-end=\"4367\"><strong data-start=\"4278\" data-end=\"4313\">Onderwijs- en sportinstellingen<\/strong> \u2013 veiligheid, gedragscodes en preventieprogramma\u2019s.<\/li>\n<\/ul>\n<p data-start=\"4369\" data-end=\"4496\">De test is betrouwbaar in zowel <strong data-start=\"4401\" data-end=\"4427\">vaste testfaciliteiten<\/strong> if <strong data-start=\"4432\" data-end=\"4452\">mobiele settings<\/strong>, dankzij zijn robuuste en compacte ontwerp.<\/p>\n<hr data-start=\"4498\" data-end=\"4501\" \/>\n<h4 data-start=\"4503\" data-end=\"4557\">Effici\u00ebnte verpakking en langdurige houdbaarheid<\/h4>\n<p data-start=\"4558\" data-end=\"4818\">De verpakking bevat <strong data-start=\"4578\" data-end=\"4621\">1100 individueel verzegelde testpanelen<\/strong>, elk verpakt in <strong data-start=\"4638\" data-end=\"4673\">vocht- en lichtbestendige folie<\/strong> voor optimale bescherming en houdbaarheid.<br data-start=\"4716\" data-end=\"4719\" \/>De panelen zijn compact, licht en eenvoudig te verdelen binnen grotere organisaties of testteams.<\/p>\n<p data-start=\"4820\" data-end=\"4993\">Thanks to <strong data-start=\"4831\" data-end=\"4853\">lange houdbaarheid<\/strong> blijven de tests betrouwbaar gedurende langere tijd, wat essentieel is voor <strong data-start=\"4930\" data-end=\"4992\">instellingen die grootschalig en frequent testen uitvoeren<\/strong>.<\/p>\n<hr data-start=\"4995\" data-end=\"4998\" \/>\n<h4 data-start=\"5000\" data-end=\"5079\">Waarom kiezen voor MultiDip 10 Parameter DOA Panel Dip Test (1100 tests)?<\/h4>\n<ul>\n<li data-start=\"5082\" data-end=\"5152\"><strong data-start=\"5082\" data-end=\"5114\">Detecteert 10 drugs tegelijk<\/strong> \u2013 uitgebreide screening in \u00e9\u00e9n stap<\/li>\n<li data-start=\"5155\" data-end=\"5190\"><strong data-start=\"5155\" data-end=\"5188\">Resultaten binnen 3\u20135 minuten<\/strong><\/li>\n<li data-start=\"5193\" data-end=\"5241\"><strong data-start=\"5193\" data-end=\"5239\">CE-gecertificeerd en ISO 13485 goedgekeurd<\/strong><\/li>\n<li data-start=\"5244\" data-end=\"5289\"><strong data-start=\"5244\" data-end=\"5287\">&gt;99% nauwkeurig en klinisch gevalideerd<\/strong><\/li>\n<li data-start=\"5292\" data-end=\"5342\"><strong data-start=\"5292\" data-end=\"5340\">Latexvrij, biologisch veilig en niet-toxisch<\/strong><\/li>\n<li data-start=\"5345\" data-end=\"5394\"><strong data-start=\"5345\" data-end=\"5392\">Gebruiksvriendelijk \u2013 geen apparatuur nodig<\/strong><\/li>\n<li data-start=\"5397\" data-end=\"5469\"><strong data-start=\"5397\" data-end=\"5431\">Compact verpakt (1100 panelen)<\/strong> \u2013 ideaal voor professioneel gebruik<\/li>\n<li data-start=\"5472\" data-end=\"5522\"><strong data-start=\"5472\" data-end=\"5520\">Consistente prestaties en lange houdbaarheid<\/strong><\/li>\n<li data-start=\"5525\" data-end=\"5576\"><strong data-start=\"5525\" data-end=\"5574\">Kosteneffici\u00ebnt voor grootschalige toepassing<\/strong><\/li>\n<\/ul>\n<hr data-start=\"5578\" data-end=\"5581\" \/>\n<h4 data-start=\"5583\" data-end=\"5598\">Conclusie<\/h4>\n<p data-start=\"5599\" data-end=\"5936\">The <strong data-start=\"5602\" data-end=\"5659\">MultiDip 10 Parameter DOA Panel Dip Test (1100 tests)<\/strong> combineert <strong data-start=\"5671\" data-end=\"5721\">effici\u00ebntie, betrouwbaarheid en nauwkeurigheid<\/strong> in \u00e9\u00e9n professionele testoplossing.<br data-start=\"5757\" data-end=\"5760\" \/>Met detectie van tien drugs in \u00e9\u00e9n paneel en CE-gecertificeerde kwaliteit is deze test perfect voor <strong data-start=\"5860\" data-end=\"5933\">organisaties die regelmatig of grootschalig drugsscreenings uitvoeren<\/strong>.<\/p>\n<p data-start=\"5938\" data-end=\"6154\">Of het nu gaat om <strong data-start=\"5956\" data-end=\"6024\">medische diagnostiek, bedrijfsveiligheid of forensisch onderzoek<\/strong>, the <strong data-start=\"6029\" data-end=\"6073\">MultiDip 10 Parameter DOA Panel Dip Test<\/strong> biedt <strong data-start=\"6080\" data-end=\"6131\">snelle, betrouwbare en professionele resultaten<\/strong> bij elke toepassing.<\/p>\n<p data-start=\"6156\" data-end=\"6276\">Kies voor <strong data-start=\"6166\" data-end=\"6205\">kwaliteit, zekerheid en effici\u00ebntie<\/strong> \u2013 kies voor <strong data-start=\"6218\" data-end=\"6275\">MultiDip 10 Parameter DOA Panel Dip Test (1100 tests)<\/strong>.<\/p>\n<p>&nbsp;<\/p>\n<p><a href=\"https:\/\/dogpride.nl\/en\/k9\/drugs-alcohol-explosieven-tests\/doa-urine-tests\/\"><img loading=\"lazy\" decoding=\"async\" class=\"alignnone wp-image-140132 size-full\" title=\"MultiDip 10 parameter DOA Panel Dip Test (1100 tests)\" src=\"https:\/\/dogpride.nl\/wp-content\/uploads\/logo.gif\" alt=\"MultiDip 10 parameter DOA Panel Dip Test (1100 tests)\" width=\"71\" height=\"63\" srcset=\"https:\/\/dogpride.nl\/wp-content\/uploads\/logo.gif 71w, https:\/\/dogpride.nl\/wp-content\/uploads\/logo-14x12.gif 14w\" sizes=\"auto, (max-width: 71px) 100vw, 71px\" \/><\/a><\/p>\n<\/div>","protected":false},"excerpt":{"rendered":"<p>The <strong data-start=\"680\" data-end=\"737\">MultiDip 10 Parameter DOA Panel Dip Test (1100 tests)<\/strong> is a <strong data-start=\"745\" data-end=\"782\">professionele multidrug urinetest<\/strong> die het mogelijk maakt om <strong data-start=\"809\" data-end=\"867\">tien verschillende drugs van misbruik (Drugs of Abuse)<\/strong> gelijktijdig te detecteren.<\/p>","protected":false},"featured_media":142441,"template":"","meta":[],"product_brand":[],"product_cat":[12888],"product_tag":[13079,13056,13085,13035,13050,13084,13068,10115,12928,13086,13032,13081,13069,13077,13082,13053,13059,12925,13065],"class_list":{"0":"post-142444","1":"product","2":"type-product","3":"status-publish","4":"has-post-thumbnail","6":"product_cat-doa-urine-tests","7":"product_tag-10-in-1-urine-drug-test","8":"product_tag-10-panel-drug-test","9":"product_tag-benzodiazepine-buprenorphine-test","10":"product_tag-ce-drug-test-panel","11":"product_tag-ce-gecertificeerde-drugstest","12":"product_tag-doa-panel-dip-test-1100","13":"product_tag-drugs-of-abuse-panel","14":"product_tag-forensische-drugstest","15":"product_tag-medische-drugstest","16":"product_tag-multi-drug-detection-panel","17":"product_tag-multi-drug-urine-test","18":"product_tag-multi-panel-doa-dip-test","19":"product_tag-multi-parameter-doa-test","20":"product_tag-multidip-10-parameter-doa-panel-dip-test","21":"product_tag-multidip-doa-test-kopen","22":"product_tag-professionele-urine-drugstest","23":"product_tag-thc-cocaine-amphetamine-opiates-methadone-test","24":"product_tag-urine-drug-screening","25":"product_tag-urine-drug-test-1100-stuks","26":"product_shipping_class-vast-tarief-eu-overig","28":"first","29":"instock","30":"taxable","31":"shipping-taxable","32":"product-type-simple"},"mb":[],"mfb_rest_fields":["title"],"_links":{"self":[{"href":"https:\/\/dogpride.nl\/en\/wp-json\/wp\/v2\/product\/142444","targetHints":{"allow":["GET"]}}],"collection":[{"href":"https:\/\/dogpride.nl\/en\/wp-json\/wp\/v2\/product"}],"about":[{"href":"https:\/\/dogpride.nl\/en\/wp-json\/wp\/v2\/types\/product"}],"wp:featuredmedia":[{"embeddable":true,"href":"https:\/\/dogpride.nl\/en\/wp-json\/wp\/v2\/media\/142441"}],"wp:attachment":[{"href":"https:\/\/dogpride.nl\/en\/wp-json\/wp\/v2\/media?parent=142444"}],"wp:term":[{"taxonomy":"product_brand","embeddable":true,"href":"https:\/\/dogpride.nl\/en\/wp-json\/wp\/v2\/product_brand?post=142444"},{"taxonomy":"product_cat","embeddable":true,"href":"https:\/\/dogpride.nl\/en\/wp-json\/wp\/v2\/product_cat?post=142444"},{"taxonomy":"product_tag","embeddable":true,"href":"https:\/\/dogpride.nl\/en\/wp-json\/wp\/v2\/product_tag?post=142444"}],"curies":[{"name":"wp","href":"https:\/\/api.w.org\/{rel}","templated":true}]}}