{"id":132527,"date":"2025-06-19T12:08:42","date_gmt":"2025-06-19T10:08:42","guid":{"rendered":"https:\/\/dogpride.nl\/?post_type=product&#038;p=132527"},"modified":"2026-01-05T16:44:32","modified_gmt":"2026-01-05T15:44:32","slug":"nam-e30c-alcohol-tester-with-camera-and-printer","status":"publish","type":"product","link":"https:\/\/dogpride.nl\/en\/nam-e30c-alcohol-tester-with-camera-and-printer\/","title":{"rendered":"NAM E30C Alcohol Tester With Camera and Printer"},"content":{"rendered":"<h4>NAM E30C Alcohol Tester With Camera and Printer<\/h4>\n<p>NAM E30C Alcohol Tester With Camera and Printer<\/p>\n<p>ARMAS Professionele Ademalcoholtesters<br \/>\nDe ARMAS NAM E30C Alcohol Tester With Camera and Printer zijn ontworpen voor gebruik in kritieke gebieden zoals verkeershandhaving, wetshandhaving, ongevallenonderzoek en veiligheid op de werkplek.<br \/>\nDeze apparaten zijn ontworpen om te voldoen aan de behoeften van een diverse gebruikersgroep en zijn ideaal voor beveiligingsdiensten, bedrijven en particulieren.<\/p>\n<p><strong>Betrouwbare en nauwkeurige metingen<\/strong><br \/>\nDankzij geavanceerde technologie stellen ARMAS professionele ademalcoholtesters gebruikers in staat om snel en nauwkeurig het alcoholniveau te bepalen.<br \/>\nDeze mogelijkheid is met name essentieel in kritieke gebieden zoals verkeershandhaving en veiligheid op de werkplek.<\/p>\n<p><strong>Robuust en duurzaam ontwerp<\/strong><br \/>\nUitgerust met de nieuwste generatie alcoholsensoren, ontwikkeld door ARMAS, bieden deze apparaten uitzonderlijke prestaties en garanderen ze duurzaamheid en een lange levensduur, waardoor ze zeer geschikt zijn voor langdurig gebruik.<br \/>\nZelfs onder veeleisende omstandigheden leveren ze betrouwbare metingen, waarmee ze effectief voldoen aan de eisen van gebruikers.<\/p>\n<p><strong>Onderscheidende kenmerken<\/strong><br \/>\nDeze serie ARMAS-apparaten onderscheidt zich door hoge precisie, gebruiksvriendelijke bediening en uitzonderlijke betrouwbaarheid.<br \/>\nDe snelle resultaten bij verkeersinspecties worden behaald en verbeteren tegelijkertijd de operationele effici\u00ebntie bij veiligheidstoepassingen op de werkplek.<\/p>\n<p><strong>Videnti\u00eble precisie<\/strong><br \/>\nDe nieuwe generatie elektrochemische sensortechnologie levert nauwkeurige en betrouwbare resultaten. We zijn er trots op deze hoge stabiliteit en nauwkeurigheid te introduceren bij verkeershandhavingstoepassingen en medische diensten.<\/p>\n<p>NAM E30C Alcohol Tester With Camera and Printer, Veilige en Nauwkeurige Meting met Geavanceerde Technologie<\/p>\n<p>De NAM E30C Alcohol Tester With Camera and Printer is een professionele blaastester die geavanceerde technologie combineert met een strak design. Dankzij de nieuwe generatie ARMAS Fuel-Cell sensortechnologie biedt het apparaat een nauwkeurige meting die voldoet aan de internationale normen.<br \/>\nBovendien tilt het de gebruikerservaring naar een hoger niveau met functies zoals een ge\u00efntegreerde camera en een QR-code-\/barcodelezer.<\/p>\n<h4>Belangrijkste kenmerken<\/h4>\n<p><strong>Visuele beveiliging met camera:<\/strong><br \/>\nDe ge\u00efntegreerde camera met hoge resolutie legt het gezicht vast van de persoon die blaast en biedt extra beveiliging door tijdens de meting visuele beelden op te nemen.<\/p>\n<p><strong>Eenvoudige en ergonomische bediening:<\/strong><br \/>\nDe NAM E30C Alcohol Tester With Camera and Printer biedt een praktische en gebruiksvriendelijke ervaring met zijn kleurentouchscreen, schokbestendige structuur en ingebouwde printer.<\/p>\n<p><strong>Automatische ID-invoer:<\/strong><br \/>\nDe QR-code- en barcodelezer zorgen voor een snelle en nauwkeurige registratie van gegevens in het geheugen van het apparaat.<\/p>\n<p><strong>GPS-gebaseerde locatiebepaling van metingen:<\/strong><br \/>\nHet apparaat registreert de locatie waar metingen worden verricht, waardoor het rapportageproces wordt verbeterd.<\/p>\n<p><strong>Draadloze communicatiefuncties:<\/strong><br \/>\nHet product verzendt gegevens over grote afstanden via draadloze verbindingsopties zoals GPRS-GSM\/wifi\/Bluetooth.<\/p>\n<p><strong>Ge\u00efntegreerde thermische printer:<\/strong><br \/>\nDe ingebouwde thermische printer maakt het direct afdrukken van meetresultaten mogelijk.<\/p>\n<div class=\"col-sm-4 col-md-4 col-lg-4\">\n<div class=\"portfolio-item pr-d-box\">\n<div class=\"portfolio-img\"><a href=\"https:\/\/dogpride.nl\/en\/k9\/drugs-alcohol-explosieven-tests\/elektronische-alcohol-drugs-tests\/\"><img loading=\"lazy\" decoding=\"async\" class=\"alignnone\" title=\"NAM-E30C Alcohol Tester With Camera and Printer\" src=\"https:\/\/cdn.armaselektronik.com\/uploads\/editor\/images\/nam-e30c-1.png\" alt=\"NAM-E30C Alcohol Tester With Camera and Printer\" width=\"600\" height=\"400\" \/><\/a> \u00a0<img decoding=\"async\" src=\"https:\/\/cdn.armaselektronik.com\/uploads\/editor\/images\/nam-e30c-2.png\" alt=\"NAM-E30C Kameral\u0131 \/ Yaz\u0131c\u0131l\u0131 Alkolmetre\" \/> \u00a0<img decoding=\"async\" src=\"https:\/\/cdn.armaselektronik.com\/uploads\/editor\/images\/nam-e30c-3.png\" alt=\"NAM-E30C Kameral\u0131 \/ Yaz\u0131c\u0131l\u0131 Alkolmetre\" \/><\/div>\n<\/div>\n<div>Veelzijdige meetmodi<br \/>\nDe NAM E30C Alcohol Tester With Camera and Printer beschikt over een verscheidenheid aan meetmodi die tegemoetkomen aan verschillende gebruikersvereisten:<strong>Automatische modus:<\/strong><br \/>\nEen standaard meetoptie voor personen die een voldoende ademmonster afgeven.<\/div>\n<div><\/div>\n<div><strong>Handmatige en passieve modi:<\/strong><br \/>\nAlternatieve meetopties voor personen die niet voldoende ademmonsters kunnen afgeven of bewusteloze personen De passieve modus wordt ook gebruikt om het omgevingsalcoholgehalte te meten.<\/div>\n<div><strong>Weigermodus:<\/strong><br \/>\nDe functie om personen te registreren die weigeren een meting te doen.<\/div>\n<h4>Technologische voordelen<\/h4>\n<div><strong>Snelle en betrouwbare rapportage:<\/strong><br \/>\nDocumenteer meetresultaten moeiteloos met de ge\u00efntegreerde thermische printer.<strong>Grote opslagcapaciteit:<\/strong><br \/>\nOpslaan van maximaal 100.000 records en beveiligen van de gegevensoverdracht met NAM-DATAPro-software.<strong>Robuust en functioneel ontwerp:<\/strong><br \/>\nHet ergonomische ontwerp, de polsband, de riem, de siliconen hoes en het in zonlicht leesbare scherm zorgen voor betrouwbare prestaties in alle &#8230;<strong>Oplossingen op maat voor verschillende industrie\u00ebn<\/strong><br \/>\nDe NAM E30C Alcohol Tester With Camera and Printer bedient een breed spectrum aan toepassingen, van verkeershandhaving tot logistieke operaties. De nauwkeurige meetmogelijkheden verhogen zowel de veiligheid als de productiviteit.<\/p>\n<\/div>\n<div><\/div>\n<\/div>\n<div>\n<div class=\"col-sm-4 col-md-4 col-lg-4\">\n<div class=\"portfolio-item pr-d-box\">\n<div class=\"portfolio-img\"><img decoding=\"async\" src=\"https:\/\/cdn.armaselektronik.com\/uploads\/editor\/images\/nam-e30c-4.png\" alt=\"NAM-E30C Kameral\u0131 \/ Yaz\u0131c\u0131l\u0131 Alkolmetre\" \/> \u00a0<img decoding=\"async\" src=\"https:\/\/cdn.armaselektronik.com\/uploads\/editor\/images\/nam-e30c-5.png\" alt=\"NAM-E30C Kameral\u0131 \/ Yaz\u0131c\u0131l\u0131 Alkolmetre\" \/> \u00a0<img decoding=\"async\" src=\"https:\/\/cdn.armaselektronik.com\/uploads\/editor\/images\/nam-e30c-6.png\" alt=\"NAM-E30C Kameral\u0131 \/ Yaz\u0131c\u0131l\u0131 Alkolmetre\" \/><\/div>\n<\/div>\n<div><\/div>\n<h4>Technische gegevens<\/h4>\n<ul>\n<li><strong>Sensor:<\/strong> Elektrochemische brandstofcel<\/li>\n<li><strong>Mondstuk:<\/strong> Wegwerpbaar (hygi\u00ebnisch geproduceerd en verpakt), passieve beker<\/li>\n<li><strong>Meetmodus:<\/strong> Automatisch \/ Handmatig \/ Passief \/ Afval<\/li>\n<li><strong>Meetbereik:<\/strong> 0,00-6,00\u2030 (promille)<\/li>\n<li><strong>Standaarddeviatie:<\/strong> Ongeveer 0,005\u2030<\/li>\n<li><strong>Opstarttijd:<\/strong> Minder dan 6 sec.<\/li>\n<li><strong>Reactietijd:<\/strong> Tot 15 seconden (direct bij nul \u2030)<\/li>\n<li><strong>Hersteltijd:<\/strong> In het bereik van 0,50-2,00\u2030 niet meer dan 30 sec.<\/li>\n<li><strong>Bedrijfstemperatuur:<\/strong> -100C tot +500C<\/li>\n<li><strong>Storage Temperature:<\/strong> -200C tot +600C<\/li>\n<li><strong>Druk:<\/strong> 600-1400 hPa<\/li>\n<li><strong>Vochtigheid:<\/strong> 20-98 % rh<\/li>\n<li><strong>Minimaal ademvolume:<\/strong> 1,2 L (instelbaar)<\/li>\n<li><strong>Blaastijd:<\/strong> Niet meer dan 6 seconden.<\/li>\n<li><strong>Bemonstering:<\/strong> Zelfwerkende elektronische pomp<\/li>\n<li><strong>Meeteenheid:<\/strong> Promille (w\/v) standaard (instelbaar naar alle wereldwijd gebruikte eenheden).<\/li>\n<li><strong>Gegevensinvoer:<\/strong> Bediening met drie toetsen en touchscreen-toetsenbord<\/li>\n<li><strong>Automatische uitschakeltijd:<\/strong> Instelbaar<\/li>\n<li><strong>Energiebesparende modus:<\/strong> Instelbaar a) Korte termijn b) Automatisch dimmen van de schermhelderheid in de inactieve modus c) Stand-bymodus. De modules (zoals de camera en QR-\/barcodelezer) kunnen ook worden uitgeschakeld wanneer ze niet worden gebruikt.<\/li>\n<li><strong>Scherm:<\/strong> 3,5-inch TFT-aanraakscherm<\/li>\n<li><strong>Geheugen:<\/strong> Standaard 7500 (kan vari\u00ebren afhankelijk van de in te voeren gegevens)<\/li>\n<li><strong>Kalibratie:<\/strong> Elke 6 maanden<\/li>\n<li><strong>Kalibratiemethode:<\/strong> Droog gas en\/of bad<\/li>\n<li><strong>Batterij:<\/strong> Oplaadbare, 7,4V lithium-ionbatterij (optionele alkaline- en Ni-MH-batterij)<\/li>\n<li><strong>Draadloos (optioneel):<\/strong> GSM, Bluetooth, wifi<\/li>\n<li><strong>Locatie (optioneel):<\/strong> GPS<\/li>\n<li><strong>Oplaadadapter:<\/strong> Netstroom (220\/110V AC) en\/of sigarettenaansteker van voertuig (12\/24V DC)<\/li>\n<li><strong>Gegevensinvoer:<\/strong> Deze worden door het apparaat opgeslagen tijdens de meting en weergegeven<\/li>\n<li><strong>Facts:<\/strong> Standaard. Volledige naam van de agent, registratienummer, volledige naam van de bestuurder en identificatienummer.<\/li>\n<li><strong>Optional:<\/strong> kentekenplaat, twee verschillende stukjes informatie op aanvraag, bijvoorbeeld geslacht, provinciecode, enz.<\/li>\n<li><strong>Gegevensoverdracht:<\/strong> De gegevens van het apparaat worden met behulp van de NAM-DATAPro-software (optioneel) naar een computer overgebracht.<\/li>\n<li><strong>Barcode\/QR-code:<\/strong> Optioneel (voor het lezen van identificatiegegevens).<\/li>\n<li><strong>Knop, joystick:<\/strong> Optioneel, bediening van alle functies.<\/li>\n<li><strong>Camera:<\/strong> 2 MP hoge resolutie met autofocusfunctie, gezichtsherkenning (optioneel) of voor opnamedoeleinden.<\/li>\n<\/ul>\n<h4>Normen:<\/h4>\n<ul>\n<li>DOT\/NHTSA Evidential Class-conformiteit.<\/li>\n<li>EN15964 EU<\/li>\n<li>CE-certificering (EMC, LVD).<\/li>\n<li>EN60068-2-6 Trillingen.<\/li>\n<li>EN60068-2-64 Trillingen.<\/li>\n<li>EN60068-2-27 Schokken.<\/li>\n<\/ul>\n<\/div>\n<p>&nbsp;<\/p>\n<\/div>\n<p><a href=\"https:\/\/www.armaselektronik.com\/en\/alcohol-tester-with-camera-printer\" target=\"_blank\" rel=\"noopener\"><img loading=\"lazy\" decoding=\"async\" class=\"alignnone wp-image-132456 size-full\" src=\"https:\/\/dogpride.nl\/wp-content\/uploads\/Logo-Armas-Elektronik.jpg\" alt=\"Logo Armas Alektronik\" width=\"211\" height=\"79\" srcset=\"https:\/\/dogpride.nl\/wp-content\/uploads\/Logo-Armas-Elektronik.jpg 211w, https:\/\/dogpride.nl\/wp-content\/uploads\/Logo-Armas-Elektronik-18x7.jpg 18w\" sizes=\"auto, (max-width: 211px) 100vw, 211px\" \/><\/a><\/p>","protected":false},"excerpt":{"rendered":"<p><strong>NAM E30C Alcohol Tester With Camera and Printer.<\/strong> De ARMAS Professionele Ademalcoholtesters zijn ontworpen voor gebruik in kritieke gebieden zoals verkeershandhaving, wetshandhaving, ongevallenonderzoek en veiligheid op de werkplek.<\/p>","protected":false},"featured_media":132532,"template":"","meta":[],"product_brand":[],"product_cat":[8982],"product_tag":[8994,8988,8996,9000,8995,8998,9003,5438,9011,9009,9010],"class_list":{"0":"post-132527","1":"product","2":"type-product","3":"status-publish","4":"has-post-thumbnail","6":"product_cat-armas-elektronische-alcohol-drugs-tests","7":"product_tag-ademanalyse","8":"product_tag-alcohol","9":"product_tag-alcoholdetectie","10":"product_tag-alcoholmeter","11":"product_tag-alcoholtester","12":"product_tag-armas","13":"product_tag-bewijslast","14":"product_tag-camera","15":"product_tag-nam-e30c","16":"product_tag-printer","17":"product_tag-verkeerscontroles","18":"product_shipping_class-vast-tarief-eu-overig","20":"first","21":"instock","22":"taxable","23":"shipping-taxable","24":"product-type-simple"},"mb":[],"mfb_rest_fields":["title"],"_links":{"self":[{"href":"https:\/\/dogpride.nl\/en\/wp-json\/wp\/v2\/product\/132527","targetHints":{"allow":["GET"]}}],"collection":[{"href":"https:\/\/dogpride.nl\/en\/wp-json\/wp\/v2\/product"}],"about":[{"href":"https:\/\/dogpride.nl\/en\/wp-json\/wp\/v2\/types\/product"}],"wp:featuredmedia":[{"embeddable":true,"href":"https:\/\/dogpride.nl\/en\/wp-json\/wp\/v2\/media\/132532"}],"wp:attachment":[{"href":"https:\/\/dogpride.nl\/en\/wp-json\/wp\/v2\/media?parent=132527"}],"wp:term":[{"taxonomy":"product_brand","embeddable":true,"href":"https:\/\/dogpride.nl\/en\/wp-json\/wp\/v2\/product_brand?post=132527"},{"taxonomy":"product_cat","embeddable":true,"href":"https:\/\/dogpride.nl\/en\/wp-json\/wp\/v2\/product_cat?post=132527"},{"taxonomy":"product_tag","embeddable":true,"href":"https:\/\/dogpride.nl\/en\/wp-json\/wp\/v2\/product_tag?post=132527"}],"curies":[{"name":"wp","href":"https:\/\/api.w.org\/{rel}","templated":true}]}}