{"id":99215,"date":"2022-12-16T12:21:23","date_gmt":"2022-12-16T11:21:23","guid":{"rendered":"https:\/\/www.dogpride.nl\/?post_type=product&#038;p=99215"},"modified":"2025-12-03T13:06:18","modified_gmt":"2025-12-03T12:06:18","slug":"precision-explosives-getxent-tubes-petn","status":"publish","type":"product","link":"https:\/\/dogpride.nl\/de\/precision-explosives-getxent-tubes-petn\/","title":{"rendered":"PRECISION Explosives Getxent tubes PETN"},"content":{"rendered":"<h4>PRECISION Explosives Getxent tubes PETN<\/h4>\n<p>PRECISION Explosives Getxent tubes PETN<\/p>\n<p><span class=\"\">Wir bieten Ihnen in Europa und Afrika exklusive Getxent-Rohre mit Impr\u00e4gnierung an. Verwaltet von den amerikanischen Experten von Precision Explosives.<\/span><\/p>\n<p>Precision Explosives ist ein international anerkannter Spezialist f\u00fcr seine Impr\u00e4gnierungen. Sie haben f\u00fcr uns ein spezielles Sortiment an Getxent-Rohrhalterungen entwickelt. Zum Training von Hunden zur Erkennung von Bet\u00e4ubungsmitteln\/Drogen\/Sprengstoffen.<\/p>\n<p>Die Getxent-Technologie ist nicht mehr nachweisbar. Es f\u00e4ngt w\u00e4hrend einer Impr\u00e4gnierphase einen echten Geruch ein und gibt ihn w\u00e4hrend der Trainingsphasen f\u00fcr mehrere Monate ab.<br \/>\nDer Vorteil besteht darin, dass der Hund anhand echter Ger\u00fcche trainiert wird, es handelt sich also nicht um einen chemischen Geruch.<\/p>\n<h4 data-fontsize=\"18\" data-lineheight=\"21.6px\">Die impr\u00e4gnierten R\u00f6hrchen werden in 10er-Packungen in Mylar-Beuteln aufbewahrt, um Reinheit und Langlebigkeit zu gew\u00e4hrleisten.<\/h4>\n<p>Die Technologie ist patentiert, Nr. WO2018206808.<br \/>\nL\u00f6sungen, die in den USA seit Jahren weit verbreitet sind.<\/p>\n<p>Das Produkt kann im unge\u00f6ffneten Beutel zwei Jahre lang ohne Geruchsver\u00e4nderung bleiben.<br \/>\nNach dem \u00d6ffnen empfiehlt es sich, die gebrauchten R\u00f6hrchen nicht wieder in den Beutel, sondern in ein Glasgef\u00e4\u00df zu stecken (wir empfehlen von CYNODEX validierte Gl\u00e4ser in der 120-ml-Version).<\/p>\n<p>F\u00fcr den Transport oder die Lagerung von losen R\u00f6hren nach Gebrauch besteht auch die M\u00f6glichkeit, diese in 10-ml-Flaschen zu verpacken.<br \/>\nDie R\u00f6hrchen sollten mit einer Metallzange und puderfreien Nitrilhandschuhen gehandhabt werden, um eine Kontamination zu minimieren.<br \/>\nAlle diese Zubeh\u00f6rteile stehen auf unserer Website zum Verkauf und sind in den unten aufgef\u00fchrten empfohlenen Produkten sichtbar.<\/p>\n<p>Jede R\u00f6hre kann je nach Standort, L\u00e4nge des Ausflugs und allgemeiner Trainingsumgebung zwischen 5 und 7 Mal verwendet werden.<\/p>\n<ul>\n<li>1 Beutel enth\u00e4lt 10 Tuben.<\/li>\n<\/ul>\n<p><strong>Um die Unversehrtheit der Produkte zu gew\u00e4hrleisten, gibt es keine R\u00fcckgabe, Umtausch oder R\u00fcckerstattung.<\/strong><br \/>\n<strong><span class=\"goog-text-highlight\">Um schnell liefern zu k\u00f6nnen, haben wir stets einen kleinen Vorrat an m\u00f6glichst frischen Produkten vorr\u00e4tig. Bei gro\u00dfen Mengen ist eine Verz\u00f6gerung von 2 bis 3 Wochen erforderlich.<\/span><\/strong><\/p>\n<p><a href=\"https:\/\/dogpride.nl\/de\/k9\/detectie\/detectie-geurstoffen\/precision-geurstoffen\/\"><img loading=\"lazy\" decoding=\"async\" class=\"alignnone\" title=\"PRECISION Explosives Getxent tubes PETN\" src=\"https:\/\/dogpride.nl\/wp-content\/uploads\/PETN-4.jpg\" alt=\"PRECISION Explosives Getxent tubes PETN\" width=\"141\" height=\"141\" \/><\/a><\/p>\n<h4 data-start=\"380\" data-end=\"427\"><strong data-start=\"382\" data-end=\"425\">PRECISION Explosives Getxent Tubes PETN<\/strong><\/h4>\n<p data-start=\"428\" data-end=\"544\"><strong data-start=\"428\" data-end=\"544\">Professionele geurdragers voor explosievendetectiehonden \u2013 veilig, reproduceerbaar en gecertificeerd betrouwbaar<\/strong><\/p>\n<p data-start=\"546\" data-end=\"1123\">Der <strong data-start=\"549\" data-end=\"592\">PRECISION Explosives Getxent Tubes PETN<\/strong> zijn ontwikkeld voor professionele K9 detectieteams die getraind worden in het herkennen van geurcomponenten die geassocieerd zijn met PETN. PETN, pentaerythritol tetranitraat, is een internationaal gereguleerd explosief dat onder veiligheidsdiensten wereldwijd bekendstaat als een kritieke bedreiging. Omdat het werken met echt explosief materiaal zwaar gereguleerd en gevaarlijk is, bieden Getxent tubes een volledig veilige en wetenschappelijk gecontroleerde oplossing om detection dogs te trainen zonder enige vorm van risico.<\/p>\n<p data-start=\"1125\" data-end=\"1447\">Deze geurdragers worden wereldwijd erkend en ingezet door politie, douane, militaire EDD teams, luchthavensecurity, nationale veiligheidsdiensten en gespecialiseerde K9 academies. De PRECISION lijn is ontworpen om reproduceerbare geurafgifte te garanderen, wat cruciaal is voor betrouwbare en consistente detectietraining.<\/p>\n<hr data-start=\"1449\" data-end=\"1452\" \/>\n<h4 data-start=\"1454\" data-end=\"1508\"><strong data-start=\"1457\" data-end=\"1508\">Waarom PRECISION Explosives Getxent Tubes PETN?<\/strong><\/h4>\n<h4 data-start=\"1510\" data-end=\"1570\"><strong data-start=\"1514\" data-end=\"1568\">1. 100% veilig \u2013 geen explosief materiaal aanwezig<\/strong><\/h4>\n<p data-start=\"1571\" data-end=\"1738\">Training met echte PETN is voor veel organisaties onmogelijk vanwege wettelijke beperkingen en veiligheidsrisico\u2019s.<br data-start=\"1686\" data-end=\"1689\" \/>De Getxent Tubes bieden het perfecte alternatief:<\/p>\n<ul>\n<li data-start=\"1742\" data-end=\"1776\">geen explosieve stoffen aanwezig<\/li>\n<li data-start=\"1779\" data-end=\"1842\">geen risico op ontsteking, instabiliteit of chemische reactie<\/li>\n<li data-start=\"1845\" data-end=\"1934\">geurcomponenten worden uitsluitend in gecontroleerde laboratoriumomgevingen aangebracht<\/li>\n<li data-start=\"1937\" data-end=\"1987\">veilig op te slaan, te verzenden en te gebruiken<\/li>\n<li data-start=\"1990\" data-end=\"2031\">geen contaminatie van trainingslocaties<\/li>\n<\/ul>\n<p data-start=\"2033\" data-end=\"2110\">Hierdoor kunnen K9 teams veilig en frequent trainen, zowel binnen als buiten.<\/p>\n<h4 data-start=\"2112\" data-end=\"2180\"><strong data-start=\"2116\" data-end=\"2178\">2. Wetenschappelijk gevalideerde geurabsorptie technologie<\/strong><\/h4>\n<p data-start=\"2181\" data-end=\"2307\">Elke tube bestaat uit een microporeus polymeer dat geurcomponenten op moleculair niveau absorbeert en reproduceerbaar afgeeft.<\/p>\n<p data-start=\"2309\" data-end=\"2327\">Dit resulteert in:<\/p>\n<ul>\n<li data-start=\"2331\" data-end=\"2367\">langdurige en stabiele geurafgifte<\/li>\n<li data-start=\"2370\" data-end=\"2424\">perfecte reproduceerbaarheid tussen trainingssessies<\/li>\n<li data-start=\"2427\" data-end=\"2457\">realistische detectiestimuli<\/li>\n<li data-start=\"2460\" data-end=\"2509\">minimale geurvariatie voor objectieve evaluatie<\/li>\n<li data-start=\"2512\" data-end=\"2579\">maximale betrouwbaarheid voor certificering en vaardigheidsbehoud<\/li>\n<\/ul>\n<p data-start=\"2581\" data-end=\"2686\">Deze precisie is bijzonder belangrijk voor PETN, dat een zeer specifieke en subtiele geursignatuur heeft.<\/p>\n<hr data-start=\"2688\" data-end=\"2691\" \/>\n<h4 data-start=\"2693\" data-end=\"2751\"><strong data-start=\"2696\" data-end=\"2751\">Professioneel inzetbaar in alle veiligheidssectoren<\/strong><\/h4>\n<p data-start=\"2753\" data-end=\"2821\">Der <strong data-start=\"2756\" data-end=\"2799\">PRECISION Explosives Getxent Tubes PETN<\/strong> worden gebruikt door:<\/p>\n<ul>\n<li data-start=\"2825\" data-end=\"2868\">militaire explosievendetectiehonden teams<\/li>\n<li data-start=\"2871\" data-end=\"2912\">politie en federale veiligheidseenheden<\/li>\n<li data-start=\"2915\" data-end=\"2940\">douane en grensbewaking<\/li>\n<li data-start=\"2943\" data-end=\"2982\">luchthavensecurity en cargo screening<\/li>\n<li data-start=\"2985\" data-end=\"3041\">nationale veiligheidsdiensten en antiterrorisme cellen<\/li>\n<li data-start=\"3044\" data-end=\"3112\">K9 trainingsinstituten en internationale certificeringsprogramma\u2019s<\/li>\n<\/ul>\n<p data-start=\"3114\" data-end=\"3317\">PETN detectie is een essentieel onderdeel van moderne explosievengerichte training, en deze tubes bieden een veilige, consistente en wetenschappelijk onderbouwde methode om deze vaardigheid op te bouwen.<\/p>\n<hr data-start=\"3319\" data-end=\"3322\" \/>\n<h4 data-start=\"3324\" data-end=\"3381\"><strong data-start=\"3327\" data-end=\"3381\">Realistische trainingsmogelijkheden voor EDD teams<\/strong><\/h4>\n<h4 data-start=\"3383\" data-end=\"3441\"><strong data-start=\"3387\" data-end=\"3439\">\u2713 Constante geurafgifte voor elke trainingsronde<\/strong><\/h4>\n<p data-start=\"3442\" data-end=\"3521\">De tubes zorgen voor een gelijkmatige afgifte van geurcomponenten, ideaal voor:<\/p>\n<ul>\n<li data-start=\"3525\" data-end=\"3542\">basistrainingen<\/li>\n<li data-start=\"3545\" data-end=\"3574\">geavanceerde zoekscenario\u2019s<\/li>\n<li data-start=\"3577\" data-end=\"3597\">vaardigheidsbehoud<\/li>\n<li data-start=\"3600\" data-end=\"3631\">testmomenten en certificering<\/li>\n<\/ul>\n<h4 data-start=\"3633\" data-end=\"3695\"><strong data-start=\"3637\" data-end=\"3693\">\u2713 Geschikt voor uiteenlopende en complexe scenario\u2019s<\/strong><\/h4>\n<p data-start=\"3696\" data-end=\"3761\">PETN kan in realistische dreigingsscenario\u2019s verborgen worden in:<\/p>\n<ul>\n<li data-start=\"3765\" data-end=\"3777\">voertuigen<\/li>\n<li data-start=\"3780\" data-end=\"3801\">bagage of pakketten<\/li>\n<li data-start=\"3804\" data-end=\"3830\">gebouwen en constructies<\/li>\n<li data-start=\"3833\" data-end=\"3859\">verborgen compartimenten<\/li>\n<li data-start=\"3862\" data-end=\"3882\">technische ruimtes<\/li>\n<li data-start=\"3885\" data-end=\"3921\">luchtstromen en ventilatiesystemen<\/li>\n<\/ul>\n<p data-start=\"3923\" data-end=\"4034\">Door hun compacte formaat zijn de tubes eenvoudig te plaatsen in zowel eenvoudige als complexe verstoplocaties.<\/p>\n<h4 data-start=\"4036\" data-end=\"4081\"><strong data-start=\"4040\" data-end=\"4079\">\u2713 Perfect voor micro scent training<\/strong><\/h4>\n<p data-start=\"4082\" data-end=\"4225\">Omdat PETN lage geurconcentraties kan produceren, is micro scent training essentieel.<br data-start=\"4167\" data-end=\"4170\" \/>De tubes ondersteunen training in omstandigheden zoals:<\/p>\n<ul>\n<li data-start=\"4229\" data-end=\"4251\">beperkte luchtstroom<\/li>\n<li data-start=\"4254\" data-end=\"4283\">gecontamineerde geurkanalen<\/li>\n<li data-start=\"4286\" data-end=\"4312\">gemengde omgevingsgeuren<\/li>\n<li data-start=\"4315\" data-end=\"4341\">zeer subtiele geursporen<\/li>\n<\/ul>\n<p data-start=\"4343\" data-end=\"4446\">Hierdoor worden detection dogs getraind om uiterst nauwkeurig te werken, zelfs bij minimale geursporen.<\/p>\n<p><strong data-start=\"4452\" data-end=\"4494\">\u2713 Hygi\u00ebnisch, duurzaam en herbruikbaar<\/strong><\/p>\n<p data-start=\"4497\" data-end=\"4685\">De PRECISION tubes zijn ontworpen voor intensief professioneel gebruik en behouden hun prestaties zelfs na vele trainingscycli.<br data-start=\"4624\" data-end=\"4627\" \/>Ze zijn eenvoudig te reinigen en steeds opnieuw inzetbaar.<\/p>\n<p data-start=\"4497\" data-end=\"4685\"><img loading=\"lazy\" decoding=\"async\" class=\"alignnone\" title=\"PRECISION Explosives Getxent Tubes PETN\" src=\"https:\/\/dogpride.nl\/wp-content\/uploads\/verybig-5772-2-5-150x150.jpg\" alt=\"PRECISION Explosives Getxent Tubes PETN\" width=\"116\" height=\"116\" \/><\/p>\n<hr data-start=\"4687\" data-end=\"4690\" \/>\n<h4 data-start=\"4692\" data-end=\"4749\"><strong data-start=\"4695\" data-end=\"4749\">Hoe PRECISION Explosives Getxent Tubes PETN werken<\/strong><\/h4>\n<ol data-start=\"4751\" data-end=\"5251\">\n<li data-start=\"4751\" data-end=\"4941\">\n<p data-start=\"4754\" data-end=\"4941\"><strong data-start=\"4754\" data-end=\"4766\">Belading<\/strong><br data-start=\"4766\" data-end=\"4769\" \/>In een gecontroleerd laboratorium worden de tubes blootgesteld aan geurcomponenten die geassocieerd zijn met PETN.<br data-start=\"4883\" data-end=\"4886\" \/>Er wordt g\u00e9\u00e9n explosief materiaal in de tube geplaatst.<\/p>\n<\/li>\n<li data-start=\"4943\" data-end=\"5026\">\n<p data-start=\"4946\" data-end=\"5026\"><strong data-start=\"4946\" data-end=\"4959\">Absorptie<\/strong><br data-start=\"4959\" data-end=\"4962\" \/>Het microporeuze polymeer neemt de geur op moleculair niveau op.<\/p>\n<\/li>\n<li data-start=\"5028\" data-end=\"5126\">\n<p data-start=\"5031\" data-end=\"5126\"><strong data-start=\"5031\" data-end=\"5046\">Geurafgifte<\/strong><br data-start=\"5046\" data-end=\"5049\" \/>Tijdens training geeft de tube een stabiel en reproduceerbaar geurprofiel af.<\/p>\n<\/li>\n<li data-start=\"5128\" data-end=\"5251\">\n<p data-start=\"5131\" data-end=\"5251\"><strong data-start=\"5131\" data-end=\"5143\">Erkennung<\/strong><br data-start=\"5143\" data-end=\"5146\" \/>De hond leert op een veilige manier de PETN geursignatuur herkennen in uiteenlopende trainingsomgevingen.<\/p>\n<\/li>\n<\/ol>\n<hr data-start=\"5253\" data-end=\"5256\" \/>\n<h4 data-start=\"5258\" data-end=\"5291\"><strong data-start=\"5261\" data-end=\"5291\">Voordelen PRECISION Explosives Getxent Tubes PETN in \u00e9\u00e9n oogopslag<\/strong><\/h4>\n<ul>\n<li data-start=\"5295\" data-end=\"5335\">100% veilig zonder explosief materiaal<\/li>\n<li data-start=\"5338\" data-end=\"5376\">Volledig reproduceerbare geurafgifte<\/li>\n<li data-start=\"5379\" data-end=\"5414\">Ideaal voor PETN detectietraining<\/li>\n<li data-start=\"5417\" data-end=\"5460\">Wetenschappelijk gevalideerde technologie<\/li>\n<li data-start=\"5463\" data-end=\"5489\">Herbruikbaar en duurzaam<\/li>\n<li data-start=\"5492\" data-end=\"5527\">Compact en eenvoudig te verbergen<\/li>\n<li data-start=\"5530\" data-end=\"5583\">Perfect voor certificering en geavanceerde training<\/li>\n<li data-start=\"5586\" data-end=\"5644\">Wereldwijd erkend door professionele veiligheidsdiensten<\/li>\n<\/ul>\n<hr data-start=\"5646\" data-end=\"5649\" \/>\n<h4 data-start=\"5651\" data-end=\"5670\"><strong data-start=\"5654\" data-end=\"5670\">Samenvatting<\/strong><\/h4>\n<p data-start=\"5671\" data-end=\"6082\">Der <strong data-start=\"5674\" data-end=\"5717\">PRECISION Explosives Getxent Tubes PETN<\/strong> bieden K9 professionals een veilige, realistische en volledig gecontroleerde methode om detection dogs te trainen op een van de meest kritieke explosievengerelateerde geuren. Dankzij hun wetenschappelijk onderbouwde constructie, langdurige stabiliteit en totale afwezigheid van explosieve materialen zijn ze een onmisbaar hulpmiddel binnen moderne EDD programma\u2019s.<\/p>\n<p data-start=\"6084\" data-end=\"6208\">Voor organisaties die maximale betrouwbaarheid en veiligheid vereisen, vormen deze geurdragers de ideale trainingsoplossing.<\/p>\n<p data-start=\"6084\" data-end=\"6208\">\n<p data-start=\"6084\" data-end=\"6208\"><a href=\"https:\/\/www.pre-exp.com\/\" target=\"_blank\" rel=\"noopener\"><img loading=\"lazy\" decoding=\"async\" class=\"alignnone wp-image-145806 size-full\" title=\"PRECISION Explosives Getxent Tubes PETN\" src=\"https:\/\/dogpride.nl\/wp-content\/uploads\/Logo-9.jpg\" alt=\"PRECISION Explosives Getxent Tubes PETN\" width=\"124\" height=\"91\" srcset=\"https:\/\/dogpride.nl\/wp-content\/uploads\/Logo-9.jpg 124w, https:\/\/dogpride.nl\/wp-content\/uploads\/Logo-9-16x12.jpg 16w\" sizes=\"auto, (max-width: 124px) 100vw, 124px\" \/><\/a><\/p>","protected":false},"excerpt":{"rendered":"<p>Der <strong data-start=\"549\" data-end=\"592\">PRECISION Explosives Getxent Tubes PETN<\/strong> zijn ontwikkeld voor professionele K9 detectieteams die getraind worden in het herkennen van geurcomponenten die geassocieerd zijn met PETN. PETN, pentaerythritol tetranitraat, is een internationaal gereguleerd explosief.<\/p>","protected":false},"featured_media":99216,"template":"","meta":[],"product_brand":[],"product_cat":[4021],"product_tag":[15635,15483,15552,15533,15543,15636,4898,4895,15630,15524,3238,15632,15638,15633,4893,15631,15537,15637,4896,15634],"class_list":{"0":"post-99215","1":"product","2":"type-product","3":"status-publish","4":"has-post-thumbnail","6":"product_cat-precision-geurstoffen","7":"product_tag-controlled-scent-polymer-petn","8":"product_tag-explosieven-detectiehond-training","9":"product_tag-explosievendetectie-hondentraining","10":"product_tag-explosive-detection-dog-equipment","11":"product_tag-explosive-detection-training-tools","12":"product_tag-explosive-scent-simulation-petn","13":"product_tag-explosives","14":"product_tag-getxent","15":"product_tag-getxent-tubes-petn","16":"product_tag-k9-explosive-detection-training","17":"product_tag-petn","18":"product_tag-petn-detection-dog-training","19":"product_tag-petn-getxent-tubes","20":"product_tag-petn-scent-carrier","21":"product_tag-precision","22":"product_tag-precision-explosives-getxent-tubes-petn","23":"product_tag-professionele-k9-explosieven-training","24":"product_tag-reproduceerbare-geurdragers-petn","25":"product_tag-tubes","26":"product_tag-veilige-petn-geurtraining","27":"product_shipping_class-vast-tarief-eu-overig","29":"first","30":"instock","31":"taxable","32":"shipping-taxable","33":"purchasable","34":"product-type-simple"},"mb":[],"mfb_rest_fields":["title"],"_links":{"self":[{"href":"https:\/\/dogpride.nl\/de\/wp-json\/wp\/v2\/product\/99215","targetHints":{"allow":["GET"]}}],"collection":[{"href":"https:\/\/dogpride.nl\/de\/wp-json\/wp\/v2\/product"}],"about":[{"href":"https:\/\/dogpride.nl\/de\/wp-json\/wp\/v2\/types\/product"}],"wp:featuredmedia":[{"embeddable":true,"href":"https:\/\/dogpride.nl\/de\/wp-json\/wp\/v2\/media\/99216"}],"wp:attachment":[{"href":"https:\/\/dogpride.nl\/de\/wp-json\/wp\/v2\/media?parent=99215"}],"wp:term":[{"taxonomy":"product_brand","embeddable":true,"href":"https:\/\/dogpride.nl\/de\/wp-json\/wp\/v2\/product_brand?post=99215"},{"taxonomy":"product_cat","embeddable":true,"href":"https:\/\/dogpride.nl\/de\/wp-json\/wp\/v2\/product_cat?post=99215"},{"taxonomy":"product_tag","embeddable":true,"href":"https:\/\/dogpride.nl\/de\/wp-json\/wp\/v2\/product_tag?post=99215"}],"curies":[{"name":"wp","href":"https:\/\/api.w.org\/{rel}","templated":true}]}}