{"id":99198,"date":"2022-12-16T09:41:31","date_gmt":"2022-12-16T08:41:31","guid":{"rendered":"https:\/\/www.dogpride.nl\/?post_type=product&#038;p=99198"},"modified":"2025-12-03T13:07:22","modified_gmt":"2025-12-03T12:07:22","slug":"precision-explosives-getxent-tubes-cannabis","status":"publish","type":"product","link":"https:\/\/dogpride.nl\/de\/precision-explosives-getxent-tubes-cannabis\/","title":{"rendered":"PRECISION Explosives Getxent tubes Cannabis"},"content":{"rendered":"<h4>PRECISION Explosives Getxent tubes Cannabis<\/h4>\n<p>PRECISION Explosives Getxent tubes Cannabis<\/p>\n<p><span class=\"\">Wir bieten Ihnen in Europa und Afrika exklusive Getxent-Rohre mit Impr\u00e4gnierung an. Verwaltet von den amerikanischen Experten von Precision Explosives.<\/span><br \/>\nPrecision Explosives ist ein international anerkannter Spezialist f\u00fcr seine Impr\u00e4gnierungen und hat f\u00fcr uns ein spezielles Sortiment an Getxent-Rohrhalterungen entwickelt. Zur Schulung von Hunden zur Erkennung von Bet\u00e4ubungsmitteln\/Drogen.<\/p>\n<p>Die Getxent-Technologie ist nicht mehr nachweisbar. Es f\u00e4ngt w\u00e4hrend einer Impr\u00e4gnierphase einen echten Geruch ein und gibt ihn w\u00e4hrend der Trainingsphasen f\u00fcr mehrere Monate ab.<br \/>\nDer Vorteil besteht darin, dass der Hund anhand echter Ger\u00fcche trainiert wird, es handelt sich nicht um einen Spitznamen.<\/p>\n<h4>Die impr\u00e4gnierten R\u00f6hrchen werden in 10er-Packungen in Mylar-Beuteln aufbewahrt, um Reinheit und Langlebigkeit zu gew\u00e4hrleisten.<\/h4>\n<p>Die Technologie ist patentiert, Nr. WO2018206808.<br \/>\nL\u00f6sungen, die in den USA seit Jahren weit verbreitet sind.<\/p>\n<p>Das Produkt kann im unge\u00f6ffneten Beutel zwei Jahre lang ohne Geruchsver\u00e4nderung bleiben.<\/p>\n<p>Nach dem \u00d6ffnen empfiehlt es sich, die gebrauchten R\u00f6hrchen nicht wieder in den Beutel, sondern in ein Glasgef\u00e4\u00df zu stecken (wir empfehlen von CYNODEX validierte Gl\u00e4ser in der 120-ml-Version).<br \/>\nF\u00fcr den Transport oder die Lagerung von losen R\u00f6hren nach Gebrauch besteht auch die M\u00f6glichkeit, diese in 10-ml-Flaschen zu verpacken.<br \/>\nDie R\u00f6hrchen sollten mit einer Metallzange und puderfreien Nitrilhandschuhen gehandhabt werden, um eine Kontamination zu minimieren.<br \/>\nAlle diese Zubeh\u00f6rteile stehen auf unserer Website zum Verkauf und sind in den unten aufgef\u00fchrten empfohlenen Produkten sichtbar.<\/p>\n<p>Jede Tube kann zwischen 5 und 7 Mal verwendet werden. H\u00e4ngt vom Standort, der Dauer des Ausflugs und der allgemeinen Trainingsumgebung ab.<\/p>\n<ul>\n<li>1 Beutel enth\u00e4lt 10 Tuben.<\/li>\n<\/ul>\n<p><strong>Um die Unversehrtheit der Produkte zu gew\u00e4hrleisten, gibt es keine R\u00fcckgabe, Umtausch oder R\u00fcckerstattung.<\/strong><br \/>\n<strong><span class=\"goog-text-highlight\">Um schnell liefern zu k\u00f6nnen, haben wir stets einen kleinen Vorrat an m\u00f6glichst frischen Produkten vorr\u00e4tig. Bei gro\u00dfen Mengen ist eine Verz\u00f6gerung von 2 bis 3 Wochen erforderlich.<\/span><\/strong><\/p>\n<p><a href=\"https:\/\/dogpride.nl\/de\/k9\/detectie\/detectie-geurstoffen\/precision-geurstoffen\/\"><img loading=\"lazy\" decoding=\"async\" class=\"alignnone\" title=\"PRECISION Explosives Getxent tubes Cannabis\" src=\"https:\/\/dogpride.nl\/wp-content\/uploads\/Cannabis.jpg\" alt=\"PRECISION Explosives Getxent tubes Cannabis\" width=\"141\" height=\"141\" \/><\/a><\/p>\n<h4 data-start=\"430\" data-end=\"481\"><strong data-start=\"432\" data-end=\"479\">PRECISION Explosives Getxent Tubes Cannabis<\/strong><\/h4>\n<p data-start=\"482\" data-end=\"599\"><strong data-start=\"482\" data-end=\"599\">Professionele geurdragers voor K9 detectietraining op cannabis \u2013 veilig, reproduceerbaar en nauwkeurig ontwikkeld<\/strong><\/p>\n<p data-start=\"601\" data-end=\"1144\">Der <strong data-start=\"604\" data-end=\"651\">PRECISION Explosives Getxent Tubes Cannabis<\/strong> zijn ontworpen voor professionele K9 teams die worden opgeleid in het herkennen van geurcomponenten die geassocieerd worden met cannabis. Omdat cannabis in veel landen een gereguleerde of illegale stof is, brengt het werken met echte producten juridische en veiligheidsrisico\u2019s met zich mee. Daarom zijn deze tubes een volledig veilige, gecontroleerde en reproduceerbare geurbron die detection dogs in staat stelt om realistisch te trainen zonder blootstelling aan daadwerkelijke substanties.<\/p>\n<p data-start=\"1146\" data-end=\"1484\">Deze geurdragers worden wereldwijd gebruikt door politie, douane, grensbewaking, gevangenisdiensten, luchthavensecurity en professionele K9 academies. Dankzij hun wetenschappelijk gevalideerde microporeuze polymeertechnologie bieden ze een uiterst stabiel geurprofiel, wat essentieel is voor consistente en professionele detectietraining.<\/p>\n<hr data-start=\"1486\" data-end=\"1489\" \/>\n<h4 data-start=\"1491\" data-end=\"1549\"><strong data-start=\"1494\" data-end=\"1549\">Waarom PRECISION Explosives Getxent Tubes Cannabis?<\/strong><\/h4>\n<h4 data-start=\"1551\" data-end=\"1616\"><strong data-start=\"1555\" data-end=\"1614\">1. 100% veilige training \u2013 geen echte cannabis aanwezig<\/strong><\/h4>\n<p data-start=\"1617\" data-end=\"1772\">De tubes bevatten <strong data-start=\"1635\" data-end=\"1652\">g\u00e9\u00e9n cannabis<\/strong>, maar zijn in gecontroleerde laboratoria beladen met geurcomponenten die overeenkomen met de geursignatuur.<br data-start=\"1760\" data-end=\"1763\" \/>Hierdoor:<\/p>\n<ul>\n<li data-start=\"1776\" data-end=\"1827\">is er geen risico op blootstelling of intoxicatie<\/li>\n<li data-start=\"1830\" data-end=\"1872\">ontstaan er geen juridische complicaties<\/li>\n<li data-start=\"1875\" data-end=\"1922\">is speciale beschermingsuitrusting niet nodig<\/li>\n<li data-start=\"1925\" data-end=\"1979\">ontstaan geen gevaren voor hond, trainer of omgeving<\/li>\n<li data-start=\"1982\" data-end=\"2028\">kan training plaatsvinden zonder restricties<\/li>\n<li data-start=\"2031\" data-end=\"2088\">wordt contaminatie van materialen of locaties voorkomen<\/li>\n<\/ul>\n<p data-start=\"2090\" data-end=\"2168\">Professionele detectieteams kunnen hierdoor frequent en zonder risico trainen.<\/p>\n<h4 data-start=\"2170\" data-end=\"2235\"><strong data-start=\"2174\" data-end=\"2233\">2. Wetenschappelijk ontwikkeld microporeus geurpolymeer<\/strong><\/h4>\n<p data-start=\"2236\" data-end=\"2366\">Getxent maakt gebruik van een uniek polymeer dat geurmoleculen op moleculair niveau absorbeert en gecontroleerd afgeeft, waardoor:<\/p>\n<ul>\n<li data-start=\"2370\" data-end=\"2408\">geurafgifte langdurig stabiel blijft<\/li>\n<li data-start=\"2411\" data-end=\"2461\">geurprofielen consistent en reproduceerbaar zijn<\/li>\n<li data-start=\"2464\" data-end=\"2510\">detectiehonden realistische prikkels krijgen<\/li>\n<li data-start=\"2513\" data-end=\"2566\">trainingsresultaten objectief en betrouwbaar worden<\/li>\n<li data-start=\"2569\" data-end=\"2640\">de geurconcentratie gelijkmatig blijft, zelfs gedurende lange sessies<\/li>\n<\/ul>\n<p data-start=\"2642\" data-end=\"2705\">Dit zorgt voor uitzonderlijke kwaliteit in K9 detectietraining.<\/p>\n<hr data-start=\"2707\" data-end=\"2710\" \/>\n<h4 data-start=\"2712\" data-end=\"2785\"><strong data-start=\"2715\" data-end=\"2785\">Voor wie zijn PRECISION Explosives Getxent Tubes Cannabis bedoeld?<\/strong><\/h4>\n<p data-start=\"2787\" data-end=\"2835\">Deze geurdragers worden wereldwijd ingezet door:<\/p>\n<ul>\n<li data-start=\"2839\" data-end=\"2861\">politie en recherche<\/li>\n<li data-start=\"2864\" data-end=\"2889\">douane en grensbewaking<\/li>\n<li data-start=\"2892\" data-end=\"2918\">gevangenisbewaardiensten<\/li>\n<li data-start=\"2921\" data-end=\"2944\">luchtvaartbeveiliging<\/li>\n<li data-start=\"2947\" data-end=\"2969\">K9 detectieacademies<\/li>\n<li data-start=\"2972\" data-end=\"3008\">narcotica- en contrabande-eenheden<\/li>\n<li data-start=\"3011\" data-end=\"3038\">private beveiligingsteams<\/li>\n<li data-start=\"3041\" data-end=\"3073\">logistieke veiligheidsdiensten<\/li>\n<\/ul>\n<p data-start=\"3075\" data-end=\"3224\">Cannabis detectie blijft een belangrijk onderdeel van veiligheidsoperaties, vooral in omgevingen waar smokkel, transport en opslag een risico vormen.<\/p>\n<hr data-start=\"3226\" data-end=\"3229\" \/>\n<h4 data-start=\"3231\" data-end=\"3289\"><strong data-start=\"3234\" data-end=\"3289\">Professionele trainingsmogelijkheden op hoog niveau<\/strong><\/h4>\n<h4 data-start=\"3291\" data-end=\"3359\"><strong data-start=\"3295\" data-end=\"3357\">\u2713 Constante geurafgifte \u2013 ideaal voor iedere trainingsfase<\/strong><\/h4>\n<p data-start=\"3360\" data-end=\"3432\">Elke tube garandeert langdurige en stabiele geurafgifte.<br data-start=\"3416\" data-end=\"3419\" \/>Perfect voor:<\/p>\n<ul>\n<li data-start=\"3436\" data-end=\"3468\">basistraining van jonge honden<\/li>\n<li data-start=\"3471\" data-end=\"3502\">gevorderde detectiescenario\u2019s<\/li>\n<li data-start=\"3505\" data-end=\"3525\">vaardigheidsbehoud<\/li>\n<li data-start=\"3528\" data-end=\"3559\">testmomenten en certificering<\/li>\n<li data-start=\"3562\" data-end=\"3604\">realistische operatiegerichte oefeningen<\/li>\n<\/ul>\n<h4 data-start=\"3606\" data-end=\"3662\"><strong data-start=\"3610\" data-end=\"3660\">\u2713 Geschikt voor realistische verstopscenario\u2019s<\/strong><\/h4>\n<p data-start=\"3663\" data-end=\"3745\">Cannabis-geassocieerde geuren kunnen in realistische situaties voorkomen op of in:<\/p>\n<ul>\n<li data-start=\"3749\" data-end=\"3770\">bagage en rugzakken<\/li>\n<li data-start=\"3773\" data-end=\"3785\">voertuigen<\/li>\n<li data-start=\"3788\" data-end=\"3808\">lockers en kastjes<\/li>\n<li data-start=\"3811\" data-end=\"3826\">opslagruimtes<\/li>\n<li data-start=\"3829\" data-end=\"3849\">woningen of kamers<\/li>\n<li data-start=\"3852\" data-end=\"3887\">pakketten en logistieke zendingen<\/li>\n<li data-start=\"3890\" data-end=\"3921\">kleding en persoonlijke items<\/li>\n<\/ul>\n<p data-start=\"3923\" data-end=\"4003\">De compacte tubes zijn eenvoudig te verbergen en passen in vrijwel elk scenario.<\/p>\n<h4 data-start=\"4005\" data-end=\"4062\"><strong data-start=\"4009\" data-end=\"4060\">\u2713 Ideaal voor micro scent en lage concentraties<\/strong><\/h4>\n<p data-start=\"4063\" data-end=\"4216\">Cannabis kan in kleine hoeveelheden, gemaskeerde verpakkingen of sterk geurdempende omgevingen aanwezig zijn.<br data-start=\"4172\" data-end=\"4175\" \/>Daarom ondersteunen de tubes training in:<\/p>\n<ul>\n<li data-start=\"4220\" data-end=\"4244\">lage geurconcentraties<\/li>\n<li data-start=\"4247\" data-end=\"4273\">gemengde omgevingsgeuren<\/li>\n<li data-start=\"4276\" data-end=\"4305\">gecompliceerde luchtstromen<\/li>\n<li data-start=\"4308\" data-end=\"4350\">situaties met minimale luchtverplaatsing<\/li>\n<\/ul>\n<p data-start=\"4352\" data-end=\"4421\">Zo ontwikkelen honden een hoge gevoeligheid en operationele precisie.<\/p>\n<h4 data-start=\"4423\" data-end=\"4471\"><strong data-start=\"4427\" data-end=\"4469\">\u2713 Herbruikbaar, hygi\u00ebnisch en duurzaam<\/strong><\/h4>\n<p data-start=\"4472\" data-end=\"4530\">De tubes zijn gemaakt voor intensieve professionele inzet:<\/p>\n<ul>\n<li data-start=\"4534\" data-end=\"4557\">eenvoudig te reinigen<\/li>\n<li data-start=\"4560\" data-end=\"4579\">langdurig stabiel<\/li>\n<li data-start=\"4582\" data-end=\"4626\">bestand tegen dagelijkse trainingsroutines<\/li>\n<li data-start=\"4629\" data-end=\"4672\">geschikt voor binnen- en buitenscenario\u2019s<\/li>\n<\/ul>\n<p><img loading=\"lazy\" decoding=\"async\" class=\"alignnone\" title=\"PRECISION Explosives Getxent Tubes Cannabis\" src=\"https:\/\/dogpride.nl\/wp-content\/uploads\/verybig-5772-2-3-150x150.jpg\" alt=\"PRECISION Explosives Getxent Tubes Cannabis\" width=\"117\" height=\"117\" \/><\/p>\n<hr data-start=\"4674\" data-end=\"4677\" \/>\n<h4 data-start=\"4679\" data-end=\"4740\"><strong data-start=\"4682\" data-end=\"4740\">Hoe PRECISION Explosives Getxent Tubes Cannabis werken<\/strong><\/h4>\n<ol data-start=\"4742\" data-end=\"5276\">\n<li data-start=\"4742\" data-end=\"4930\">\n<p data-start=\"4745\" data-end=\"4930\"><strong data-start=\"4745\" data-end=\"4757\">Belading<\/strong><br data-start=\"4757\" data-end=\"4760\" \/>In gespecialiseerde laboratoria worden de tubes blootgesteld aan geurcomponenten die overeenkomen met cannabis geursignaturen.<br data-start=\"4886\" data-end=\"4889\" \/>Er wordt <strong data-start=\"4898\" data-end=\"4921\">g\u00e9\u00e9n echte cannabis<\/strong> geladen.<\/p>\n<\/li>\n<li data-start=\"4932\" data-end=\"5026\">\n<p data-start=\"4935\" data-end=\"5026\"><strong data-start=\"4935\" data-end=\"4948\">Absorptie<\/strong><br data-start=\"4948\" data-end=\"4951\" \/>Het microporeuze polymeer slaat de geurcomponenten op moleculair niveau op.<\/p>\n<\/li>\n<li data-start=\"5028\" data-end=\"5141\">\n<p data-start=\"5031\" data-end=\"5141\"><strong data-start=\"5031\" data-end=\"5046\">Geurafgifte<\/strong><br data-start=\"5046\" data-end=\"5049\" \/>Tijdens trainingen geeft de tube een stabiel, gelijkmatig en reproduceerbaar geurprofiel af.<\/p>\n<\/li>\n<li data-start=\"5143\" data-end=\"5276\">\n<p data-start=\"5146\" data-end=\"5276\"><strong data-start=\"5146\" data-end=\"5158\">Erkennung<\/strong><br data-start=\"5158\" data-end=\"5161\" \/>K9 teams leren honden om deze geuren betrouwbaar en veilig te herkennen, in uiteenlopende professionele scenario\u2019s.<\/p>\n<\/li>\n<\/ol>\n<hr data-start=\"5278\" data-end=\"5281\" \/>\n<h4 data-start=\"5283\" data-end=\"5316\"><strong data-start=\"5286\" data-end=\"5316\">Vorteile\u00a0<\/strong><strong data-start=\"4682\" data-end=\"4740\">PRECISION Explosives Getxent Tubes Cannabis\u00a0<\/strong><strong data-start=\"5286\" data-end=\"5316\">in \u00e9\u00e9n oogopslag<\/strong><\/h4>\n<ul>\n<li data-start=\"5320\" data-end=\"5360\">100% veilig en vrij van echte cannabis<\/li>\n<li data-start=\"5363\" data-end=\"5405\">Constante en reproduceerbare geurafgifte<\/li>\n<li data-start=\"5408\" data-end=\"5461\">Geschikt voor alle niveaus van K9 narcoticadetectie<\/li>\n<li data-start=\"5464\" data-end=\"5501\">Hygi\u00ebnisch, compact en herbruikbaar<\/li>\n<li data-start=\"5504\" data-end=\"5557\">Ideaal voor certificering en professionele training<\/li>\n<li data-start=\"5560\" data-end=\"5602\">Geen risico op besmetting of intoxicatie<\/li>\n<li data-start=\"5605\" data-end=\"5656\">Eenvoudig te verbergen in realistische scenario\u2019s<\/li>\n<li data-start=\"5659\" data-end=\"5706\">Wetenschappelijk gevalideerde geurtechnologie<\/li>\n<li data-start=\"5709\" data-end=\"5755\">Wereldwijd gebruikt door veiligheidsdiensten<\/li>\n<\/ul>\n<hr data-start=\"5757\" data-end=\"5760\" \/>\n<h4 data-start=\"5762\" data-end=\"5783\"><strong data-start=\"5765\" data-end=\"5781\">Samenvatting<\/strong><\/h4>\n<p data-start=\"5784\" data-end=\"6181\">Der <strong data-start=\"5787\" data-end=\"5834\">PRECISION Explosives Getxent Tubes Cannabis<\/strong> bieden een uiterst veilige en wetenschappelijk gecontroleerde methode om detectiehonden te trainen op cannabis-gerelateerde geurcomponenten. Dankzij de consistente geurafgifte, hygi\u00ebnische constructie en volledige afwezigheid van de daadwerkelijk illegale stof, zijn deze tubes een essenti\u00eble tool binnen moderne K9 narcotica-detectieprogramma\u2019s.<\/p>\n<p data-start=\"6183\" data-end=\"6347\">Voor elke organisatie die kwaliteit, veiligheid en professionele detectie serieus neemt, vormt dit product een betrouwbare en toekomstbestendige trainingsoplossing.<\/p>\n<p data-start=\"6183\" data-end=\"6347\">\n<p data-start=\"6183\" data-end=\"6347\"><a href=\"https:\/\/www.pre-exp.com\/\" target=\"_blank\" rel=\"noopener\"><img loading=\"lazy\" decoding=\"async\" class=\"alignnone wp-image-145806 size-full\" title=\"PRECISION Explosives Getxent Tubes Cannabis\" src=\"https:\/\/dogpride.nl\/wp-content\/uploads\/Logo-9.jpg\" alt=\"PRECISION Explosives Getxent Tubes Cannabis\" width=\"124\" height=\"91\" srcset=\"https:\/\/dogpride.nl\/wp-content\/uploads\/Logo-9.jpg 124w, https:\/\/dogpride.nl\/wp-content\/uploads\/Logo-9-16x12.jpg 16w\" sizes=\"auto, (max-width: 124px) 100vw, 124px\" \/><\/a><\/p>","protected":false},"excerpt":{"rendered":"<p>Der <strong data-start=\"604\" data-end=\"651\">PRECISION Explosives Getxent Tubes Cannabis<\/strong> zijn ontworpen voor professionele K9 teams die worden opgeleid in het herkennen van geurcomponenten die geassocieerd worden met cannabis.<\/p>","protected":false},"featured_media":99199,"template":"","meta":[],"product_brand":[],"product_cat":[4021],"product_tag":[4899,15730,14642,15724,15733,15706,4898,4895,15731,15721,15723,15727,4893,15722,15729,15726,15732,15728,4896,15725],"class_list":{"0":"post-99198","1":"product","2":"type-product","3":"status-publish","4":"has-post-thumbnail","6":"product_cat-precision-geurstoffen","7":"product_tag-cannabis","8":"product_tag-cannabis-detectie-k9-training","9":"product_tag-cannabis-detection-dog-training","10":"product_tag-cannabis-scent-carrier","11":"product_tag-controlled-scent-training-cannabis","12":"product_tag-drug-detection-dog-equipment","13":"product_tag-explosives","14":"product_tag-getxent","15":"product_tag-getxent-cannabis-tubes","16":"product_tag-getxent-tubes-cannabis","17":"product_tag-k9-narcotica-detectie","18":"product_tag-k9-training-cannabis-geur","19":"product_tag-precision","20":"product_tag-precision-getxent-tubes-cannabis","21":"product_tag-professionele-narcotica-detectie-honden","22":"product_tag-reproduceerbare-geurdragers-cannabis","23":"product_tag-scent-polymer-narcotics","24":"product_tag-scent-training-marijuana-detection","25":"product_tag-tubes","26":"product_tag-veilige-cannabis-geurtraining","27":"product_shipping_class-vast-tarief-eu-overig","29":"first","30":"instock","31":"taxable","32":"shipping-taxable","33":"purchasable","34":"product-type-simple"},"mb":[],"mfb_rest_fields":["title"],"_links":{"self":[{"href":"https:\/\/dogpride.nl\/de\/wp-json\/wp\/v2\/product\/99198","targetHints":{"allow":["GET"]}}],"collection":[{"href":"https:\/\/dogpride.nl\/de\/wp-json\/wp\/v2\/product"}],"about":[{"href":"https:\/\/dogpride.nl\/de\/wp-json\/wp\/v2\/types\/product"}],"wp:featuredmedia":[{"embeddable":true,"href":"https:\/\/dogpride.nl\/de\/wp-json\/wp\/v2\/media\/99199"}],"wp:attachment":[{"href":"https:\/\/dogpride.nl\/de\/wp-json\/wp\/v2\/media?parent=99198"}],"wp:term":[{"taxonomy":"product_brand","embeddable":true,"href":"https:\/\/dogpride.nl\/de\/wp-json\/wp\/v2\/product_brand?post=99198"},{"taxonomy":"product_cat","embeddable":true,"href":"https:\/\/dogpride.nl\/de\/wp-json\/wp\/v2\/product_cat?post=99198"},{"taxonomy":"product_tag","embeddable":true,"href":"https:\/\/dogpride.nl\/de\/wp-json\/wp\/v2\/product_tag?post=99198"}],"curies":[{"name":"wp","href":"https:\/\/api.w.org\/{rel}","templated":true}]}}