{"id":98979,"date":"2022-12-08T12:34:50","date_gmt":"2022-12-08T11:34:50","guid":{"rendered":"https:\/\/www.dogpride.nl\/?post_type=product&#038;p=98979"},"modified":"2026-02-19T13:10:42","modified_gmt":"2026-02-19T12:10:42","slug":"arrak-flexible-zip-off-pant-men","status":"publish","type":"product","link":"https:\/\/dogpride.nl\/de\/arrak-flexible-zip-off-pant-men\/","title":{"rendered":"Arrak Flexible Zip Off Hose Herren"},"content":{"rendered":"<h4>Arrak Flexible Zip Off Hose Herren<\/h4>\n<p>Arrak Flexible Zip Off Hose Herren<\/p>\n<p>Arraks Flexible Zip-Off-Hosen sind etwas d\u00fcnnere und flexiblere Outdoor-Hosen mit dem gewissen Extra an Details. Regul\u00e4re Passform f\u00fcr optimale Bewegungsfreiheit f\u00fcr ein aktives Outdoor-Leben.<br \/>\nDie Hose besteht aus flexiblem Stretchmaterial f\u00fcr beste Passform und hat einen elastischen Bund. Verst\u00e4rkungseins\u00e4tze aus strapazierf\u00e4higem Polyester\/Baumwollmaterial. Die Hose ist DWR-behandelt, kann aber auch problemlos impr\u00e4gniert werden, um N\u00e4sse besser standzuhalten. Sie haben oben offene Eingrifftaschen und gro\u00dfz\u00fcgige Oberschenkeltaschen, von denen die linke Oberschenkeltasche einen Rei\u00dfverschluss hat. In der rechten Oberschenkeltasche befindet sich eine Tasche f\u00fcr Ihr Mobiltelefon.<\/p>\n<p>Bel\u00fcftungsrei\u00dfverschl\u00fcsse an der Seite. Knietaschen f\u00fcr Platz mit Knieschonern. Rei\u00dfverschluss am Beinende f\u00fcr leichteren Einstieg in Stiefel und Stiefel und Nutzung als Bel\u00fcftung.<br \/>\nVerst\u00e4rkung an der Innenseite der Beinabschl\u00fcsse. Verstellbare Beinabschl\u00fcsse und die M\u00f6glichkeit, den Schn\u00fcrsenkel zu binden, um das Hosenbein fest am Stiefel zu halten. Die Hosenbeine lassen sich auch abnehmen, sodass Sie Shorts kombinieren k\u00f6nnen.<\/p>\n<h3 class=\"fusion-responsive-typography-calculated\" data-fontsize=\"18\" data-lineheight=\"21.6px\">Spezifikationen:<\/h3>\n<ul>\n<li>4-Wege-Stretchstoff<\/li>\n<li>96% Polyamid\/4% Elastan<\/li>\n<li>Verst\u00e4rkungseins\u00e4tze aus Ribstop-Polyester 65%\/Baumwolle 35%<\/li>\n<li>Wasserabweisende Impr\u00e4gnierung<\/li>\n<li>7 G\u00fcrtelschlaufen<\/li>\n<li>Offene Seitentaschen<\/li>\n<li>Gro\u00dfe Oberschenkeltaschen mit mehreren Taschen<\/li>\n<li>Taschen f\u00fcr Kniesch\u00fctzer<\/li>\n<li>Bel\u00fcftungsrei\u00dfverschl\u00fcsse an der Seite<\/li>\n<li>Rei\u00dfverschluss an den Beinenden<\/li>\n<li>Verstellbarer Beinabschluss<\/li>\n<li>Stiefelhaken am Beinende<\/li>\n<li>Normale Passform<\/li>\n<li>Die Hosenbeine k\u00f6nnen abgenommen werden, sodass Sie eine kurze Hose erhalten<\/li>\n<\/ul>\n<p><strong>Erh\u00e4ltlich in den Farben:<\/strong>\u00a0Anthrazit und Gr\u00fcn<\/p>\n<p><strong>Gr\u00f6\u00dfen:<\/strong> 46 bis 60<\/p>\n<p><strong>Gr\u00f6\u00dfentabelle:<\/strong><\/p>\n<p><img loading=\"lazy\" decoding=\"async\" class=\"alignnone size-full wp-image-98859\" src=\"https:\/\/www.dogpride.nl\/wp-content\/uploads\/Maattabel-AO-New-pants-men-13.jpg\" alt=\"Maattabel\" width=\"644\" height=\"853\" srcset=\"https:\/\/dogpride.nl\/wp-content\/uploads\/Maattabel-AO-New-pants-men-13.jpg 644w, https:\/\/dogpride.nl\/wp-content\/uploads\/Maattabel-AO-New-pants-men-13-250x331.jpg 250w, https:\/\/dogpride.nl\/wp-content\/uploads\/Maattabel-AO-New-pants-men-13-400x530.jpg 400w, https:\/\/dogpride.nl\/wp-content\/uploads\/Maattabel-AO-New-pants-men-13-226x300.jpg 226w, https:\/\/dogpride.nl\/wp-content\/uploads\/Maattabel-AO-New-pants-men-13-200x265.jpg 200w, https:\/\/dogpride.nl\/wp-content\/uploads\/Maattabel-AO-New-pants-men-13-600x795.jpg 600w\" sizes=\"auto, (max-width: 644px) 100vw, 644px\" \/><\/p>\n<p><a href=\"https:\/\/arrakoutdoor.com\/\" target=\"_blank\" rel=\"noopener\"><img loading=\"lazy\" decoding=\"async\" class=\"alignnone wp-image-136085 size-full\" src=\"https:\/\/dogpride.nl\/wp-content\/uploads\/Logo-1.jpg\" alt=\"Arrak Quick Dry Pants Woman Navy Blue \" width=\"313\" height=\"137\" srcset=\"https:\/\/dogpride.nl\/wp-content\/uploads\/Logo-1.jpg 313w, https:\/\/dogpride.nl\/wp-content\/uploads\/Logo-1-300x131.jpg 300w, https:\/\/dogpride.nl\/wp-content\/uploads\/Logo-1-18x8.jpg 18w, https:\/\/dogpride.nl\/wp-content\/uploads\/Logo-1-250x109.jpg 250w\" sizes=\"auto, (max-width: 313px) 100vw, 313px\" \/><\/a><\/p>\n<p><a href=\"https:\/\/dogpride.nl\/de\/kleding\/broeken\/arrak-outdoor-broeken\/\"><img loading=\"lazy\" decoding=\"async\" class=\"alignnone\" title=\"Arrak Flexible Zip Off Hose Herren\" src=\"https:\/\/dogpride.nl\/wp-content\/uploads\/23047_green_det1_1-150x150.jpg\" alt=\"Arrak Flexible Zip Off Pant Men\" width=\"150\" height=\"150\" \/><\/a><\/p>","protected":false},"excerpt":{"rendered":"<p>Arraks Flexible Zip-Off-Hosen sind etwas d\u00fcnnere und flexiblere Outdoor-Hosen mit dem gewissen Extra an Details. Regul\u00e4re Passform f\u00fcr optimale Bewegungsfreiheit f\u00fcr ein aktives Outdoor-Leben.<\/p>","protected":false},"featured_media":98980,"template":"","meta":[],"product_brand":[],"product_cat":[24458],"product_tag":[4833,3334,4831,3208,3171,4770,4832],"class_list":{"0":"post-98979","1":"product","2":"type-product","3":"status-publish","4":"has-post-thumbnail","6":"product_cat-arrak-outdoor-heren-broeken","7":"product_tag-afritsbroek","8":"product_tag-arrak-outdoor","9":"product_tag-flexible","10":"product_tag-heren","11":"product_tag-men","12":"product_tag-pant","13":"product_tag-zip-off","15":"first","16":"instock","17":"taxable","18":"shipping-taxable","19":"purchasable","20":"product-type-variable"},"mb":[],"mfb_rest_fields":["title"],"_links":{"self":[{"href":"https:\/\/dogpride.nl\/de\/wp-json\/wp\/v2\/product\/98979","targetHints":{"allow":["GET"]}}],"collection":[{"href":"https:\/\/dogpride.nl\/de\/wp-json\/wp\/v2\/product"}],"about":[{"href":"https:\/\/dogpride.nl\/de\/wp-json\/wp\/v2\/types\/product"}],"wp:featuredmedia":[{"embeddable":true,"href":"https:\/\/dogpride.nl\/de\/wp-json\/wp\/v2\/media\/98980"}],"wp:attachment":[{"href":"https:\/\/dogpride.nl\/de\/wp-json\/wp\/v2\/media?parent=98979"}],"wp:term":[{"taxonomy":"product_brand","embeddable":true,"href":"https:\/\/dogpride.nl\/de\/wp-json\/wp\/v2\/product_brand?post=98979"},{"taxonomy":"product_cat","embeddable":true,"href":"https:\/\/dogpride.nl\/de\/wp-json\/wp\/v2\/product_cat?post=98979"},{"taxonomy":"product_tag","embeddable":true,"href":"https:\/\/dogpride.nl\/de\/wp-json\/wp\/v2\/product_tag?post=98979"}],"curies":[{"name":"wp","href":"https:\/\/api.w.org\/{rel}","templated":true}]}}