{"id":98684,"date":"2022-12-07T14:13:39","date_gmt":"2022-12-07T13:13:39","guid":{"rendered":"https:\/\/www.dogpride.nl\/?post_type=product&#038;p=98684"},"modified":"2025-10-30T16:35:21","modified_gmt":"2025-10-30T15:35:21","slug":"arrak-lighter-jacket-woman-black","status":"publish","type":"product","link":"https:\/\/dogpride.nl\/de\/arrak-lighter-jacket-woman-black\/","title":{"rendered":"Arrak Feuerzeugjacke Frau Schwarz"},"content":{"rendered":"<h4>Arrak Feuerzeugjacke Frau Schwarz<\/h4>\n<p>Eine weiche und bequeme leichte Jacke aus flexiblem Stoff. Gef\u00fcttert mit synthetischen Daunen.<br \/>\nVordertaschen mit Rei\u00dfverschl\u00fcssen. Zwei offene Innentaschen.<br \/>\nLeicht geschwungene Taille f\u00fcr beste Passform.<\/p>\n<p>Einzelheiten:<\/p>\n<ul>\n<li>100%-Polyester<\/li>\n<li>Gr\u00f6\u00dfe: 34-48<\/li>\n<li>zwei Rei\u00dfverschlusstaschen vorne<\/li>\n<li>zwei Innentaschen<\/li>\n<\/ul>\n<p>Farbe schwarz<\/p>\n<p>Gr\u00f6\u00dfentabelle:<\/p>\n<p><img loading=\"lazy\" decoding=\"async\" class=\"alignnone size-full wp-image-98695\" src=\"https:\/\/www.dogpride.nl\/wp-content\/uploads\/Maattabel-Arrak-Dames-tops-3.jpg\" alt=\"Maattabel dames\" width=\"643\" height=\"823\" srcset=\"https:\/\/dogpride.nl\/wp-content\/uploads\/Maattabel-Arrak-Dames-tops-3.jpg 643w, https:\/\/dogpride.nl\/wp-content\/uploads\/Maattabel-Arrak-Dames-tops-3-250x320.jpg 250w, https:\/\/dogpride.nl\/wp-content\/uploads\/Maattabel-Arrak-Dames-tops-3-400x512.jpg 400w, https:\/\/dogpride.nl\/wp-content\/uploads\/Maattabel-Arrak-Dames-tops-3-234x300.jpg 234w, https:\/\/dogpride.nl\/wp-content\/uploads\/Maattabel-Arrak-Dames-tops-3-200x256.jpg 200w, https:\/\/dogpride.nl\/wp-content\/uploads\/Maattabel-Arrak-Dames-tops-3-600x768.jpg 600w\" sizes=\"auto, (max-width: 643px) 100vw, 643px\" \/><\/p>\n<p><a href=\"https:\/\/arrakoutdoor.com\/\" target=\"_blank\" rel=\"noopener\"><img loading=\"lazy\" decoding=\"async\" class=\"alignnone wp-image-139301 size-medium\" src=\"https:\/\/dogpride.nl\/wp-content\/uploads\/Arrak-300x118.jpeg\" alt=\"Logo\" width=\"300\" height=\"118\" srcset=\"https:\/\/dogpride.nl\/wp-content\/uploads\/Arrak-300x118.jpeg 300w, https:\/\/dogpride.nl\/wp-content\/uploads\/Arrak-768x303.jpeg 768w, https:\/\/dogpride.nl\/wp-content\/uploads\/Arrak-18x7.jpeg 18w, https:\/\/dogpride.nl\/wp-content\/uploads\/Arrak-250x99.jpeg 250w, https:\/\/dogpride.nl\/wp-content\/uploads\/Arrak-400x158.jpeg 400w, https:\/\/dogpride.nl\/wp-content\/uploads\/Arrak.jpeg 916w\" sizes=\"auto, (max-width: 300px) 100vw, 300px\" \/><\/a><\/p>\n<p><a href=\"https:\/\/dogpride.nl\/de\/kleding\/jassen\/arrak-outdoor-jassen\/\"><img loading=\"lazy\" decoding=\"async\" class=\"alignnone\" title=\"Arrak Feuerzeugjacke Frau Schwarz\" src=\"https:\/\/dogpride.nl\/wp-content\/uploads\/413.plagg_191007_1-150x150.jpg\" alt=\"Arrak Lighter Jacket Woman Black\" width=\"150\" height=\"150\" \/><\/a><\/p>","protected":false},"excerpt":{"rendered":"<p>Eine weiche und bequeme leichte Jacke aus flexiblem Stoff. Gef\u00fcttert mit synthetischen Daunen. Vordertaschen mit Rei\u00dfverschl\u00fcssen. Zwei offene Innentaschen. Leicht geschwungene Taille f\u00fcr beste Passform.<\/p>","protected":false},"featured_media":98685,"template":"","meta":[],"product_brand":[],"product_cat":[3853],"product_tag":[3335,3334,4751,3176,4141,4826,4827],"class_list":{"0":"post-98684","1":"product","2":"type-product","3":"status-publish","4":"has-post-thumbnail","6":"product_cat-arrak-outdoor-dames-jassen","7":"product_tag-arrak","8":"product_tag-arrak-outdoor","9":"product_tag-black","10":"product_tag-damesjas","11":"product_tag-jacket","12":"product_tag-lighter","13":"product_tag-woman","15":"first","16":"instock","17":"taxable","18":"shipping-taxable","19":"purchasable","20":"product-type-variable"},"mb":[],"mfb_rest_fields":["title"],"_links":{"self":[{"href":"https:\/\/dogpride.nl\/de\/wp-json\/wp\/v2\/product\/98684","targetHints":{"allow":["GET"]}}],"collection":[{"href":"https:\/\/dogpride.nl\/de\/wp-json\/wp\/v2\/product"}],"about":[{"href":"https:\/\/dogpride.nl\/de\/wp-json\/wp\/v2\/types\/product"}],"wp:featuredmedia":[{"embeddable":true,"href":"https:\/\/dogpride.nl\/de\/wp-json\/wp\/v2\/media\/98685"}],"wp:attachment":[{"href":"https:\/\/dogpride.nl\/de\/wp-json\/wp\/v2\/media?parent=98684"}],"wp:term":[{"taxonomy":"product_brand","embeddable":true,"href":"https:\/\/dogpride.nl\/de\/wp-json\/wp\/v2\/product_brand?post=98684"},{"taxonomy":"product_cat","embeddable":true,"href":"https:\/\/dogpride.nl\/de\/wp-json\/wp\/v2\/product_cat?post=98684"},{"taxonomy":"product_tag","embeddable":true,"href":"https:\/\/dogpride.nl\/de\/wp-json\/wp\/v2\/product_tag?post=98684"}],"curies":[{"name":"wp","href":"https:\/\/api.w.org\/{rel}","templated":true}]}}