{"id":98033,"date":"2022-11-29T10:53:16","date_gmt":"2022-11-29T09:53:16","guid":{"rendered":"https:\/\/www.dogpride.nl\/?post_type=product&#038;p=98033"},"modified":"2026-02-19T13:11:06","modified_gmt":"2026-02-19T12:11:06","slug":"arrak-sweat-pant-men-black","status":"publish","type":"product","link":"https:\/\/dogpride.nl\/de\/arrak-sweat-pant-men-black\/","title":{"rendered":"Arrak Sweathose Herren Schwarz"},"content":{"rendered":"<h4>Arrak Sweathose Herren Schwarz<\/h4>\n<p>Arrak Sweathose Herren Schwarz<\/p>\n<p>Eine supersch\u00f6ne, hochwertige College-Hose aus einem schwereren Sweatshirt-Material aus 80%-Baumwolle \/ 20%-Polyester. Der Stoff hat eine weich geb\u00fcrstete Au\u00dfenseite und eine geb\u00fcrstete Innenseite. 2 offene Seitentaschen. B\u00fcndchen unten an den Beinenden. Kordelzug in der Taille. Arrak-Stickerei am Bein.<\/p>\n<p><strong>Spezifikationen:<\/strong><\/p>\n<ul>\n<li>Gehobene Qualit\u00e4t<\/li>\n<li>80% Baumwolle \/ 20% Polyester<\/li>\n<li>Geb\u00fcrstete Qualit\u00e4t f\u00fcr ein weicheres Gef\u00fchl<\/li>\n<li>Innen geb\u00fcrstet<\/li>\n<li>Offene Eingrifftaschen<\/li>\n<li>Stickerei am Bein<\/li>\n<li>B\u00fcndchen unten an den Beinen<\/li>\n<li>Kordelzug in der Taille<\/li>\n<\/ul>\n<p><strong>Gr\u00f6\u00dfen:<\/strong> S bis 4XL<\/p>\n<p><strong>Gr\u00f6\u00dfentabelle:<\/strong><\/p>\n<p><img loading=\"lazy\" decoding=\"async\" class=\"alignnone size-full wp-image-98021\" src=\"https:\/\/www.dogpride.nl\/wp-content\/uploads\/men_s_pants-3.jpg\" alt=\"\" width=\"822\" height=\"1200\" srcset=\"https:\/\/dogpride.nl\/wp-content\/uploads\/men_s_pants-3.jpg 822w, https:\/\/dogpride.nl\/wp-content\/uploads\/men_s_pants-3-250x365.jpg 250w, https:\/\/dogpride.nl\/wp-content\/uploads\/men_s_pants-3-400x584.jpg 400w, https:\/\/dogpride.nl\/wp-content\/uploads\/men_s_pants-3-206x300.jpg 206w, https:\/\/dogpride.nl\/wp-content\/uploads\/men_s_pants-3-701x1024.jpg 701w, https:\/\/dogpride.nl\/wp-content\/uploads\/men_s_pants-3-768x1121.jpg 768w, https:\/\/dogpride.nl\/wp-content\/uploads\/men_s_pants-3-200x292.jpg 200w, https:\/\/dogpride.nl\/wp-content\/uploads\/men_s_pants-3-600x876.jpg 600w, https:\/\/dogpride.nl\/wp-content\/uploads\/men_s_pants-3-800x1168.jpg 800w\" sizes=\"auto, (max-width: 822px) 100vw, 822px\" \/><\/p>\n<p><a href=\"https:\/\/arrakoutdoor.com\/\" target=\"_blank\" rel=\"noopener\"><img loading=\"lazy\" decoding=\"async\" class=\"alignnone wp-image-139301 size-medium\" src=\"https:\/\/dogpride.nl\/wp-content\/uploads\/Arrak-300x118.jpeg\" alt=\"Logo\" width=\"300\" height=\"118\" srcset=\"https:\/\/dogpride.nl\/wp-content\/uploads\/Arrak-300x118.jpeg 300w, https:\/\/dogpride.nl\/wp-content\/uploads\/Arrak-768x303.jpeg 768w, https:\/\/dogpride.nl\/wp-content\/uploads\/Arrak-18x7.jpeg 18w, https:\/\/dogpride.nl\/wp-content\/uploads\/Arrak-250x99.jpeg 250w, https:\/\/dogpride.nl\/wp-content\/uploads\/Arrak-400x158.jpeg 400w, https:\/\/dogpride.nl\/wp-content\/uploads\/Arrak.jpeg 916w\" sizes=\"auto, (max-width: 300px) 100vw, 300px\" \/><\/a><\/p>\n<p><a href=\"https:\/\/dogpride.nl\/de\/kleding\/broeken\/arrak-outdoor-broeken\/?product-page=2\"><img loading=\"lazy\" decoding=\"async\" class=\"alignnone\" title=\"Arrak Sweathose Herren Schwarz\" src=\"https:\/\/dogpride.nl\/wp-content\/uploads\/220323-arrak-1087_ccexpress_1-150x150.jpg\" alt=\"Arrak Sweat Pant Men Black\" width=\"150\" height=\"150\" \/><\/a><\/p>","protected":false},"excerpt":{"rendered":"<p>Eine supersch\u00f6ne, hochwertige College-Hose aus einem schwereren Sweatshirt-Material aus 80%-Baumwolle \/ 20%-Polyester. Der Stoff hat eine weich geb\u00fcrstete Au\u00dfenseite und eine geb\u00fcrstete Innenseite. 2 offene Seitentaschen. B\u00fcndchen unten an den Beinenden. Kordelzug in der Taille.<\/p>","protected":false},"featured_media":98034,"template":"","meta":[],"product_brand":[],"product_cat":[24458],"product_tag":[3335,4751,4765,3171,4766],"class_list":{"0":"post-98033","1":"product","2":"type-product","3":"status-publish","4":"has-post-thumbnail","6":"product_cat-arrak-outdoor-heren-broeken","7":"product_tag-arrak","8":"product_tag-black","9":"product_tag-joggingbroek","10":"product_tag-men","11":"product_tag-sweat-pant","13":"first","14":"instock","15":"taxable","16":"shipping-taxable","17":"purchasable","18":"product-type-variable"},"mb":[],"mfb_rest_fields":["title"],"_links":{"self":[{"href":"https:\/\/dogpride.nl\/de\/wp-json\/wp\/v2\/product\/98033","targetHints":{"allow":["GET"]}}],"collection":[{"href":"https:\/\/dogpride.nl\/de\/wp-json\/wp\/v2\/product"}],"about":[{"href":"https:\/\/dogpride.nl\/de\/wp-json\/wp\/v2\/types\/product"}],"wp:featuredmedia":[{"embeddable":true,"href":"https:\/\/dogpride.nl\/de\/wp-json\/wp\/v2\/media\/98034"}],"wp:attachment":[{"href":"https:\/\/dogpride.nl\/de\/wp-json\/wp\/v2\/media?parent=98033"}],"wp:term":[{"taxonomy":"product_brand","embeddable":true,"href":"https:\/\/dogpride.nl\/de\/wp-json\/wp\/v2\/product_brand?post=98033"},{"taxonomy":"product_cat","embeddable":true,"href":"https:\/\/dogpride.nl\/de\/wp-json\/wp\/v2\/product_cat?post=98033"},{"taxonomy":"product_tag","embeddable":true,"href":"https:\/\/dogpride.nl\/de\/wp-json\/wp\/v2\/product_tag?post=98033"}],"curies":[{"name":"wp","href":"https:\/\/api.w.org\/{rel}","templated":true}]}}